{"id":12,"date":"2024-02-09T19:49:55","date_gmt":"2024-02-09T19:49:55","guid":{"rendered":"https:\/\/maxyhome.si\/?page_id=12"},"modified":"2024-11-08T11:06:29","modified_gmt":"2024-11-08T11:06:29","slug":"pravilnik-povrnitev-vracil","status":"publish","type":"page","link":"https:\/\/maxyhome.si\/de\/pravilnik-povrnitev-vracil\/","title":{"rendered":"Bedingungen f\u00fcr die Inanspruchnahme der Garantie oder den R\u00fccktritt vom Kauf"},"content":{"rendered":"<p><strong><strong>Bedingungen f\u00fcr Gew\u00e4hrleistungsanspr\u00fcche und R\u00fccktritt vom Vertrag<\/strong><\/strong><\/p>\n\n\n\n<p>Diese allgemeinen Garantie- und Produktr\u00fcckgabebedingungen gelten f\u00fcr den Online-Shop Maksidom.si\/eu\/, der von der Firma Lorin6 doo mit Sitz in Be\u017eigrajska cesta 9, 3000 Celje (im Folgenden \u201eVerk\u00e4ufer\u201c) betrieben wird.<\/p>\n\n\n\n<p><h3><strong>Aus\u00fcbung des Widerrufsrechts vom Kauf<\/strong><\/h3><\/p>\n\n\n\n<p>Gem\u00e4\u00df Konsumentenschutzgesetz (ZVPot) haben Verbraucher das Recht, dem Verk\u00e4ufer den R\u00fccktritt vom Fernabsatzvertrag innerhalb von 14 Tagen nach der Bestellung ohne Angabe von Gr\u00fcnden mitzuteilen. Eine R\u00fccktrittserkl\u00e4rung gilt als rechtzeitig, wenn sie innerhalb der angegebenen R\u00fccktrittsfrist abgesendet wird. Als Verbraucher gilt in diesem Zusammenhang jede nat\u00fcrliche Person, die Waren oder Dienstleistungen zu Zwecken erwirbt oder nutzt, die nicht im Zusammenhang mit ihrer beruflichen oder Erwerbst\u00e4tigkeit stehen. Juristische Personen haben laut ZVPot kein R\u00fccktrittsrecht vom Vertrag.<\/p>\n\n\n\n<p>Der K\u00e4ufer kann vom Verk\u00e4ufer Folgendes verlangen: Umtausch gegen ein anderes Produkt, Gutschrift, teilweise oder vollst\u00e4ndige R\u00fcckerstattung des Kaufpreises. <\/p>\n\n\n\n<p>Die Kosten f\u00fcr die R\u00fccksendung des Produkts tr\u00e4gt gem\u00e4\u00df den geltenden Posttarifen vollst\u00e4ndig der K\u00e4ufer. Der K\u00e4ufer kann keinen Ersatz von Mehrkosten verlangen, die entstehen, wenn der K\u00e4ufer wissentlich eine andere Versandart als den Standardversand oder einen anderen, nicht kosteng\u00fcnstigsten Versanddienst w\u00e4hlt. Die R\u00fccksendung des Produkts muss sp\u00e4testens 14 Tage nach R\u00fccktritt vom Kaufvertrag erfolgen. Das Produkt muss unbenutzt, unbesch\u00e4digt, in der Originalverpackung und in der gleichen Menge sein, es sei denn, der Verbraucher hat die Zerst\u00f6rung, den Verlust, die Mengenminderung oder die Besch\u00e4digung des Produkts nicht zu vertreten.<\/p>\n\n\n\n<p>Die Produkte m\u00fcssen bei der Lieferung als Paket bargeldlos an folgende Adresse gesendet werden: Lorin6 doo, Be\u017eigrajska cesta 9, 3000 Celje. Eine Kopie der Rechnung und ein ausgef\u00fclltes R\u00fccksendeformular m\u00fcssen dem Paket beigef\u00fcgt werden.<\/p>\n\n\n\n<p>Dieses Recht gilt nicht f\u00fcr Produkte, die auf Bestellung hergestellt werden, d. h. entsprechend den ausdr\u00fccklichen W\u00fcnschen und Anforderungen des K\u00e4ufers.<\/p>\n\n\n\n<p>Der K\u00e4ufer kann die gekauften Produkte nur insoweit besichtigen und testen, als dies zur Feststellung ihres tats\u00e4chlichen Zustands erforderlich ist. Wenn Sie das Gef\u00fchl haben, dass das Produkt nicht richtig funktioniert oder nicht Ihren Erwartungen entspricht, kontaktieren Sie uns bitte unter\u00a0<a href=\"mailto:info@maxyhome.eu\">info@maxyhome.eu<\/a> oder an die Telefonnummer auf der Website. Unsere Berater geben Ihnen gerne weitere Informationen, die Ihnen helfen, eine unsachgem\u00e4\u00dfe Verwendung des Produkts, Sch\u00e4den am Produkt oder m\u00f6gliche Sch\u00e4den an anderen Gegenst\u00e4nden zu vermeiden. Die Beweislast f\u00fcr die Aus\u00fcbung des Rechts tr\u00e4gt der Verbraucher.<\/p>\n\n\n\n<p>F\u00fcr den Fall, dass der Verk\u00e4ufer w\u00e4hrend des R\u00fccksendevorgangs oder nach Erhalt des Produkts feststellt, dass die zur\u00fcckgegebene Ware zusammengebaut, gebraucht oder besch\u00e4digt ist oder dass die zur\u00fcckgegebene Menge nicht \u00fcbereinstimmt, ist der K\u00e4ufer f\u00fcr die Minderung des Warenwerts verantwortlich, sofern dies der Fall ist ist das Ergebnis eines Verhaltens, das f\u00fcr die Bestimmung der Beschaffenheit, des Wertes und der Leistung der Ware nicht erforderlich ist. Trotz der durch das Verhalten des Verbrauchers bedingten Wertminderung der Ware kann der Verk\u00e4ufer dem Verbraucher das Recht zum R\u00fccktritt vom Vertrag nicht entziehen, jedoch erh\u00e4lt der K\u00e4ufer in diesem Fall den Kaufpreis nur anteilig zur\u00fcckerstattet, sofern dies der Fall ist nach Einsch\u00e4tzung des Herstellers m\u00f6glich. <\/p>\n\n\n\n<p>Im Fall von<strong>&nbsp;vom Vertrag zur\u00fccktreten<\/strong>&nbsp;und wenn der Kaufpreis f\u00fcr das gekaufte Produkt bereits bezahlt wurde, erstattet das Unternehmen die erhaltenen Zahlungen unverz\u00fcglich, sp\u00e4testens jedoch innerhalb von 30 Tagen nach Erhalt der Mitteilung \u00fcber den R\u00fccktritt vom Vertrag. Der Verk\u00e4ufer erstattet dem K\u00e4ufer die erhaltenen Zahlungen mit demselben Zahlungsmittel zur\u00fcck, mit dem der Verbraucher bezahlt hat, es sei denn, der Verbraucher hat ausdr\u00fccklich die Verwendung eines anderen Zahlungsmittels gew\u00fcnscht und ihm entstehen dadurch keine zus\u00e4tzlichen Kosten.<\/p>\n\n\n\n<p>F\u00fcr die im Online-Shop erh\u00e4ltlichen Produkte gelten die Reklamationsbedingungen gem\u00e4\u00df Konsumentenschutzgesetz (ZVPot). F\u00fcr die Ware gilt eine Garantie, wenn diese auf der Garantiekarte oder Rechnung angegeben ist. Die Garantie ist g\u00fcltig, wenn die Hinweise auf dem Garantieblatt befolgt werden und die Rechnung vorgelegt wird.<\/p>\n\n\n\n<p>F\u00fcr ein Produktr\u00fcckgabeformular oder einen Garantieanspruch kontaktieren Sie uns bitte unter\u00a0<a href=\"mailto:info@maxyhome.eu\">info@maxyhome.eu<\/a>. Befolgen Sie die Anweisungen im Formular, um den Vorgang abzuschlie\u00dfen.<\/p>\n\n\n\n<p><h2><strong>Allgemeine Bedingungen f\u00fcr Gew\u00e4hrleistungsanspr\u00fcche<\/strong><\/h2><\/p>\n\n\n\n<p>F\u00fcr Produkte, f\u00fcr die eine Garantie besteht, gelten die allgemeinen Bedingungen f\u00fcr die Geltendmachung der Garantie beim Produkthersteller. Der K\u00e4ufer macht die Gew\u00e4hrleistung beim Garantiegeber geltend \u2013 also beim Produkthersteller, sofern im Prozess nichts anderes angegeben wird. Der Kunde muss die Garantie direkt beim Garantiegeber geltend machen, der der Hersteller des Produkts ist, sofern im Prozess nichts anderes angegeben wird<\/p>\n\n\n\n<p><b><strong>Der Verk\u00e4ufer gibt folgende Empfehlungen zum Umgang mit den Produkten, um Sch\u00e4den zu vermeiden:<\/strong><\/b><\/p>\n\n\n\n<ul class=\"wp-block-list\">\n<li>Gew\u00e4chsh\u00e4user, Garagenzelte oder Gartenh\u00e4user m\u00fcssen regelm\u00e4\u00dfig gel\u00fcftet und von Schnee oder Eis befreit werden. Ebenso m\u00fcssen bei Schneefall Schnee oder Eis von Markisen und Pergolen entfernt werden.<\/li>\n\n\n\n<li>Gew\u00e4chsh\u00e4user, Garagenzelte, Schuppen oder Vord\u00e4cher m\u00fcssen montiert, installiert und ordnungsgem\u00e4\u00df im Boden oder Geb\u00e4ude verankert werden.<\/li>\n\n\n\n<li>Reinigen Sie Gew\u00e4chsh\u00e4user, Garagenzelte, Schuppen oder Carports nicht mit aggressiven Reinigungsmitteln und setzen Sie sie nicht auf andere Weise Chemikalien aus.<\/li>\n<\/ul>\n\n\n\n<p>Von der Garantie ausgeschlossen sind Sch\u00e4den, die durch Dritte verursacht wurden oder andere Sch\u00e4den, auf die der Verk\u00e4ufer oder Hersteller des Produkts keinen Einfluss hatte. Die Garantie deckt keine Sch\u00e4den oder M\u00e4ngel ab, die auf unsachgem\u00e4\u00dfe Verwendung oder Wartung des Produkts zur\u00fcckzuf\u00fchren sind. Die Garantie deckt keine Sch\u00e4den ab, die durch widrige Wetterbedingungen, unvorsichtigen Gebrauch oder unsachgem\u00e4\u00dfe Installation verursacht wurden.<\/p>\n\n\n\n<p>Der K\u00e4ufer muss die Ware bei der Lieferung pr\u00fcfen und festgestellte M\u00e4ngel oder Sch\u00e4den am Produkt sowie etwaige besondere Umst\u00e4nde, die w\u00e4hrend der Lieferung aufgetreten sind, unverz\u00fcglich melden. Wenn m\u00f6glich, sollten Kunden Hinweise auf Sch\u00e4den oder M\u00e4ngel auf dem Lieferschein vermerken und diese an den Lieferdienst weiterleiten.<\/p>\n\n\n\n<p>Die allgemeinen Gew\u00e4hrleistungsfristen der Hersteller f\u00fcr die im MaxyHome-Onlineshop aufgef\u00fchrten Produkte gem\u00e4\u00df den Herstellerbestimmungen und den Empfehlungen des Verk\u00e4ufers:<\/p>\n\n\n\n<ol class=\"wp-block-list\">\n<li>Gew\u00e4chsh\u00e4user\n<ul class=\"wp-block-list\">\n<li>Gew\u00e4chsh\u00e4user aus Polycarbonat und Glasgew\u00e4chsh\u00e4user: 5 Jahre Garantie auf Metallteile und 10 Jahre Garantie auf Polycarbonat.<\/li>\n\n\n\n<li>Gew\u00e4chsh\u00e4user aus Polyethylen: 2 Jahre Garantie f\u00fcr nat\u00fcrliche Personen und 1 Jahr Garantie f\u00fcr juristische Personen.<\/li>\n<\/ul>\n<\/li>\n\n\n\n<li>Gartenh\u00e4user: Die Gew\u00e4hrleistungsfrist betr\u00e4gt f\u00fcr Privatpersonen 2 Jahre, f\u00fcr juristische Personen 1 Jahr ab Kaufdatum.<\/li>\n\n\n\n<li>Lagerzelte \/ Mobilgaragen: Die Gew\u00e4hrleistungsfrist betr\u00e4gt f\u00fcr nat\u00fcrliche Personen 2 Jahre, f\u00fcr juristische Personen 1 Jahr ab Kaufdatum.<\/li>\n\n\n\n<li>Terrasse und Carports\n<ul class=\"wp-block-list\">\n<li>5 Jahre Garantie auf Metallteile und 10 Jahre Garantie auf Polycarbonatd\u00e4cher.<\/li>\n<\/ul>\n<\/li>\n\n\n\n<li>Gartenm\u00f6bel: Die Gew\u00e4hrleistungsfrist betr\u00e4gt 2 Jahre f\u00fcr Privatpersonen und 6 Monate ab Kaufdatum f\u00fcr juristische Personen.<\/li>\n\n\n\n<li>Heimzubeh\u00f6r\n<ul class=\"wp-block-list\">\n<li>14-t\u00e4gige Geld-zur\u00fcck-Garantie auf Konsumg\u00fcter.<\/li>\n<\/ul>\n<\/li>\n<\/ol>\n\n\n\n<p>Diese Bedingungen f\u00fcr Gew\u00e4hrleistungsanspr\u00fcche und R\u00fccksendungen gelten ab Ausstellungsdatum bis auf Widerruf.<\/p>\n\n\n\n<p>Celje, 19.01.2023<\/p>","protected":false},"excerpt":{"rendered":"<p>Bedingungen f\u00fcr Garantieanspr\u00fcche und R\u00fccktritt vom Vertrag Diese allgemeinen Garantie- und R\u00fcckgabebedingungen f\u00fcr Produkte gelten f\u00fcr den Online-Shop Maksidom.si\/eu\/, der von der Firma Lorin6 doo mit Sitz in Be\u017eigrajska cesta 9, 3000 Celje betrieben wird (im Folgenden \u201eVerk\u00e4ufer\u201c). Aus\u00fcbung des Widerrufsrechts Gem\u00e4\u00df Verbraucherschutzgesetz (ZVPot) haben Verbraucher das Recht, vom Kauf zur\u00fcckzutreten.<\/p>","protected":false},"author":1,"featured_media":0,"parent":0,"menu_order":0,"comment_status":"closed","ping_status":"closed","template":"","meta":{"_monsterinsights_skip_tracking":false,"_monsterinsights_sitenote_active":false,"_monsterinsights_sitenote_note":"","_monsterinsights_sitenote_category":0,"footnotes":""},"class_list":["post-12","page","type-page","status-publish","hentry"],"aioseo_notices":[],"aioseo_head":"\n\t\t<!-- All in One SEO Pro 4.9.6.2 - aioseo.com -->\n\t<meta name=\"description\" content=\"Pogoji za garancijske zahtevke in odstop od pogodbe Ti splo\u0161ni pogoji garancije in vra\u010dila izdelkov veljajo za spletno trgovino Maksidom.si\/eu\/, s katero upravlja podjetje Lorin6 d.o.o., s sede\u017eem na Be\u017eigrajski cesti 9, 3000 Celje (v nadaljevanju \u00bbprodajalec\u00ab). Uveljavljanje pravice do odstopa od nakupa V skladu z Zakonom o varstvu potro\u0161nikov (ZVPot) imajo potro\u0161niki pravico, da\" \/>\n\t<meta name=\"robots\" content=\"max-image-preview:large\" \/>\n\t<meta name=\"google-site-verification\" content=\"Z9rvnbo9ip0NBVVGAbu4YfrfQ-Mg13t26DIfsx85Rbc\" \/>\n\t<link rel=\"canonical\" href=\"https:\/\/maxyhome.si\/de\/pravilnik-povrnitev-vracil\/\" \/>\n\t<meta name=\"generator\" content=\"All in One SEO Pro (AIOSEO) 4.9.6.2\" \/>\n\t\t<meta property=\"og:locale\" content=\"de_DE\" \/>\n\t\t<meta property=\"og:site_name\" content=\"MaxyHome.si - Vse za Dom in Vrt\" \/>\n\t\t<meta property=\"og:type\" content=\"article\" \/>\n\t\t<meta property=\"og:title\" content=\"Pogoji uveljavljanja garancije oziroma odstopa od nakupa - MaxyHome.si\" \/>\n\t\t<meta property=\"og:description\" content=\"Pogoji za garancijske zahtevke in odstop od pogodbe Ti splo\u0161ni pogoji garancije in vra\u010dila izdelkov veljajo za spletno trgovino Maksidom.si\/eu\/, s katero upravlja podjetje Lorin6 d.o.o., s sede\u017eem na Be\u017eigrajski cesti 9, 3000 Celje (v nadaljevanju \u00bbprodajalec\u00ab). Uveljavljanje pravice do odstopa od nakupa V skladu z Zakonom o varstvu potro\u0161nikov (ZVPot) imajo potro\u0161niki pravico, da\" \/>\n\t\t<meta property=\"og:url\" content=\"https:\/\/maxyhome.si\/de\/pravilnik-povrnitev-vracil\/\" \/>\n\t\t<meta property=\"og:image\" content=\"https:\/\/maxyhome.si\/wp-content\/uploads\/2024\/02\/Prvovrstni-rastlinjaki_Maksi_DOm_Facebook.webp\" \/>\n\t\t<meta property=\"og:image:secure_url\" content=\"https:\/\/maxyhome.si\/wp-content\/uploads\/2024\/02\/Prvovrstni-rastlinjaki_Maksi_DOm_Facebook.webp\" \/>\n\t\t<meta property=\"og:image:width\" content=\"1640\" \/>\n\t\t<meta property=\"og:image:height\" content=\"924\" \/>\n\t\t<meta property=\"article:published_time\" content=\"2024-02-09T19:49:55+00:00\" \/>\n\t\t<meta property=\"article:modified_time\" content=\"2024-11-08T11:06:29+00:00\" \/>\n\t\t<meta property=\"article:publisher\" content=\"https:\/\/www.facebook.com\/MaxyhomeEU\" \/>\n\t\t<meta name=\"twitter:card\" content=\"summary_large_image\" \/>\n\t\t<meta name=\"twitter:title\" content=\"Pogoji uveljavljanja garancije oziroma odstopa od nakupa - MaxyHome.si\" \/>\n\t\t<meta name=\"twitter:description\" content=\"Pogoji za garancijske zahtevke in odstop od pogodbe Ti splo\u0161ni pogoji garancije in vra\u010dila izdelkov veljajo za spletno trgovino Maksidom.si\/eu\/, s katero upravlja podjetje Lorin6 d.o.o., s sede\u017eem na Be\u017eigrajski cesti 9, 3000 Celje (v nadaljevanju \u00bbprodajalec\u00ab). Uveljavljanje pravice do odstopa od nakupa V skladu z Zakonom o varstvu potro\u0161nikov (ZVPot) imajo potro\u0161niki pravico, da\" \/>\n\t\t<meta name=\"twitter:image\" content=\"https:\/\/maxyhome.si\/wp-content\/uploads\/2024\/02\/Prvovrstni-rastlinjaki_Maksi_DOm_Facebook.webp\" \/>\n\t\t<script type=\"application\/ld+json\" class=\"aioseo-schema\">\n\t\t\t{\"@context\":\"https:\\\/\\\/schema.org\",\"@graph\":[{\"@type\":\"BreadcrumbList\",\"@id\":\"https:\\\/\\\/maxyhome.si\\\/de\\\/pravilnik-povrnitev-vracil\\\/#breadcrumblist\",\"itemListElement\":[{\"@type\":\"ListItem\",\"@id\":\"https:\\\/\\\/maxyhome.si\\\/de#listItem\",\"position\":1,\"name\":\"Home\",\"item\":\"https:\\\/\\\/maxyhome.si\\\/de\",\"nextItem\":{\"@type\":\"ListItem\",\"@id\":\"https:\\\/\\\/maxyhome.si\\\/de\\\/pravilnik-povrnitev-vracil\\\/#listItem\",\"name\":\"Pogoji uveljavljanja garancije oziroma odstopa od nakupa\"}},{\"@type\":\"ListItem\",\"@id\":\"https:\\\/\\\/maxyhome.si\\\/de\\\/pravilnik-povrnitev-vracil\\\/#listItem\",\"position\":2,\"name\":\"Pogoji uveljavljanja garancije oziroma odstopa od nakupa\",\"previousItem\":{\"@type\":\"ListItem\",\"@id\":\"https:\\\/\\\/maxyhome.si\\\/de#listItem\",\"name\":\"Home\"}}]},{\"@type\":\"Organization\",\"@id\":\"https:\\\/\\\/maxyhome.si\\\/de\\\/#organization\",\"name\":\"Lorin6 d.o.o.\",\"description\":\"Vse za Dom in Vrt\",\"url\":\"https:\\\/\\\/maxyhome.si\\\/de\\\/\",\"email\":\"info@maxyhome.eu\",\"telephone\":\"+38641537010\",\"logo\":{\"@type\":\"ImageObject\",\"url\":\"https:\\\/\\\/maxyhome.si\\\/wp-content\\\/uploads\\\/2024\\\/02\\\/cropped-Maxyhome_si_logotip.png\",\"@id\":\"https:\\\/\\\/maxyhome.si\\\/de\\\/pravilnik-povrnitev-vracil\\\/#organizationLogo\",\"width\":470,\"height\":77},\"image\":{\"@id\":\"https:\\\/\\\/maxyhome.si\\\/de\\\/pravilnik-povrnitev-vracil\\\/#organizationLogo\"},\"sameAs\":[\"https:\\\/\\\/www.facebook.com\\\/MaxyhomeEU\",\"https:\\\/\\\/www.instagram.com\\\/maksidom.si\\\/\"],\"address\":{\"@id\":\"https:\\\/\\\/maxyhome.si\\\/de\\\/#postaladdress\",\"@type\":\"PostalAddress\",\"streetAddress\":\"BE\\u017dIGRAJSKA CESTA 9, Lorin6 d.o.o.\",\"postalCode\":\"3000\",\"addressLocality\":\"Celje\",\"addressCountry\":\"SI\"},\"vatID\":\"SI62505319\"},{\"@type\":\"WebPage\",\"@id\":\"https:\\\/\\\/maxyhome.si\\\/de\\\/pravilnik-povrnitev-vracil\\\/#webpage\",\"url\":\"https:\\\/\\\/maxyhome.si\\\/de\\\/pravilnik-povrnitev-vracil\\\/\",\"name\":\"Pogoji uveljavljanja garancije oziroma odstopa od nakupa - MaxyHome.si\",\"description\":\"Pogoji za garancijske zahtevke in odstop od pogodbe Ti splo\\u0161ni pogoji garancije in vra\\u010dila izdelkov veljajo za spletno trgovino Maksidom.si\\\/eu\\\/, s katero upravlja podjetje Lorin6 d.o.o., s sede\\u017eem na Be\\u017eigrajski cesti 9, 3000 Celje (v nadaljevanju \\u00bbprodajalec\\u00ab). Uveljavljanje pravice do odstopa od nakupa V skladu z Zakonom o varstvu potro\\u0161nikov (ZVPot) imajo potro\\u0161niki pravico, da\",\"inLanguage\":\"de-DE\",\"isPartOf\":{\"@id\":\"https:\\\/\\\/maxyhome.si\\\/de\\\/#website\"},\"breadcrumb\":{\"@id\":\"https:\\\/\\\/maxyhome.si\\\/de\\\/pravilnik-povrnitev-vracil\\\/#breadcrumblist\"},\"datePublished\":\"2024-02-09T19:49:55+00:00\",\"dateModified\":\"2024-11-08T11:06:29+00:00\"},{\"@type\":\"WebSite\",\"@id\":\"https:\\\/\\\/maxyhome.si\\\/de\\\/#website\",\"url\":\"https:\\\/\\\/maxyhome.si\\\/de\\\/\",\"name\":\"MaxyHome\",\"description\":\"Vse za Dom in Vrt\",\"inLanguage\":\"de-DE\",\"publisher\":{\"@id\":\"https:\\\/\\\/maxyhome.si\\\/de\\\/#organization\"}}]}\n\t\t<\/script>\n\t\t<!-- All in One SEO Pro -->\r\n\t\t<title>Pogoji uveljavljanja garancije oziroma odstopa od nakupa - MaxyHome.si<\/title>\n\n","aioseo_head_json":{"title":"Pogoji uveljavljanja garancije oziroma odstopa od nakupa - MaxyHome.si","description":"Pogoji za garancijske zahtevke in odstop od pogodbe Ti splo\u0161ni pogoji garancije in vra\u010dila izdelkov veljajo za spletno trgovino Maksidom.si\/eu\/, s katero upravlja podjetje Lorin6 d.o.o., s sede\u017eem na Be\u017eigrajski cesti 9, 3000 Celje (v nadaljevanju \u00bbprodajalec\u00ab). Uveljavljanje pravice do odstopa od nakupa V skladu z Zakonom o varstvu potro\u0161nikov (ZVPot) imajo potro\u0161niki pravico, da","canonical_url":"https:\/\/maxyhome.si\/de\/pravilnik-povrnitev-vracil\/","robots":"max-image-preview:large","keywords":"","webmasterTools":{"google-site-verification":"Z9rvnbo9ip0NBVVGAbu4YfrfQ-Mg13t26DIfsx85Rbc","miscellaneous":""},"schema":{"@context":"https:\/\/schema.org","@graph":[{"@type":"BreadcrumbList","@id":"https:\/\/maxyhome.si\/de\/pravilnik-povrnitev-vracil\/#breadcrumblist","itemListElement":[{"@type":"ListItem","@id":"https:\/\/maxyhome.si\/de#listItem","position":1,"name":"Home","item":"https:\/\/maxyhome.si\/de","nextItem":{"@type":"ListItem","@id":"https:\/\/maxyhome.si\/de\/pravilnik-povrnitev-vracil\/#listItem","name":"Pogoji uveljavljanja garancije oziroma odstopa od nakupa"}},{"@type":"ListItem","@id":"https:\/\/maxyhome.si\/de\/pravilnik-povrnitev-vracil\/#listItem","position":2,"name":"Pogoji uveljavljanja garancije oziroma odstopa od nakupa","previousItem":{"@type":"ListItem","@id":"https:\/\/maxyhome.si\/de#listItem","name":"Home"}}]},{"@type":"Organization","@id":"https:\/\/maxyhome.si\/de\/#organization","name":"Lorin6 d.o.o.","description":"Vse za Dom in Vrt","url":"https:\/\/maxyhome.si\/de\/","email":"info@maxyhome.eu","telephone":"+38641537010","logo":{"@type":"ImageObject","url":"https:\/\/maxyhome.si\/wp-content\/uploads\/2024\/02\/cropped-Maxyhome_si_logotip.png","@id":"https:\/\/maxyhome.si\/de\/pravilnik-povrnitev-vracil\/#organizationLogo","width":470,"height":77},"image":{"@id":"https:\/\/maxyhome.si\/de\/pravilnik-povrnitev-vracil\/#organizationLogo"},"sameAs":["https:\/\/www.facebook.com\/MaxyhomeEU","https:\/\/www.instagram.com\/maksidom.si\/"],"address":{"@id":"https:\/\/maxyhome.si\/de\/#postaladdress","@type":"PostalAddress","streetAddress":"BE\u017dIGRAJSKA CESTA 9, Lorin6 d.o.o.","postalCode":"3000","addressLocality":"Celje","addressCountry":"SI"},"vatID":"SI62505319"},{"@type":"WebPage","@id":"https:\/\/maxyhome.si\/de\/pravilnik-povrnitev-vracil\/#webpage","url":"https:\/\/maxyhome.si\/de\/pravilnik-povrnitev-vracil\/","name":"Pogoji uveljavljanja garancije oziroma odstopa od nakupa - MaxyHome.si","description":"Pogoji za garancijske zahtevke in odstop od pogodbe Ti splo\u0161ni pogoji garancije in vra\u010dila izdelkov veljajo za spletno trgovino Maksidom.si\/eu\/, s katero upravlja podjetje Lorin6 d.o.o., s sede\u017eem na Be\u017eigrajski cesti 9, 3000 Celje (v nadaljevanju \u00bbprodajalec\u00ab). Uveljavljanje pravice do odstopa od nakupa V skladu z Zakonom o varstvu potro\u0161nikov (ZVPot) imajo potro\u0161niki pravico, da","inLanguage":"de-DE","isPartOf":{"@id":"https:\/\/maxyhome.si\/de\/#website"},"breadcrumb":{"@id":"https:\/\/maxyhome.si\/de\/pravilnik-povrnitev-vracil\/#breadcrumblist"},"datePublished":"2024-02-09T19:49:55+00:00","dateModified":"2024-11-08T11:06:29+00:00"},{"@type":"WebSite","@id":"https:\/\/maxyhome.si\/de\/#website","url":"https:\/\/maxyhome.si\/de\/","name":"MaxyHome","description":"Vse za Dom in Vrt","inLanguage":"de-DE","publisher":{"@id":"https:\/\/maxyhome.si\/de\/#organization"}}]},"og:locale":"de_DE","og:site_name":"MaxyHome.si - Vse za Dom in Vrt","og:type":"article","og:title":"Pogoji uveljavljanja garancije oziroma odstopa od nakupa - MaxyHome.si","og:description":"Pogoji za garancijske zahtevke in odstop od pogodbe Ti splo\u0161ni pogoji garancije in vra\u010dila izdelkov veljajo za spletno trgovino Maksidom.si\/eu\/, s katero upravlja podjetje Lorin6 d.o.o., s sede\u017eem na Be\u017eigrajski cesti 9, 3000 Celje (v nadaljevanju \u00bbprodajalec\u00ab). Uveljavljanje pravice do odstopa od nakupa V skladu z Zakonom o varstvu potro\u0161nikov (ZVPot) imajo potro\u0161niki pravico, da","og:url":"https:\/\/maxyhome.si\/de\/pravilnik-povrnitev-vracil\/","og:image":"https:\/\/maxyhome.si\/wp-content\/uploads\/2024\/02\/Prvovrstni-rastlinjaki_Maksi_DOm_Facebook.webp","og:image:secure_url":"https:\/\/maxyhome.si\/wp-content\/uploads\/2024\/02\/Prvovrstni-rastlinjaki_Maksi_DOm_Facebook.webp","og:image:width":1640,"og:image:height":924,"article:published_time":"2024-02-09T19:49:55+00:00","article:modified_time":"2024-11-08T11:06:29+00:00","article:publisher":"https:\/\/www.facebook.com\/MaxyhomeEU","twitter:card":"summary_large_image","twitter:title":"Pogoji uveljavljanja garancije oziroma odstopa od nakupa - MaxyHome.si","twitter:description":"Pogoji za garancijske zahtevke in odstop od pogodbe Ti splo\u0161ni pogoji garancije in vra\u010dila izdelkov veljajo za spletno trgovino Maksidom.si\/eu\/, s katero upravlja podjetje Lorin6 d.o.o., s sede\u017eem na Be\u017eigrajski cesti 9, 3000 Celje (v nadaljevanju \u00bbprodajalec\u00ab). Uveljavljanje pravice do odstopa od nakupa V skladu z Zakonom o varstvu potro\u0161nikov (ZVPot) imajo potro\u0161niki pravico, da","twitter:image":"https:\/\/maxyhome.si\/wp-content\/uploads\/2024\/02\/Prvovrstni-rastlinjaki_Maksi_DOm_Facebook.webp"},"aioseo_meta_data":{"post_id":"12","title":null,"description":null,"keywords":null,"keyphrases":{"focus":{"keyphrase":"","score":0,"analysis":{"keyphraseInTitle":{"score":0,"maxScore":9,"error":1}}},"additional":[]},"primary_term":null,"canonical_url":null,"og_title":null,"og_description":null,"og_object_type":"default","og_image_type":"default","og_image_url":null,"og_image_width":null,"og_image_height":null,"og_image_custom_url":null,"og_image_custom_fields":null,"og_video":"","og_custom_url":null,"og_article_section":null,"og_article_tags":null,"twitter_use_og":false,"twitter_card":"default","twitter_image_type":"default","twitter_image_url":null,"twitter_image_custom_url":null,"twitter_image_custom_fields":null,"twitter_title":null,"twitter_description":null,"schema":{"blockGraphs":[],"customGraphs":[],"default":{"data":{"Article":[],"Course":[],"Dataset":[],"FAQPage":[],"Movie":[],"Person":[],"Product":[],"ProductReview":[],"Car":[],"Recipe":[],"Service":[],"SoftwareApplication":[],"WebPage":[]},"graphName":"ItemPage","isEnabled":true},"graphs":[]},"schema_type":"default","schema_type_options":null,"pillar_content":false,"robots_default":true,"robots_noindex":false,"robots_noarchive":false,"robots_nosnippet":false,"robots_nofollow":false,"robots_noimageindex":false,"robots_noodp":false,"robots_notranslate":false,"robots_max_snippet":"-1","robots_max_videopreview":"-1","robots_max_imagepreview":"large","priority":null,"frequency":"default","local_seo":null,"seo_analyzer_scan_date":"2025-10-08 18:23:33","breadcrumb_settings":null,"limit_modified_date":false,"reviewed_by":null,"ai":null,"created":"2024-02-28 07:14:14","updated":"2025-10-22 06:18:41"},"aioseo_breadcrumb":"<div class=\"aioseo-breadcrumbs\"><span class=\"aioseo-breadcrumb\">\n\t<a href=\"https:\/\/maxyhome.si\/de\" title=\"Home\">Home<\/a>\n<\/span><span class=\"aioseo-breadcrumb-separator\">&raquo;<\/span><span class=\"aioseo-breadcrumb\">\n\tPogoji uveljavljanja garancije oziroma odstopa od nakupa\n<\/span><\/div>","aioseo_breadcrumb_json":[{"label":"Home","link":"https:\/\/maxyhome.si\/de"},{"label":"Pogoji uveljavljanja garancije oziroma odstopa od nakupa","link":"https:\/\/maxyhome.si\/de\/pravilnik-povrnitev-vracil\/"}],"_links":{"self":[{"href":"https:\/\/maxyhome.si\/de\/wp-json\/wp\/v2\/pages\/12","targetHints":{"allow":["GET"]}}],"collection":[{"href":"https:\/\/maxyhome.si\/de\/wp-json\/wp\/v2\/pages"}],"about":[{"href":"https:\/\/maxyhome.si\/de\/wp-json\/wp\/v2\/types\/page"}],"author":[{"embeddable":true,"href":"https:\/\/maxyhome.si\/de\/wp-json\/wp\/v2\/users\/1"}],"replies":[{"embeddable":true,"href":"https:\/\/maxyhome.si\/de\/wp-json\/wp\/v2\/comments?post=12"}],"version-history":[{"count":4,"href":"https:\/\/maxyhome.si\/de\/wp-json\/wp\/v2\/pages\/12\/revisions"}],"predecessor-version":[{"id":126972,"href":"https:\/\/maxyhome.si\/de\/wp-json\/wp\/v2\/pages\/12\/revisions\/126972"}],"wp:attachment":[{"href":"https:\/\/maxyhome.si\/de\/wp-json\/wp\/v2\/media?parent=12"}],"curies":[{"name":"wp","href":"https:\/\/api.w.org\/{rel}","templated":true}]}}