{"id":2,"date":"2024-01-04T09:15:52","date_gmt":"2024-01-04T09:15:52","guid":{"rendered":"https:\/\/maxyhome.si\/?page_id=2"},"modified":"2024-01-04T09:15:52","modified_gmt":"2024-01-04T09:15:52","slug":"sample-page","status":"publish","type":"page","link":"https:\/\/maxyhome.si\/de\/sample-page\/","title":{"rendered":"Beispielseite"},"content":{"rendered":"<p>Dies ist eine Beispielseite. Der Unterschied zu einem Blog-Beitrag besteht darin, dass er an einem Ort verbleibt und in der Navigation Ihrer Website angezeigt wird (in den meisten Themes). Die meisten Leute beginnen mit einer About-Seite, die sie potenziellen Website-Besuchern vorstellt. Es k\u00f6nnte etwa so lauten:<\/p>\n\n\n\n<blockquote class=\"wp-block-quote is-layout-flow wp-block-quote-is-layout-flow\"><p>Hallo! Tags\u00fcber bin ich Fahrradkurier, nachts angehender Schauspieler, und das ist meine Website. Ich lebe in Los Angeles, habe einen tollen Hund namens Jack und ich mag Pi\u00f1a Coladas. (Und im Regen gefangen zu sein.)<\/p><\/blockquote>\n\n\n\n<p>...oder so \u00e4hnlich:<\/p>\n\n\n\n<blockquote class=\"wp-block-quote is-layout-flow wp-block-quote-is-layout-flow\"><p>Die XYZ Doohickey Company wurde 1971 gegr\u00fcndet und beliefert die \u00d6ffentlichkeit seitdem mit hochwertigen Doohickeys. XYZ mit Sitz in Gotham City besch\u00e4ftigt \u00fcber 2.000 Mitarbeiter und leistet alle m\u00f6glichen tollen Dinge f\u00fcr die Gotham-Community.<\/p><\/blockquote>\n\n\n\n<p>Als neuer WordPress-Benutzer sollten Sie zu gehen <a href=\"https:\/\/maxyhome.si\/wp-admin\/\">Ihr Dashboard<\/a> um diese Seite zu l\u00f6schen und neue Seiten f\u00fcr Ihre Inhalte zu erstellen. Viel Spa\u00df!<\/p>","protected":false},"excerpt":{"rendered":"<p>This is an example page. It&#8217;s different from a blog post because it will stay in one place and will show up in your site navigation (in most themes). Most people start with an About page that introduces them to potential site visitors. It might say something like this: Hi there! I&#8217;m a bike messenger [&hellip;]<\/p>","protected":false},"author":1,"featured_media":0,"parent":0,"menu_order":0,"comment_status":"closed","ping_status":"open","template":"","meta":{"_monsterinsights_skip_tracking":false,"_monsterinsights_sitenote_active":false,"_monsterinsights_sitenote_note":"","_monsterinsights_sitenote_category":0,"footnotes":""},"class_list":["post-2","page","type-page","status-publish","hentry"],"aioseo_notices":[],"aioseo_head":"\n\t\t<!-- All in One SEO Pro 4.9.6.2 - aioseo.com -->\n\t<meta name=\"description\" content=\"This is an example page. It&#039;s different from a blog post because it will stay in one place and will show up in your site navigation (in most themes). Most people start with an About page that introduces them to potential site visitors. It might say something like this: Hi there! I&#039;m a bike messenger\" \/>\n\t<meta name=\"robots\" content=\"max-image-preview:large\" \/>\n\t<meta name=\"google-site-verification\" content=\"Z9rvnbo9ip0NBVVGAbu4YfrfQ-Mg13t26DIfsx85Rbc\" \/>\n\t<link rel=\"canonical\" href=\"https:\/\/maxyhome.si\/de\/sample-page\/\" \/>\n\t<meta name=\"generator\" content=\"All in One SEO Pro (AIOSEO) 4.9.6.2\" \/>\n\t\t<meta property=\"og:locale\" content=\"de_DE\" \/>\n\t\t<meta property=\"og:site_name\" content=\"MaxyHome.si - Vse za Dom in Vrt\" \/>\n\t\t<meta property=\"og:type\" content=\"article\" \/>\n\t\t<meta property=\"og:title\" content=\"Sample Page - MaxyHome.si\" \/>\n\t\t<meta property=\"og:description\" content=\"This is an example page. It&#039;s different from a blog post because it will stay in one place and will show up in your site navigation (in most themes). Most people start with an About page that introduces them to potential site visitors. It might say something like this: Hi there! I&#039;m a bike messenger\" \/>\n\t\t<meta property=\"og:url\" content=\"https:\/\/maxyhome.si\/de\/sample-page\/\" \/>\n\t\t<meta property=\"og:image\" content=\"https:\/\/maxyhome.si\/wp-content\/uploads\/2024\/02\/Prvovrstni-rastlinjaki_Maksi_DOm_Facebook.webp\" \/>\n\t\t<meta property=\"og:image:secure_url\" content=\"https:\/\/maxyhome.si\/wp-content\/uploads\/2024\/02\/Prvovrstni-rastlinjaki_Maksi_DOm_Facebook.webp\" \/>\n\t\t<meta property=\"og:image:width\" content=\"1640\" \/>\n\t\t<meta property=\"og:image:height\" content=\"924\" \/>\n\t\t<meta property=\"article:published_time\" content=\"2024-01-04T09:15:52+00:00\" \/>\n\t\t<meta property=\"article:modified_time\" content=\"2024-01-04T09:15:52+00:00\" \/>\n\t\t<meta property=\"article:publisher\" content=\"https:\/\/www.facebook.com\/MaxyhomeEU\" \/>\n\t\t<meta name=\"twitter:card\" content=\"summary_large_image\" \/>\n\t\t<meta name=\"twitter:title\" content=\"Sample Page - MaxyHome.si\" \/>\n\t\t<meta name=\"twitter:description\" content=\"This is an example page. It&#039;s different from a blog post because it will stay in one place and will show up in your site navigation (in most themes). Most people start with an About page that introduces them to potential site visitors. It might say something like this: Hi there! I&#039;m a bike messenger\" \/>\n\t\t<meta name=\"twitter:image\" content=\"https:\/\/maxyhome.si\/wp-content\/uploads\/2024\/02\/Prvovrstni-rastlinjaki_Maksi_DOm_Facebook.webp\" \/>\n\t\t<script type=\"application\/ld+json\" class=\"aioseo-schema\">\n\t\t\t{\"@context\":\"https:\\\/\\\/schema.org\",\"@graph\":[{\"@type\":\"BreadcrumbList\",\"@id\":\"https:\\\/\\\/maxyhome.si\\\/de\\\/sample-page\\\/#breadcrumblist\",\"itemListElement\":[{\"@type\":\"ListItem\",\"@id\":\"https:\\\/\\\/maxyhome.si\\\/de#listItem\",\"position\":1,\"name\":\"Home\",\"item\":\"https:\\\/\\\/maxyhome.si\\\/de\",\"nextItem\":{\"@type\":\"ListItem\",\"@id\":\"https:\\\/\\\/maxyhome.si\\\/de\\\/sample-page\\\/#listItem\",\"name\":\"Sample Page\"}},{\"@type\":\"ListItem\",\"@id\":\"https:\\\/\\\/maxyhome.si\\\/de\\\/sample-page\\\/#listItem\",\"position\":2,\"name\":\"Sample Page\",\"previousItem\":{\"@type\":\"ListItem\",\"@id\":\"https:\\\/\\\/maxyhome.si\\\/de#listItem\",\"name\":\"Home\"}}]},{\"@type\":\"Organization\",\"@id\":\"https:\\\/\\\/maxyhome.si\\\/de\\\/#organization\",\"name\":\"Lorin6 d.o.o.\",\"description\":\"Vse za Dom in Vrt\",\"url\":\"https:\\\/\\\/maxyhome.si\\\/de\\\/\",\"email\":\"info@maxyhome.eu\",\"telephone\":\"+38641537010\",\"logo\":{\"@type\":\"ImageObject\",\"url\":\"https:\\\/\\\/maxyhome.si\\\/wp-content\\\/uploads\\\/2024\\\/02\\\/cropped-Maxyhome_si_logotip.png\",\"@id\":\"https:\\\/\\\/maxyhome.si\\\/de\\\/sample-page\\\/#organizationLogo\",\"width\":470,\"height\":77},\"image\":{\"@id\":\"https:\\\/\\\/maxyhome.si\\\/de\\\/sample-page\\\/#organizationLogo\"},\"sameAs\":[\"https:\\\/\\\/www.facebook.com\\\/MaxyhomeEU\",\"https:\\\/\\\/www.instagram.com\\\/maksidom.si\\\/\"],\"address\":{\"@id\":\"https:\\\/\\\/maxyhome.si\\\/de\\\/#postaladdress\",\"@type\":\"PostalAddress\",\"streetAddress\":\"BE\\u017dIGRAJSKA CESTA 9, Lorin6 d.o.o.\",\"postalCode\":\"3000\",\"addressLocality\":\"Celje\",\"addressCountry\":\"SI\"},\"vatID\":\"SI62505319\"},{\"@type\":\"WebPage\",\"@id\":\"https:\\\/\\\/maxyhome.si\\\/de\\\/sample-page\\\/#webpage\",\"url\":\"https:\\\/\\\/maxyhome.si\\\/de\\\/sample-page\\\/\",\"name\":\"Sample Page - MaxyHome.si\",\"description\":\"This is an example page. It's different from a blog post because it will stay in one place and will show up in your site navigation (in most themes). Most people start with an About page that introduces them to potential site visitors. It might say something like this: Hi there! I'm a bike messenger\",\"inLanguage\":\"de-DE\",\"isPartOf\":{\"@id\":\"https:\\\/\\\/maxyhome.si\\\/de\\\/#website\"},\"breadcrumb\":{\"@id\":\"https:\\\/\\\/maxyhome.si\\\/de\\\/sample-page\\\/#breadcrumblist\"},\"datePublished\":\"2024-01-04T09:15:52+00:00\",\"dateModified\":\"2024-01-04T09:15:52+00:00\"},{\"@type\":\"WebSite\",\"@id\":\"https:\\\/\\\/maxyhome.si\\\/de\\\/#website\",\"url\":\"https:\\\/\\\/maxyhome.si\\\/de\\\/\",\"name\":\"MaxyHome\",\"description\":\"Vse za Dom in Vrt\",\"inLanguage\":\"de-DE\",\"publisher\":{\"@id\":\"https:\\\/\\\/maxyhome.si\\\/de\\\/#organization\"}}]}\n\t\t<\/script>\n\t\t<!-- All in One SEO Pro -->\r\n\t\t<title>Sample Page - MaxyHome.si<\/title>\n\n","aioseo_head_json":{"title":"Sample Page - MaxyHome.si","description":"This is an example page. It's different from a blog post because it will stay in one place and will show up in your site navigation (in most themes). Most people start with an About page that introduces them to potential site visitors. It might say something like this: Hi there! I'm a bike messenger","canonical_url":"https:\/\/maxyhome.si\/de\/sample-page\/","robots":"max-image-preview:large","keywords":"","webmasterTools":{"google-site-verification":"Z9rvnbo9ip0NBVVGAbu4YfrfQ-Mg13t26DIfsx85Rbc","miscellaneous":""},"schema":{"@context":"https:\/\/schema.org","@graph":[{"@type":"BreadcrumbList","@id":"https:\/\/maxyhome.si\/de\/sample-page\/#breadcrumblist","itemListElement":[{"@type":"ListItem","@id":"https:\/\/maxyhome.si\/de#listItem","position":1,"name":"Home","item":"https:\/\/maxyhome.si\/de","nextItem":{"@type":"ListItem","@id":"https:\/\/maxyhome.si\/de\/sample-page\/#listItem","name":"Sample Page"}},{"@type":"ListItem","@id":"https:\/\/maxyhome.si\/de\/sample-page\/#listItem","position":2,"name":"Sample Page","previousItem":{"@type":"ListItem","@id":"https:\/\/maxyhome.si\/de#listItem","name":"Home"}}]},{"@type":"Organization","@id":"https:\/\/maxyhome.si\/de\/#organization","name":"Lorin6 d.o.o.","description":"Vse za Dom in Vrt","url":"https:\/\/maxyhome.si\/de\/","email":"info@maxyhome.eu","telephone":"+38641537010","logo":{"@type":"ImageObject","url":"https:\/\/maxyhome.si\/wp-content\/uploads\/2024\/02\/cropped-Maxyhome_si_logotip.png","@id":"https:\/\/maxyhome.si\/de\/sample-page\/#organizationLogo","width":470,"height":77},"image":{"@id":"https:\/\/maxyhome.si\/de\/sample-page\/#organizationLogo"},"sameAs":["https:\/\/www.facebook.com\/MaxyhomeEU","https:\/\/www.instagram.com\/maksidom.si\/"],"address":{"@id":"https:\/\/maxyhome.si\/de\/#postaladdress","@type":"PostalAddress","streetAddress":"BE\u017dIGRAJSKA CESTA 9, Lorin6 d.o.o.","postalCode":"3000","addressLocality":"Celje","addressCountry":"SI"},"vatID":"SI62505319"},{"@type":"WebPage","@id":"https:\/\/maxyhome.si\/de\/sample-page\/#webpage","url":"https:\/\/maxyhome.si\/de\/sample-page\/","name":"Sample Page - MaxyHome.si","description":"This is an example page. It's different from a blog post because it will stay in one place and will show up in your site navigation (in most themes). Most people start with an About page that introduces them to potential site visitors. It might say something like this: Hi there! I'm a bike messenger","inLanguage":"de-DE","isPartOf":{"@id":"https:\/\/maxyhome.si\/de\/#website"},"breadcrumb":{"@id":"https:\/\/maxyhome.si\/de\/sample-page\/#breadcrumblist"},"datePublished":"2024-01-04T09:15:52+00:00","dateModified":"2024-01-04T09:15:52+00:00"},{"@type":"WebSite","@id":"https:\/\/maxyhome.si\/de\/#website","url":"https:\/\/maxyhome.si\/de\/","name":"MaxyHome","description":"Vse za Dom in Vrt","inLanguage":"de-DE","publisher":{"@id":"https:\/\/maxyhome.si\/de\/#organization"}}]},"og:locale":"de_DE","og:site_name":"MaxyHome.si - Vse za Dom in Vrt","og:type":"article","og:title":"Sample Page - MaxyHome.si","og:description":"This is an example page. It's different from a blog post because it will stay in one place and will show up in your site navigation (in most themes). Most people start with an About page that introduces them to potential site visitors. It might say something like this: Hi there! I'm a bike messenger","og:url":"https:\/\/maxyhome.si\/de\/sample-page\/","og:image":"https:\/\/maxyhome.si\/wp-content\/uploads\/2024\/02\/Prvovrstni-rastlinjaki_Maksi_DOm_Facebook.webp","og:image:secure_url":"https:\/\/maxyhome.si\/wp-content\/uploads\/2024\/02\/Prvovrstni-rastlinjaki_Maksi_DOm_Facebook.webp","og:image:width":1640,"og:image:height":924,"article:published_time":"2024-01-04T09:15:52+00:00","article:modified_time":"2024-01-04T09:15:52+00:00","article:publisher":"https:\/\/www.facebook.com\/MaxyhomeEU","twitter:card":"summary_large_image","twitter:title":"Sample Page - MaxyHome.si","twitter:description":"This is an example page. It's different from a blog post because it will stay in one place and will show up in your site navigation (in most themes). Most people start with an About page that introduces them to potential site visitors. It might say something like this: Hi there! I'm a bike messenger","twitter:image":"https:\/\/maxyhome.si\/wp-content\/uploads\/2024\/02\/Prvovrstni-rastlinjaki_Maksi_DOm_Facebook.webp"},"aioseo_meta_data":{"post_id":"2","title":null,"description":null,"keywords":null,"keyphrases":null,"primary_term":null,"canonical_url":null,"og_title":null,"og_description":null,"og_object_type":"default","og_image_type":"default","og_image_url":null,"og_image_width":null,"og_image_height":null,"og_image_custom_url":null,"og_image_custom_fields":null,"og_video":null,"og_custom_url":null,"og_article_section":null,"og_article_tags":null,"twitter_use_og":false,"twitter_card":"default","twitter_image_type":"default","twitter_image_url":null,"twitter_image_custom_url":null,"twitter_image_custom_fields":null,"twitter_title":null,"twitter_description":null,"schema":{"blockGraphs":[],"customGraphs":[],"default":{"data":{"Article":[],"Course":[],"Dataset":[],"FAQPage":[],"Movie":[],"Person":[],"Product":[],"ProductReview":[],"Car":[],"Recipe":[],"Service":[],"SoftwareApplication":[],"WebPage":[]},"graphName":"ItemPage","isEnabled":true},"graphs":[]},"schema_type":"default","schema_type_options":null,"pillar_content":false,"robots_default":true,"robots_noindex":false,"robots_noarchive":false,"robots_nosnippet":false,"robots_nofollow":false,"robots_noimageindex":false,"robots_noodp":false,"robots_notranslate":false,"robots_max_snippet":null,"robots_max_videopreview":null,"robots_max_imagepreview":"large","priority":null,"frequency":null,"local_seo":null,"seo_analyzer_scan_date":"2025-10-08 18:20:22","breadcrumb_settings":null,"limit_modified_date":false,"reviewed_by":null,"ai":null,"created":"2024-02-28 07:14:14","updated":"2025-10-22 06:18:41"},"aioseo_breadcrumb":"<div class=\"aioseo-breadcrumbs\"><span class=\"aioseo-breadcrumb\">\n\t<a href=\"https:\/\/maxyhome.si\/de\" title=\"Home\">Home<\/a>\n<\/span><span class=\"aioseo-breadcrumb-separator\">&raquo;<\/span><span class=\"aioseo-breadcrumb\">\n\tSample Page\n<\/span><\/div>","aioseo_breadcrumb_json":[{"label":"Home","link":"https:\/\/maxyhome.si\/de"},{"label":"Sample Page","link":"https:\/\/maxyhome.si\/de\/sample-page\/"}],"_links":{"self":[{"href":"https:\/\/maxyhome.si\/de\/wp-json\/wp\/v2\/pages\/2","targetHints":{"allow":["GET"]}}],"collection":[{"href":"https:\/\/maxyhome.si\/de\/wp-json\/wp\/v2\/pages"}],"about":[{"href":"https:\/\/maxyhome.si\/de\/wp-json\/wp\/v2\/types\/page"}],"author":[{"embeddable":true,"href":"https:\/\/maxyhome.si\/de\/wp-json\/wp\/v2\/users\/1"}],"replies":[{"embeddable":true,"href":"https:\/\/maxyhome.si\/de\/wp-json\/wp\/v2\/comments?post=2"}],"version-history":[{"count":0,"href":"https:\/\/maxyhome.si\/de\/wp-json\/wp\/v2\/pages\/2\/revisions"}],"wp:attachment":[{"href":"https:\/\/maxyhome.si\/de\/wp-json\/wp\/v2\/media?parent=2"}],"curies":[{"name":"wp","href":"https:\/\/api.w.org\/{rel}","templated":true}]}}