{"id":10784,"date":"2024-05-24T10:43:30","date_gmt":"2024-05-24T10:43:30","guid":{"rendered":"https:\/\/maxyhome.si\/?post_type=product&#038;p=10784"},"modified":"2025-07-25T11:08:41","modified_gmt":"2025-07-25T11:08:41","slug":"skladiscni-sotor-3-x-3m","status":"publish","type":"product","link":"https:\/\/maxyhome.si\/de\/product\/skladiscni-sotor-3-x-3m\/","title":{"rendered":"Lagerzelt 3 x 3m"},"content":{"rendered":"<p>Das 3 x 3 m gro\u00dfe Lagerzelt ist eine ideale L\u00f6sung f\u00fcr die Aufbewahrung Ihrer Werkzeuge, Ger\u00e4te oder anderer Gegenst\u00e4nde. Dieses vielseitige Zelt ist so konzipiert, dass es Schutz vor Witterungseinfl\u00fcssen bietet und eine sichere Lagerung drau\u00dfen oder drinnen erm\u00f6glicht. Es eignet sich f\u00fcr verschiedene Zwecke, beispielsweise als landwirtschaftliches Zelt oder als industrielles Lagerzelt.<\/p>\n\n\n\n<p>Das Maxy-Lagerzelt besteht aus hochwertigen Materialien, die Stabilit\u00e4t und Haltbarkeit gew\u00e4hrleisten. Die Konstruktion besteht aus verzinkten Stahlrohren, was die Stabilit\u00e4t und lange Lebensdauer des Zeltes erm\u00f6glicht. Die Leinwand besteht aus PVC-Material, das wasserdicht und UV-best\u00e4ndig ist und somit Schutz vor Regen, Schnee und Sonne bietet.<\/p>\n\n\n\n<h4 class=\"wp-block-heading\"><strong>Technische Eigenschaften des Lagerzeltes 3 x 3 m<\/strong><\/h4>\n\n\n\n<ul class=\"wp-block-list\">\n<li><strong>Ma\u00dfe<\/strong>: Breite 3,07 m x L\u00e4nge 3,02 m x H\u00f6he 2,44 m<\/li>\n\n\n\n<li><strong>Bereich:<\/strong> 9,00m\u00b2<\/li>\n\n\n\n<li><strong>Farbe<\/strong>: lehmgrau<\/li>\n\n\n\n<li><strong>T\u00fcrabmessungen<\/strong>: Breite unter 257 cm, H\u00f6he 206 cm, Breite \u00fcber 157 cm<\/li>\n\n\n\n<li><strong>Konstruktion<\/strong>: aus verzinkten Stahlrohren mit einem Durchmesser von 3,5 cm<\/li>\n\n\n\n<li><strong>Leinwand<\/strong>: aus 500 g\/m\u00b2 PVC-Material, wasserdicht und UV-best\u00e4ndig<\/li>\n<\/ul>\n\n\n\n<h4 class=\"wp-block-heading\"><strong>Merkmale des Lagerzeltes 3 x 3m<\/strong><\/h4>\n\n\n\n<ul class=\"wp-block-list\">\n<li>Schnelle und einfache Montage ohne zus\u00e4tzliches Werkzeug.<\/li>\n\n\n\n<li>Doppelt\u00fcren mit Rei\u00dfverschluss f\u00fcr einfachen Zugang und sicheren Verschluss.<\/li>\n\n\n\n<li>Bel\u00fcftungs\u00f6ffnungen verhindern Kondensation und sorgen f\u00fcr Atmungsaktivit\u00e4t.<\/li>\n\n\n\n<li>Stabilisierungssysteme f\u00fcr zus\u00e4tzliche Sicherheit bei windigem Wetter.<\/li>\n\n\n\n<li>Multifunktionalit\u00e4t: Geeignet als Zelt zum Schutz von landwirtschaftlichen Maschinen und Nutzpflanzen, als Industriezelt zur Lagerung von Ger\u00e4ten und Materialien oder als tempor\u00e4res Lager auf Baustellen.<\/li>\n<\/ul>\n\n\n\n<h4 class=\"wp-block-heading\"><strong>Warum ein Maxy-Lagerzelt w\u00e4hlen?<\/strong><\/h4>\n\n\n\n<ul class=\"wp-block-list\">\n<li>Robuste Konstruktion und hochwertige Materialien sorgen f\u00fcr eine lange Lebensdauer.<\/li>\n\n\n\n<li>Wasserdichtes und UV-best\u00e4ndiges PVC-Material sch\u00fctzt Ihre Artikel vor Witterungseinfl\u00fcssen.<\/li>\n\n\n\n<li>Dank der schnellen und einfachen Montage kann das Zelt \u00fcberall dort aufgestellt werden, wo Sie es ben\u00f6tigen.<\/li>\n\n\n\n<li>Stabilisierungssysteme sorgen f\u00fcr zus\u00e4tzliche Sicherheit und Stabilit\u00e4t.<\/li>\n\n\n\n<li>Eine ideale Wahl f\u00fcr Bauernzelte, Industriezelte und andere Lagerzwecke.<\/li>\n<\/ul>\n\n\n\n<p>Die Vielseitigkeit von Lagerzelten erm\u00f6glicht vielf\u00e4ltige M\u00f6glichkeiten der Lagerung und Organisation: Lagerung von Werkzeugen, Maschinen, Ger\u00e4ten, Gartenm\u00f6beln oder pers\u00f6nlichen Gegenst\u00e4nden.<\/p>\n\n\n\n<h5 class=\"wp-block-heading\"><strong>Bestellung und Lieferung<\/strong><\/h5>\n\n\n\n<p>Das 3 x 3 m gro\u00dfe Lagerzelt ist eine ausgezeichnete Wahl f\u00fcr alle, die eine einfache, aber zuverl\u00e4ssige L\u00f6sung f\u00fcr Lagerung und Schutz ben\u00f6tigen. <\/p>\n\n\n\n<p>Gesch\u00e4tzte Lieferzeit: 7-14 Tage. F\u00fcr Lieferungen au\u00dferhalb der EU kontaktieren Sie uns bitte f\u00fcr weitere Informationen.<\/p>\n\n\n\n<p>F\u00fcr weitere Informationen kontaktieren Sie uns unter info@maxyhome.eu oder +386 41 537 009.<\/p>\n\n\n\n<p>Sie k\u00f6nnen noch mehr Modelle von Lagerzelten finden <a href=\"https:\/\/maxyhome.si\/de\/produkt-kategorie\/skladiscni-sotori\/\">Hier<\/a>.<\/p>","protected":false},"excerpt":{"rendered":"<ul>\n<li><strong>Langlebige Konstruktion:<\/strong> Robuster Stahl f\u00fcr den Langzeitgebrauch.<\/li>\n<li><strong>Wasserdichte PVC-Leinwand:<\/strong> Sch\u00fctzt vor Regen, Schnee und UV-Strahlen.<\/li>\n<li><strong>Einfache Montage:<\/strong> Schnelle Installation ohne Fundament.<\/li>\n<li><strong>Mehrzwecknutzung:<\/strong> Ideal f\u00fcr den Lagerbedarf in der Landwirtschaft und Industrie.<\/li>\n<\/ul>","protected":false},"featured_media":10785,"comment_status":"open","ping_status":"closed","template":"","meta":{"_monsterinsights_skip_tracking":false,"_monsterinsights_sitenote_active":false,"_monsterinsights_sitenote_note":"","_monsterinsights_sitenote_category":0},"product_brand":[],"product_cat":[58],"product_tag":[],"class_list":{"0":"post-10784","1":"product","2":"type-product","3":"status-publish","4":"has-post-thumbnail","6":"product_cat-skladiscni-sotori","8":"first","9":"instock","10":"sale","11":"taxable","12":"shipping-taxable","13":"purchasable","14":"product-type-simple"},"aioseo_notices":[],"aioseo_head":"\n\t\t<!-- All in One SEO Pro 4.9.6.2 - aioseo.com -->\n\t<meta name=\"description\" content=\"Industrijski skladi\u0161\u010dni \u0161otor 3 x 3m - robustna konstrukcija, enostavna monta\u017ea, idealen za za\u0161\u010dito orodja in strojev.l Primeren tudi kot kmetijski \u0161otor.\" \/>\n\t<meta name=\"robots\" content=\"max-image-preview:large\" \/>\n\t<meta name=\"google-site-verification\" content=\"Z9rvnbo9ip0NBVVGAbu4YfrfQ-Mg13t26DIfsx85Rbc\" \/>\n\t<link rel=\"canonical\" href=\"https:\/\/maxyhome.si\/de\/product\/skladiscni-sotor-3-x-3m\/\" \/>\n\t<meta name=\"generator\" content=\"All in One SEO Pro (AIOSEO) 4.9.6.2\" \/>\n\t\t<meta property=\"og:locale\" content=\"de_DE\" \/>\n\t\t<meta property=\"og:site_name\" content=\"MaxyHome.si - Vse za Dom in Vrt\" \/>\n\t\t<meta property=\"og:type\" content=\"article\" \/>\n\t\t<meta property=\"og:title\" content=\"Skladi\u0161\u010dni \u0161otor 3 x 3m - Ve\u010dnamenska uporaba\" \/>\n\t\t<meta property=\"og:description\" content=\"Industrijski skladi\u0161\u010dni \u0161otor 3 x 3m - robustna konstrukcija, enostavna monta\u017ea, idealen za za\u0161\u010dito orodja in strojev.l Primeren tudi kot kmetijski \u0161otor.\" \/>\n\t\t<meta property=\"og:url\" content=\"https:\/\/maxyhome.si\/de\/product\/skladiscni-sotor-3-x-3m\/\" \/>\n\t\t<meta property=\"og:image\" content=\"https:\/\/maxyhome.si\/wp-content\/uploads\/2024\/02\/Prvovrstni-rastlinjaki_Maksi_DOm_Facebook.webp\" \/>\n\t\t<meta property=\"og:image:secure_url\" content=\"https:\/\/maxyhome.si\/wp-content\/uploads\/2024\/02\/Prvovrstni-rastlinjaki_Maksi_DOm_Facebook.webp\" \/>\n\t\t<meta property=\"og:image:width\" content=\"1640\" \/>\n\t\t<meta property=\"og:image:height\" content=\"924\" \/>\n\t\t<meta property=\"article:published_time\" content=\"2024-05-24T10:43:30+00:00\" \/>\n\t\t<meta property=\"article:modified_time\" content=\"2025-07-25T11:08:41+00:00\" \/>\n\t\t<meta property=\"article:publisher\" content=\"https:\/\/www.facebook.com\/MaxyhomeEU\" \/>\n\t\t<meta name=\"twitter:card\" content=\"summary_large_image\" \/>\n\t\t<meta name=\"twitter:title\" content=\"Skladi\u0161\u010dni \u0161otor 3 x 3m - Ve\u010dnamenska uporaba\" \/>\n\t\t<meta name=\"twitter:description\" content=\"Industrijski skladi\u0161\u010dni \u0161otor 3 x 3m - robustna konstrukcija, enostavna monta\u017ea, idealen za za\u0161\u010dito orodja in strojev.l Primeren tudi kot kmetijski \u0161otor.\" \/>\n\t\t<meta name=\"twitter:image\" content=\"https:\/\/maxyhome.si\/wp-content\/uploads\/2024\/02\/Prvovrstni-rastlinjaki_Maksi_DOm_Facebook.webp\" \/>\n\t\t<script type=\"application\/ld+json\" class=\"aioseo-schema\">\n\t\t\t{\"@context\":\"https:\\\/\\\/schema.org\",\"@graph\":[{\"@type\":\"BreadcrumbList\",\"@id\":\"https:\\\/\\\/maxyhome.si\\\/de\\\/product\\\/skladiscni-sotor-3-x-3m\\\/#breadcrumblist\",\"itemListElement\":[{\"@type\":\"ListItem\",\"@id\":\"https:\\\/\\\/maxyhome.si\\\/de#listItem\",\"position\":1,\"name\":\"Home\",\"item\":\"https:\\\/\\\/maxyhome.si\\\/de\",\"nextItem\":{\"@type\":\"ListItem\",\"@id\":\"https:\\\/\\\/maxyhome.si\\\/de\\\/trgovina\\\/#listItem\",\"name\":\"Trgovina\"}},{\"@type\":\"ListItem\",\"@id\":\"https:\\\/\\\/maxyhome.si\\\/de\\\/trgovina\\\/#listItem\",\"position\":2,\"name\":\"Trgovina\",\"item\":\"https:\\\/\\\/maxyhome.si\\\/de\\\/trgovina\\\/\",\"nextItem\":{\"@type\":\"ListItem\",\"@id\":\"https:\\\/\\\/maxyhome.si\\\/de\\\/product-category\\\/skladiscni-sotori\\\/#listItem\",\"name\":\"Skladi\\u0161\\u010dni \\u0161otori\"},\"previousItem\":{\"@type\":\"ListItem\",\"@id\":\"https:\\\/\\\/maxyhome.si\\\/de#listItem\",\"name\":\"Home\"}},{\"@type\":\"ListItem\",\"@id\":\"https:\\\/\\\/maxyhome.si\\\/de\\\/product-category\\\/skladiscni-sotori\\\/#listItem\",\"position\":3,\"name\":\"Skladi\\u0161\\u010dni \\u0161otori\",\"item\":\"https:\\\/\\\/maxyhome.si\\\/de\\\/product-category\\\/skladiscni-sotori\\\/\",\"nextItem\":{\"@type\":\"ListItem\",\"@id\":\"https:\\\/\\\/maxyhome.si\\\/de\\\/product\\\/skladiscni-sotor-3-x-3m\\\/#listItem\",\"name\":\"Skladi\\u0161\\u010dni \\u0161otor 3 x 3m\"},\"previousItem\":{\"@type\":\"ListItem\",\"@id\":\"https:\\\/\\\/maxyhome.si\\\/de\\\/trgovina\\\/#listItem\",\"name\":\"Trgovina\"}},{\"@type\":\"ListItem\",\"@id\":\"https:\\\/\\\/maxyhome.si\\\/de\\\/product\\\/skladiscni-sotor-3-x-3m\\\/#listItem\",\"position\":4,\"name\":\"Skladi\\u0161\\u010dni \\u0161otor 3 x 3m\",\"previousItem\":{\"@type\":\"ListItem\",\"@id\":\"https:\\\/\\\/maxyhome.si\\\/de\\\/product-category\\\/skladiscni-sotori\\\/#listItem\",\"name\":\"Skladi\\u0161\\u010dni \\u0161otori\"}}]},{\"@type\":\"ItemPage\",\"@id\":\"https:\\\/\\\/maxyhome.si\\\/de\\\/product\\\/skladiscni-sotor-3-x-3m\\\/#itempage\",\"url\":\"https:\\\/\\\/maxyhome.si\\\/de\\\/product\\\/skladiscni-sotor-3-x-3m\\\/\",\"name\":\"Skladi\\u0161\\u010dni \\u0161otor 3 x 3m - Ve\\u010dnamenska uporaba\",\"description\":\"Industrijski skladi\\u0161\\u010dni \\u0161otor 3 x 3m - robustna konstrukcija, enostavna monta\\u017ea, idealen za za\\u0161\\u010dito orodja in strojev.l Primeren tudi kot kmetijski \\u0161otor.\",\"inLanguage\":\"de-DE\",\"isPartOf\":{\"@id\":\"https:\\\/\\\/maxyhome.si\\\/de\\\/#website\"},\"breadcrumb\":{\"@id\":\"https:\\\/\\\/maxyhome.si\\\/de\\\/product\\\/skladiscni-sotor-3-x-3m\\\/#breadcrumblist\"},\"image\":{\"@type\":\"ImageObject\",\"url\":\"https:\\\/\\\/maxyhome.si\\\/wp-content\\\/uploads\\\/2024\\\/05\\\/skladiscni-sotor-3x3-tunel.webp\",\"@id\":\"https:\\\/\\\/maxyhome.si\\\/de\\\/product\\\/skladiscni-sotor-3-x-3m\\\/#mainImage\",\"width\":1200,\"height\":1200},\"primaryImageOfPage\":{\"@id\":\"https:\\\/\\\/maxyhome.si\\\/de\\\/product\\\/skladiscni-sotor-3-x-3m\\\/#mainImage\"},\"datePublished\":\"2024-05-24T10:43:30+00:00\",\"dateModified\":\"2025-07-25T11:08:41+00:00\"},{\"@type\":\"Organization\",\"@id\":\"https:\\\/\\\/maxyhome.si\\\/de\\\/#organization\",\"name\":\"Lorin6 d.o.o.\",\"description\":\"Vse za Dom in Vrt\",\"url\":\"https:\\\/\\\/maxyhome.si\\\/de\\\/\",\"email\":\"info@maxyhome.eu\",\"telephone\":\"+38641537010\",\"logo\":{\"@type\":\"ImageObject\",\"url\":\"https:\\\/\\\/maxyhome.si\\\/wp-content\\\/uploads\\\/2024\\\/02\\\/cropped-Maxyhome_si_logotip.png\",\"@id\":\"https:\\\/\\\/maxyhome.si\\\/de\\\/product\\\/skladiscni-sotor-3-x-3m\\\/#organizationLogo\",\"width\":470,\"height\":77},\"image\":{\"@id\":\"https:\\\/\\\/maxyhome.si\\\/de\\\/product\\\/skladiscni-sotor-3-x-3m\\\/#organizationLogo\"},\"sameAs\":[\"https:\\\/\\\/www.facebook.com\\\/MaxyhomeEU\",\"https:\\\/\\\/www.instagram.com\\\/maksidom.si\\\/\"],\"address\":{\"@id\":\"https:\\\/\\\/maxyhome.si\\\/de\\\/#postaladdress\",\"@type\":\"PostalAddress\",\"streetAddress\":\"BE\\u017dIGRAJSKA CESTA 9, Lorin6 d.o.o.\",\"postalCode\":\"3000\",\"addressLocality\":\"Celje\",\"addressCountry\":\"SI\"},\"vatID\":\"SI62505319\"},{\"@type\":\"WebPage\",\"@id\":\"https:\\\/\\\/maxyhome.si\\\/de\\\/product\\\/skladiscni-sotor-3-x-3m\\\/#webpage\",\"url\":\"https:\\\/\\\/maxyhome.si\\\/de\\\/product\\\/skladiscni-sotor-3-x-3m\\\/\",\"name\":\"Skladi\\u0161\\u010dni \\u0161otor 3 x 3m - Ve\\u010dnamenska uporaba\",\"description\":\"Industrijski skladi\\u0161\\u010dni \\u0161otor 3 x 3m - robustna konstrukcija, enostavna monta\\u017ea, idealen za za\\u0161\\u010dito orodja in strojev.l Primeren tudi kot kmetijski \\u0161otor.\",\"inLanguage\":\"de-DE\",\"isPartOf\":{\"@id\":\"https:\\\/\\\/maxyhome.si\\\/de\\\/#website\"},\"breadcrumb\":{\"@id\":\"https:\\\/\\\/maxyhome.si\\\/de\\\/product\\\/skladiscni-sotor-3-x-3m\\\/#breadcrumblist\"},\"image\":{\"@type\":\"ImageObject\",\"url\":\"https:\\\/\\\/maxyhome.si\\\/wp-content\\\/uploads\\\/2024\\\/05\\\/skladiscni-sotor-3x3-tunel.webp\",\"@id\":\"https:\\\/\\\/maxyhome.si\\\/de\\\/product\\\/skladiscni-sotor-3-x-3m\\\/#mainImage\",\"width\":1200,\"height\":1200},\"primaryImageOfPage\":{\"@id\":\"https:\\\/\\\/maxyhome.si\\\/de\\\/product\\\/skladiscni-sotor-3-x-3m\\\/#mainImage\"},\"datePublished\":\"2024-05-24T10:43:30+00:00\",\"dateModified\":\"2025-07-25T11:08:41+00:00\"},{\"@type\":\"WebSite\",\"@id\":\"https:\\\/\\\/maxyhome.si\\\/de\\\/#website\",\"url\":\"https:\\\/\\\/maxyhome.si\\\/de\\\/\",\"name\":\"MaxyHome\",\"description\":\"Vse za Dom in Vrt\",\"inLanguage\":\"de-DE\",\"publisher\":{\"@id\":\"https:\\\/\\\/maxyhome.si\\\/de\\\/#organization\"}}]}\n\t\t<\/script>\n\t\t<!-- All in One SEO Pro -->\r\n\t\t<title>Skladi\u0161\u010dni \u0161otor 3 x 3m - Ve\u010dnamenska uporaba<\/title>\n\n","aioseo_head_json":{"title":"Skladi\u0161\u010dni \u0161otor 3 x 3m - Ve\u010dnamenska uporaba","description":"Industrijski skladi\u0161\u010dni \u0161otor 3 x 3m - robustna konstrukcija, enostavna monta\u017ea, idealen za za\u0161\u010dito orodja in strojev.l Primeren tudi kot kmetijski \u0161otor.","canonical_url":"https:\/\/maxyhome.si\/de\/product\/skladiscni-sotor-3-x-3m\/","robots":"max-image-preview:large","keywords":"","webmasterTools":{"google-site-verification":"Z9rvnbo9ip0NBVVGAbu4YfrfQ-Mg13t26DIfsx85Rbc","miscellaneous":""},"schema":{"@context":"https:\/\/schema.org","@graph":[{"@type":"BreadcrumbList","@id":"https:\/\/maxyhome.si\/de\/product\/skladiscni-sotor-3-x-3m\/#breadcrumblist","itemListElement":[{"@type":"ListItem","@id":"https:\/\/maxyhome.si\/de#listItem","position":1,"name":"Home","item":"https:\/\/maxyhome.si\/de","nextItem":{"@type":"ListItem","@id":"https:\/\/maxyhome.si\/de\/trgovina\/#listItem","name":"Trgovina"}},{"@type":"ListItem","@id":"https:\/\/maxyhome.si\/de\/trgovina\/#listItem","position":2,"name":"Trgovina","item":"https:\/\/maxyhome.si\/de\/trgovina\/","nextItem":{"@type":"ListItem","@id":"https:\/\/maxyhome.si\/de\/product-category\/skladiscni-sotori\/#listItem","name":"Skladi\u0161\u010dni \u0161otori"},"previousItem":{"@type":"ListItem","@id":"https:\/\/maxyhome.si\/de#listItem","name":"Home"}},{"@type":"ListItem","@id":"https:\/\/maxyhome.si\/de\/product-category\/skladiscni-sotori\/#listItem","position":3,"name":"Skladi\u0161\u010dni \u0161otori","item":"https:\/\/maxyhome.si\/de\/product-category\/skladiscni-sotori\/","nextItem":{"@type":"ListItem","@id":"https:\/\/maxyhome.si\/de\/product\/skladiscni-sotor-3-x-3m\/#listItem","name":"Skladi\u0161\u010dni \u0161otor 3 x 3m"},"previousItem":{"@type":"ListItem","@id":"https:\/\/maxyhome.si\/de\/trgovina\/#listItem","name":"Trgovina"}},{"@type":"ListItem","@id":"https:\/\/maxyhome.si\/de\/product\/skladiscni-sotor-3-x-3m\/#listItem","position":4,"name":"Skladi\u0161\u010dni \u0161otor 3 x 3m","previousItem":{"@type":"ListItem","@id":"https:\/\/maxyhome.si\/de\/product-category\/skladiscni-sotori\/#listItem","name":"Skladi\u0161\u010dni \u0161otori"}}]},{"@type":"ItemPage","@id":"https:\/\/maxyhome.si\/de\/product\/skladiscni-sotor-3-x-3m\/#itempage","url":"https:\/\/maxyhome.si\/de\/product\/skladiscni-sotor-3-x-3m\/","name":"Skladi\u0161\u010dni \u0161otor 3 x 3m - Ve\u010dnamenska uporaba","description":"Industrijski skladi\u0161\u010dni \u0161otor 3 x 3m - robustna konstrukcija, enostavna monta\u017ea, idealen za za\u0161\u010dito orodja in strojev.l Primeren tudi kot kmetijski \u0161otor.","inLanguage":"de-DE","isPartOf":{"@id":"https:\/\/maxyhome.si\/de\/#website"},"breadcrumb":{"@id":"https:\/\/maxyhome.si\/de\/product\/skladiscni-sotor-3-x-3m\/#breadcrumblist"},"image":{"@type":"ImageObject","url":"https:\/\/maxyhome.si\/wp-content\/uploads\/2024\/05\/skladiscni-sotor-3x3-tunel.webp","@id":"https:\/\/maxyhome.si\/de\/product\/skladiscni-sotor-3-x-3m\/#mainImage","width":1200,"height":1200},"primaryImageOfPage":{"@id":"https:\/\/maxyhome.si\/de\/product\/skladiscni-sotor-3-x-3m\/#mainImage"},"datePublished":"2024-05-24T10:43:30+00:00","dateModified":"2025-07-25T11:08:41+00:00"},{"@type":"Organization","@id":"https:\/\/maxyhome.si\/de\/#organization","name":"Lorin6 d.o.o.","description":"Vse za Dom in Vrt","url":"https:\/\/maxyhome.si\/de\/","email":"info@maxyhome.eu","telephone":"+38641537010","logo":{"@type":"ImageObject","url":"https:\/\/maxyhome.si\/wp-content\/uploads\/2024\/02\/cropped-Maxyhome_si_logotip.png","@id":"https:\/\/maxyhome.si\/de\/product\/skladiscni-sotor-3-x-3m\/#organizationLogo","width":470,"height":77},"image":{"@id":"https:\/\/maxyhome.si\/de\/product\/skladiscni-sotor-3-x-3m\/#organizationLogo"},"sameAs":["https:\/\/www.facebook.com\/MaxyhomeEU","https:\/\/www.instagram.com\/maksidom.si\/"],"address":{"@id":"https:\/\/maxyhome.si\/de\/#postaladdress","@type":"PostalAddress","streetAddress":"BE\u017dIGRAJSKA CESTA 9, Lorin6 d.o.o.","postalCode":"3000","addressLocality":"Celje","addressCountry":"SI"},"vatID":"SI62505319"},{"@type":"WebPage","@id":"https:\/\/maxyhome.si\/de\/product\/skladiscni-sotor-3-x-3m\/#webpage","url":"https:\/\/maxyhome.si\/de\/product\/skladiscni-sotor-3-x-3m\/","name":"Skladi\u0161\u010dni \u0161otor 3 x 3m - Ve\u010dnamenska uporaba","description":"Industrijski skladi\u0161\u010dni \u0161otor 3 x 3m - robustna konstrukcija, enostavna monta\u017ea, idealen za za\u0161\u010dito orodja in strojev.l Primeren tudi kot kmetijski \u0161otor.","inLanguage":"de-DE","isPartOf":{"@id":"https:\/\/maxyhome.si\/de\/#website"},"breadcrumb":{"@id":"https:\/\/maxyhome.si\/de\/product\/skladiscni-sotor-3-x-3m\/#breadcrumblist"},"image":{"@type":"ImageObject","url":"https:\/\/maxyhome.si\/wp-content\/uploads\/2024\/05\/skladiscni-sotor-3x3-tunel.webp","@id":"https:\/\/maxyhome.si\/de\/product\/skladiscni-sotor-3-x-3m\/#mainImage","width":1200,"height":1200},"primaryImageOfPage":{"@id":"https:\/\/maxyhome.si\/de\/product\/skladiscni-sotor-3-x-3m\/#mainImage"},"datePublished":"2024-05-24T10:43:30+00:00","dateModified":"2025-07-25T11:08:41+00:00"},{"@type":"WebSite","@id":"https:\/\/maxyhome.si\/de\/#website","url":"https:\/\/maxyhome.si\/de\/","name":"MaxyHome","description":"Vse za Dom in Vrt","inLanguage":"de-DE","publisher":{"@id":"https:\/\/maxyhome.si\/de\/#organization"}}]},"og:locale":"de_DE","og:site_name":"MaxyHome.si - Vse za Dom in Vrt","og:type":"article","og:title":"Skladi\u0161\u010dni \u0161otor 3 x 3m - Ve\u010dnamenska uporaba","og:description":"Industrijski skladi\u0161\u010dni \u0161otor 3 x 3m - robustna konstrukcija, enostavna monta\u017ea, idealen za za\u0161\u010dito orodja in strojev.l Primeren tudi kot kmetijski \u0161otor.","og:url":"https:\/\/maxyhome.si\/de\/product\/skladiscni-sotor-3-x-3m\/","og:image":"https:\/\/maxyhome.si\/wp-content\/uploads\/2024\/02\/Prvovrstni-rastlinjaki_Maksi_DOm_Facebook.webp","og:image:secure_url":"https:\/\/maxyhome.si\/wp-content\/uploads\/2024\/02\/Prvovrstni-rastlinjaki_Maksi_DOm_Facebook.webp","og:image:width":1640,"og:image:height":924,"article:published_time":"2024-05-24T10:43:30+00:00","article:modified_time":"2025-07-25T11:08:41+00:00","article:publisher":"https:\/\/www.facebook.com\/MaxyhomeEU","twitter:card":"summary_large_image","twitter:title":"Skladi\u0161\u010dni \u0161otor 3 x 3m - Ve\u010dnamenska uporaba","twitter:description":"Industrijski skladi\u0161\u010dni \u0161otor 3 x 3m - robustna konstrukcija, enostavna monta\u017ea, idealen za za\u0161\u010dito orodja in strojev.l Primeren tudi kot kmetijski \u0161otor.","twitter:image":"https:\/\/maxyhome.si\/wp-content\/uploads\/2024\/02\/Prvovrstni-rastlinjaki_Maksi_DOm_Facebook.webp"},"aioseo_meta_data":{"post_id":"10784","title":"Skladi\u0161\u010dni \u0161otor 3 x 3m - Ve\u010dnamenska uporaba","description":"Industrijski skladi\u0161\u010dni \u0161otor 3 x 3m - robustna konstrukcija, enostavna monta\u017ea, idealen za za\u0161\u010dito orodja in strojev.l Primeren tudi kot kmetijski \u0161otor.","keywords":null,"keyphrases":{"focus":{"keyphrase":"Skladi\u0161\u010dni \u0161otor 3 x 3m","score":94,"analysis":{"keyphraseInTitle":{"score":9,"maxScore":9,"error":0},"keyphraseInDescription":{"score":9,"maxScore":9,"error":0},"keyphraseLength":{"score":6,"maxScore":9,"error":1,"length":6},"keyphraseInURL":{"score":5,"maxScore":5,"error":0},"keyphraseInIntroduction":{"score":9,"maxScore":9,"error":0},"keyphraseInSubHeadings":[],"keyphraseInImageAlt":[],"keywordDensity":{"type":"best","score":9,"maxScore":9,"error":0}}},"additional":[{"keyphrase":"industrijski \u0161otor","score":42,"analysis":{"keyphraseInDescription":{"score":3,"maxScore":9,"error":1},"keyphraseLength":{"score":9,"maxScore":9,"error":0,"length":2},"keyphraseInIntroduction":{"score":3,"maxScore":9,"error":1},"keyphraseInImageAlt":[],"keywordDensity":{"score":0,"type":"low","maxScore":9,"error":1}}},{"keyphrase":"kmetijski \u0161otor","score":75,"analysis":{"keyphraseInDescription":{"score":9,"maxScore":9,"error":0},"keyphraseLength":{"score":9,"maxScore":9,"error":0,"length":2},"keyphraseInIntroduction":{"score":9,"maxScore":9,"error":0},"keyphraseInImageAlt":[],"keywordDensity":{"score":0,"type":"low","maxScore":9,"error":1}}},{"keyphrase":"industrijski skladi\u0161\u010dni \u0161otor","score":75,"analysis":{"keyphraseInDescription":{"score":9,"maxScore":9,"error":0},"keyphraseLength":{"score":9,"maxScore":9,"error":0,"length":4},"keyphraseInIntroduction":{"score":9,"maxScore":9,"error":0},"keyphraseInImageAlt":[],"keywordDensity":{"score":0,"type":"low","maxScore":9,"error":1}}}]},"primary_term":null,"canonical_url":null,"og_title":null,"og_description":null,"og_object_type":"default","og_image_type":"default","og_image_url":null,"og_image_width":null,"og_image_height":null,"og_image_custom_url":null,"og_image_custom_fields":null,"og_video":"","og_custom_url":null,"og_article_section":null,"og_article_tags":null,"twitter_use_og":false,"twitter_card":"default","twitter_image_type":"default","twitter_image_url":null,"twitter_image_custom_url":null,"twitter_image_custom_fields":null,"twitter_title":null,"twitter_description":null,"schema":{"blockGraphs":[],"customGraphs":[],"default":{"data":{"Article":[],"Course":[],"Dataset":[],"FAQPage":[],"Movie":[],"Person":[],"Product":[],"ProductReview":[],"Car":[],"Recipe":[],"Service":[],"SoftwareApplication":[],"WebPage":[]},"graphName":"ItemPage","isEnabled":true},"graphs":[]},"schema_type":"default","schema_type_options":null,"pillar_content":false,"robots_default":true,"robots_noindex":false,"robots_noarchive":false,"robots_nosnippet":false,"robots_nofollow":false,"robots_noimageindex":false,"robots_noodp":false,"robots_notranslate":false,"robots_max_snippet":"-1","robots_max_videopreview":"-1","robots_max_imagepreview":"large","priority":null,"frequency":"default","local_seo":null,"seo_analyzer_scan_date":"2025-10-08 19:07:29","breadcrumb_settings":null,"limit_modified_date":false,"reviewed_by":null,"ai":{"faqs":[],"keyPoints":[],"titles":[],"descriptions":[],"socialPosts":{"email":[],"linkedin":[],"twitter":[],"facebook":[],"instagram":[]}},"created":"2024-05-24 10:18:21","updated":"2025-10-08 19:07:29"},"aioseo_breadcrumb":"<div class=\"aioseo-breadcrumbs\"><span class=\"aioseo-breadcrumb\">\n\t<a href=\"https:\/\/maxyhome.si\/de\" title=\"Home\">Home<\/a>\n<\/span><span class=\"aioseo-breadcrumb-separator\">&raquo;<\/span><span class=\"aioseo-breadcrumb\">\n\t<a href=\"https:\/\/maxyhome.si\/de\/trgovina\/\" title=\"Trgovina\">Trgovina<\/a>\n<\/span><span class=\"aioseo-breadcrumb-separator\">&raquo;<\/span><span class=\"aioseo-breadcrumb\">\n\t<a href=\"https:\/\/maxyhome.si\/de\/product-category\/skladiscni-sotori\/\" title=\"Skladi\u0161\u010dni \u0161otori\">Skladi\u0161\u010dni \u0161otori<\/a>\n<\/span><span class=\"aioseo-breadcrumb-separator\">&raquo;<\/span><span class=\"aioseo-breadcrumb\">\n\tSkladi\u0161\u010dni \u0161otor 3 x 3m\n<\/span><\/div>","aioseo_breadcrumb_json":[{"label":"Home","link":"https:\/\/maxyhome.si\/de"},{"label":"Trgovina","link":"https:\/\/maxyhome.si\/de\/trgovina\/"},{"label":"Skladi\u0161\u010dni \u0161otori","link":"https:\/\/maxyhome.si\/de\/product-category\/skladiscni-sotori\/"},{"label":"Skladi\u0161\u010dni \u0161otor 3 x 3m","link":"https:\/\/maxyhome.si\/de\/product\/skladiscni-sotor-3-x-3m\/"}],"_links":{"self":[{"href":"https:\/\/maxyhome.si\/de\/wp-json\/wp\/v2\/product\/10784","targetHints":{"allow":["GET"]}}],"collection":[{"href":"https:\/\/maxyhome.si\/de\/wp-json\/wp\/v2\/product"}],"about":[{"href":"https:\/\/maxyhome.si\/de\/wp-json\/wp\/v2\/types\/product"}],"replies":[{"embeddable":true,"href":"https:\/\/maxyhome.si\/de\/wp-json\/wp\/v2\/comments?post=10784"}],"version-history":[{"count":4,"href":"https:\/\/maxyhome.si\/de\/wp-json\/wp\/v2\/product\/10784\/revisions"}],"predecessor-version":[{"id":127121,"href":"https:\/\/maxyhome.si\/de\/wp-json\/wp\/v2\/product\/10784\/revisions\/127121"}],"wp:featuredmedia":[{"embeddable":true,"href":"https:\/\/maxyhome.si\/de\/wp-json\/wp\/v2\/media\/10785"}],"wp:attachment":[{"href":"https:\/\/maxyhome.si\/de\/wp-json\/wp\/v2\/media?parent=10784"}],"wp:term":[{"taxonomy":"product_brand","embeddable":true,"href":"https:\/\/maxyhome.si\/de\/wp-json\/wp\/v2\/product_brand?post=10784"},{"taxonomy":"product_cat","embeddable":true,"href":"https:\/\/maxyhome.si\/de\/wp-json\/wp\/v2\/product_cat?post=10784"},{"taxonomy":"product_tag","embeddable":true,"href":"https:\/\/maxyhome.si\/de\/wp-json\/wp\/v2\/product_tag?post=10784"}],"curies":[{"name":"wp","href":"https:\/\/api.w.org\/{rel}","templated":true}]}}