{"id":130871,"date":"2025-03-05T05:40:13","date_gmt":"2025-03-05T05:40:13","guid":{"rendered":"https:\/\/maxyhome.si\/?post_type=product&#038;p=130871"},"modified":"2025-03-20T11:45:25","modified_gmt":"2025-03-20T11:45:25","slug":"grede-za-rastlinjak-100cm","status":"publish","type":"product","link":"https:\/\/maxyhome.si\/de\/product\/grede-za-rastlinjak-100cm\/","title":{"rendered":"Gew\u00e4chshausbalken 100cm"},"content":{"rendered":"<p>Gew\u00e4chshausbalken sind praktisch f\u00fcr jeden, der einfach und effizient g\u00e4rtnern m\u00f6chte. Das Basismodell mit den Ma\u00dfen 100x200x20 cm erm\u00f6glicht eine modulare Anpassung, da die L\u00e4nge um weitere 100 cm erweitert werden kann. Der Gew\u00e4chshaustr\u00e4ger besteht aus verzinktem Stahl, was Rost- und Witterungsbest\u00e4ndigkeit sowie eine lange Lebensdauer gew\u00e4hrleistet.<\/p>\n\n\n\n<p>Sie k\u00f6nnen 3 Gew\u00e4chshausbalken mit einer Breite von 100 cm in ein 4 m breites Gew\u00e4chshaus einsetzen.<\/p>\n\n\n\n<h3 class=\"wp-block-heading\">Produktvorteile:<\/h3>\n\n\n\n<ul class=\"wp-block-list\">\n<li><strong>Langlebiges Material<\/strong>: Verzinkter Stahl f\u00fcr dauerhaften Einsatz.<\/li>\n\n\n\n<li><strong>Anpassungsf\u00e4higkeit<\/strong>: Das Basismodell l\u00e4sst sich in der L\u00e4nge in 100-cm-Abschnitten verl\u00e4ngern und erm\u00f6glicht so eine individuelle Gestaltung entsprechend den Anforderungen Ihres Gartens.<\/li>\n\n\n\n<li><strong>Einfache Montage<\/strong>: Schnelle und sichere Montage ohne kompliziertes Werkzeug.<\/li>\n\n\n\n<li><strong>Weniger Wartung<\/strong>: Korrosionsbest\u00e4ndig und f\u00fcr den ganzj\u00e4hrigen Einsatz geeignet, auch bei anspruchsvollen Wetterbedingungen.<\/li>\n\n\n\n<li><strong>Bessere Bedingungen f\u00fcr das Pflanzenwachstum<\/strong>: Das erh\u00f6hte Design verbessert die W\u00e4rmespeicherung im Boden und beschleunigt das Pflanzenwachstum, w\u00e4hrend gleichzeitig die Ausbreitung von Unkraut und der Zugang von Sch\u00e4dlingen verringert wird.<\/li>\n<\/ul>\n\n\n\n<h3 class=\"wp-block-heading\">Technische Eigenschaften des Gew\u00e4chshausrahmens:<\/h3>\n\n\n\n<ul class=\"wp-block-list\">\n<li><strong>Abmessungen des Basismodells<\/strong>: 100 x 200 x 20 cm<\/li>\n\n\n\n<li><strong>Verl\u00e4ngerungsoption<\/strong>: 100cm L\u00e4nge pro Abschnitt<\/li>\n\n\n\n<li><strong>Material<\/strong>: verzinkter Stahl<\/li>\n\n\n\n<li><strong>Farbe<\/strong>Farbe: dunkelgrau<\/li>\n\n\n\n<li><strong>Widerstand<\/strong>: Witterungs- und korrosionsbest\u00e4ndig<\/li>\n<\/ul>\n\n\n\n<p><strong>Lieferung<\/strong><br>Die Lieferung in Slowenien erfolgt schnell und zuverl\u00e4ssig \u2013 Sie erhalten Ihre Gew\u00e4chshausbalken innerhalb von 2-3 Werktagen. F\u00fcr Lieferungen au\u00dferhalb der EU kontaktieren Sie uns bitte unter <strong><a href=\"mailto:info@maxyhome.eu\" target=\"_blank\" rel=\"noreferrer noopener\">info@maxyhome.eu<\/a><\/strong> f\u00fcr weitere Informationen.<\/p>\n\n\n\n<p><strong>Bestellen Sie Ihr Gew\u00e4chshausbeet noch heute und genie\u00dfen Sie sauberes und produktives G\u00e4rtnern!<\/strong><\/p>\n\n\n\n<p><\/p>","protected":false},"excerpt":{"rendered":"<p><strong>Eine flexible L\u00f6sung f\u00fcr einen gepflegten Garten.<\/strong> Gew\u00e4chshausbalken in beliebiger L\u00e4nge, Breite 100cm.<\/p>","protected":false},"featured_media":130864,"comment_status":"open","ping_status":"closed","template":"","meta":{"_monsterinsights_skip_tracking":false,"_monsterinsights_sitenote_active":false,"_monsterinsights_sitenote_note":"","_monsterinsights_sitenote_category":0},"product_brand":[],"product_cat":[5529],"product_tag":[],"class_list":{"0":"post-130871","1":"product","2":"type-product","3":"status-publish","4":"has-post-thumbnail","6":"product_cat-grede-za-vrtin-rastlinjak","8":"first","9":"instock","10":"sale","11":"taxable","12":"shipping-taxable","13":"purchasable","14":"product-type-variable","15":"has-default-attributes"},"aioseo_notices":[],"aioseo_head":"\n\t\t<!-- All in One SEO Pro 4.9.6.2 - aioseo.com -->\n\t<meta name=\"description\" content=\"Prakti\u010dna greda za rastlinjak poljubnih dimenzij! Grede za rastlinjak so izdelane iz galvaniziranega jekla, odporne na rjo in vremenske vplive. Hitra dostava!\" \/>\n\t<meta name=\"robots\" content=\"max-image-preview:large\" \/>\n\t<meta name=\"google-site-verification\" content=\"Z9rvnbo9ip0NBVVGAbu4YfrfQ-Mg13t26DIfsx85Rbc\" \/>\n\t<link rel=\"canonical\" href=\"https:\/\/maxyhome.si\/de\/product\/grede-za-rastlinjak-100cm\/\" \/>\n\t<meta name=\"generator\" content=\"All in One SEO Pro (AIOSEO) 4.9.6.2\" \/>\n\t\t<meta property=\"og:locale\" content=\"de_DE\" \/>\n\t\t<meta property=\"og:site_name\" content=\"MaxyHome.si - Vse za Dom in Vrt\" \/>\n\t\t<meta property=\"og:type\" content=\"article\" \/>\n\t\t<meta property=\"og:title\" content=\"Grede za rastlinjak 100cm - MaxyHome.si\" \/>\n\t\t<meta property=\"og:description\" content=\"Prakti\u010dna greda za rastlinjak poljubnih dimenzij! Grede za rastlinjak so izdelane iz galvaniziranega jekla, odporne na rjo in vremenske vplive. Hitra dostava!\" \/>\n\t\t<meta property=\"og:url\" content=\"https:\/\/maxyhome.si\/de\/product\/grede-za-rastlinjak-100cm\/\" \/>\n\t\t<meta property=\"og:image\" content=\"https:\/\/maxyhome.si\/wp-content\/uploads\/2024\/02\/Prvovrstni-rastlinjaki_Maksi_DOm_Facebook.webp\" \/>\n\t\t<meta property=\"og:image:secure_url\" content=\"https:\/\/maxyhome.si\/wp-content\/uploads\/2024\/02\/Prvovrstni-rastlinjaki_Maksi_DOm_Facebook.webp\" \/>\n\t\t<meta property=\"og:image:width\" content=\"1640\" \/>\n\t\t<meta property=\"og:image:height\" content=\"924\" \/>\n\t\t<meta property=\"article:published_time\" content=\"2025-03-05T05:40:13+00:00\" \/>\n\t\t<meta property=\"article:modified_time\" content=\"2025-03-20T11:45:25+00:00\" \/>\n\t\t<meta property=\"article:publisher\" content=\"https:\/\/www.facebook.com\/MaxyhomeEU\" \/>\n\t\t<meta name=\"twitter:card\" content=\"summary_large_image\" \/>\n\t\t<meta name=\"twitter:title\" content=\"Grede za rastlinjak 100cm - MaxyHome.si\" \/>\n\t\t<meta name=\"twitter:description\" content=\"Prakti\u010dna greda za rastlinjak poljubnih dimenzij! Grede za rastlinjak so izdelane iz galvaniziranega jekla, odporne na rjo in vremenske vplive. Hitra dostava!\" \/>\n\t\t<meta name=\"twitter:image\" content=\"https:\/\/maxyhome.si\/wp-content\/uploads\/2024\/02\/Prvovrstni-rastlinjaki_Maksi_DOm_Facebook.webp\" \/>\n\t\t<script type=\"application\/ld+json\" class=\"aioseo-schema\">\n\t\t\t{\"@context\":\"https:\\\/\\\/schema.org\",\"@graph\":[{\"@type\":\"BreadcrumbList\",\"@id\":\"https:\\\/\\\/maxyhome.si\\\/de\\\/product\\\/grede-za-rastlinjak-100cm\\\/#breadcrumblist\",\"itemListElement\":[{\"@type\":\"ListItem\",\"@id\":\"https:\\\/\\\/maxyhome.si\\\/de#listItem\",\"position\":1,\"name\":\"Home\",\"item\":\"https:\\\/\\\/maxyhome.si\\\/de\",\"nextItem\":{\"@type\":\"ListItem\",\"@id\":\"https:\\\/\\\/maxyhome.si\\\/de\\\/trgovina\\\/#listItem\",\"name\":\"Trgovina\"}},{\"@type\":\"ListItem\",\"@id\":\"https:\\\/\\\/maxyhome.si\\\/de\\\/trgovina\\\/#listItem\",\"position\":2,\"name\":\"Trgovina\",\"item\":\"https:\\\/\\\/maxyhome.si\\\/de\\\/trgovina\\\/\",\"nextItem\":{\"@type\":\"ListItem\",\"@id\":\"https:\\\/\\\/maxyhome.si\\\/de\\\/product-category\\\/rastlinjaki\\\/#listItem\",\"name\":\"Rastlinjaki - Polikarbonatni Vrtni Rastlinjaki (Akcija)\"},\"previousItem\":{\"@type\":\"ListItem\",\"@id\":\"https:\\\/\\\/maxyhome.si\\\/de#listItem\",\"name\":\"Home\"}},{\"@type\":\"ListItem\",\"@id\":\"https:\\\/\\\/maxyhome.si\\\/de\\\/product-category\\\/rastlinjaki\\\/#listItem\",\"position\":3,\"name\":\"Rastlinjaki - Polikarbonatni Vrtni Rastlinjaki (Akcija)\",\"item\":\"https:\\\/\\\/maxyhome.si\\\/de\\\/product-category\\\/rastlinjaki\\\/\",\"nextItem\":{\"@type\":\"ListItem\",\"@id\":\"https:\\\/\\\/maxyhome.si\\\/de\\\/product-category\\\/rastlinjaki\\\/oprema-za-rastlinjake\\\/#listItem\",\"name\":\"Oprema za rastlinjake\"},\"previousItem\":{\"@type\":\"ListItem\",\"@id\":\"https:\\\/\\\/maxyhome.si\\\/de\\\/trgovina\\\/#listItem\",\"name\":\"Trgovina\"}},{\"@type\":\"ListItem\",\"@id\":\"https:\\\/\\\/maxyhome.si\\\/de\\\/product-category\\\/rastlinjaki\\\/oprema-za-rastlinjake\\\/#listItem\",\"position\":4,\"name\":\"Oprema za rastlinjake\",\"item\":\"https:\\\/\\\/maxyhome.si\\\/de\\\/product-category\\\/rastlinjaki\\\/oprema-za-rastlinjake\\\/\",\"nextItem\":{\"@type\":\"ListItem\",\"@id\":\"https:\\\/\\\/maxyhome.si\\\/de\\\/product-category\\\/rastlinjaki\\\/oprema-za-rastlinjake\\\/grede-za-vrtin-rastlinjak\\\/#listItem\",\"name\":\"Grede za vrt in rastlinjak\"},\"previousItem\":{\"@type\":\"ListItem\",\"@id\":\"https:\\\/\\\/maxyhome.si\\\/de\\\/product-category\\\/rastlinjaki\\\/#listItem\",\"name\":\"Rastlinjaki - Polikarbonatni Vrtni Rastlinjaki (Akcija)\"}},{\"@type\":\"ListItem\",\"@id\":\"https:\\\/\\\/maxyhome.si\\\/de\\\/product-category\\\/rastlinjaki\\\/oprema-za-rastlinjake\\\/grede-za-vrtin-rastlinjak\\\/#listItem\",\"position\":5,\"name\":\"Grede za vrt in rastlinjak\",\"item\":\"https:\\\/\\\/maxyhome.si\\\/de\\\/product-category\\\/rastlinjaki\\\/oprema-za-rastlinjake\\\/grede-za-vrtin-rastlinjak\\\/\",\"nextItem\":{\"@type\":\"ListItem\",\"@id\":\"https:\\\/\\\/maxyhome.si\\\/de\\\/product\\\/grede-za-rastlinjak-100cm\\\/#listItem\",\"name\":\"Grede za rastlinjak 100cm\"},\"previousItem\":{\"@type\":\"ListItem\",\"@id\":\"https:\\\/\\\/maxyhome.si\\\/de\\\/product-category\\\/rastlinjaki\\\/oprema-za-rastlinjake\\\/#listItem\",\"name\":\"Oprema za rastlinjake\"}},{\"@type\":\"ListItem\",\"@id\":\"https:\\\/\\\/maxyhome.si\\\/de\\\/product\\\/grede-za-rastlinjak-100cm\\\/#listItem\",\"position\":6,\"name\":\"Grede za rastlinjak 100cm\",\"previousItem\":{\"@type\":\"ListItem\",\"@id\":\"https:\\\/\\\/maxyhome.si\\\/de\\\/product-category\\\/rastlinjaki\\\/oprema-za-rastlinjake\\\/grede-za-vrtin-rastlinjak\\\/#listItem\",\"name\":\"Grede za vrt in rastlinjak\"}}]},{\"@type\":\"ItemPage\",\"@id\":\"https:\\\/\\\/maxyhome.si\\\/de\\\/product\\\/grede-za-rastlinjak-100cm\\\/#itempage\",\"url\":\"https:\\\/\\\/maxyhome.si\\\/de\\\/product\\\/grede-za-rastlinjak-100cm\\\/\",\"name\":\"Grede za rastlinjak 100cm - MaxyHome.si\",\"description\":\"Prakti\\u010dna greda za rastlinjak poljubnih dimenzij! Grede za rastlinjak so izdelane iz galvaniziranega jekla, odporne na rjo in vremenske vplive. Hitra dostava!\",\"inLanguage\":\"de-DE\",\"isPartOf\":{\"@id\":\"https:\\\/\\\/maxyhome.si\\\/de\\\/#website\"},\"breadcrumb\":{\"@id\":\"https:\\\/\\\/maxyhome.si\\\/de\\\/product\\\/grede-za-rastlinjak-100cm\\\/#breadcrumblist\"},\"image\":{\"@type\":\"ImageObject\",\"url\":\"https:\\\/\\\/maxyhome.si\\\/wp-content\\\/uploads\\\/2025\\\/03\\\/Greda-za-rastlinjak_MaxyHome_3.webp\",\"@id\":\"https:\\\/\\\/maxyhome.si\\\/de\\\/product\\\/grede-za-rastlinjak-100cm\\\/#mainImage\",\"width\":1200,\"height\":1200},\"primaryImageOfPage\":{\"@id\":\"https:\\\/\\\/maxyhome.si\\\/de\\\/product\\\/grede-za-rastlinjak-100cm\\\/#mainImage\"},\"datePublished\":\"2025-03-05T05:40:13+00:00\",\"dateModified\":\"2025-03-20T11:45:25+00:00\"},{\"@type\":\"Organization\",\"@id\":\"https:\\\/\\\/maxyhome.si\\\/de\\\/#organization\",\"name\":\"Lorin6 d.o.o.\",\"description\":\"Vse za Dom in Vrt\",\"url\":\"https:\\\/\\\/maxyhome.si\\\/de\\\/\",\"email\":\"info@maxyhome.eu\",\"telephone\":\"+38641537010\",\"logo\":{\"@type\":\"ImageObject\",\"url\":\"https:\\\/\\\/maxyhome.si\\\/wp-content\\\/uploads\\\/2024\\\/02\\\/cropped-Maxyhome_si_logotip.png\",\"@id\":\"https:\\\/\\\/maxyhome.si\\\/de\\\/product\\\/grede-za-rastlinjak-100cm\\\/#organizationLogo\",\"width\":470,\"height\":77},\"image\":{\"@id\":\"https:\\\/\\\/maxyhome.si\\\/de\\\/product\\\/grede-za-rastlinjak-100cm\\\/#organizationLogo\"},\"sameAs\":[\"https:\\\/\\\/www.facebook.com\\\/MaxyhomeEU\",\"https:\\\/\\\/www.instagram.com\\\/maksidom.si\\\/\"],\"address\":{\"@id\":\"https:\\\/\\\/maxyhome.si\\\/de\\\/#postaladdress\",\"@type\":\"PostalAddress\",\"streetAddress\":\"BE\\u017dIGRAJSKA CESTA 9, Lorin6 d.o.o.\",\"postalCode\":\"3000\",\"addressLocality\":\"Celje\",\"addressCountry\":\"SI\"},\"vatID\":\"SI62505319\"},{\"@type\":\"WebPage\",\"@id\":\"https:\\\/\\\/maxyhome.si\\\/de\\\/product\\\/grede-za-rastlinjak-100cm\\\/#webpage\",\"url\":\"https:\\\/\\\/maxyhome.si\\\/de\\\/product\\\/grede-za-rastlinjak-100cm\\\/\",\"name\":\"Grede za rastlinjak 100cm - MaxyHome.si\",\"description\":\"Prakti\\u010dna greda za rastlinjak poljubnih dimenzij! Grede za rastlinjak so izdelane iz galvaniziranega jekla, odporne na rjo in vremenske vplive. Hitra dostava!\",\"inLanguage\":\"de-DE\",\"isPartOf\":{\"@id\":\"https:\\\/\\\/maxyhome.si\\\/de\\\/#website\"},\"breadcrumb\":{\"@id\":\"https:\\\/\\\/maxyhome.si\\\/de\\\/product\\\/grede-za-rastlinjak-100cm\\\/#breadcrumblist\"},\"image\":{\"@type\":\"ImageObject\",\"url\":\"https:\\\/\\\/maxyhome.si\\\/wp-content\\\/uploads\\\/2025\\\/03\\\/Greda-za-rastlinjak_MaxyHome_3.webp\",\"@id\":\"https:\\\/\\\/maxyhome.si\\\/de\\\/product\\\/grede-za-rastlinjak-100cm\\\/#mainImage\",\"width\":1200,\"height\":1200},\"primaryImageOfPage\":{\"@id\":\"https:\\\/\\\/maxyhome.si\\\/de\\\/product\\\/grede-za-rastlinjak-100cm\\\/#mainImage\"},\"datePublished\":\"2025-03-05T05:40:13+00:00\",\"dateModified\":\"2025-03-20T11:45:25+00:00\"},{\"@type\":\"WebSite\",\"@id\":\"https:\\\/\\\/maxyhome.si\\\/de\\\/#website\",\"url\":\"https:\\\/\\\/maxyhome.si\\\/de\\\/\",\"name\":\"MaxyHome\",\"description\":\"Vse za Dom in Vrt\",\"inLanguage\":\"de-DE\",\"publisher\":{\"@id\":\"https:\\\/\\\/maxyhome.si\\\/de\\\/#organization\"}}]}\n\t\t<\/script>\n\t\t<!-- All in One SEO Pro -->\r\n\t\t<title>Grede za rastlinjak 100cm - MaxyHome.si<\/title>\n\n","aioseo_head_json":{"title":"Grede za rastlinjak 100cm - MaxyHome.si","description":"Prakti\u010dna greda za rastlinjak poljubnih dimenzij! Grede za rastlinjak so izdelane iz galvaniziranega jekla, odporne na rjo in vremenske vplive. Hitra dostava!","canonical_url":"https:\/\/maxyhome.si\/de\/product\/grede-za-rastlinjak-100cm\/","robots":"max-image-preview:large","keywords":"","webmasterTools":{"google-site-verification":"Z9rvnbo9ip0NBVVGAbu4YfrfQ-Mg13t26DIfsx85Rbc","miscellaneous":""},"schema":{"@context":"https:\/\/schema.org","@graph":[{"@type":"BreadcrumbList","@id":"https:\/\/maxyhome.si\/de\/product\/grede-za-rastlinjak-100cm\/#breadcrumblist","itemListElement":[{"@type":"ListItem","@id":"https:\/\/maxyhome.si\/de#listItem","position":1,"name":"Home","item":"https:\/\/maxyhome.si\/de","nextItem":{"@type":"ListItem","@id":"https:\/\/maxyhome.si\/de\/trgovina\/#listItem","name":"Trgovina"}},{"@type":"ListItem","@id":"https:\/\/maxyhome.si\/de\/trgovina\/#listItem","position":2,"name":"Trgovina","item":"https:\/\/maxyhome.si\/de\/trgovina\/","nextItem":{"@type":"ListItem","@id":"https:\/\/maxyhome.si\/de\/product-category\/rastlinjaki\/#listItem","name":"Rastlinjaki - Polikarbonatni Vrtni Rastlinjaki (Akcija)"},"previousItem":{"@type":"ListItem","@id":"https:\/\/maxyhome.si\/de#listItem","name":"Home"}},{"@type":"ListItem","@id":"https:\/\/maxyhome.si\/de\/product-category\/rastlinjaki\/#listItem","position":3,"name":"Rastlinjaki - Polikarbonatni Vrtni Rastlinjaki (Akcija)","item":"https:\/\/maxyhome.si\/de\/product-category\/rastlinjaki\/","nextItem":{"@type":"ListItem","@id":"https:\/\/maxyhome.si\/de\/product-category\/rastlinjaki\/oprema-za-rastlinjake\/#listItem","name":"Oprema za rastlinjake"},"previousItem":{"@type":"ListItem","@id":"https:\/\/maxyhome.si\/de\/trgovina\/#listItem","name":"Trgovina"}},{"@type":"ListItem","@id":"https:\/\/maxyhome.si\/de\/product-category\/rastlinjaki\/oprema-za-rastlinjake\/#listItem","position":4,"name":"Oprema za rastlinjake","item":"https:\/\/maxyhome.si\/de\/product-category\/rastlinjaki\/oprema-za-rastlinjake\/","nextItem":{"@type":"ListItem","@id":"https:\/\/maxyhome.si\/de\/product-category\/rastlinjaki\/oprema-za-rastlinjake\/grede-za-vrtin-rastlinjak\/#listItem","name":"Grede za vrt in rastlinjak"},"previousItem":{"@type":"ListItem","@id":"https:\/\/maxyhome.si\/de\/product-category\/rastlinjaki\/#listItem","name":"Rastlinjaki - Polikarbonatni Vrtni Rastlinjaki (Akcija)"}},{"@type":"ListItem","@id":"https:\/\/maxyhome.si\/de\/product-category\/rastlinjaki\/oprema-za-rastlinjake\/grede-za-vrtin-rastlinjak\/#listItem","position":5,"name":"Grede za vrt in rastlinjak","item":"https:\/\/maxyhome.si\/de\/product-category\/rastlinjaki\/oprema-za-rastlinjake\/grede-za-vrtin-rastlinjak\/","nextItem":{"@type":"ListItem","@id":"https:\/\/maxyhome.si\/de\/product\/grede-za-rastlinjak-100cm\/#listItem","name":"Grede za rastlinjak 100cm"},"previousItem":{"@type":"ListItem","@id":"https:\/\/maxyhome.si\/de\/product-category\/rastlinjaki\/oprema-za-rastlinjake\/#listItem","name":"Oprema za rastlinjake"}},{"@type":"ListItem","@id":"https:\/\/maxyhome.si\/de\/product\/grede-za-rastlinjak-100cm\/#listItem","position":6,"name":"Grede za rastlinjak 100cm","previousItem":{"@type":"ListItem","@id":"https:\/\/maxyhome.si\/de\/product-category\/rastlinjaki\/oprema-za-rastlinjake\/grede-za-vrtin-rastlinjak\/#listItem","name":"Grede za vrt in rastlinjak"}}]},{"@type":"ItemPage","@id":"https:\/\/maxyhome.si\/de\/product\/grede-za-rastlinjak-100cm\/#itempage","url":"https:\/\/maxyhome.si\/de\/product\/grede-za-rastlinjak-100cm\/","name":"Grede za rastlinjak 100cm - MaxyHome.si","description":"Prakti\u010dna greda za rastlinjak poljubnih dimenzij! Grede za rastlinjak so izdelane iz galvaniziranega jekla, odporne na rjo in vremenske vplive. Hitra dostava!","inLanguage":"de-DE","isPartOf":{"@id":"https:\/\/maxyhome.si\/de\/#website"},"breadcrumb":{"@id":"https:\/\/maxyhome.si\/de\/product\/grede-za-rastlinjak-100cm\/#breadcrumblist"},"image":{"@type":"ImageObject","url":"https:\/\/maxyhome.si\/wp-content\/uploads\/2025\/03\/Greda-za-rastlinjak_MaxyHome_3.webp","@id":"https:\/\/maxyhome.si\/de\/product\/grede-za-rastlinjak-100cm\/#mainImage","width":1200,"height":1200},"primaryImageOfPage":{"@id":"https:\/\/maxyhome.si\/de\/product\/grede-za-rastlinjak-100cm\/#mainImage"},"datePublished":"2025-03-05T05:40:13+00:00","dateModified":"2025-03-20T11:45:25+00:00"},{"@type":"Organization","@id":"https:\/\/maxyhome.si\/de\/#organization","name":"Lorin6 d.o.o.","description":"Vse za Dom in Vrt","url":"https:\/\/maxyhome.si\/de\/","email":"info@maxyhome.eu","telephone":"+38641537010","logo":{"@type":"ImageObject","url":"https:\/\/maxyhome.si\/wp-content\/uploads\/2024\/02\/cropped-Maxyhome_si_logotip.png","@id":"https:\/\/maxyhome.si\/de\/product\/grede-za-rastlinjak-100cm\/#organizationLogo","width":470,"height":77},"image":{"@id":"https:\/\/maxyhome.si\/de\/product\/grede-za-rastlinjak-100cm\/#organizationLogo"},"sameAs":["https:\/\/www.facebook.com\/MaxyhomeEU","https:\/\/www.instagram.com\/maksidom.si\/"],"address":{"@id":"https:\/\/maxyhome.si\/de\/#postaladdress","@type":"PostalAddress","streetAddress":"BE\u017dIGRAJSKA CESTA 9, Lorin6 d.o.o.","postalCode":"3000","addressLocality":"Celje","addressCountry":"SI"},"vatID":"SI62505319"},{"@type":"WebPage","@id":"https:\/\/maxyhome.si\/de\/product\/grede-za-rastlinjak-100cm\/#webpage","url":"https:\/\/maxyhome.si\/de\/product\/grede-za-rastlinjak-100cm\/","name":"Grede za rastlinjak 100cm - MaxyHome.si","description":"Prakti\u010dna greda za rastlinjak poljubnih dimenzij! Grede za rastlinjak so izdelane iz galvaniziranega jekla, odporne na rjo in vremenske vplive. Hitra dostava!","inLanguage":"de-DE","isPartOf":{"@id":"https:\/\/maxyhome.si\/de\/#website"},"breadcrumb":{"@id":"https:\/\/maxyhome.si\/de\/product\/grede-za-rastlinjak-100cm\/#breadcrumblist"},"image":{"@type":"ImageObject","url":"https:\/\/maxyhome.si\/wp-content\/uploads\/2025\/03\/Greda-za-rastlinjak_MaxyHome_3.webp","@id":"https:\/\/maxyhome.si\/de\/product\/grede-za-rastlinjak-100cm\/#mainImage","width":1200,"height":1200},"primaryImageOfPage":{"@id":"https:\/\/maxyhome.si\/de\/product\/grede-za-rastlinjak-100cm\/#mainImage"},"datePublished":"2025-03-05T05:40:13+00:00","dateModified":"2025-03-20T11:45:25+00:00"},{"@type":"WebSite","@id":"https:\/\/maxyhome.si\/de\/#website","url":"https:\/\/maxyhome.si\/de\/","name":"MaxyHome","description":"Vse za Dom in Vrt","inLanguage":"de-DE","publisher":{"@id":"https:\/\/maxyhome.si\/de\/#organization"}}]},"og:locale":"de_DE","og:site_name":"MaxyHome.si - Vse za Dom in Vrt","og:type":"article","og:title":"Grede za rastlinjak 100cm - MaxyHome.si","og:description":"Prakti\u010dna greda za rastlinjak poljubnih dimenzij! Grede za rastlinjak so izdelane iz galvaniziranega jekla, odporne na rjo in vremenske vplive. Hitra dostava!","og:url":"https:\/\/maxyhome.si\/de\/product\/grede-za-rastlinjak-100cm\/","og:image":"https:\/\/maxyhome.si\/wp-content\/uploads\/2024\/02\/Prvovrstni-rastlinjaki_Maksi_DOm_Facebook.webp","og:image:secure_url":"https:\/\/maxyhome.si\/wp-content\/uploads\/2024\/02\/Prvovrstni-rastlinjaki_Maksi_DOm_Facebook.webp","og:image:width":1640,"og:image:height":924,"article:published_time":"2025-03-05T05:40:13+00:00","article:modified_time":"2025-03-20T11:45:25+00:00","article:publisher":"https:\/\/www.facebook.com\/MaxyhomeEU","twitter:card":"summary_large_image","twitter:title":"Grede za rastlinjak 100cm - MaxyHome.si","twitter:description":"Prakti\u010dna greda za rastlinjak poljubnih dimenzij! Grede za rastlinjak so izdelane iz galvaniziranega jekla, odporne na rjo in vremenske vplive. Hitra dostava!","twitter:image":"https:\/\/maxyhome.si\/wp-content\/uploads\/2024\/02\/Prvovrstni-rastlinjaki_Maksi_DOm_Facebook.webp"},"aioseo_meta_data":{"post_id":"130871","title":null,"description":"Prakti\u010dna greda za rastlinjak poljubnih dimenzij! Grede za rastlinjak so izdelane iz galvaniziranega jekla, odporne na rjo in vremenske vplive. Hitra dostava!","keywords":null,"keyphrases":{"focus":{"keyphrase":"grede za rastlinjak","score":100,"analysis":{"keyphraseInTitle":{"score":9,"maxScore":9,"error":0},"keyphraseInDescription":{"score":9,"maxScore":9,"error":0},"keyphraseLength":{"score":9,"maxScore":9,"error":0,"length":3},"keyphraseInURL":{"score":5,"maxScore":5,"error":0},"keyphraseInIntroduction":{"score":9,"maxScore":9,"error":0},"keyphraseInSubHeadings":{"score":9,"maxScore":9,"error":0},"keyphraseInImageAlt":[],"keywordDensity":{"type":"best","score":9,"maxScore":9,"error":0}}},"additional":[{"keyphrase":"greda za rastlinjak","score":75,"analysis":{"keyphraseInDescription":{"score":9,"maxScore":9,"error":0},"keyphraseLength":{"score":9,"maxScore":9,"error":0,"length":3},"keyphraseInIntroduction":{"score":9,"maxScore":9,"error":0},"keyphraseInImageAlt":[],"keywordDensity":{"score":0,"type":"low","maxScore":9,"error":1}}}]},"primary_term":null,"canonical_url":null,"og_title":null,"og_description":null,"og_object_type":"default","og_image_type":"default","og_image_url":null,"og_image_width":null,"og_image_height":null,"og_image_custom_url":null,"og_image_custom_fields":null,"og_video":"","og_custom_url":null,"og_article_section":null,"og_article_tags":null,"twitter_use_og":false,"twitter_card":"default","twitter_image_type":"default","twitter_image_url":null,"twitter_image_custom_url":null,"twitter_image_custom_fields":null,"twitter_title":null,"twitter_description":null,"schema":{"blockGraphs":[],"customGraphs":[],"default":{"data":{"Article":[],"Course":[],"Dataset":[],"FAQPage":[],"Movie":[],"Person":[],"Product":[],"ProductReview":[],"Car":[],"Recipe":[],"Service":[],"SoftwareApplication":[],"WebPage":[]},"graphName":"ItemPage","isEnabled":true},"graphs":[]},"schema_type":"default","schema_type_options":null,"pillar_content":false,"robots_default":true,"robots_noindex":false,"robots_noarchive":false,"robots_nosnippet":false,"robots_nofollow":false,"robots_noimageindex":false,"robots_noodp":false,"robots_notranslate":false,"robots_max_snippet":"-1","robots_max_videopreview":"-1","robots_max_imagepreview":"large","priority":null,"frequency":"default","local_seo":null,"seo_analyzer_scan_date":"2025-10-08 19:11:52","breadcrumb_settings":null,"limit_modified_date":false,"reviewed_by":null,"ai":null,"created":"2025-03-05 05:40:13","updated":"2025-10-08 19:11:52"},"aioseo_breadcrumb":"<div class=\"aioseo-breadcrumbs\"><span class=\"aioseo-breadcrumb\">\n\t<a href=\"https:\/\/maxyhome.si\/de\" title=\"Home\">Home<\/a>\n<\/span><span class=\"aioseo-breadcrumb-separator\">&raquo;<\/span><span class=\"aioseo-breadcrumb\">\n\t<a href=\"https:\/\/maxyhome.si\/de\/trgovina\/\" title=\"Trgovina\">Trgovina<\/a>\n<\/span><span class=\"aioseo-breadcrumb-separator\">&raquo;<\/span><span class=\"aioseo-breadcrumb\">\n\t<a href=\"https:\/\/maxyhome.si\/de\/product-category\/rastlinjaki\/\" title=\"Rastlinjaki - Polikarbonatni Vrtni Rastlinjaki (Akcija)\">Rastlinjaki - Polikarbonatni Vrtni Rastlinjaki (Akcija)<\/a>\n<\/span><span class=\"aioseo-breadcrumb-separator\">&raquo;<\/span><span class=\"aioseo-breadcrumb\">\n\t<a href=\"https:\/\/maxyhome.si\/de\/product-category\/rastlinjaki\/oprema-za-rastlinjake\/\" title=\"Oprema za rastlinjake\">Oprema za rastlinjake<\/a>\n<\/span><span class=\"aioseo-breadcrumb-separator\">&raquo;<\/span><span class=\"aioseo-breadcrumb\">\n\t<a href=\"https:\/\/maxyhome.si\/de\/product-category\/rastlinjaki\/oprema-za-rastlinjake\/grede-za-vrtin-rastlinjak\/\" title=\"Grede za vrt in rastlinjak\">Grede za vrt in rastlinjak<\/a>\n<\/span><span class=\"aioseo-breadcrumb-separator\">&raquo;<\/span><span class=\"aioseo-breadcrumb\">\n\tGrede za rastlinjak 100cm\n<\/span><\/div>","aioseo_breadcrumb_json":[{"label":"Home","link":"https:\/\/maxyhome.si\/de"},{"label":"Trgovina","link":"https:\/\/maxyhome.si\/de\/trgovina\/"},{"label":"Rastlinjaki - Polikarbonatni Vrtni Rastlinjaki (Akcija)","link":"https:\/\/maxyhome.si\/de\/product-category\/rastlinjaki\/"},{"label":"Oprema za rastlinjake","link":"https:\/\/maxyhome.si\/de\/product-category\/rastlinjaki\/oprema-za-rastlinjake\/"},{"label":"Grede za vrt in rastlinjak","link":"https:\/\/maxyhome.si\/de\/product-category\/rastlinjaki\/oprema-za-rastlinjake\/grede-za-vrtin-rastlinjak\/"},{"label":"Grede za rastlinjak 100cm","link":"https:\/\/maxyhome.si\/de\/product\/grede-za-rastlinjak-100cm\/"}],"_links":{"self":[{"href":"https:\/\/maxyhome.si\/de\/wp-json\/wp\/v2\/product\/130871","targetHints":{"allow":["GET"]}}],"collection":[{"href":"https:\/\/maxyhome.si\/de\/wp-json\/wp\/v2\/product"}],"about":[{"href":"https:\/\/maxyhome.si\/de\/wp-json\/wp\/v2\/types\/product"}],"replies":[{"embeddable":true,"href":"https:\/\/maxyhome.si\/de\/wp-json\/wp\/v2\/comments?post=130871"}],"version-history":[{"count":3,"href":"https:\/\/maxyhome.si\/de\/wp-json\/wp\/v2\/product\/130871\/revisions"}],"predecessor-version":[{"id":130910,"href":"https:\/\/maxyhome.si\/de\/wp-json\/wp\/v2\/product\/130871\/revisions\/130910"}],"wp:featuredmedia":[{"embeddable":true,"href":"https:\/\/maxyhome.si\/de\/wp-json\/wp\/v2\/media\/130864"}],"wp:attachment":[{"href":"https:\/\/maxyhome.si\/de\/wp-json\/wp\/v2\/media?parent=130871"}],"wp:term":[{"taxonomy":"product_brand","embeddable":true,"href":"https:\/\/maxyhome.si\/de\/wp-json\/wp\/v2\/product_brand?post=130871"},{"taxonomy":"product_cat","embeddable":true,"href":"https:\/\/maxyhome.si\/de\/wp-json\/wp\/v2\/product_cat?post=130871"},{"taxonomy":"product_tag","embeddable":true,"href":"https:\/\/maxyhome.si\/de\/wp-json\/wp\/v2\/product_tag?post=130871"}],"curies":[{"name":"wp","href":"https:\/\/api.w.org\/{rel}","templated":true}]}}