{"id":133272,"date":"2026-02-16T16:18:43","date_gmt":"2026-02-16T16:18:43","guid":{"rendered":"https:\/\/maxyhome.si\/?post_type=product&#038;p=133272"},"modified":"2026-03-18T09:08:11","modified_gmt":"2026-03-18T09:08:11","slug":"polikarbonatne-plosce-6mm","status":"publish","type":"product","link":"https:\/\/maxyhome.si\/de\/product\/polikarbonatne-plosce-6mm\/","title":{"rendered":"Polycarbonatplatten 6 mm"},"content":{"rendered":"<p><strong>Polycarbonatplatten 4 mm<\/strong> sind die beliebteste Wahl f\u00fcr <strong>Gew\u00e4chsh\u00e4user, Treibh\u00e4user und \u00dcberdachungen<\/strong>wenn Sie wollen <strong>maximale Haltbarkeit <\/strong>und eine kosteng\u00fcnstige L\u00f6sung. <\/p>\n\n\n\n<h3 class=\"wp-block-heading\">Warum sollten Sie sich f\u00fcr 6 mm Polycarbonat f\u00fcr Ihr Gew\u00e4chshaus entscheiden?<\/h3>\n\n\n\n<ul class=\"wp-block-list\">\n<li><strong>Mehr Licht f\u00fcr Pflanzen<\/strong>: 4 mm erm\u00f6glichen im Allgemeinen ca. <strong>~82 % Licht<\/strong>, was hervorragend f\u00fcr Tomaten, Paprika, Salat und Setzlinge geeignet ist.<\/li>\n\n\n\n<li><strong>Leichte und einfache Installation<\/strong> (auch f\u00fcr Heimwerker geeignet) \u2013 schnellere Gew\u00e4chshausabdeckung und einfachere Verarbeitung der Paneele.<\/li>\n\n\n\n<li><strong>UV-Schutz<\/strong>Hochwertige Paneele sind f\u00fcr den Au\u00dfeneinsatz bestimmt und altern dank einer UV-Schutzschicht langsamer (weniger Vergilbung\/Br\u00fcchigkeit).<\/li>\n\n\n\n<li><strong>Eine tolle Alternative zu Alufolie<\/strong>Eine solidere, stabilere und langlebigere L\u00f6sung.<\/li>\n<\/ul>\n\n\n\n<h3 class=\"wp-block-heading\"><strong>Warum sollten Sie sich f\u00fcr 6 mm Polycarbonat f\u00fcr Ihr Vordach entscheiden?<\/strong><\/h3>\n\n\n\n<ul class=\"wp-block-list\">\n<li><strong>Leichte und langlebige Dachkonstruktion:<\/strong> Es belastet die Konstruktion weniger und eignet sich f\u00fcr einfachere Tragkonstruktionen.<\/li>\n\n\n\n<li><strong>Schneller und einfacher Aufbau:<\/strong> Die einfachere Handhabung der Paneele bedeutet eine schnellere Installation.<\/li>\n\n\n\n<li><strong>Viel nat\u00fcrliches Licht:<\/strong> Ideal, wenn Sie einen hellen Raum unter einem Vordach w\u00fcnschen (Terrasse, Eingangsbereich, Pergola).<\/li>\n\n\n\n<li><strong>Auch f\u00fcr gr\u00f6\u00dfere Fl\u00e4chen:<\/strong> Eine ausgezeichnete Wahl f\u00fcr Gew\u00e4chsh\u00e4user, Seitenw\u00e4nde und \u00dcberdachungen.<\/li>\n\n\n\n<li><strong>Schlagfestigkeit:<\/strong> F\u00fcr den t\u00e4glichen Au\u00dfeneinsatz ist es ein widerstandsf\u00e4higeres Material als Glas.<\/li>\n\n\n\n<li><strong>UV-Schutz:<\/strong> Bessere Sonnenbest\u00e4ndigkeit und l\u00e4ngere Lebensdauer bei Verwendung im Freien.<\/li>\n\n\n\n<li><strong>Kosteng\u00fcnstige L\u00f6sung:<\/strong> gutes Verh\u00e4ltnis zwischen Preis, Licht und Schutz.<\/li>\n<\/ul>\n\n\n\n<p>Weil Polycarbonat <strong>nicht brennbares Material<\/strong>Aufgrund seiner h\u00f6heren Brandsicherheit wird es h\u00e4ufig im Bauwesen eingesetzt.<\/p>\n\n\n\n<p>Die Paneele k\u00f6nnen sowohl auf Holz- als auch auf verschiedenen Metallkonstruktionen montiert werden.<\/p>\n\n\n\n<h3 class=\"wp-block-heading\">Technische Informationen<\/h3>\n\n\n\n<ul class=\"wp-block-list\">\n<li><strong>Dicke:<\/strong> 4 mm<\/li>\n\n\n\n<li><strong>Farbe:<\/strong> Transparent<\/li>\n\n\n\n<li><strong>Panelbreite:<\/strong> 210 cm<\/li>\n\n\n\n<li><strong>Hergestellt in Europa<\/strong><\/li>\n\n\n\n<li><strong>CE \u2013 EN 1653:2013<\/strong><\/li>\n<\/ul>\n\n\n\n<p><strong>Welche Seite des Polycarbonats geh\u00f6rt nach oben?<\/strong><br>Bei der Installation ist Folgendes wichtig: <strong>UV-Schutzseite nach au\u00dfen<\/strong> (in der Regel auf der Schutzfolie gekennzeichnet).<\/p>\n\n\n\n<p><strong>Wie kann ich verhindern, dass Schmutz in die Kan\u00e4le (mit Kammerpaneelen) gelangt?<\/strong><br>F\u00fcr eine l\u00e4ngere Haltbarkeit werden sie verwendet <strong>Staubstreifen\/Tropfprofile<\/strong> Die Kan\u00e4le sollten korrekt ausgerichtet sein. F\u00fcr zus\u00e4tzlichen Schutz empfehlen wir die Verwendung von Schutzband und PVC-U-Profilen. <\/p>\n\n\n\n<p><strong>Sind 6 mm f\u00fcr ein Gew\u00e4chshaus ausreichend?<\/strong><br>Polycarbonat mit einer Dicke von 6 mm speichert die W\u00e4rme auch in den k\u00e4lteren Monaten sehr gut, sodass man ein Gew\u00e4chshaus mit 6 mm Polycarbonat das ganze Jahr \u00fcber nutzen kann. <\/p>\n\n\n\n<p><strong>Und wie sieht es mit Hagel aus?<\/strong><br>Polycarbonat ist im Allgemeinen sehr widerstandsf\u00e4hig gegen leichten Hagel. <\/p>\n\n\n\n<p>Entdecken Sie die Vielfalt an Polycarbonat-Gew\u00e4chsh\u00e4usern <a href=\"https:\/\/maxyhome.si\/de\/produkt-kategorie\/rastlinjaki\/polikarbonatni-rastlinjaki\/\" title=\"\"><strong>HIER<\/strong><\/a>.<\/p>\n\n\n\n<p><\/p>","protected":false},"excerpt":{"rendered":"<ul>\n<li>F\u00fcr <strong data-start=\"62\" data-end=\"89\">Gew\u00e4chsh\u00e4user, \u00dcberdachungen<\/strong> Und <strong data-start=\"93\" data-end=\"112\">Trennw\u00e4nde<\/strong><\/li>\n<li><strong data-start=\"115\" data-end=\"131\">Mehr Licht<\/strong> und einfach zu installieren<\/li>\n<li><strong data-start=\"163\" data-end=\"177\">UV-Schutz<\/strong> au\u00dfen<\/li>\n<li><strong data-start=\"199\" data-end=\"220\">Hergestellt in Europa<\/strong><\/li>\n<li><strong data-start=\"223\" data-end=\"244\">Zertifikat \u2013 EN 1653:2013<\/strong><\/li>\n<\/ul>","protected":false},"featured_media":131692,"comment_status":"open","ping_status":"closed","template":"","meta":{"_monsterinsights_skip_tracking":false,"_monsterinsights_sitenote_active":false,"_monsterinsights_sitenote_note":"","_monsterinsights_sitenote_category":0},"product_brand":[],"product_cat":[5552],"product_tag":[],"class_list":{"0":"post-133272","1":"product","2":"type-product","3":"status-publish","4":"has-post-thumbnail","6":"product_cat-polikarbonatne-plosce","8":"first","9":"instock","10":"sale","11":"taxable","12":"shipping-taxable","13":"purchasable","14":"product-type-variable","15":"has-default-attributes"},"aioseo_notices":[],"aioseo_head":"\n\t\t<!-- All in One SEO Pro 4.9.6.2 - aioseo.com -->\n\t<meta name=\"description\" content=\"Za rastlinjake, nadstre\u0161ke in pregradne stene Ve\u010d svetlobe in enostavna za monta\u017eo UV za\u0161\u010dita na zunanji strani Izdelano v Evropi Certifikat \u2013 EN 1653:2013\" \/>\n\t<meta name=\"robots\" content=\"max-image-preview:large\" \/>\n\t<meta name=\"google-site-verification\" content=\"Z9rvnbo9ip0NBVVGAbu4YfrfQ-Mg13t26DIfsx85Rbc\" \/>\n\t<link rel=\"canonical\" href=\"https:\/\/maxyhome.si\/de\/product\/polikarbonatne-plosce-6mm\/\" \/>\n\t<meta name=\"generator\" content=\"All in One SEO Pro (AIOSEO) 4.9.6.2\" \/>\n\t\t<meta property=\"og:locale\" content=\"de_DE\" \/>\n\t\t<meta property=\"og:site_name\" content=\"MaxyHome.si - Vse za Dom in Vrt\" \/>\n\t\t<meta property=\"og:type\" content=\"article\" \/>\n\t\t<meta property=\"og:title\" content=\"Polikarbonatne plo\u0161\u010de 6mm - MaxyHome.si\" \/>\n\t\t<meta property=\"og:description\" content=\"Za rastlinjake, nadstre\u0161ke in pregradne stene Ve\u010d svetlobe in enostavna za monta\u017eo UV za\u0161\u010dita na zunanji strani Izdelano v Evropi Certifikat \u2013 EN 1653:2013\" \/>\n\t\t<meta property=\"og:url\" content=\"https:\/\/maxyhome.si\/de\/product\/polikarbonatne-plosce-6mm\/\" \/>\n\t\t<meta property=\"og:image\" content=\"https:\/\/maxyhome.si\/wp-content\/uploads\/2024\/02\/Prvovrstni-rastlinjaki_Maksi_DOm_Facebook.webp\" \/>\n\t\t<meta property=\"og:image:secure_url\" content=\"https:\/\/maxyhome.si\/wp-content\/uploads\/2024\/02\/Prvovrstni-rastlinjaki_Maksi_DOm_Facebook.webp\" \/>\n\t\t<meta property=\"og:image:width\" content=\"1640\" \/>\n\t\t<meta property=\"og:image:height\" content=\"924\" \/>\n\t\t<meta property=\"article:published_time\" content=\"2026-02-16T16:18:43+00:00\" \/>\n\t\t<meta property=\"article:modified_time\" content=\"2026-03-18T09:08:11+00:00\" \/>\n\t\t<meta property=\"article:publisher\" content=\"https:\/\/www.facebook.com\/MaxyhomeEU\" \/>\n\t\t<meta name=\"twitter:card\" content=\"summary_large_image\" \/>\n\t\t<meta name=\"twitter:title\" content=\"Polikarbonatne plo\u0161\u010de 6mm - MaxyHome.si\" \/>\n\t\t<meta name=\"twitter:description\" content=\"Za rastlinjake, nadstre\u0161ke in pregradne stene Ve\u010d svetlobe in enostavna za monta\u017eo UV za\u0161\u010dita na zunanji strani Izdelano v Evropi Certifikat \u2013 EN 1653:2013\" \/>\n\t\t<meta name=\"twitter:image\" content=\"https:\/\/maxyhome.si\/wp-content\/uploads\/2024\/02\/Prvovrstni-rastlinjaki_Maksi_DOm_Facebook.webp\" \/>\n\t\t<script type=\"application\/ld+json\" class=\"aioseo-schema\">\n\t\t\t{\"@context\":\"https:\\\/\\\/schema.org\",\"@graph\":[{\"@type\":\"BreadcrumbList\",\"@id\":\"https:\\\/\\\/maxyhome.si\\\/de\\\/product\\\/polikarbonatne-plosce-6mm\\\/#breadcrumblist\",\"itemListElement\":[{\"@type\":\"ListItem\",\"@id\":\"https:\\\/\\\/maxyhome.si\\\/de#listItem\",\"position\":1,\"name\":\"Home\",\"item\":\"https:\\\/\\\/maxyhome.si\\\/de\",\"nextItem\":{\"@type\":\"ListItem\",\"@id\":\"https:\\\/\\\/maxyhome.si\\\/de\\\/trgovina\\\/#listItem\",\"name\":\"Trgovina\"}},{\"@type\":\"ListItem\",\"@id\":\"https:\\\/\\\/maxyhome.si\\\/de\\\/trgovina\\\/#listItem\",\"position\":2,\"name\":\"Trgovina\",\"item\":\"https:\\\/\\\/maxyhome.si\\\/de\\\/trgovina\\\/\",\"nextItem\":{\"@type\":\"ListItem\",\"@id\":\"https:\\\/\\\/maxyhome.si\\\/de\\\/product-category\\\/rastlinjaki\\\/#listItem\",\"name\":\"Rastlinjaki - Polikarbonatni Vrtni Rastlinjaki (Akcija)\"},\"previousItem\":{\"@type\":\"ListItem\",\"@id\":\"https:\\\/\\\/maxyhome.si\\\/de#listItem\",\"name\":\"Home\"}},{\"@type\":\"ListItem\",\"@id\":\"https:\\\/\\\/maxyhome.si\\\/de\\\/product-category\\\/rastlinjaki\\\/#listItem\",\"position\":3,\"name\":\"Rastlinjaki - Polikarbonatni Vrtni Rastlinjaki (Akcija)\",\"item\":\"https:\\\/\\\/maxyhome.si\\\/de\\\/product-category\\\/rastlinjaki\\\/\",\"nextItem\":{\"@type\":\"ListItem\",\"@id\":\"https:\\\/\\\/maxyhome.si\\\/de\\\/product-category\\\/rastlinjaki\\\/polikarbonatne-plosce\\\/#listItem\",\"name\":\"Polikarbonatne plo\\u0161\\u010de\"},\"previousItem\":{\"@type\":\"ListItem\",\"@id\":\"https:\\\/\\\/maxyhome.si\\\/de\\\/trgovina\\\/#listItem\",\"name\":\"Trgovina\"}},{\"@type\":\"ListItem\",\"@id\":\"https:\\\/\\\/maxyhome.si\\\/de\\\/product-category\\\/rastlinjaki\\\/polikarbonatne-plosce\\\/#listItem\",\"position\":4,\"name\":\"Polikarbonatne plo\\u0161\\u010de\",\"item\":\"https:\\\/\\\/maxyhome.si\\\/de\\\/product-category\\\/rastlinjaki\\\/polikarbonatne-plosce\\\/\",\"nextItem\":{\"@type\":\"ListItem\",\"@id\":\"https:\\\/\\\/maxyhome.si\\\/de\\\/product\\\/polikarbonatne-plosce-6mm\\\/#listItem\",\"name\":\"Polikarbonatne plo\\u0161\\u010de 6mm\"},\"previousItem\":{\"@type\":\"ListItem\",\"@id\":\"https:\\\/\\\/maxyhome.si\\\/de\\\/product-category\\\/rastlinjaki\\\/#listItem\",\"name\":\"Rastlinjaki - Polikarbonatni Vrtni Rastlinjaki (Akcija)\"}},{\"@type\":\"ListItem\",\"@id\":\"https:\\\/\\\/maxyhome.si\\\/de\\\/product\\\/polikarbonatne-plosce-6mm\\\/#listItem\",\"position\":5,\"name\":\"Polikarbonatne plo\\u0161\\u010de 6mm\",\"previousItem\":{\"@type\":\"ListItem\",\"@id\":\"https:\\\/\\\/maxyhome.si\\\/de\\\/product-category\\\/rastlinjaki\\\/polikarbonatne-plosce\\\/#listItem\",\"name\":\"Polikarbonatne plo\\u0161\\u010de\"}}]},{\"@type\":\"ItemPage\",\"@id\":\"https:\\\/\\\/maxyhome.si\\\/de\\\/product\\\/polikarbonatne-plosce-6mm\\\/#itempage\",\"url\":\"https:\\\/\\\/maxyhome.si\\\/de\\\/product\\\/polikarbonatne-plosce-6mm\\\/\",\"name\":\"Polikarbonatne plo\\u0161\\u010de 6mm - MaxyHome.si\",\"description\":\"Za rastlinjake, nadstre\\u0161ke in pregradne stene Ve\\u010d svetlobe in enostavna za monta\\u017eo UV za\\u0161\\u010dita na zunanji strani Izdelano v Evropi Certifikat \\u2013 EN 1653:2013\",\"inLanguage\":\"de-DE\",\"isPartOf\":{\"@id\":\"https:\\\/\\\/maxyhome.si\\\/de\\\/#website\"},\"breadcrumb\":{\"@id\":\"https:\\\/\\\/maxyhome.si\\\/de\\\/product\\\/polikarbonatne-plosce-6mm\\\/#breadcrumblist\"},\"image\":{\"@type\":\"ImageObject\",\"url\":\"https:\\\/\\\/maxyhome.si\\\/wp-content\\\/uploads\\\/2025\\\/09\\\/polikarbonat3.webp\",\"@id\":\"https:\\\/\\\/maxyhome.si\\\/de\\\/product\\\/polikarbonatne-plosce-6mm\\\/#mainImage\",\"width\":1080,\"height\":1080},\"primaryImageOfPage\":{\"@id\":\"https:\\\/\\\/maxyhome.si\\\/de\\\/product\\\/polikarbonatne-plosce-6mm\\\/#mainImage\"},\"datePublished\":\"2026-02-16T16:18:43+00:00\",\"dateModified\":\"2026-03-18T09:08:11+00:00\"},{\"@type\":\"Organization\",\"@id\":\"https:\\\/\\\/maxyhome.si\\\/de\\\/#organization\",\"name\":\"Lorin6 d.o.o.\",\"description\":\"Vse za Dom in Vrt\",\"url\":\"https:\\\/\\\/maxyhome.si\\\/de\\\/\",\"email\":\"info@maxyhome.eu\",\"telephone\":\"+38641537010\",\"logo\":{\"@type\":\"ImageObject\",\"url\":\"https:\\\/\\\/maxyhome.si\\\/wp-content\\\/uploads\\\/2024\\\/02\\\/cropped-Maxyhome_si_logotip.png\",\"@id\":\"https:\\\/\\\/maxyhome.si\\\/de\\\/product\\\/polikarbonatne-plosce-6mm\\\/#organizationLogo\",\"width\":470,\"height\":77},\"image\":{\"@id\":\"https:\\\/\\\/maxyhome.si\\\/de\\\/product\\\/polikarbonatne-plosce-6mm\\\/#organizationLogo\"},\"sameAs\":[\"https:\\\/\\\/www.facebook.com\\\/MaxyhomeEU\",\"https:\\\/\\\/www.instagram.com\\\/maksidom.si\\\/\"],\"address\":{\"@id\":\"https:\\\/\\\/maxyhome.si\\\/de\\\/#postaladdress\",\"@type\":\"PostalAddress\",\"streetAddress\":\"BE\\u017dIGRAJSKA CESTA 9, Lorin6 d.o.o.\",\"postalCode\":\"3000\",\"addressLocality\":\"Celje\",\"addressCountry\":\"SI\"},\"vatID\":\"SI62505319\"},{\"@type\":\"WebPage\",\"@id\":\"https:\\\/\\\/maxyhome.si\\\/de\\\/product\\\/polikarbonatne-plosce-6mm\\\/#webpage\",\"url\":\"https:\\\/\\\/maxyhome.si\\\/de\\\/product\\\/polikarbonatne-plosce-6mm\\\/\",\"name\":\"Polikarbonatne plo\\u0161\\u010de 6mm - MaxyHome.si\",\"description\":\"Za rastlinjake, nadstre\\u0161ke in pregradne stene Ve\\u010d svetlobe in enostavna za monta\\u017eo UV za\\u0161\\u010dita na zunanji strani Izdelano v Evropi Certifikat \\u2013 EN 1653:2013\",\"inLanguage\":\"de-DE\",\"isPartOf\":{\"@id\":\"https:\\\/\\\/maxyhome.si\\\/de\\\/#website\"},\"breadcrumb\":{\"@id\":\"https:\\\/\\\/maxyhome.si\\\/de\\\/product\\\/polikarbonatne-plosce-6mm\\\/#breadcrumblist\"},\"image\":{\"@type\":\"ImageObject\",\"url\":\"https:\\\/\\\/maxyhome.si\\\/wp-content\\\/uploads\\\/2025\\\/09\\\/polikarbonat3.webp\",\"@id\":\"https:\\\/\\\/maxyhome.si\\\/de\\\/product\\\/polikarbonatne-plosce-6mm\\\/#mainImage\",\"width\":1080,\"height\":1080},\"primaryImageOfPage\":{\"@id\":\"https:\\\/\\\/maxyhome.si\\\/de\\\/product\\\/polikarbonatne-plosce-6mm\\\/#mainImage\"},\"datePublished\":\"2026-02-16T16:18:43+00:00\",\"dateModified\":\"2026-03-18T09:08:11+00:00\"},{\"@type\":\"WebSite\",\"@id\":\"https:\\\/\\\/maxyhome.si\\\/de\\\/#website\",\"url\":\"https:\\\/\\\/maxyhome.si\\\/de\\\/\",\"name\":\"MaxyHome\",\"description\":\"Vse za Dom in Vrt\",\"inLanguage\":\"de-DE\",\"publisher\":{\"@id\":\"https:\\\/\\\/maxyhome.si\\\/de\\\/#organization\"}}]}\n\t\t<\/script>\n\t\t<!-- All in One SEO Pro -->\r\n\t\t<title>Polikarbonatne plo\u0161\u010de 6mm - MaxyHome.si<\/title>\n\n","aioseo_head_json":{"title":"Polikarbonatne plo\u0161\u010de 6mm - MaxyHome.si","description":"Za rastlinjake, nadstre\u0161ke in pregradne stene Ve\u010d svetlobe in enostavna za monta\u017eo UV za\u0161\u010dita na zunanji strani Izdelano v Evropi Certifikat \u2013 EN 1653:2013","canonical_url":"https:\/\/maxyhome.si\/de\/product\/polikarbonatne-plosce-6mm\/","robots":"max-image-preview:large","keywords":"","webmasterTools":{"google-site-verification":"Z9rvnbo9ip0NBVVGAbu4YfrfQ-Mg13t26DIfsx85Rbc","miscellaneous":""},"schema":{"@context":"https:\/\/schema.org","@graph":[{"@type":"BreadcrumbList","@id":"https:\/\/maxyhome.si\/de\/product\/polikarbonatne-plosce-6mm\/#breadcrumblist","itemListElement":[{"@type":"ListItem","@id":"https:\/\/maxyhome.si\/de#listItem","position":1,"name":"Home","item":"https:\/\/maxyhome.si\/de","nextItem":{"@type":"ListItem","@id":"https:\/\/maxyhome.si\/de\/trgovina\/#listItem","name":"Trgovina"}},{"@type":"ListItem","@id":"https:\/\/maxyhome.si\/de\/trgovina\/#listItem","position":2,"name":"Trgovina","item":"https:\/\/maxyhome.si\/de\/trgovina\/","nextItem":{"@type":"ListItem","@id":"https:\/\/maxyhome.si\/de\/product-category\/rastlinjaki\/#listItem","name":"Rastlinjaki - Polikarbonatni Vrtni Rastlinjaki (Akcija)"},"previousItem":{"@type":"ListItem","@id":"https:\/\/maxyhome.si\/de#listItem","name":"Home"}},{"@type":"ListItem","@id":"https:\/\/maxyhome.si\/de\/product-category\/rastlinjaki\/#listItem","position":3,"name":"Rastlinjaki - Polikarbonatni Vrtni Rastlinjaki (Akcija)","item":"https:\/\/maxyhome.si\/de\/product-category\/rastlinjaki\/","nextItem":{"@type":"ListItem","@id":"https:\/\/maxyhome.si\/de\/product-category\/rastlinjaki\/polikarbonatne-plosce\/#listItem","name":"Polikarbonatne plo\u0161\u010de"},"previousItem":{"@type":"ListItem","@id":"https:\/\/maxyhome.si\/de\/trgovina\/#listItem","name":"Trgovina"}},{"@type":"ListItem","@id":"https:\/\/maxyhome.si\/de\/product-category\/rastlinjaki\/polikarbonatne-plosce\/#listItem","position":4,"name":"Polikarbonatne plo\u0161\u010de","item":"https:\/\/maxyhome.si\/de\/product-category\/rastlinjaki\/polikarbonatne-plosce\/","nextItem":{"@type":"ListItem","@id":"https:\/\/maxyhome.si\/de\/product\/polikarbonatne-plosce-6mm\/#listItem","name":"Polikarbonatne plo\u0161\u010de 6mm"},"previousItem":{"@type":"ListItem","@id":"https:\/\/maxyhome.si\/de\/product-category\/rastlinjaki\/#listItem","name":"Rastlinjaki - Polikarbonatni Vrtni Rastlinjaki (Akcija)"}},{"@type":"ListItem","@id":"https:\/\/maxyhome.si\/de\/product\/polikarbonatne-plosce-6mm\/#listItem","position":5,"name":"Polikarbonatne plo\u0161\u010de 6mm","previousItem":{"@type":"ListItem","@id":"https:\/\/maxyhome.si\/de\/product-category\/rastlinjaki\/polikarbonatne-plosce\/#listItem","name":"Polikarbonatne plo\u0161\u010de"}}]},{"@type":"ItemPage","@id":"https:\/\/maxyhome.si\/de\/product\/polikarbonatne-plosce-6mm\/#itempage","url":"https:\/\/maxyhome.si\/de\/product\/polikarbonatne-plosce-6mm\/","name":"Polikarbonatne plo\u0161\u010de 6mm - MaxyHome.si","description":"Za rastlinjake, nadstre\u0161ke in pregradne stene Ve\u010d svetlobe in enostavna za monta\u017eo UV za\u0161\u010dita na zunanji strani Izdelano v Evropi Certifikat \u2013 EN 1653:2013","inLanguage":"de-DE","isPartOf":{"@id":"https:\/\/maxyhome.si\/de\/#website"},"breadcrumb":{"@id":"https:\/\/maxyhome.si\/de\/product\/polikarbonatne-plosce-6mm\/#breadcrumblist"},"image":{"@type":"ImageObject","url":"https:\/\/maxyhome.si\/wp-content\/uploads\/2025\/09\/polikarbonat3.webp","@id":"https:\/\/maxyhome.si\/de\/product\/polikarbonatne-plosce-6mm\/#mainImage","width":1080,"height":1080},"primaryImageOfPage":{"@id":"https:\/\/maxyhome.si\/de\/product\/polikarbonatne-plosce-6mm\/#mainImage"},"datePublished":"2026-02-16T16:18:43+00:00","dateModified":"2026-03-18T09:08:11+00:00"},{"@type":"Organization","@id":"https:\/\/maxyhome.si\/de\/#organization","name":"Lorin6 d.o.o.","description":"Vse za Dom in Vrt","url":"https:\/\/maxyhome.si\/de\/","email":"info@maxyhome.eu","telephone":"+38641537010","logo":{"@type":"ImageObject","url":"https:\/\/maxyhome.si\/wp-content\/uploads\/2024\/02\/cropped-Maxyhome_si_logotip.png","@id":"https:\/\/maxyhome.si\/de\/product\/polikarbonatne-plosce-6mm\/#organizationLogo","width":470,"height":77},"image":{"@id":"https:\/\/maxyhome.si\/de\/product\/polikarbonatne-plosce-6mm\/#organizationLogo"},"sameAs":["https:\/\/www.facebook.com\/MaxyhomeEU","https:\/\/www.instagram.com\/maksidom.si\/"],"address":{"@id":"https:\/\/maxyhome.si\/de\/#postaladdress","@type":"PostalAddress","streetAddress":"BE\u017dIGRAJSKA CESTA 9, Lorin6 d.o.o.","postalCode":"3000","addressLocality":"Celje","addressCountry":"SI"},"vatID":"SI62505319"},{"@type":"WebPage","@id":"https:\/\/maxyhome.si\/de\/product\/polikarbonatne-plosce-6mm\/#webpage","url":"https:\/\/maxyhome.si\/de\/product\/polikarbonatne-plosce-6mm\/","name":"Polikarbonatne plo\u0161\u010de 6mm - MaxyHome.si","description":"Za rastlinjake, nadstre\u0161ke in pregradne stene Ve\u010d svetlobe in enostavna za monta\u017eo UV za\u0161\u010dita na zunanji strani Izdelano v Evropi Certifikat \u2013 EN 1653:2013","inLanguage":"de-DE","isPartOf":{"@id":"https:\/\/maxyhome.si\/de\/#website"},"breadcrumb":{"@id":"https:\/\/maxyhome.si\/de\/product\/polikarbonatne-plosce-6mm\/#breadcrumblist"},"image":{"@type":"ImageObject","url":"https:\/\/maxyhome.si\/wp-content\/uploads\/2025\/09\/polikarbonat3.webp","@id":"https:\/\/maxyhome.si\/de\/product\/polikarbonatne-plosce-6mm\/#mainImage","width":1080,"height":1080},"primaryImageOfPage":{"@id":"https:\/\/maxyhome.si\/de\/product\/polikarbonatne-plosce-6mm\/#mainImage"},"datePublished":"2026-02-16T16:18:43+00:00","dateModified":"2026-03-18T09:08:11+00:00"},{"@type":"WebSite","@id":"https:\/\/maxyhome.si\/de\/#website","url":"https:\/\/maxyhome.si\/de\/","name":"MaxyHome","description":"Vse za Dom in Vrt","inLanguage":"de-DE","publisher":{"@id":"https:\/\/maxyhome.si\/de\/#organization"}}]},"og:locale":"de_DE","og:site_name":"MaxyHome.si - Vse za Dom in Vrt","og:type":"article","og:title":"Polikarbonatne plo\u0161\u010de 6mm - MaxyHome.si","og:description":"Za rastlinjake, nadstre\u0161ke in pregradne stene Ve\u010d svetlobe in enostavna za monta\u017eo UV za\u0161\u010dita na zunanji strani Izdelano v Evropi Certifikat \u2013 EN 1653:2013","og:url":"https:\/\/maxyhome.si\/de\/product\/polikarbonatne-plosce-6mm\/","og:image":"https:\/\/maxyhome.si\/wp-content\/uploads\/2024\/02\/Prvovrstni-rastlinjaki_Maksi_DOm_Facebook.webp","og:image:secure_url":"https:\/\/maxyhome.si\/wp-content\/uploads\/2024\/02\/Prvovrstni-rastlinjaki_Maksi_DOm_Facebook.webp","og:image:width":1640,"og:image:height":924,"article:published_time":"2026-02-16T16:18:43+00:00","article:modified_time":"2026-03-18T09:08:11+00:00","article:publisher":"https:\/\/www.facebook.com\/MaxyhomeEU","twitter:card":"summary_large_image","twitter:title":"Polikarbonatne plo\u0161\u010de 6mm - MaxyHome.si","twitter:description":"Za rastlinjake, nadstre\u0161ke in pregradne stene Ve\u010d svetlobe in enostavna za monta\u017eo UV za\u0161\u010dita na zunanji strani Izdelano v Evropi Certifikat \u2013 EN 1653:2013","twitter:image":"https:\/\/maxyhome.si\/wp-content\/uploads\/2024\/02\/Prvovrstni-rastlinjaki_Maksi_DOm_Facebook.webp"},"aioseo_meta_data":{"post_id":"133272","title":"#post_title #separator_sa #site_title","description":"#post_excerpt","keywords":null,"keyphrases":{"focus":{"keyphrase":"","score":0,"analysis":{"keyphraseInTitle":{"score":0,"maxScore":9,"error":1}}},"additional":[]},"primary_term":null,"canonical_url":null,"og_title":null,"og_description":null,"og_object_type":"default","og_image_type":"default","og_image_url":null,"og_image_width":null,"og_image_height":null,"og_image_custom_url":null,"og_image_custom_fields":null,"og_video":"","og_custom_url":null,"og_article_section":null,"og_article_tags":null,"twitter_use_og":false,"twitter_card":"default","twitter_image_type":"default","twitter_image_url":null,"twitter_image_custom_url":null,"twitter_image_custom_fields":null,"twitter_title":null,"twitter_description":null,"schema":{"blockGraphs":[],"customGraphs":[],"default":{"data":{"Article":[],"Course":[],"Dataset":[],"FAQPage":[],"Movie":[],"Person":[],"Product":[],"ProductReview":[],"Car":[],"Recipe":[],"Service":[],"SoftwareApplication":[],"WebPage":[]},"graphName":"ItemPage","isEnabled":true},"graphs":[]},"schema_type":"default","schema_type_options":null,"pillar_content":false,"robots_default":true,"robots_noindex":false,"robots_noarchive":false,"robots_nosnippet":false,"robots_nofollow":false,"robots_noimageindex":false,"robots_noodp":false,"robots_notranslate":false,"robots_max_snippet":"-1","robots_max_videopreview":"-1","robots_max_imagepreview":"large","priority":null,"frequency":"default","local_seo":null,"seo_analyzer_scan_date":"2026-03-18 09:28:15","breadcrumb_settings":null,"limit_modified_date":false,"reviewed_by":"0","ai":{"faqs":[],"keyPoints":[],"titles":[],"descriptions":[],"socialPosts":{"email":[],"linkedin":[],"twitter":[],"facebook":[],"instagram":[]}},"created":"2026-02-16 16:18:43","updated":"2026-03-18 10:07:13"},"aioseo_breadcrumb":"<div class=\"aioseo-breadcrumbs\"><span class=\"aioseo-breadcrumb\">\n\t<a href=\"https:\/\/maxyhome.si\/de\" title=\"Home\">Home<\/a>\n<\/span><span class=\"aioseo-breadcrumb-separator\">&raquo;<\/span><span class=\"aioseo-breadcrumb\">\n\t<a href=\"https:\/\/maxyhome.si\/de\/trgovina\/\" title=\"Trgovina\">Trgovina<\/a>\n<\/span><span class=\"aioseo-breadcrumb-separator\">&raquo;<\/span><span class=\"aioseo-breadcrumb\">\n\t<a href=\"https:\/\/maxyhome.si\/de\/product-category\/rastlinjaki\/\" title=\"Rastlinjaki - Polikarbonatni Vrtni Rastlinjaki (Akcija)\">Rastlinjaki - Polikarbonatni Vrtni Rastlinjaki (Akcija)<\/a>\n<\/span><span class=\"aioseo-breadcrumb-separator\">&raquo;<\/span><span class=\"aioseo-breadcrumb\">\n\t<a href=\"https:\/\/maxyhome.si\/de\/product-category\/rastlinjaki\/polikarbonatne-plosce\/\" title=\"Polikarbonatne plo\u0161\u010de\">Polikarbonatne plo\u0161\u010de<\/a>\n<\/span><span class=\"aioseo-breadcrumb-separator\">&raquo;<\/span><span class=\"aioseo-breadcrumb\">\n\tPolikarbonatne plo\u0161\u010de 6mm\n<\/span><\/div>","aioseo_breadcrumb_json":[{"label":"Home","link":"https:\/\/maxyhome.si\/de"},{"label":"Trgovina","link":"https:\/\/maxyhome.si\/de\/trgovina\/"},{"label":"Rastlinjaki - Polikarbonatni Vrtni Rastlinjaki (Akcija)","link":"https:\/\/maxyhome.si\/de\/product-category\/rastlinjaki\/"},{"label":"Polikarbonatne plo\u0161\u010de","link":"https:\/\/maxyhome.si\/de\/product-category\/rastlinjaki\/polikarbonatne-plosce\/"},{"label":"Polikarbonatne plo\u0161\u010de 6mm","link":"https:\/\/maxyhome.si\/de\/product\/polikarbonatne-plosce-6mm\/"}],"_links":{"self":[{"href":"https:\/\/maxyhome.si\/de\/wp-json\/wp\/v2\/product\/133272","targetHints":{"allow":["GET"]}}],"collection":[{"href":"https:\/\/maxyhome.si\/de\/wp-json\/wp\/v2\/product"}],"about":[{"href":"https:\/\/maxyhome.si\/de\/wp-json\/wp\/v2\/types\/product"}],"replies":[{"embeddable":true,"href":"https:\/\/maxyhome.si\/de\/wp-json\/wp\/v2\/comments?post=133272"}],"version-history":[{"count":2,"href":"https:\/\/maxyhome.si\/de\/wp-json\/wp\/v2\/product\/133272\/revisions"}],"predecessor-version":[{"id":133667,"href":"https:\/\/maxyhome.si\/de\/wp-json\/wp\/v2\/product\/133272\/revisions\/133667"}],"wp:featuredmedia":[{"embeddable":true,"href":"https:\/\/maxyhome.si\/de\/wp-json\/wp\/v2\/media\/131692"}],"wp:attachment":[{"href":"https:\/\/maxyhome.si\/de\/wp-json\/wp\/v2\/media?parent=133272"}],"wp:term":[{"taxonomy":"product_brand","embeddable":true,"href":"https:\/\/maxyhome.si\/de\/wp-json\/wp\/v2\/product_brand?post=133272"},{"taxonomy":"product_cat","embeddable":true,"href":"https:\/\/maxyhome.si\/de\/wp-json\/wp\/v2\/product_cat?post=133272"},{"taxonomy":"product_tag","embeddable":true,"href":"https:\/\/maxyhome.si\/de\/wp-json\/wp\/v2\/product_tag?post=133272"}],"curies":[{"name":"wp","href":"https:\/\/api.w.org\/{rel}","templated":true}]}}