{"id":7868,"date":"2022-11-16T15:01:39","date_gmt":"2022-11-16T15:01:39","guid":{"rendered":"https:\/\/maxyhome.si\/izdelek\/nadstresek-za-avto-maxy-m-35-m\/"},"modified":"2024-05-23T10:26:52","modified_gmt":"2024-05-23T10:26:52","slug":"nadstresek-za-avto-m-3-5m","status":"publish","type":"product","link":"https:\/\/maxyhome.si\/de\/product\/nadstresek-za-avto-m-3-5m\/","title":{"rendered":"Carport M-3,5 m"},"content":{"rendered":"<p>Der Carport M-3,5m ist ein Metallcarport, der Ihr Fahrzeug maximal vor Witterungseinfl\u00fcssen sch\u00fctzt. Er eignet sich als Carport f\u00fcr zwei Autos, ein Wohnmobil oder ein Boot.<\/p>\n<p>Mit Maxy-Carports sch\u00fctzen Sie Fahrzeuge vor Hagel, Regen, Schnee und Sonne. Der M-3,5m Carport besteht aus einer hochwertigen Aluminiumkonstruktion in der Farbe Ihrer Wahl, die f\u00fcr Stabilit\u00e4t und Rostschutz sorgt.<\/p>\n<h4><strong>Abdeckung f\u00fcr das Vordach M-3,5m<\/strong><\/h4>\n<ul>\n<li>16 mm Polycarbonat mit UV-Schutz<\/li>\n<\/ul>\n<p>Grundfarbe: transparent (wei\u00df oder braun get\u00f6nt erh\u00e4ltlich)<\/p>\n<ul>\n<li>10 mm dickes geh\u00e4rtetes Glas, resistent gegen Kratzer und mechanische Einfl\u00fcsse<\/li>\n<\/ul>\n<h4><strong>\u00dcberdachungsstruktur M-3,5 m<\/strong><\/h4>\n<ul>\n<li>Abmessungen: 3,5 x 3,06 x 2,2\/2,83 m (Breite, L\u00e4nge, H\u00f6he)<\/li>\n<li>M\u00f6glichkeit der kundenspezifischen Fertigung<\/li>\n<li>Metalls\u00e4ulen f\u00fcr das Vordach: 10\u00d710 cm (freistehend: 15\u00d710 cm)<\/li>\n<li>Aluminiumst\u00e4rke: 2 mm<\/li>\n<li>Integrierte unsichtbare Dachrinne f\u00fcr reibungslosen Abfluss des Regenwassers<\/li>\n<li>Farben: Dunkelbraun, Hellbraun, Wei\u00df, Anthrazit<\/li>\n<\/ul>\n<p>Es besteht die M\u00f6glichkeit, jede beliebige Farbe gem\u00e4\u00df der RAL-Skala auszuw\u00e4hlen.<\/p>\n<h4><strong>Warum sollten Sie sich f\u00fcr Maxy-Vord\u00e4cher entscheiden?<\/strong><\/h4>\n<ul>\n<li>Standardmodelle von 3 bis 7 m oder ma\u00dfgeschneidert<\/li>\n<li>Hergestellt aus hochwertigen EU-Materialien<\/li>\n<li>Einfache Montage<\/li>\n<li>Haltbarkeit und geringerer Wartungsaufwand als Vord\u00e4cher aus Holz<\/li>\n<li>5 Jahre Garantie auf Metallteile und 10 Jahre auf Polycarbonat<\/li>\n<li>Zertifikat CE 1090-3:2019<\/li>\n<\/ul>\n<h4><strong>Bestellung und Lieferung<\/strong><\/h4>\n<ul>\n<li>Geben Sie unter den Bestellnotizen die gew\u00fcnschte Polycarbonatfarbe ein.<\/li>\n<li>F\u00fcr ein Angebot eines Baldachins in einer beliebigen Farbe kontaktieren Sie uns bitte.<\/li>\n<li>Kostenlose Lieferung innerhalb der EU. F\u00fcr Lieferungen au\u00dferhalb der EU kontaktieren Sie uns bitte.<\/li>\n<\/ul>\n<h4><strong>Lieferzeit:<\/strong><\/h4>\n<ul>\n<li>Polycarbonat: 5-8 Wochen<\/li>\n<li>Glas: 8-12 Wochen<\/li>\n<\/ul>\n<p>Der Preis gilt f\u00fcr ein Metallvordach neben einem Haus oder B\u00fcrogeb\u00e4ude. F\u00fcr ein freistehendes Vordach erstellen wir gerne ein Angebot auf Bestellung. F\u00fcr weitere Informationen kontaktieren Sie uns unter <a target=\"_new\" rel=\"noreferrer noopener\">info@maxyhome.eu<\/a> oder +386 41 537 009.<\/p>\n<p>Sie k\u00f6nnen noch mehr Modelle von Carports finden <a href=\"https:\/\/maxyhome.si\/de\/produkt-kategorie\/nadstreski-za-avtomobile\/\">Hier<\/a>.<\/p>","protected":false},"excerpt":{"rendered":"<ol>\n<li><strong>Zuverl\u00e4ssiger Schutz<\/strong>: Das Maxy-Verdeck sch\u00fctzt Ihr Fahrzeug das ganze Jahr \u00fcber vor sch\u00e4dlichen Witterungseinfl\u00fcssen.<\/li>\n<li><strong>Stylistisches Aussehen<\/strong>: M\u00f6glichkeit der Farbauswahl nach RAL-Skala und verschiedenen Belagarten.\u00a0<\/li>\n<li><strong>Anerkannte Qualit\u00e4t<\/strong>: Das Vordach wird vollst\u00e4ndig in der EU gem\u00e4\u00df CE 1090-3:2019 hergestellt.<\/li>\n<li><b>Unsichtbare Dachrinne: <\/b>Einfache Ableitung des Regenwassers in den Boden durch die Vordachpfosten.<\/li>\n<\/ol>","protected":false},"featured_media":8728,"comment_status":"open","ping_status":"closed","template":"","meta":{"_monsterinsights_skip_tracking":false,"_monsterinsights_sitenote_active":false,"_monsterinsights_sitenote_note":"","_monsterinsights_sitenote_category":0},"product_brand":[],"product_cat":[55],"product_tag":[],"class_list":{"0":"post-7868","1":"product","2":"type-product","3":"status-publish","4":"has-post-thumbnail","6":"product_cat-nadstreski-za-avtomobile","8":"first","9":"instock","10":"sale","11":"taxable","12":"shipping-taxable","13":"purchasable","14":"product-type-variable","15":"has-default-attributes"},"aioseo_notices":[],"aioseo_head":"\n\t\t<!-- All in One SEO Pro 4.9.6.2 - aioseo.com -->\n\t<meta name=\"description\" content=\"Kovinski nadstre\u0161ek za dva avtomobila: polikarbonat ali kaljeno steklo. Nadstre\u0161ek za avto M-3.5m je izdelan izklju\u010dno iz visokokakovostnih EU materialov.\" \/>\n\t<meta name=\"robots\" content=\"max-image-preview:large\" \/>\n\t<meta name=\"google-site-verification\" content=\"Z9rvnbo9ip0NBVVGAbu4YfrfQ-Mg13t26DIfsx85Rbc\" \/>\n\t<link rel=\"canonical\" href=\"https:\/\/maxyhome.si\/de\/product\/nadstresek-za-avto-m-3-5m\/\" \/>\n\t<meta name=\"generator\" content=\"All in One SEO Pro (AIOSEO) 4.9.6.2\" \/>\n\t\t<meta property=\"og:locale\" content=\"de_DE\" \/>\n\t\t<meta property=\"og:site_name\" content=\"MaxyHome.si - Vse za Dom in Vrt\" \/>\n\t\t<meta property=\"og:type\" content=\"article\" \/>\n\t\t<meta property=\"og:title\" content=\"Nadstre\u0161ek za avto M-3.5m - Zanesljiva za\u0161\u010dita 365 dni\" \/>\n\t\t<meta property=\"og:description\" content=\"Kovinski nadstre\u0161ek za dva avtomobila: polikarbonat ali kaljeno steklo. Nadstre\u0161ek za avto M-3.5m je izdelan izklju\u010dno iz visokokakovostnih EU materialov.\" \/>\n\t\t<meta property=\"og:url\" content=\"https:\/\/maxyhome.si\/de\/product\/nadstresek-za-avto-m-3-5m\/\" \/>\n\t\t<meta property=\"og:image\" content=\"https:\/\/maxyhome.si\/wp-content\/uploads\/2024\/02\/Prvovrstni-rastlinjaki_Maksi_DOm_Facebook.webp\" \/>\n\t\t<meta property=\"og:image:secure_url\" content=\"https:\/\/maxyhome.si\/wp-content\/uploads\/2024\/02\/Prvovrstni-rastlinjaki_Maksi_DOm_Facebook.webp\" \/>\n\t\t<meta property=\"og:image:width\" content=\"1640\" \/>\n\t\t<meta property=\"og:image:height\" content=\"924\" \/>\n\t\t<meta property=\"article:published_time\" content=\"2022-11-16T15:01:39+00:00\" \/>\n\t\t<meta property=\"article:modified_time\" content=\"2024-05-23T10:26:52+00:00\" \/>\n\t\t<meta property=\"article:publisher\" content=\"https:\/\/www.facebook.com\/MaxyhomeEU\" \/>\n\t\t<meta name=\"twitter:card\" content=\"summary_large_image\" \/>\n\t\t<meta name=\"twitter:title\" content=\"Nadstre\u0161ek za avto M-3.5m - Zanesljiva za\u0161\u010dita 365 dni\" \/>\n\t\t<meta name=\"twitter:description\" content=\"Kovinski nadstre\u0161ek za dva avtomobila: polikarbonat ali kaljeno steklo. Nadstre\u0161ek za avto M-3.5m je izdelan izklju\u010dno iz visokokakovostnih EU materialov.\" \/>\n\t\t<meta name=\"twitter:image\" content=\"https:\/\/maxyhome.si\/wp-content\/uploads\/2024\/02\/Prvovrstni-rastlinjaki_Maksi_DOm_Facebook.webp\" \/>\n\t\t<script type=\"application\/ld+json\" class=\"aioseo-schema\">\n\t\t\t{\"@context\":\"https:\\\/\\\/schema.org\",\"@graph\":[{\"@type\":\"BreadcrumbList\",\"@id\":\"https:\\\/\\\/maxyhome.si\\\/de\\\/product\\\/nadstresek-za-avto-m-3-5m\\\/#breadcrumblist\",\"itemListElement\":[{\"@type\":\"ListItem\",\"@id\":\"https:\\\/\\\/maxyhome.si\\\/de#listItem\",\"position\":1,\"name\":\"Home\",\"item\":\"https:\\\/\\\/maxyhome.si\\\/de\",\"nextItem\":{\"@type\":\"ListItem\",\"@id\":\"https:\\\/\\\/maxyhome.si\\\/de\\\/trgovina\\\/#listItem\",\"name\":\"Trgovina\"}},{\"@type\":\"ListItem\",\"@id\":\"https:\\\/\\\/maxyhome.si\\\/de\\\/trgovina\\\/#listItem\",\"position\":2,\"name\":\"Trgovina\",\"item\":\"https:\\\/\\\/maxyhome.si\\\/de\\\/trgovina\\\/\",\"nextItem\":{\"@type\":\"ListItem\",\"@id\":\"https:\\\/\\\/maxyhome.si\\\/de\\\/product-category\\\/nadstreski-za-avtomobile\\\/#listItem\",\"name\":\"Nadstre\\u0161ki za avto\"},\"previousItem\":{\"@type\":\"ListItem\",\"@id\":\"https:\\\/\\\/maxyhome.si\\\/de#listItem\",\"name\":\"Home\"}},{\"@type\":\"ListItem\",\"@id\":\"https:\\\/\\\/maxyhome.si\\\/de\\\/product-category\\\/nadstreski-za-avtomobile\\\/#listItem\",\"position\":3,\"name\":\"Nadstre\\u0161ki za avto\",\"item\":\"https:\\\/\\\/maxyhome.si\\\/de\\\/product-category\\\/nadstreski-za-avtomobile\\\/\",\"nextItem\":{\"@type\":\"ListItem\",\"@id\":\"https:\\\/\\\/maxyhome.si\\\/de\\\/product\\\/nadstresek-za-avto-m-3-5m\\\/#listItem\",\"name\":\"Nadstre\\u0161ek za avto M-3,5 m\"},\"previousItem\":{\"@type\":\"ListItem\",\"@id\":\"https:\\\/\\\/maxyhome.si\\\/de\\\/trgovina\\\/#listItem\",\"name\":\"Trgovina\"}},{\"@type\":\"ListItem\",\"@id\":\"https:\\\/\\\/maxyhome.si\\\/de\\\/product\\\/nadstresek-za-avto-m-3-5m\\\/#listItem\",\"position\":4,\"name\":\"Nadstre\\u0161ek za avto M-3,5 m\",\"previousItem\":{\"@type\":\"ListItem\",\"@id\":\"https:\\\/\\\/maxyhome.si\\\/de\\\/product-category\\\/nadstreski-za-avtomobile\\\/#listItem\",\"name\":\"Nadstre\\u0161ki za avto\"}}]},{\"@type\":\"ItemPage\",\"@id\":\"https:\\\/\\\/maxyhome.si\\\/de\\\/product\\\/nadstresek-za-avto-m-3-5m\\\/#itempage\",\"url\":\"https:\\\/\\\/maxyhome.si\\\/de\\\/product\\\/nadstresek-za-avto-m-3-5m\\\/\",\"name\":\"Nadstre\\u0161ek za avto M-3.5m - Zanesljiva za\\u0161\\u010dita 365 dni\",\"description\":\"Kovinski nadstre\\u0161ek za dva avtomobila: polikarbonat ali kaljeno steklo. Nadstre\\u0161ek za avto M-3.5m je izdelan izklju\\u010dno iz visokokakovostnih EU materialov.\",\"inLanguage\":\"de-DE\",\"isPartOf\":{\"@id\":\"https:\\\/\\\/maxyhome.si\\\/de\\\/#website\"},\"breadcrumb\":{\"@id\":\"https:\\\/\\\/maxyhome.si\\\/de\\\/product\\\/nadstresek-za-avto-m-3-5m\\\/#breadcrumblist\"},\"image\":{\"@type\":\"ImageObject\",\"url\":\"https:\\\/\\\/maxyhome.si\\\/wp-content\\\/uploads\\\/2022\\\/11\\\/Nadstresek_Za_Avto_Maxy_XL__5.webp\",\"@id\":\"https:\\\/\\\/maxyhome.si\\\/de\\\/product\\\/nadstresek-za-avto-m-3-5m\\\/#mainImage\",\"width\":1200,\"height\":1200},\"primaryImageOfPage\":{\"@id\":\"https:\\\/\\\/maxyhome.si\\\/de\\\/product\\\/nadstresek-za-avto-m-3-5m\\\/#mainImage\"},\"datePublished\":\"2022-11-16T15:01:39+00:00\",\"dateModified\":\"2024-05-23T10:26:52+00:00\"},{\"@type\":\"Organization\",\"@id\":\"https:\\\/\\\/maxyhome.si\\\/de\\\/#organization\",\"name\":\"Lorin6 d.o.o.\",\"description\":\"Vse za Dom in Vrt\",\"url\":\"https:\\\/\\\/maxyhome.si\\\/de\\\/\",\"email\":\"info@maxyhome.eu\",\"telephone\":\"+38641537010\",\"logo\":{\"@type\":\"ImageObject\",\"url\":\"https:\\\/\\\/maxyhome.si\\\/wp-content\\\/uploads\\\/2024\\\/02\\\/cropped-Maxyhome_si_logotip.png\",\"@id\":\"https:\\\/\\\/maxyhome.si\\\/de\\\/product\\\/nadstresek-za-avto-m-3-5m\\\/#organizationLogo\",\"width\":470,\"height\":77},\"image\":{\"@id\":\"https:\\\/\\\/maxyhome.si\\\/de\\\/product\\\/nadstresek-za-avto-m-3-5m\\\/#organizationLogo\"},\"sameAs\":[\"https:\\\/\\\/www.facebook.com\\\/MaxyhomeEU\",\"https:\\\/\\\/www.instagram.com\\\/maksidom.si\\\/\"],\"address\":{\"@id\":\"https:\\\/\\\/maxyhome.si\\\/de\\\/#postaladdress\",\"@type\":\"PostalAddress\",\"streetAddress\":\"BE\\u017dIGRAJSKA CESTA 9, Lorin6 d.o.o.\",\"postalCode\":\"3000\",\"addressLocality\":\"Celje\",\"addressCountry\":\"SI\"},\"vatID\":\"SI62505319\"},{\"@type\":\"WebPage\",\"@id\":\"https:\\\/\\\/maxyhome.si\\\/de\\\/product\\\/nadstresek-za-avto-m-3-5m\\\/#webpage\",\"url\":\"https:\\\/\\\/maxyhome.si\\\/de\\\/product\\\/nadstresek-za-avto-m-3-5m\\\/\",\"name\":\"Nadstre\\u0161ek za avto M-3.5m - Zanesljiva za\\u0161\\u010dita 365 dni\",\"description\":\"Kovinski nadstre\\u0161ek za dva avtomobila: polikarbonat ali kaljeno steklo. Nadstre\\u0161ek za avto M-3.5m je izdelan izklju\\u010dno iz visokokakovostnih EU materialov.\",\"inLanguage\":\"de-DE\",\"isPartOf\":{\"@id\":\"https:\\\/\\\/maxyhome.si\\\/de\\\/#website\"},\"breadcrumb\":{\"@id\":\"https:\\\/\\\/maxyhome.si\\\/de\\\/product\\\/nadstresek-za-avto-m-3-5m\\\/#breadcrumblist\"},\"image\":{\"@type\":\"ImageObject\",\"url\":\"https:\\\/\\\/maxyhome.si\\\/wp-content\\\/uploads\\\/2022\\\/11\\\/Nadstresek_Za_Avto_Maxy_XL__5.webp\",\"@id\":\"https:\\\/\\\/maxyhome.si\\\/de\\\/product\\\/nadstresek-za-avto-m-3-5m\\\/#mainImage\",\"width\":1200,\"height\":1200},\"primaryImageOfPage\":{\"@id\":\"https:\\\/\\\/maxyhome.si\\\/de\\\/product\\\/nadstresek-za-avto-m-3-5m\\\/#mainImage\"},\"datePublished\":\"2022-11-16T15:01:39+00:00\",\"dateModified\":\"2024-05-23T10:26:52+00:00\"},{\"@type\":\"WebSite\",\"@id\":\"https:\\\/\\\/maxyhome.si\\\/de\\\/#website\",\"url\":\"https:\\\/\\\/maxyhome.si\\\/de\\\/\",\"name\":\"MaxyHome\",\"description\":\"Vse za Dom in Vrt\",\"inLanguage\":\"de-DE\",\"publisher\":{\"@id\":\"https:\\\/\\\/maxyhome.si\\\/de\\\/#organization\"}}]}\n\t\t<\/script>\n\t\t<!-- All in One SEO Pro -->\r\n\t\t<title>Nadstre\u0161ek za avto M-3.5m - Zanesljiva za\u0161\u010dita 365 dni<\/title>\n\n","aioseo_head_json":{"title":"Nadstre\u0161ek za avto M-3.5m - Zanesljiva za\u0161\u010dita 365 dni","description":"Kovinski nadstre\u0161ek za dva avtomobila: polikarbonat ali kaljeno steklo. Nadstre\u0161ek za avto M-3.5m je izdelan izklju\u010dno iz visokokakovostnih EU materialov.","canonical_url":"https:\/\/maxyhome.si\/de\/product\/nadstresek-za-avto-m-3-5m\/","robots":"max-image-preview:large","keywords":"","webmasterTools":{"google-site-verification":"Z9rvnbo9ip0NBVVGAbu4YfrfQ-Mg13t26DIfsx85Rbc","miscellaneous":""},"schema":{"@context":"https:\/\/schema.org","@graph":[{"@type":"BreadcrumbList","@id":"https:\/\/maxyhome.si\/de\/product\/nadstresek-za-avto-m-3-5m\/#breadcrumblist","itemListElement":[{"@type":"ListItem","@id":"https:\/\/maxyhome.si\/de#listItem","position":1,"name":"Home","item":"https:\/\/maxyhome.si\/de","nextItem":{"@type":"ListItem","@id":"https:\/\/maxyhome.si\/de\/trgovina\/#listItem","name":"Trgovina"}},{"@type":"ListItem","@id":"https:\/\/maxyhome.si\/de\/trgovina\/#listItem","position":2,"name":"Trgovina","item":"https:\/\/maxyhome.si\/de\/trgovina\/","nextItem":{"@type":"ListItem","@id":"https:\/\/maxyhome.si\/de\/product-category\/nadstreski-za-avtomobile\/#listItem","name":"Nadstre\u0161ki za avto"},"previousItem":{"@type":"ListItem","@id":"https:\/\/maxyhome.si\/de#listItem","name":"Home"}},{"@type":"ListItem","@id":"https:\/\/maxyhome.si\/de\/product-category\/nadstreski-za-avtomobile\/#listItem","position":3,"name":"Nadstre\u0161ki za avto","item":"https:\/\/maxyhome.si\/de\/product-category\/nadstreski-za-avtomobile\/","nextItem":{"@type":"ListItem","@id":"https:\/\/maxyhome.si\/de\/product\/nadstresek-za-avto-m-3-5m\/#listItem","name":"Nadstre\u0161ek za avto M-3,5 m"},"previousItem":{"@type":"ListItem","@id":"https:\/\/maxyhome.si\/de\/trgovina\/#listItem","name":"Trgovina"}},{"@type":"ListItem","@id":"https:\/\/maxyhome.si\/de\/product\/nadstresek-za-avto-m-3-5m\/#listItem","position":4,"name":"Nadstre\u0161ek za avto M-3,5 m","previousItem":{"@type":"ListItem","@id":"https:\/\/maxyhome.si\/de\/product-category\/nadstreski-za-avtomobile\/#listItem","name":"Nadstre\u0161ki za avto"}}]},{"@type":"ItemPage","@id":"https:\/\/maxyhome.si\/de\/product\/nadstresek-za-avto-m-3-5m\/#itempage","url":"https:\/\/maxyhome.si\/de\/product\/nadstresek-za-avto-m-3-5m\/","name":"Nadstre\u0161ek za avto M-3.5m - Zanesljiva za\u0161\u010dita 365 dni","description":"Kovinski nadstre\u0161ek za dva avtomobila: polikarbonat ali kaljeno steklo. Nadstre\u0161ek za avto M-3.5m je izdelan izklju\u010dno iz visokokakovostnih EU materialov.","inLanguage":"de-DE","isPartOf":{"@id":"https:\/\/maxyhome.si\/de\/#website"},"breadcrumb":{"@id":"https:\/\/maxyhome.si\/de\/product\/nadstresek-za-avto-m-3-5m\/#breadcrumblist"},"image":{"@type":"ImageObject","url":"https:\/\/maxyhome.si\/wp-content\/uploads\/2022\/11\/Nadstresek_Za_Avto_Maxy_XL__5.webp","@id":"https:\/\/maxyhome.si\/de\/product\/nadstresek-za-avto-m-3-5m\/#mainImage","width":1200,"height":1200},"primaryImageOfPage":{"@id":"https:\/\/maxyhome.si\/de\/product\/nadstresek-za-avto-m-3-5m\/#mainImage"},"datePublished":"2022-11-16T15:01:39+00:00","dateModified":"2024-05-23T10:26:52+00:00"},{"@type":"Organization","@id":"https:\/\/maxyhome.si\/de\/#organization","name":"Lorin6 d.o.o.","description":"Vse za Dom in Vrt","url":"https:\/\/maxyhome.si\/de\/","email":"info@maxyhome.eu","telephone":"+38641537010","logo":{"@type":"ImageObject","url":"https:\/\/maxyhome.si\/wp-content\/uploads\/2024\/02\/cropped-Maxyhome_si_logotip.png","@id":"https:\/\/maxyhome.si\/de\/product\/nadstresek-za-avto-m-3-5m\/#organizationLogo","width":470,"height":77},"image":{"@id":"https:\/\/maxyhome.si\/de\/product\/nadstresek-za-avto-m-3-5m\/#organizationLogo"},"sameAs":["https:\/\/www.facebook.com\/MaxyhomeEU","https:\/\/www.instagram.com\/maksidom.si\/"],"address":{"@id":"https:\/\/maxyhome.si\/de\/#postaladdress","@type":"PostalAddress","streetAddress":"BE\u017dIGRAJSKA CESTA 9, Lorin6 d.o.o.","postalCode":"3000","addressLocality":"Celje","addressCountry":"SI"},"vatID":"SI62505319"},{"@type":"WebPage","@id":"https:\/\/maxyhome.si\/de\/product\/nadstresek-za-avto-m-3-5m\/#webpage","url":"https:\/\/maxyhome.si\/de\/product\/nadstresek-za-avto-m-3-5m\/","name":"Nadstre\u0161ek za avto M-3.5m - Zanesljiva za\u0161\u010dita 365 dni","description":"Kovinski nadstre\u0161ek za dva avtomobila: polikarbonat ali kaljeno steklo. Nadstre\u0161ek za avto M-3.5m je izdelan izklju\u010dno iz visokokakovostnih EU materialov.","inLanguage":"de-DE","isPartOf":{"@id":"https:\/\/maxyhome.si\/de\/#website"},"breadcrumb":{"@id":"https:\/\/maxyhome.si\/de\/product\/nadstresek-za-avto-m-3-5m\/#breadcrumblist"},"image":{"@type":"ImageObject","url":"https:\/\/maxyhome.si\/wp-content\/uploads\/2022\/11\/Nadstresek_Za_Avto_Maxy_XL__5.webp","@id":"https:\/\/maxyhome.si\/de\/product\/nadstresek-za-avto-m-3-5m\/#mainImage","width":1200,"height":1200},"primaryImageOfPage":{"@id":"https:\/\/maxyhome.si\/de\/product\/nadstresek-za-avto-m-3-5m\/#mainImage"},"datePublished":"2022-11-16T15:01:39+00:00","dateModified":"2024-05-23T10:26:52+00:00"},{"@type":"WebSite","@id":"https:\/\/maxyhome.si\/de\/#website","url":"https:\/\/maxyhome.si\/de\/","name":"MaxyHome","description":"Vse za Dom in Vrt","inLanguage":"de-DE","publisher":{"@id":"https:\/\/maxyhome.si\/de\/#organization"}}]},"og:locale":"de_DE","og:site_name":"MaxyHome.si - Vse za Dom in Vrt","og:type":"article","og:title":"Nadstre\u0161ek za avto M-3.5m - Zanesljiva za\u0161\u010dita 365 dni","og:description":"Kovinski nadstre\u0161ek za dva avtomobila: polikarbonat ali kaljeno steklo. Nadstre\u0161ek za avto M-3.5m je izdelan izklju\u010dno iz visokokakovostnih EU materialov.","og:url":"https:\/\/maxyhome.si\/de\/product\/nadstresek-za-avto-m-3-5m\/","og:image":"https:\/\/maxyhome.si\/wp-content\/uploads\/2024\/02\/Prvovrstni-rastlinjaki_Maksi_DOm_Facebook.webp","og:image:secure_url":"https:\/\/maxyhome.si\/wp-content\/uploads\/2024\/02\/Prvovrstni-rastlinjaki_Maksi_DOm_Facebook.webp","og:image:width":1640,"og:image:height":924,"article:published_time":"2022-11-16T15:01:39+00:00","article:modified_time":"2024-05-23T10:26:52+00:00","article:publisher":"https:\/\/www.facebook.com\/MaxyhomeEU","twitter:card":"summary_large_image","twitter:title":"Nadstre\u0161ek za avto M-3.5m - Zanesljiva za\u0161\u010dita 365 dni","twitter:description":"Kovinski nadstre\u0161ek za dva avtomobila: polikarbonat ali kaljeno steklo. Nadstre\u0161ek za avto M-3.5m je izdelan izklju\u010dno iz visokokakovostnih EU materialov.","twitter:image":"https:\/\/maxyhome.si\/wp-content\/uploads\/2024\/02\/Prvovrstni-rastlinjaki_Maksi_DOm_Facebook.webp"},"aioseo_meta_data":{"post_id":"7868","title":"Nadstre\u0161ek za avto M-3.5m - Zanesljiva za\u0161\u010dita 365 dni","description":"Kovinski nadstre\u0161ek za dva avtomobila: polikarbonat ali kaljeno steklo. Nadstre\u0161ek za avto M-3.5m je izdelan izklju\u010dno iz visokokakovostnih EU materialov.","keywords":[],"keyphrases":{"focus":{"keyphrase":"Nadstre\u0161ek za avto M-3.5m","score":94,"analysis":{"keyphraseInTitle":{"score":9,"maxScore":9,"error":0},"keyphraseInDescription":{"score":9,"maxScore":9,"error":0},"keyphraseLength":{"score":6,"maxScore":9,"error":1,"length":5},"keyphraseInURL":{"score":5,"maxScore":5,"error":0},"keyphraseInIntroduction":{"score":9,"maxScore":9,"error":0},"keyphraseInSubHeadings":[],"keyphraseInImageAlt":[],"keywordDensity":{"type":"best","score":9,"maxScore":9,"error":0}}},"additional":[{"keyphrase":"kovinski nadstre\u0161ek","score":100,"analysis":{"keyphraseInDescription":{"score":9,"maxScore":9,"error":0},"keyphraseLength":{"score":9,"maxScore":9,"error":0,"length":3},"keyphraseInIntroduction":{"score":9,"maxScore":9,"error":0},"keyphraseInImageAlt":[],"keywordDensity":{"type":"best","score":9,"maxScore":9,"error":0}}},{"keyphrase":"nadstre\u0161ek za dva avtomobila","score":67,"analysis":{"keyphraseInDescription":{"score":9,"maxScore":9,"error":0},"keyphraseLength":{"score":6,"maxScore":9,"error":1,"length":5},"keyphraseInIntroduction":{"score":9,"maxScore":9,"error":0},"keyphraseInImageAlt":[],"keywordDensity":{"score":0,"type":"low","maxScore":9,"error":1}}},{"keyphrase":"konstrukcija za nadstre\u0161ek","score":42,"analysis":{"keyphraseInDescription":{"score":3,"maxScore":9,"error":1},"keyphraseLength":{"score":9,"maxScore":9,"error":0,"length":4},"keyphraseInIntroduction":{"score":3,"maxScore":9,"error":1},"keyphraseInImageAlt":[],"keywordDensity":{"score":0,"type":"low","maxScore":9,"error":1}}},{"keyphrase":"kritina za nadstre\u0161ek","score":42,"analysis":{"keyphraseInDescription":{"score":3,"maxScore":9,"error":1},"keyphraseLength":{"score":9,"maxScore":9,"error":0,"length":4},"keyphraseInIntroduction":{"score":3,"maxScore":9,"error":1},"keyphraseInImageAlt":[],"keywordDensity":{"score":0,"type":"low","maxScore":9,"error":1}}},{"keyphrase":"nadstre\u0161ek za avto","score":100,"analysis":{"keyphraseInDescription":{"score":9,"maxScore":9,"error":0},"keyphraseLength":{"score":9,"maxScore":9,"error":0,"length":4},"keyphraseInIntroduction":{"score":9,"maxScore":9,"error":0},"keyphraseInImageAlt":[],"keywordDensity":{"type":"best","score":9,"maxScore":9,"error":0}}},{"keyphrase":"stebri za nadstre\u0161ek","score":42,"analysis":{"keyphraseInDescription":{"score":3,"maxScore":9,"error":1},"keyphraseLength":{"score":9,"maxScore":9,"error":0,"length":4},"keyphraseInIntroduction":{"score":3,"maxScore":9,"error":1},"keyphraseInImageAlt":[],"keywordDensity":{"score":0,"type":"low","maxScore":9,"error":1}}},{"keyphrase":"kovinski stebri za nadstre\u0161ek","score":33,"analysis":{"keyphraseInDescription":{"score":3,"maxScore":9,"error":1},"keyphraseLength":{"score":6,"maxScore":9,"error":1,"length":5},"keyphraseInIntroduction":{"score":3,"maxScore":9,"error":1},"keyphraseInImageAlt":[],"keywordDensity":{"score":0,"type":"low","maxScore":9,"error":1}}},{"keyphrase":"nadstre\u0161ek ob hi\u0161i","score":33,"analysis":{"keyphraseInDescription":{"score":3,"maxScore":9,"error":1},"keyphraseLength":{"score":6,"maxScore":9,"error":1,"length":5},"keyphraseInIntroduction":{"score":3,"maxScore":9,"error":1},"keyphraseInImageAlt":[],"keywordDensity":{"score":0,"type":"low","maxScore":9,"error":1}}},{"keyphrase":"leseni nadstre\u0161ki","score":42,"analysis":{"keyphraseInDescription":{"score":3,"maxScore":9,"error":1},"keyphraseLength":{"score":9,"maxScore":9,"error":0,"length":3},"keyphraseInIntroduction":{"score":3,"maxScore":9,"error":1},"keyphraseInImageAlt":[],"keywordDensity":{"score":0,"type":"low","maxScore":9,"error":1}}}]},"primary_term":null,"canonical_url":null,"og_title":null,"og_description":null,"og_object_type":"default","og_image_type":"default","og_image_url":null,"og_image_width":null,"og_image_height":null,"og_image_custom_url":null,"og_image_custom_fields":null,"og_video":"","og_custom_url":null,"og_article_section":null,"og_article_tags":[],"twitter_use_og":false,"twitter_card":"default","twitter_image_type":"default","twitter_image_url":null,"twitter_image_custom_url":null,"twitter_image_custom_fields":null,"twitter_title":null,"twitter_description":null,"schema":{"blockGraphs":[],"customGraphs":[],"default":{"data":{"Article":[],"Course":[],"Dataset":[],"FAQPage":[],"Movie":[],"Person":[],"Product":[],"ProductReview":[],"Car":[],"Recipe":[],"Service":[],"SoftwareApplication":[],"WebPage":[]},"graphName":"ItemPage","isEnabled":true},"graphs":[]},"schema_type":"default","schema_type_options":null,"pillar_content":false,"robots_default":true,"robots_noindex":false,"robots_noarchive":false,"robots_nosnippet":false,"robots_nofollow":false,"robots_noimageindex":false,"robots_noodp":false,"robots_notranslate":false,"robots_max_snippet":"-1","robots_max_videopreview":"-1","robots_max_imagepreview":"large","priority":null,"frequency":"default","local_seo":null,"seo_analyzer_scan_date":"2025-10-08 18:42:52","breadcrumb_settings":null,"limit_modified_date":false,"reviewed_by":null,"ai":null,"created":"2024-02-28 07:14:15","updated":"2025-10-08 18:42:52"},"aioseo_breadcrumb":"<div class=\"aioseo-breadcrumbs\"><span class=\"aioseo-breadcrumb\">\n\t<a href=\"https:\/\/maxyhome.si\/de\" title=\"Home\">Home<\/a>\n<\/span><span class=\"aioseo-breadcrumb-separator\">&raquo;<\/span><span class=\"aioseo-breadcrumb\">\n\t<a href=\"https:\/\/maxyhome.si\/de\/trgovina\/\" title=\"Trgovina\">Trgovina<\/a>\n<\/span><span class=\"aioseo-breadcrumb-separator\">&raquo;<\/span><span class=\"aioseo-breadcrumb\">\n\t<a href=\"https:\/\/maxyhome.si\/de\/product-category\/nadstreski-za-avtomobile\/\" title=\"Nadstre\u0161ki za avto\">Nadstre\u0161ki za avto<\/a>\n<\/span><span class=\"aioseo-breadcrumb-separator\">&raquo;<\/span><span class=\"aioseo-breadcrumb\">\n\tNadstre\u0161ek za avto M-3,5 m\n<\/span><\/div>","aioseo_breadcrumb_json":[{"label":"Home","link":"https:\/\/maxyhome.si\/de"},{"label":"Trgovina","link":"https:\/\/maxyhome.si\/de\/trgovina\/"},{"label":"Nadstre\u0161ki za avto","link":"https:\/\/maxyhome.si\/de\/product-category\/nadstreski-za-avtomobile\/"},{"label":"Nadstre\u0161ek za avto M-3,5 m","link":"https:\/\/maxyhome.si\/de\/product\/nadstresek-za-avto-m-3-5m\/"}],"_links":{"self":[{"href":"https:\/\/maxyhome.si\/de\/wp-json\/wp\/v2\/product\/7868","targetHints":{"allow":["GET"]}}],"collection":[{"href":"https:\/\/maxyhome.si\/de\/wp-json\/wp\/v2\/product"}],"about":[{"href":"https:\/\/maxyhome.si\/de\/wp-json\/wp\/v2\/types\/product"}],"replies":[{"embeddable":true,"href":"https:\/\/maxyhome.si\/de\/wp-json\/wp\/v2\/comments?post=7868"}],"version-history":[{"count":13,"href":"https:\/\/maxyhome.si\/de\/wp-json\/wp\/v2\/product\/7868\/revisions"}],"predecessor-version":[{"id":10731,"href":"https:\/\/maxyhome.si\/de\/wp-json\/wp\/v2\/product\/7868\/revisions\/10731"}],"wp:featuredmedia":[{"embeddable":true,"href":"https:\/\/maxyhome.si\/de\/wp-json\/wp\/v2\/media\/8728"}],"wp:attachment":[{"href":"https:\/\/maxyhome.si\/de\/wp-json\/wp\/v2\/media?parent=7868"}],"wp:term":[{"taxonomy":"product_brand","embeddable":true,"href":"https:\/\/maxyhome.si\/de\/wp-json\/wp\/v2\/product_brand?post=7868"},{"taxonomy":"product_cat","embeddable":true,"href":"https:\/\/maxyhome.si\/de\/wp-json\/wp\/v2\/product_cat?post=7868"},{"taxonomy":"product_tag","embeddable":true,"href":"https:\/\/maxyhome.si\/de\/wp-json\/wp\/v2\/product_tag?post=7868"}],"curies":[{"name":"wp","href":"https:\/\/api.w.org\/{rel}","templated":true}]}}