{"id":7881,"date":"2022-11-18T11:11:59","date_gmt":"2022-11-18T11:11:59","guid":{"rendered":"https:\/\/maxyhome.si\/izdelek\/maxy-harmony-24-m-x-24-m\/"},"modified":"2024-05-23T10:25:43","modified_gmt":"2024-05-23T10:25:43","slug":"maxy-harmony-24-m-x-24-m","status":"publish","type":"product","link":"https:\/\/maxyhome.si\/de\/product\/maxy-harmony-24-m-x-24-m\/","title":{"rendered":"Maxy Harmony: 2,4 m x 2,4 m"},"content":{"rendered":"<h4 style=\"text-align: center;\"><strong>Der Ger\u00e4teschuppen Maxy Harmony ist ein wirksamer Schutz f\u00fcr Ihr Hab und Gut vor schlechtem Wetter. Mit dem Ger\u00e4teschuppen Maxy wird Ihr Garten modern und aufger\u00e4umt!<\/strong><\/h4>\n<p>Maxy-Lagerschuppen sind eine kompakte, praktische und kosteng\u00fcnstige L\u00f6sung, um zus\u00e4tzlichen Stauraum f\u00fcr Ihre Sachen zu schaffen.<\/p>\n<p>Moderne Metallverkleidungen sehen neben jedem Haus, jeder Garage oder jedem Gewerberaum gro\u00dfartig aus. Dieser Schuppen ist ideal f\u00fcr die Aufbewahrung von M\u00fclleimern, Rasen- oder Gartenger\u00e4ten, Poolzubeh\u00f6r und mehr.<\/p>\n<p>Abmessungen: L\u00e4nge 2,41 m x Breite 2,29 m x H\u00f6he 2,01 m; Fl\u00e4che: 5,50m<sup>2<\/sup>. Rahmenma\u00dfe: 2,53 m x 2,42 m.<\/p>\n<h4 style=\"text-align: center;\"><strong>Die richtige L\u00f6sung f\u00fcr eine aufger\u00e4umte Umgebung und sichere Aufbewahrung Ihrer Habseligkeiten.<\/strong><\/h4>\n<p>Beste Wahl:<\/p>\n<ul>\n<li>Einfache Montage.<\/li>\n<li>Best\u00e4ndig gegen UV-Strahlen.<\/li>\n<li>Schutz vor F\u00e4ulnis, Insekten und extremen Wetterbedingungen.<\/li>\n<li>Hohes Satteldach zur einfachen Aufbewahrung von hohen Werkzeugen oder Gartenger\u00e4ten.<\/li>\n<li>Kompaktes und praktisches Design.<\/li>\n<li>F\u00fcr den Aufbau des Schuppens ist kein Fundament erforderlich.<\/li>\n<\/ul>\n<p style=\"text-align: left;\">Kostenlose Lieferung innerhalb der EU!<\/p>\n<h3><strong>Warum w\u00e4hlen?<\/strong><strong>A<\/strong><strong>Hast du einen Gartenschlauch, Maxy?<\/strong><\/h3>\n<h5>ZUVERL\u00c4SSIGE KONSTRUKTION<\/h5>\n<p>Der Schuppen besteht aus starkem Stahl mit einer Zinkbeschichtung, die witterungs- und korrosionsbest\u00e4ndig ist.<\/p>\n<p>Wandh\u00f6he: 170 cm<br \/>\nLaminierte T\u00fcr: 111 x 176 cm.<br \/>\nT\u00fcrtyp: Schiebet\u00fcr<br \/>\nMaterial: verzinkter Stahl<br \/>\nBlechst\u00e4rke: 0,23 mm.<br \/>\nFarbe: hellgrau<\/p>\n<h5>EINFACHE MONTAGE<\/h5>\n<p>Um einen Schuppen zu errichten, ben\u00f6tigen Sie kein Fundament. Bodensockel nicht im Lieferumfang enthalten.<\/p>\n<p>Vollst\u00e4ndig geschnittene und vorgebohrte Teile erleichtern und beschleunigen die Montage.<\/p>\n<h4 style=\"text-align: center;\">Organisieren und verstauen Sie Ihre Sachen in der Maxy Harmony Gartentasche!<\/h4>\n<p>Ungef\u00e4hre Lieferzeit: 7-14 Tage.<\/p>\n<p>F\u00fcr EU-L\u00e4nder gilt die kostenfreie Lieferung. F\u00fcr Lieferungen au\u00dferhalb der EU kontaktieren Sie uns bitte.<\/p>","protected":false},"excerpt":{"rendered":"<ol>\n<li><strong>Kompaktes und funktionales Design<\/strong>: Der Maxy-Gartenschuppen ist ein mittelgro\u00dfer und funktionaler Gartenschuppen zur Aufbewahrung von Werkzeugen, Fahrr\u00e4dern oder pers\u00f6nlichen Gegenst\u00e4nden.<\/li>\n<li><strong>Starke und langlebige Konstruktion<\/strong>: Hergestellt aus starkem Stahl mit einer Zinkbeschichtung, die Witterungsbest\u00e4ndigkeit und Langzeitgebrauch gew\u00e4hrleistet.<\/li>\n<li><strong>Einfache Montage<\/strong>: Der Uta ist f\u00fcr eine schnelle Montage konzipiert und verf\u00fcgt \u00fcber vorgebohrte und geschnittene Teile f\u00fcr eine einfache Installation.<\/li>\n<li><strong>Mehrzweckgebrauch<\/strong>: Idealer Stauraum f\u00fcr M\u00fclleimer, Gartenger\u00e4te, Poolzubeh\u00f6r oder Brennholz.<\/li>\n<\/ol>","protected":false},"featured_media":8577,"comment_status":"open","ping_status":"closed","template":"","meta":{"_monsterinsights_skip_tracking":false,"_monsterinsights_sitenote_active":false,"_monsterinsights_sitenote_note":"","_monsterinsights_sitenote_category":0},"product_brand":[],"product_cat":[57],"product_tag":[],"class_list":{"0":"post-7881","1":"product","2":"type-product","3":"status-publish","4":"has-post-thumbnail","6":"product_cat-vrtne-lope","8":"first","9":"instock","10":"sale","11":"taxable","12":"shipping-taxable","13":"purchasable","14":"product-type-simple"},"aioseo_notices":[],"aioseo_head":"\n\t\t<!-- All in One SEO Pro 4.9.6.2 - aioseo.com -->\n\t<meta name=\"description\" content=\"Kompaktna in Funkcionalna Zasnova: Vrtna uta Maxy je srednje velika in funkcionalna vrtna lopa za shranjevanje orodja, koles ali osebnih stvari. Mo\u010dna in Trajna Konstrukcija: Izdelana iz mo\u010dnega jekla s cinkovim premazom, kar zagotavlja odpornost na vremenske vplive in dolgotrajno uporabo. Enostavna Monta\u017ea: Uta je zasnovana za hitro sestavo, s predhodno izvrtanimi in razrezanimi deli, kar omogo\u010da enostavno postavitev. Ve\u010dnamenska Uporaba: Idealen prostor za shranjevanje zabojnikov za smeti, vrtnega orodja, pribora za bazen ali drv.\" \/>\n\t<meta name=\"robots\" content=\"max-image-preview:large\" \/>\n\t<meta name=\"google-site-verification\" content=\"Z9rvnbo9ip0NBVVGAbu4YfrfQ-Mg13t26DIfsx85Rbc\" \/>\n\t<link rel=\"canonical\" href=\"https:\/\/maxyhome.si\/de\/product\/maxy-harmony-24-m-x-24-m\/\" \/>\n\t<meta name=\"generator\" content=\"All in One SEO Pro (AIOSEO) 4.9.6.2\" \/>\n\t\t<meta property=\"og:locale\" content=\"de_DE\" \/>\n\t\t<meta property=\"og:site_name\" content=\"MaxyHome.si - Vse za Dom in Vrt\" \/>\n\t\t<meta property=\"og:type\" content=\"article\" \/>\n\t\t<meta property=\"og:title\" content=\"Vrtna uta Maxy Harmony: 2,4 m x 2,4 m - MaxyHome.si\" \/>\n\t\t<meta property=\"og:description\" content=\"Kompaktna in Funkcionalna Zasnova: Vrtna uta Maxy je srednje velika in funkcionalna vrtna lopa za shranjevanje orodja, koles ali osebnih stvari. Mo\u010dna in Trajna Konstrukcija: Izdelana iz mo\u010dnega jekla s cinkovim premazom, kar zagotavlja odpornost na vremenske vplive in dolgotrajno uporabo. Enostavna Monta\u017ea: Uta je zasnovana za hitro sestavo, s predhodno izvrtanimi in razrezanimi deli, kar omogo\u010da enostavno postavitev. Ve\u010dnamenska Uporaba: Idealen prostor za shranjevanje zabojnikov za smeti, vrtnega orodja, pribora za bazen ali drv.\" \/>\n\t\t<meta property=\"og:url\" content=\"https:\/\/maxyhome.si\/de\/product\/maxy-harmony-24-m-x-24-m\/\" \/>\n\t\t<meta property=\"og:image\" content=\"https:\/\/maxyhome.si\/wp-content\/uploads\/2024\/02\/Prvovrstni-rastlinjaki_Maksi_DOm_Facebook.webp\" \/>\n\t\t<meta property=\"og:image:secure_url\" content=\"https:\/\/maxyhome.si\/wp-content\/uploads\/2024\/02\/Prvovrstni-rastlinjaki_Maksi_DOm_Facebook.webp\" \/>\n\t\t<meta property=\"og:image:width\" content=\"1640\" \/>\n\t\t<meta property=\"og:image:height\" content=\"924\" \/>\n\t\t<meta property=\"article:published_time\" content=\"2022-11-18T11:11:59+00:00\" \/>\n\t\t<meta property=\"article:modified_time\" content=\"2024-05-23T10:25:43+00:00\" \/>\n\t\t<meta property=\"article:publisher\" content=\"https:\/\/www.facebook.com\/MaxyhomeEU\" \/>\n\t\t<meta name=\"twitter:card\" content=\"summary_large_image\" \/>\n\t\t<meta name=\"twitter:title\" content=\"Vrtna uta Maxy Harmony: 2,4 m x 2,4 m - MaxyHome.si\" \/>\n\t\t<meta name=\"twitter:description\" content=\"Kompaktna in Funkcionalna Zasnova: Vrtna uta Maxy je srednje velika in funkcionalna vrtna lopa za shranjevanje orodja, koles ali osebnih stvari. Mo\u010dna in Trajna Konstrukcija: Izdelana iz mo\u010dnega jekla s cinkovim premazom, kar zagotavlja odpornost na vremenske vplive in dolgotrajno uporabo. Enostavna Monta\u017ea: Uta je zasnovana za hitro sestavo, s predhodno izvrtanimi in razrezanimi deli, kar omogo\u010da enostavno postavitev. Ve\u010dnamenska Uporaba: Idealen prostor za shranjevanje zabojnikov za smeti, vrtnega orodja, pribora za bazen ali drv.\" \/>\n\t\t<meta name=\"twitter:image\" content=\"https:\/\/maxyhome.si\/wp-content\/uploads\/2024\/02\/Prvovrstni-rastlinjaki_Maksi_DOm_Facebook.webp\" \/>\n\t\t<script type=\"application\/ld+json\" class=\"aioseo-schema\">\n\t\t\t{\"@context\":\"https:\\\/\\\/schema.org\",\"@graph\":[{\"@type\":\"BreadcrumbList\",\"@id\":\"https:\\\/\\\/maxyhome.si\\\/de\\\/product\\\/maxy-harmony-24-m-x-24-m\\\/#breadcrumblist\",\"itemListElement\":[{\"@type\":\"ListItem\",\"@id\":\"https:\\\/\\\/maxyhome.si\\\/de#listItem\",\"position\":1,\"name\":\"Home\",\"item\":\"https:\\\/\\\/maxyhome.si\\\/de\",\"nextItem\":{\"@type\":\"ListItem\",\"@id\":\"https:\\\/\\\/maxyhome.si\\\/de\\\/trgovina\\\/#listItem\",\"name\":\"Trgovina\"}},{\"@type\":\"ListItem\",\"@id\":\"https:\\\/\\\/maxyhome.si\\\/de\\\/trgovina\\\/#listItem\",\"position\":2,\"name\":\"Trgovina\",\"item\":\"https:\\\/\\\/maxyhome.si\\\/de\\\/trgovina\\\/\",\"nextItem\":{\"@type\":\"ListItem\",\"@id\":\"https:\\\/\\\/maxyhome.si\\\/de\\\/product-category\\\/vrtne-lope\\\/#listItem\",\"name\":\"Vrtne lope\"},\"previousItem\":{\"@type\":\"ListItem\",\"@id\":\"https:\\\/\\\/maxyhome.si\\\/de#listItem\",\"name\":\"Home\"}},{\"@type\":\"ListItem\",\"@id\":\"https:\\\/\\\/maxyhome.si\\\/de\\\/product-category\\\/vrtne-lope\\\/#listItem\",\"position\":3,\"name\":\"Vrtne lope\",\"item\":\"https:\\\/\\\/maxyhome.si\\\/de\\\/product-category\\\/vrtne-lope\\\/\",\"nextItem\":{\"@type\":\"ListItem\",\"@id\":\"https:\\\/\\\/maxyhome.si\\\/de\\\/product\\\/maxy-harmony-24-m-x-24-m\\\/#listItem\",\"name\":\"Vrtna uta Maxy Harmony: 2,4 m x 2,4 m\"},\"previousItem\":{\"@type\":\"ListItem\",\"@id\":\"https:\\\/\\\/maxyhome.si\\\/de\\\/trgovina\\\/#listItem\",\"name\":\"Trgovina\"}},{\"@type\":\"ListItem\",\"@id\":\"https:\\\/\\\/maxyhome.si\\\/de\\\/product\\\/maxy-harmony-24-m-x-24-m\\\/#listItem\",\"position\":4,\"name\":\"Vrtna uta Maxy Harmony: 2,4 m x 2,4 m\",\"previousItem\":{\"@type\":\"ListItem\",\"@id\":\"https:\\\/\\\/maxyhome.si\\\/de\\\/product-category\\\/vrtne-lope\\\/#listItem\",\"name\":\"Vrtne lope\"}}]},{\"@type\":\"ItemPage\",\"@id\":\"https:\\\/\\\/maxyhome.si\\\/de\\\/product\\\/maxy-harmony-24-m-x-24-m\\\/#itempage\",\"url\":\"https:\\\/\\\/maxyhome.si\\\/de\\\/product\\\/maxy-harmony-24-m-x-24-m\\\/\",\"name\":\"Vrtna uta Maxy Harmony: 2,4 m x 2,4 m - MaxyHome.si\",\"description\":\"Kompaktna in Funkcionalna Zasnova: Vrtna uta Maxy je srednje velika in funkcionalna vrtna lopa za shranjevanje orodja, koles ali osebnih stvari. Mo\\u010dna in Trajna Konstrukcija: Izdelana iz mo\\u010dnega jekla s cinkovim premazom, kar zagotavlja odpornost na vremenske vplive in dolgotrajno uporabo. Enostavna Monta\\u017ea: Uta je zasnovana za hitro sestavo, s predhodno izvrtanimi in razrezanimi deli, kar omogo\\u010da enostavno postavitev. Ve\\u010dnamenska Uporaba: Idealen prostor za shranjevanje zabojnikov za smeti, vrtnega orodja, pribora za bazen ali drv.\",\"inLanguage\":\"de-DE\",\"isPartOf\":{\"@id\":\"https:\\\/\\\/maxyhome.si\\\/de\\\/#website\"},\"breadcrumb\":{\"@id\":\"https:\\\/\\\/maxyhome.si\\\/de\\\/product\\\/maxy-harmony-24-m-x-24-m\\\/#breadcrumblist\"},\"image\":{\"@type\":\"ImageObject\",\"url\":\"https:\\\/\\\/maxyhome.si\\\/wp-content\\\/uploads\\\/2022\\\/11\\\/Maxy_Harmony_24m_x_24m_1.webp\",\"@id\":\"https:\\\/\\\/maxyhome.si\\\/de\\\/product\\\/maxy-harmony-24-m-x-24-m\\\/#mainImage\",\"width\":1200,\"height\":1200},\"primaryImageOfPage\":{\"@id\":\"https:\\\/\\\/maxyhome.si\\\/de\\\/product\\\/maxy-harmony-24-m-x-24-m\\\/#mainImage\"},\"datePublished\":\"2022-11-18T11:11:59+00:00\",\"dateModified\":\"2024-05-23T10:25:43+00:00\"},{\"@type\":\"Organization\",\"@id\":\"https:\\\/\\\/maxyhome.si\\\/de\\\/#organization\",\"name\":\"Lorin6 d.o.o.\",\"description\":\"Vse za Dom in Vrt\",\"url\":\"https:\\\/\\\/maxyhome.si\\\/de\\\/\",\"email\":\"info@maxyhome.eu\",\"telephone\":\"+38641537010\",\"logo\":{\"@type\":\"ImageObject\",\"url\":\"https:\\\/\\\/maxyhome.si\\\/wp-content\\\/uploads\\\/2024\\\/02\\\/cropped-Maxyhome_si_logotip.png\",\"@id\":\"https:\\\/\\\/maxyhome.si\\\/de\\\/product\\\/maxy-harmony-24-m-x-24-m\\\/#organizationLogo\",\"width\":470,\"height\":77},\"image\":{\"@id\":\"https:\\\/\\\/maxyhome.si\\\/de\\\/product\\\/maxy-harmony-24-m-x-24-m\\\/#organizationLogo\"},\"sameAs\":[\"https:\\\/\\\/www.facebook.com\\\/MaxyhomeEU\",\"https:\\\/\\\/www.instagram.com\\\/maksidom.si\\\/\"],\"address\":{\"@id\":\"https:\\\/\\\/maxyhome.si\\\/de\\\/#postaladdress\",\"@type\":\"PostalAddress\",\"streetAddress\":\"BE\\u017dIGRAJSKA CESTA 9, Lorin6 d.o.o.\",\"postalCode\":\"3000\",\"addressLocality\":\"Celje\",\"addressCountry\":\"SI\"},\"vatID\":\"SI62505319\"},{\"@type\":\"WebPage\",\"@id\":\"https:\\\/\\\/maxyhome.si\\\/de\\\/product\\\/maxy-harmony-24-m-x-24-m\\\/#webpage\",\"url\":\"https:\\\/\\\/maxyhome.si\\\/de\\\/product\\\/maxy-harmony-24-m-x-24-m\\\/\",\"name\":\"Vrtna uta Maxy Harmony: 2,4 m x 2,4 m - MaxyHome.si\",\"description\":\"Kompaktna in Funkcionalna Zasnova: Vrtna uta Maxy je srednje velika in funkcionalna vrtna lopa za shranjevanje orodja, koles ali osebnih stvari. Mo\\u010dna in Trajna Konstrukcija: Izdelana iz mo\\u010dnega jekla s cinkovim premazom, kar zagotavlja odpornost na vremenske vplive in dolgotrajno uporabo. Enostavna Monta\\u017ea: Uta je zasnovana za hitro sestavo, s predhodno izvrtanimi in razrezanimi deli, kar omogo\\u010da enostavno postavitev. Ve\\u010dnamenska Uporaba: Idealen prostor za shranjevanje zabojnikov za smeti, vrtnega orodja, pribora za bazen ali drv.\",\"inLanguage\":\"de-DE\",\"isPartOf\":{\"@id\":\"https:\\\/\\\/maxyhome.si\\\/de\\\/#website\"},\"breadcrumb\":{\"@id\":\"https:\\\/\\\/maxyhome.si\\\/de\\\/product\\\/maxy-harmony-24-m-x-24-m\\\/#breadcrumblist\"},\"image\":{\"@type\":\"ImageObject\",\"url\":\"https:\\\/\\\/maxyhome.si\\\/wp-content\\\/uploads\\\/2022\\\/11\\\/Maxy_Harmony_24m_x_24m_1.webp\",\"@id\":\"https:\\\/\\\/maxyhome.si\\\/de\\\/product\\\/maxy-harmony-24-m-x-24-m\\\/#mainImage\",\"width\":1200,\"height\":1200},\"primaryImageOfPage\":{\"@id\":\"https:\\\/\\\/maxyhome.si\\\/de\\\/product\\\/maxy-harmony-24-m-x-24-m\\\/#mainImage\"},\"datePublished\":\"2022-11-18T11:11:59+00:00\",\"dateModified\":\"2024-05-23T10:25:43+00:00\"},{\"@type\":\"WebSite\",\"@id\":\"https:\\\/\\\/maxyhome.si\\\/de\\\/#website\",\"url\":\"https:\\\/\\\/maxyhome.si\\\/de\\\/\",\"name\":\"MaxyHome\",\"description\":\"Vse za Dom in Vrt\",\"inLanguage\":\"de-DE\",\"publisher\":{\"@id\":\"https:\\\/\\\/maxyhome.si\\\/de\\\/#organization\"}}]}\n\t\t<\/script>\n\t\t<!-- All in One SEO Pro -->\r\n\t\t<title>Vrtna uta Maxy Harmony: 2,4 m x 2,4 m - MaxyHome.si<\/title>\n\n","aioseo_head_json":{"title":"Vrtna uta Maxy Harmony: 2,4 m x 2,4 m - MaxyHome.si","description":"Kompaktna in Funkcionalna Zasnova: Vrtna uta Maxy je srednje velika in funkcionalna vrtna lopa za shranjevanje orodja, koles ali osebnih stvari. Mo\u010dna in Trajna Konstrukcija: Izdelana iz mo\u010dnega jekla s cinkovim premazom, kar zagotavlja odpornost na vremenske vplive in dolgotrajno uporabo. Enostavna Monta\u017ea: Uta je zasnovana za hitro sestavo, s predhodno izvrtanimi in razrezanimi deli, kar omogo\u010da enostavno postavitev. Ve\u010dnamenska Uporaba: Idealen prostor za shranjevanje zabojnikov za smeti, vrtnega orodja, pribora za bazen ali drv.","canonical_url":"https:\/\/maxyhome.si\/de\/product\/maxy-harmony-24-m-x-24-m\/","robots":"max-image-preview:large","keywords":"","webmasterTools":{"google-site-verification":"Z9rvnbo9ip0NBVVGAbu4YfrfQ-Mg13t26DIfsx85Rbc","miscellaneous":""},"schema":{"@context":"https:\/\/schema.org","@graph":[{"@type":"BreadcrumbList","@id":"https:\/\/maxyhome.si\/de\/product\/maxy-harmony-24-m-x-24-m\/#breadcrumblist","itemListElement":[{"@type":"ListItem","@id":"https:\/\/maxyhome.si\/de#listItem","position":1,"name":"Home","item":"https:\/\/maxyhome.si\/de","nextItem":{"@type":"ListItem","@id":"https:\/\/maxyhome.si\/de\/trgovina\/#listItem","name":"Trgovina"}},{"@type":"ListItem","@id":"https:\/\/maxyhome.si\/de\/trgovina\/#listItem","position":2,"name":"Trgovina","item":"https:\/\/maxyhome.si\/de\/trgovina\/","nextItem":{"@type":"ListItem","@id":"https:\/\/maxyhome.si\/de\/product-category\/vrtne-lope\/#listItem","name":"Vrtne lope"},"previousItem":{"@type":"ListItem","@id":"https:\/\/maxyhome.si\/de#listItem","name":"Home"}},{"@type":"ListItem","@id":"https:\/\/maxyhome.si\/de\/product-category\/vrtne-lope\/#listItem","position":3,"name":"Vrtne lope","item":"https:\/\/maxyhome.si\/de\/product-category\/vrtne-lope\/","nextItem":{"@type":"ListItem","@id":"https:\/\/maxyhome.si\/de\/product\/maxy-harmony-24-m-x-24-m\/#listItem","name":"Vrtna uta Maxy Harmony: 2,4 m x 2,4 m"},"previousItem":{"@type":"ListItem","@id":"https:\/\/maxyhome.si\/de\/trgovina\/#listItem","name":"Trgovina"}},{"@type":"ListItem","@id":"https:\/\/maxyhome.si\/de\/product\/maxy-harmony-24-m-x-24-m\/#listItem","position":4,"name":"Vrtna uta Maxy Harmony: 2,4 m x 2,4 m","previousItem":{"@type":"ListItem","@id":"https:\/\/maxyhome.si\/de\/product-category\/vrtne-lope\/#listItem","name":"Vrtne lope"}}]},{"@type":"ItemPage","@id":"https:\/\/maxyhome.si\/de\/product\/maxy-harmony-24-m-x-24-m\/#itempage","url":"https:\/\/maxyhome.si\/de\/product\/maxy-harmony-24-m-x-24-m\/","name":"Vrtna uta Maxy Harmony: 2,4 m x 2,4 m - MaxyHome.si","description":"Kompaktna in Funkcionalna Zasnova: Vrtna uta Maxy je srednje velika in funkcionalna vrtna lopa za shranjevanje orodja, koles ali osebnih stvari. Mo\u010dna in Trajna Konstrukcija: Izdelana iz mo\u010dnega jekla s cinkovim premazom, kar zagotavlja odpornost na vremenske vplive in dolgotrajno uporabo. Enostavna Monta\u017ea: Uta je zasnovana za hitro sestavo, s predhodno izvrtanimi in razrezanimi deli, kar omogo\u010da enostavno postavitev. Ve\u010dnamenska Uporaba: Idealen prostor za shranjevanje zabojnikov za smeti, vrtnega orodja, pribora za bazen ali drv.","inLanguage":"de-DE","isPartOf":{"@id":"https:\/\/maxyhome.si\/de\/#website"},"breadcrumb":{"@id":"https:\/\/maxyhome.si\/de\/product\/maxy-harmony-24-m-x-24-m\/#breadcrumblist"},"image":{"@type":"ImageObject","url":"https:\/\/maxyhome.si\/wp-content\/uploads\/2022\/11\/Maxy_Harmony_24m_x_24m_1.webp","@id":"https:\/\/maxyhome.si\/de\/product\/maxy-harmony-24-m-x-24-m\/#mainImage","width":1200,"height":1200},"primaryImageOfPage":{"@id":"https:\/\/maxyhome.si\/de\/product\/maxy-harmony-24-m-x-24-m\/#mainImage"},"datePublished":"2022-11-18T11:11:59+00:00","dateModified":"2024-05-23T10:25:43+00:00"},{"@type":"Organization","@id":"https:\/\/maxyhome.si\/de\/#organization","name":"Lorin6 d.o.o.","description":"Vse za Dom in Vrt","url":"https:\/\/maxyhome.si\/de\/","email":"info@maxyhome.eu","telephone":"+38641537010","logo":{"@type":"ImageObject","url":"https:\/\/maxyhome.si\/wp-content\/uploads\/2024\/02\/cropped-Maxyhome_si_logotip.png","@id":"https:\/\/maxyhome.si\/de\/product\/maxy-harmony-24-m-x-24-m\/#organizationLogo","width":470,"height":77},"image":{"@id":"https:\/\/maxyhome.si\/de\/product\/maxy-harmony-24-m-x-24-m\/#organizationLogo"},"sameAs":["https:\/\/www.facebook.com\/MaxyhomeEU","https:\/\/www.instagram.com\/maksidom.si\/"],"address":{"@id":"https:\/\/maxyhome.si\/de\/#postaladdress","@type":"PostalAddress","streetAddress":"BE\u017dIGRAJSKA CESTA 9, Lorin6 d.o.o.","postalCode":"3000","addressLocality":"Celje","addressCountry":"SI"},"vatID":"SI62505319"},{"@type":"WebPage","@id":"https:\/\/maxyhome.si\/de\/product\/maxy-harmony-24-m-x-24-m\/#webpage","url":"https:\/\/maxyhome.si\/de\/product\/maxy-harmony-24-m-x-24-m\/","name":"Vrtna uta Maxy Harmony: 2,4 m x 2,4 m - MaxyHome.si","description":"Kompaktna in Funkcionalna Zasnova: Vrtna uta Maxy je srednje velika in funkcionalna vrtna lopa za shranjevanje orodja, koles ali osebnih stvari. Mo\u010dna in Trajna Konstrukcija: Izdelana iz mo\u010dnega jekla s cinkovim premazom, kar zagotavlja odpornost na vremenske vplive in dolgotrajno uporabo. Enostavna Monta\u017ea: Uta je zasnovana za hitro sestavo, s predhodno izvrtanimi in razrezanimi deli, kar omogo\u010da enostavno postavitev. Ve\u010dnamenska Uporaba: Idealen prostor za shranjevanje zabojnikov za smeti, vrtnega orodja, pribora za bazen ali drv.","inLanguage":"de-DE","isPartOf":{"@id":"https:\/\/maxyhome.si\/de\/#website"},"breadcrumb":{"@id":"https:\/\/maxyhome.si\/de\/product\/maxy-harmony-24-m-x-24-m\/#breadcrumblist"},"image":{"@type":"ImageObject","url":"https:\/\/maxyhome.si\/wp-content\/uploads\/2022\/11\/Maxy_Harmony_24m_x_24m_1.webp","@id":"https:\/\/maxyhome.si\/de\/product\/maxy-harmony-24-m-x-24-m\/#mainImage","width":1200,"height":1200},"primaryImageOfPage":{"@id":"https:\/\/maxyhome.si\/de\/product\/maxy-harmony-24-m-x-24-m\/#mainImage"},"datePublished":"2022-11-18T11:11:59+00:00","dateModified":"2024-05-23T10:25:43+00:00"},{"@type":"WebSite","@id":"https:\/\/maxyhome.si\/de\/#website","url":"https:\/\/maxyhome.si\/de\/","name":"MaxyHome","description":"Vse za Dom in Vrt","inLanguage":"de-DE","publisher":{"@id":"https:\/\/maxyhome.si\/de\/#organization"}}]},"og:locale":"de_DE","og:site_name":"MaxyHome.si - Vse za Dom in Vrt","og:type":"article","og:title":"Vrtna uta Maxy Harmony: 2,4 m x 2,4 m - MaxyHome.si","og:description":"Kompaktna in Funkcionalna Zasnova: Vrtna uta Maxy je srednje velika in funkcionalna vrtna lopa za shranjevanje orodja, koles ali osebnih stvari. Mo\u010dna in Trajna Konstrukcija: Izdelana iz mo\u010dnega jekla s cinkovim premazom, kar zagotavlja odpornost na vremenske vplive in dolgotrajno uporabo. Enostavna Monta\u017ea: Uta je zasnovana za hitro sestavo, s predhodno izvrtanimi in razrezanimi deli, kar omogo\u010da enostavno postavitev. Ve\u010dnamenska Uporaba: Idealen prostor za shranjevanje zabojnikov za smeti, vrtnega orodja, pribora za bazen ali drv.","og:url":"https:\/\/maxyhome.si\/de\/product\/maxy-harmony-24-m-x-24-m\/","og:image":"https:\/\/maxyhome.si\/wp-content\/uploads\/2024\/02\/Prvovrstni-rastlinjaki_Maksi_DOm_Facebook.webp","og:image:secure_url":"https:\/\/maxyhome.si\/wp-content\/uploads\/2024\/02\/Prvovrstni-rastlinjaki_Maksi_DOm_Facebook.webp","og:image:width":1640,"og:image:height":924,"article:published_time":"2022-11-18T11:11:59+00:00","article:modified_time":"2024-05-23T10:25:43+00:00","article:publisher":"https:\/\/www.facebook.com\/MaxyhomeEU","twitter:card":"summary_large_image","twitter:title":"Vrtna uta Maxy Harmony: 2,4 m x 2,4 m - MaxyHome.si","twitter:description":"Kompaktna in Funkcionalna Zasnova: Vrtna uta Maxy je srednje velika in funkcionalna vrtna lopa za shranjevanje orodja, koles ali osebnih stvari. Mo\u010dna in Trajna Konstrukcija: Izdelana iz mo\u010dnega jekla s cinkovim premazom, kar zagotavlja odpornost na vremenske vplive in dolgotrajno uporabo. Enostavna Monta\u017ea: Uta je zasnovana za hitro sestavo, s predhodno izvrtanimi in razrezanimi deli, kar omogo\u010da enostavno postavitev. Ve\u010dnamenska Uporaba: Idealen prostor za shranjevanje zabojnikov za smeti, vrtnega orodja, pribora za bazen ali drv.","twitter:image":"https:\/\/maxyhome.si\/wp-content\/uploads\/2024\/02\/Prvovrstni-rastlinjaki_Maksi_DOm_Facebook.webp"},"aioseo_meta_data":{"post_id":"7881","title":null,"description":null,"keywords":null,"keyphrases":null,"primary_term":null,"canonical_url":null,"og_title":null,"og_description":null,"og_object_type":"default","og_image_type":"default","og_image_url":null,"og_image_width":null,"og_image_height":null,"og_image_custom_url":null,"og_image_custom_fields":null,"og_video":null,"og_custom_url":null,"og_article_section":null,"og_article_tags":null,"twitter_use_og":false,"twitter_card":"default","twitter_image_type":"default","twitter_image_url":null,"twitter_image_custom_url":null,"twitter_image_custom_fields":null,"twitter_title":null,"twitter_description":null,"schema":{"blockGraphs":[],"customGraphs":[],"default":{"data":{"Article":[],"Course":[],"Dataset":[],"FAQPage":[],"Movie":[],"Person":[],"Product":[],"ProductReview":[],"Car":[],"Recipe":[],"Service":[],"SoftwareApplication":[],"WebPage":[]},"graphName":"","isEnabled":true},"graphs":[]},"schema_type":"default","schema_type_options":null,"pillar_content":false,"robots_default":true,"robots_noindex":false,"robots_noarchive":false,"robots_nosnippet":false,"robots_nofollow":false,"robots_noimageindex":false,"robots_noodp":false,"robots_notranslate":false,"robots_max_snippet":null,"robots_max_videopreview":null,"robots_max_imagepreview":"large","priority":null,"frequency":null,"local_seo":null,"seo_analyzer_scan_date":"2025-10-08 18:45:27","breadcrumb_settings":null,"limit_modified_date":false,"reviewed_by":null,"ai":null,"created":"2024-02-28 07:14:15","updated":"2025-10-08 18:45:27"},"aioseo_breadcrumb":"<div class=\"aioseo-breadcrumbs\"><span class=\"aioseo-breadcrumb\">\n\t<a href=\"https:\/\/maxyhome.si\/de\" title=\"Home\">Home<\/a>\n<\/span><span class=\"aioseo-breadcrumb-separator\">&raquo;<\/span><span class=\"aioseo-breadcrumb\">\n\t<a href=\"https:\/\/maxyhome.si\/de\/trgovina\/\" title=\"Trgovina\">Trgovina<\/a>\n<\/span><span class=\"aioseo-breadcrumb-separator\">&raquo;<\/span><span class=\"aioseo-breadcrumb\">\n\t<a href=\"https:\/\/maxyhome.si\/de\/product-category\/vrtne-lope\/\" title=\"Vrtne lope\">Vrtne lope<\/a>\n<\/span><span class=\"aioseo-breadcrumb-separator\">&raquo;<\/span><span class=\"aioseo-breadcrumb\">\n\tVrtna uta Maxy Harmony: 2,4 m x 2,4 m\n<\/span><\/div>","aioseo_breadcrumb_json":[{"label":"Home","link":"https:\/\/maxyhome.si\/de"},{"label":"Trgovina","link":"https:\/\/maxyhome.si\/de\/trgovina\/"},{"label":"Vrtne lope","link":"https:\/\/maxyhome.si\/de\/product-category\/vrtne-lope\/"},{"label":"Vrtna uta Maxy Harmony: 2,4 m x 2,4 m","link":"https:\/\/maxyhome.si\/de\/product\/maxy-harmony-24-m-x-24-m\/"}],"_links":{"self":[{"href":"https:\/\/maxyhome.si\/de\/wp-json\/wp\/v2\/product\/7881","targetHints":{"allow":["GET"]}}],"collection":[{"href":"https:\/\/maxyhome.si\/de\/wp-json\/wp\/v2\/product"}],"about":[{"href":"https:\/\/maxyhome.si\/de\/wp-json\/wp\/v2\/types\/product"}],"replies":[{"embeddable":true,"href":"https:\/\/maxyhome.si\/de\/wp-json\/wp\/v2\/comments?post=7881"}],"version-history":[{"count":1,"href":"https:\/\/maxyhome.si\/de\/wp-json\/wp\/v2\/product\/7881\/revisions"}],"predecessor-version":[{"id":10501,"href":"https:\/\/maxyhome.si\/de\/wp-json\/wp\/v2\/product\/7881\/revisions\/10501"}],"wp:featuredmedia":[{"embeddable":true,"href":"https:\/\/maxyhome.si\/de\/wp-json\/wp\/v2\/media\/8577"}],"wp:attachment":[{"href":"https:\/\/maxyhome.si\/de\/wp-json\/wp\/v2\/media?parent=7881"}],"wp:term":[{"taxonomy":"product_brand","embeddable":true,"href":"https:\/\/maxyhome.si\/de\/wp-json\/wp\/v2\/product_brand?post=7881"},{"taxonomy":"product_cat","embeddable":true,"href":"https:\/\/maxyhome.si\/de\/wp-json\/wp\/v2\/product_cat?post=7881"},{"taxonomy":"product_tag","embeddable":true,"href":"https:\/\/maxyhome.si\/de\/wp-json\/wp\/v2\/product_tag?post=7881"}],"curies":[{"name":"wp","href":"https:\/\/api.w.org\/{rel}","templated":true}]}}