{"id":7897,"date":"2022-11-21T13:49:37","date_gmt":"2022-11-21T13:49:37","guid":{"rendered":"https:\/\/maxyhome.si\/izdelek\/skladiscni-sotor-maxy-3m-x-61m\/"},"modified":"2026-02-24T12:21:11","modified_gmt":"2026-02-24T12:21:11","slug":"skladiscni-sotor-30-x-61m","status":"publish","type":"product","link":"https:\/\/maxyhome.si\/de\/product\/skladiscni-sotor-30-x-61m\/","title":{"rendered":"Lagerzelt 3,0 x 6,1 m"},"content":{"rendered":"<p>Das 3,0 x 6,1 m gro\u00dfe Lagerzelt ist eine einfache L\u00f6sung zur Aufbewahrung Ihrer Werkzeuge, Ger\u00e4te oder anderer Gegenst\u00e4nde. Dieses vielseitige Zelt ist so konzipiert, dass es Schutz vor Witterungseinfl\u00fcssen bietet und eine sichere Lagerung drau\u00dfen oder drinnen erm\u00f6glicht. Es eignet sich f\u00fcr verschiedene Zwecke, beispielsweise als landwirtschaftliches Zelt oder als industrielles Lagerzelt.<\/p>\n<p>Das Maxy-Lagerzelt besteht aus hochwertigen Materialien, die Stabilit\u00e4t und Haltbarkeit gew\u00e4hrleisten. Die Konstruktion besteht aus verzinkten Stahlrohren, was die Stabilit\u00e4t und lange Lebensdauer des Zeltes erm\u00f6glicht. Die Leinwand besteht aus PVC-Material, das wasserdicht und UV-best\u00e4ndig ist und somit Schutz vor Regen, Schnee und Sonne bietet.<\/p>\n<h4><strong>Technische Eigenschaften des Lagerzeltes 3,0 x 6,1 m<\/strong><\/h4>\n<ul>\n<li><strong>Ma\u00dfe<\/strong>: Breite 3,00 m x L\u00e4nge 6,10 m x H\u00f6he 2,40 m<\/li>\n<li><strong>Bereich: <\/strong>18,30m\u00b2<\/li>\n<li><strong>Farbe<\/strong>: grau<\/li>\n<li><strong>T\u00fcrabmessungen<\/strong>: Breite unten 240 cm, H\u00f6he 190 cm, Breite oben 180 cm<\/li>\n<li><strong>Konstruktion<\/strong>: aus verzinkten Stahlrohren mit einem Durchmesser von 3,4 cm<\/li>\n<li><strong>Leinwand<\/strong>: aus 500 g\/m\u00b2 PVC-Material, wasserdicht und UV-best\u00e4ndig<\/li>\n<\/ul>\n<h4><strong>Merkmale des Lagerzeltes 3m x 6,1m<\/strong><\/h4>\n<ul>\n<li>Schnelle und einfache Montage ohne zus\u00e4tzliches Werkzeug.<\/li>\n<li>Doppelt\u00fcren mit Rei\u00dfverschluss f\u00fcr einfachen Zugang und sicheren Verschluss.<\/li>\n<li>Bel\u00fcftungs\u00f6ffnungen verhindern Kondensation und sorgen f\u00fcr Atmungsaktivit\u00e4t.<\/li>\n<li>Stabilisierungssysteme f\u00fcr zus\u00e4tzliche Sicherheit bei windigem Wetter.<\/li>\n<li>Multifunktionalit\u00e4t: Geeignet als Zelt zum Schutz von landwirtschaftlichen Maschinen und Nutzpflanzen, als Industriezelt zur Lagerung von Ger\u00e4ten und Materialien oder als tempor\u00e4res Lager auf Baustellen.<\/li>\n<\/ul>\n<h4><strong>Warum ein Maxy-Lagerzelt w\u00e4hlen?<\/strong><\/h4>\n<ul>\n<li>Robuste Konstruktion und hochwertige Materialien sorgen f\u00fcr eine lange Lebensdauer.<\/li>\n<li>Wasserdichtes und UV-best\u00e4ndiges PVC-Material sch\u00fctzt Ihre Artikel vor Witterungseinfl\u00fcssen.<\/li>\n<li>Dank der schnellen und einfachen Montage kann das Zelt \u00fcberall dort aufgestellt werden, wo Sie es ben\u00f6tigen.<\/li>\n<li>Stabilisierungssysteme sorgen f\u00fcr zus\u00e4tzliche Sicherheit und Stabilit\u00e4t.<\/li>\n<li>Eine ideale Wahl f\u00fcr Bauernzelte, Industriezelte und andere Lagerzwecke.<\/li>\n<\/ul>\n<p>Die Vielseitigkeit von Lagerzelten erm\u00f6glicht vielf\u00e4ltige M\u00f6glichkeiten der Lagerung und Organisation: Lagerung von Werkzeugen, Maschinen, Ger\u00e4ten, Gartenm\u00f6beln oder pers\u00f6nlichen Gegenst\u00e4nden.<\/p>\n<h5><strong>Bestellung und Lieferung<\/strong><\/h5>\n<p>Das Lagerzelt 3,0 x 6,1 m ist eine ausgezeichnete Wahl f\u00fcr alle, die eine einfache, aber zuverl\u00e4ssige L\u00f6sung f\u00fcr Lagerung und Schutz ben\u00f6tigen.<\/p>\n<p>Gesch\u00e4tzte Lieferzeit: 7-14 Tage. F\u00fcr Lieferungen au\u00dferhalb der EU kontaktieren Sie uns bitte f\u00fcr weitere Informationen.<\/p>\n<p>F\u00fcr weitere Informationen kontaktieren Sie uns unter info@maxyhome.eu oder +386 41 537 009.<\/p>\n<p>Sie k\u00f6nnen noch mehr Modelle von Lagerzelten finden <a href=\"https:\/\/maxyhome.si\/de\/produkt-kategorie\/skladiscni-sotori\/\">Hier<\/a>.<\/p>","protected":false},"excerpt":{"rendered":"<ul>\n<li><strong>Langlebige Konstruktion:<\/strong> Verzinkter Stahl f\u00fcr den Langzeitgebrauch.<\/li>\n<li><strong>Wasserdichte PVC-Leinwand:<\/strong> Sch\u00fctzt vor Regen, Schnee und UV-Strahlen.<\/li>\n<li><strong>Einfache Montage:<\/strong> Schnelle Installation ohne Fundament.<\/li>\n<li><strong>Mehrzwecknutzung:<\/strong> Ideal f\u00fcr den Lagerbedarf in der Landwirtschaft und Industrie.<\/li>\n<\/ul>","protected":false},"featured_media":10821,"comment_status":"open","ping_status":"closed","template":"","meta":{"_monsterinsights_skip_tracking":false,"_monsterinsights_sitenote_active":false,"_monsterinsights_sitenote_note":"","_monsterinsights_sitenote_category":0},"product_brand":[],"product_cat":[58],"product_tag":[],"class_list":{"0":"post-7897","1":"product","2":"type-product","3":"status-publish","4":"has-post-thumbnail","6":"product_cat-skladiscni-sotori","8":"first","9":"outofstock","10":"sale","11":"taxable","12":"shipping-taxable","13":"purchasable","14":"product-type-simple"},"aioseo_notices":[],"aioseo_head":"\n\t\t<!-- All in One SEO Pro 4.9.6.2 - aioseo.com -->\n\t<meta name=\"description\" content=\"Industrijski \u0161otor za varno skladi\u0161\u010denje orodja, strojev in opreme. Skladi\u0161\u010dni \u0161otor 3,0 x 6,1m je najbolj priljubljen kmetijski \u0161otor. Postavitev brez temeljev\" \/>\n\t<meta name=\"robots\" content=\"max-image-preview:large\" \/>\n\t<meta name=\"google-site-verification\" content=\"Z9rvnbo9ip0NBVVGAbu4YfrfQ-Mg13t26DIfsx85Rbc\" \/>\n\t<link rel=\"canonical\" href=\"https:\/\/maxyhome.si\/de\/product\/skladiscni-sotor-30-x-61m\/\" \/>\n\t<meta name=\"generator\" content=\"All in One SEO Pro (AIOSEO) 4.9.6.2\" \/>\n\t\t<meta property=\"og:locale\" content=\"de_DE\" \/>\n\t\t<meta property=\"og:site_name\" content=\"MaxyHome.si - Vse za Dom in Vrt\" \/>\n\t\t<meta property=\"og:type\" content=\"article\" \/>\n\t\t<meta property=\"og:title\" content=\"Skladi\u0161\u010dni \u0161otor 3,0 x 6,1m - Za kmetije in industrije\" \/>\n\t\t<meta property=\"og:description\" content=\"Industrijski \u0161otor za varno skladi\u0161\u010denje orodja, strojev in opreme. Skladi\u0161\u010dni \u0161otor 3,0 x 6,1m je najbolj priljubljen kmetijski \u0161otor. Postavitev brez temeljev\" \/>\n\t\t<meta property=\"og:url\" content=\"https:\/\/maxyhome.si\/de\/product\/skladiscni-sotor-30-x-61m\/\" \/>\n\t\t<meta property=\"og:image\" content=\"https:\/\/maxyhome.si\/wp-content\/uploads\/2024\/02\/Prvovrstni-rastlinjaki_Maksi_DOm_Facebook.webp\" \/>\n\t\t<meta property=\"og:image:secure_url\" content=\"https:\/\/maxyhome.si\/wp-content\/uploads\/2024\/02\/Prvovrstni-rastlinjaki_Maksi_DOm_Facebook.webp\" \/>\n\t\t<meta property=\"og:image:width\" content=\"1640\" \/>\n\t\t<meta property=\"og:image:height\" content=\"924\" \/>\n\t\t<meta property=\"article:published_time\" content=\"2022-11-21T13:49:37+00:00\" \/>\n\t\t<meta property=\"article:modified_time\" content=\"2026-02-24T12:21:11+00:00\" \/>\n\t\t<meta property=\"article:publisher\" content=\"https:\/\/www.facebook.com\/MaxyhomeEU\" \/>\n\t\t<meta name=\"twitter:card\" content=\"summary_large_image\" \/>\n\t\t<meta name=\"twitter:title\" content=\"Skladi\u0161\u010dni \u0161otor 3,0 x 6,1m - Za kmetije in industrije\" \/>\n\t\t<meta name=\"twitter:description\" content=\"Industrijski \u0161otor za varno skladi\u0161\u010denje orodja, strojev in opreme. Skladi\u0161\u010dni \u0161otor 3,0 x 6,1m je najbolj priljubljen kmetijski \u0161otor. Postavitev brez temeljev\" \/>\n\t\t<meta name=\"twitter:image\" content=\"https:\/\/maxyhome.si\/wp-content\/uploads\/2024\/02\/Prvovrstni-rastlinjaki_Maksi_DOm_Facebook.webp\" \/>\n\t\t<script type=\"application\/ld+json\" class=\"aioseo-schema\">\n\t\t\t{\"@context\":\"https:\\\/\\\/schema.org\",\"@graph\":[{\"@type\":\"BreadcrumbList\",\"@id\":\"https:\\\/\\\/maxyhome.si\\\/de\\\/product\\\/skladiscni-sotor-30-x-61m\\\/#breadcrumblist\",\"itemListElement\":[{\"@type\":\"ListItem\",\"@id\":\"https:\\\/\\\/maxyhome.si\\\/de#listItem\",\"position\":1,\"name\":\"Home\",\"item\":\"https:\\\/\\\/maxyhome.si\\\/de\",\"nextItem\":{\"@type\":\"ListItem\",\"@id\":\"https:\\\/\\\/maxyhome.si\\\/de\\\/trgovina\\\/#listItem\",\"name\":\"Trgovina\"}},{\"@type\":\"ListItem\",\"@id\":\"https:\\\/\\\/maxyhome.si\\\/de\\\/trgovina\\\/#listItem\",\"position\":2,\"name\":\"Trgovina\",\"item\":\"https:\\\/\\\/maxyhome.si\\\/de\\\/trgovina\\\/\",\"nextItem\":{\"@type\":\"ListItem\",\"@id\":\"https:\\\/\\\/maxyhome.si\\\/de\\\/product-category\\\/skladiscni-sotori\\\/#listItem\",\"name\":\"Skladi\\u0161\\u010dni \\u0161otori\"},\"previousItem\":{\"@type\":\"ListItem\",\"@id\":\"https:\\\/\\\/maxyhome.si\\\/de#listItem\",\"name\":\"Home\"}},{\"@type\":\"ListItem\",\"@id\":\"https:\\\/\\\/maxyhome.si\\\/de\\\/product-category\\\/skladiscni-sotori\\\/#listItem\",\"position\":3,\"name\":\"Skladi\\u0161\\u010dni \\u0161otori\",\"item\":\"https:\\\/\\\/maxyhome.si\\\/de\\\/product-category\\\/skladiscni-sotori\\\/\",\"nextItem\":{\"@type\":\"ListItem\",\"@id\":\"https:\\\/\\\/maxyhome.si\\\/de\\\/product\\\/skladiscni-sotor-30-x-61m\\\/#listItem\",\"name\":\"Skladi\\u0161\\u010dni \\u0161otor 3,0 x 6,1m\"},\"previousItem\":{\"@type\":\"ListItem\",\"@id\":\"https:\\\/\\\/maxyhome.si\\\/de\\\/trgovina\\\/#listItem\",\"name\":\"Trgovina\"}},{\"@type\":\"ListItem\",\"@id\":\"https:\\\/\\\/maxyhome.si\\\/de\\\/product\\\/skladiscni-sotor-30-x-61m\\\/#listItem\",\"position\":4,\"name\":\"Skladi\\u0161\\u010dni \\u0161otor 3,0 x 6,1m\",\"previousItem\":{\"@type\":\"ListItem\",\"@id\":\"https:\\\/\\\/maxyhome.si\\\/de\\\/product-category\\\/skladiscni-sotori\\\/#listItem\",\"name\":\"Skladi\\u0161\\u010dni \\u0161otori\"}}]},{\"@type\":\"ItemPage\",\"@id\":\"https:\\\/\\\/maxyhome.si\\\/de\\\/product\\\/skladiscni-sotor-30-x-61m\\\/#itempage\",\"url\":\"https:\\\/\\\/maxyhome.si\\\/de\\\/product\\\/skladiscni-sotor-30-x-61m\\\/\",\"name\":\"Skladi\\u0161\\u010dni \\u0161otor 3,0 x 6,1m - Za kmetije in industrije\",\"description\":\"Industrijski \\u0161otor za varno skladi\\u0161\\u010denje orodja, strojev in opreme. Skladi\\u0161\\u010dni \\u0161otor 3,0 x 6,1m je najbolj priljubljen kmetijski \\u0161otor. Postavitev brez temeljev\",\"inLanguage\":\"de-DE\",\"isPartOf\":{\"@id\":\"https:\\\/\\\/maxyhome.si\\\/de\\\/#website\"},\"breadcrumb\":{\"@id\":\"https:\\\/\\\/maxyhome.si\\\/de\\\/product\\\/skladiscni-sotor-30-x-61m\\\/#breadcrumblist\"},\"image\":{\"@type\":\"ImageObject\",\"url\":\"https:\\\/\\\/maxyhome.si\\\/wp-content\\\/uploads\\\/2022\\\/11\\\/skladiscni-sotor-3x61m-1200x1200_7.webp\",\"@id\":\"https:\\\/\\\/maxyhome.si\\\/de\\\/product\\\/skladiscni-sotor-30-x-61m\\\/#mainImage\",\"width\":1200,\"height\":1200},\"primaryImageOfPage\":{\"@id\":\"https:\\\/\\\/maxyhome.si\\\/de\\\/product\\\/skladiscni-sotor-30-x-61m\\\/#mainImage\"},\"datePublished\":\"2022-11-21T13:49:37+00:00\",\"dateModified\":\"2026-02-24T12:21:11+00:00\"},{\"@type\":\"Organization\",\"@id\":\"https:\\\/\\\/maxyhome.si\\\/de\\\/#organization\",\"name\":\"Lorin6 d.o.o.\",\"description\":\"Vse za Dom in Vrt\",\"url\":\"https:\\\/\\\/maxyhome.si\\\/de\\\/\",\"email\":\"info@maxyhome.eu\",\"telephone\":\"+38641537010\",\"logo\":{\"@type\":\"ImageObject\",\"url\":\"https:\\\/\\\/maxyhome.si\\\/wp-content\\\/uploads\\\/2024\\\/02\\\/cropped-Maxyhome_si_logotip.png\",\"@id\":\"https:\\\/\\\/maxyhome.si\\\/de\\\/product\\\/skladiscni-sotor-30-x-61m\\\/#organizationLogo\",\"width\":470,\"height\":77},\"image\":{\"@id\":\"https:\\\/\\\/maxyhome.si\\\/de\\\/product\\\/skladiscni-sotor-30-x-61m\\\/#organizationLogo\"},\"sameAs\":[\"https:\\\/\\\/www.facebook.com\\\/MaxyhomeEU\",\"https:\\\/\\\/www.instagram.com\\\/maksidom.si\\\/\"],\"address\":{\"@id\":\"https:\\\/\\\/maxyhome.si\\\/de\\\/#postaladdress\",\"@type\":\"PostalAddress\",\"streetAddress\":\"BE\\u017dIGRAJSKA CESTA 9, Lorin6 d.o.o.\",\"postalCode\":\"3000\",\"addressLocality\":\"Celje\",\"addressCountry\":\"SI\"},\"vatID\":\"SI62505319\"},{\"@type\":\"WebPage\",\"@id\":\"https:\\\/\\\/maxyhome.si\\\/de\\\/product\\\/skladiscni-sotor-30-x-61m\\\/#webpage\",\"url\":\"https:\\\/\\\/maxyhome.si\\\/de\\\/product\\\/skladiscni-sotor-30-x-61m\\\/\",\"name\":\"Skladi\\u0161\\u010dni \\u0161otor 3,0 x 6,1m - Za kmetije in industrije\",\"description\":\"Industrijski \\u0161otor za varno skladi\\u0161\\u010denje orodja, strojev in opreme. Skladi\\u0161\\u010dni \\u0161otor 3,0 x 6,1m je najbolj priljubljen kmetijski \\u0161otor. Postavitev brez temeljev\",\"inLanguage\":\"de-DE\",\"isPartOf\":{\"@id\":\"https:\\\/\\\/maxyhome.si\\\/de\\\/#website\"},\"breadcrumb\":{\"@id\":\"https:\\\/\\\/maxyhome.si\\\/de\\\/product\\\/skladiscni-sotor-30-x-61m\\\/#breadcrumblist\"},\"image\":{\"@type\":\"ImageObject\",\"url\":\"https:\\\/\\\/maxyhome.si\\\/wp-content\\\/uploads\\\/2022\\\/11\\\/skladiscni-sotor-3x61m-1200x1200_7.webp\",\"@id\":\"https:\\\/\\\/maxyhome.si\\\/de\\\/product\\\/skladiscni-sotor-30-x-61m\\\/#mainImage\",\"width\":1200,\"height\":1200},\"primaryImageOfPage\":{\"@id\":\"https:\\\/\\\/maxyhome.si\\\/de\\\/product\\\/skladiscni-sotor-30-x-61m\\\/#mainImage\"},\"datePublished\":\"2022-11-21T13:49:37+00:00\",\"dateModified\":\"2026-02-24T12:21:11+00:00\"},{\"@type\":\"WebSite\",\"@id\":\"https:\\\/\\\/maxyhome.si\\\/de\\\/#website\",\"url\":\"https:\\\/\\\/maxyhome.si\\\/de\\\/\",\"name\":\"MaxyHome\",\"description\":\"Vse za Dom in Vrt\",\"inLanguage\":\"de-DE\",\"publisher\":{\"@id\":\"https:\\\/\\\/maxyhome.si\\\/de\\\/#organization\"}}]}\n\t\t<\/script>\n\t\t<!-- All in One SEO Pro -->\r\n\t\t<title>Skladi\u0161\u010dni \u0161otor 3,0 x 6,1m - Za kmetije in industrije<\/title>\n\n","aioseo_head_json":{"title":"Skladi\u0161\u010dni \u0161otor 3,0 x 6,1m - Za kmetije in industrije","description":"Industrijski \u0161otor za varno skladi\u0161\u010denje orodja, strojev in opreme. Skladi\u0161\u010dni \u0161otor 3,0 x 6,1m je najbolj priljubljen kmetijski \u0161otor. Postavitev brez temeljev","canonical_url":"https:\/\/maxyhome.si\/de\/product\/skladiscni-sotor-30-x-61m\/","robots":"max-image-preview:large","keywords":"","webmasterTools":{"google-site-verification":"Z9rvnbo9ip0NBVVGAbu4YfrfQ-Mg13t26DIfsx85Rbc","miscellaneous":""},"schema":{"@context":"https:\/\/schema.org","@graph":[{"@type":"BreadcrumbList","@id":"https:\/\/maxyhome.si\/de\/product\/skladiscni-sotor-30-x-61m\/#breadcrumblist","itemListElement":[{"@type":"ListItem","@id":"https:\/\/maxyhome.si\/de#listItem","position":1,"name":"Home","item":"https:\/\/maxyhome.si\/de","nextItem":{"@type":"ListItem","@id":"https:\/\/maxyhome.si\/de\/trgovina\/#listItem","name":"Trgovina"}},{"@type":"ListItem","@id":"https:\/\/maxyhome.si\/de\/trgovina\/#listItem","position":2,"name":"Trgovina","item":"https:\/\/maxyhome.si\/de\/trgovina\/","nextItem":{"@type":"ListItem","@id":"https:\/\/maxyhome.si\/de\/product-category\/skladiscni-sotori\/#listItem","name":"Skladi\u0161\u010dni \u0161otori"},"previousItem":{"@type":"ListItem","@id":"https:\/\/maxyhome.si\/de#listItem","name":"Home"}},{"@type":"ListItem","@id":"https:\/\/maxyhome.si\/de\/product-category\/skladiscni-sotori\/#listItem","position":3,"name":"Skladi\u0161\u010dni \u0161otori","item":"https:\/\/maxyhome.si\/de\/product-category\/skladiscni-sotori\/","nextItem":{"@type":"ListItem","@id":"https:\/\/maxyhome.si\/de\/product\/skladiscni-sotor-30-x-61m\/#listItem","name":"Skladi\u0161\u010dni \u0161otor 3,0 x 6,1m"},"previousItem":{"@type":"ListItem","@id":"https:\/\/maxyhome.si\/de\/trgovina\/#listItem","name":"Trgovina"}},{"@type":"ListItem","@id":"https:\/\/maxyhome.si\/de\/product\/skladiscni-sotor-30-x-61m\/#listItem","position":4,"name":"Skladi\u0161\u010dni \u0161otor 3,0 x 6,1m","previousItem":{"@type":"ListItem","@id":"https:\/\/maxyhome.si\/de\/product-category\/skladiscni-sotori\/#listItem","name":"Skladi\u0161\u010dni \u0161otori"}}]},{"@type":"ItemPage","@id":"https:\/\/maxyhome.si\/de\/product\/skladiscni-sotor-30-x-61m\/#itempage","url":"https:\/\/maxyhome.si\/de\/product\/skladiscni-sotor-30-x-61m\/","name":"Skladi\u0161\u010dni \u0161otor 3,0 x 6,1m - Za kmetije in industrije","description":"Industrijski \u0161otor za varno skladi\u0161\u010denje orodja, strojev in opreme. Skladi\u0161\u010dni \u0161otor 3,0 x 6,1m je najbolj priljubljen kmetijski \u0161otor. Postavitev brez temeljev","inLanguage":"de-DE","isPartOf":{"@id":"https:\/\/maxyhome.si\/de\/#website"},"breadcrumb":{"@id":"https:\/\/maxyhome.si\/de\/product\/skladiscni-sotor-30-x-61m\/#breadcrumblist"},"image":{"@type":"ImageObject","url":"https:\/\/maxyhome.si\/wp-content\/uploads\/2022\/11\/skladiscni-sotor-3x61m-1200x1200_7.webp","@id":"https:\/\/maxyhome.si\/de\/product\/skladiscni-sotor-30-x-61m\/#mainImage","width":1200,"height":1200},"primaryImageOfPage":{"@id":"https:\/\/maxyhome.si\/de\/product\/skladiscni-sotor-30-x-61m\/#mainImage"},"datePublished":"2022-11-21T13:49:37+00:00","dateModified":"2026-02-24T12:21:11+00:00"},{"@type":"Organization","@id":"https:\/\/maxyhome.si\/de\/#organization","name":"Lorin6 d.o.o.","description":"Vse za Dom in Vrt","url":"https:\/\/maxyhome.si\/de\/","email":"info@maxyhome.eu","telephone":"+38641537010","logo":{"@type":"ImageObject","url":"https:\/\/maxyhome.si\/wp-content\/uploads\/2024\/02\/cropped-Maxyhome_si_logotip.png","@id":"https:\/\/maxyhome.si\/de\/product\/skladiscni-sotor-30-x-61m\/#organizationLogo","width":470,"height":77},"image":{"@id":"https:\/\/maxyhome.si\/de\/product\/skladiscni-sotor-30-x-61m\/#organizationLogo"},"sameAs":["https:\/\/www.facebook.com\/MaxyhomeEU","https:\/\/www.instagram.com\/maksidom.si\/"],"address":{"@id":"https:\/\/maxyhome.si\/de\/#postaladdress","@type":"PostalAddress","streetAddress":"BE\u017dIGRAJSKA CESTA 9, Lorin6 d.o.o.","postalCode":"3000","addressLocality":"Celje","addressCountry":"SI"},"vatID":"SI62505319"},{"@type":"WebPage","@id":"https:\/\/maxyhome.si\/de\/product\/skladiscni-sotor-30-x-61m\/#webpage","url":"https:\/\/maxyhome.si\/de\/product\/skladiscni-sotor-30-x-61m\/","name":"Skladi\u0161\u010dni \u0161otor 3,0 x 6,1m - Za kmetije in industrije","description":"Industrijski \u0161otor za varno skladi\u0161\u010denje orodja, strojev in opreme. Skladi\u0161\u010dni \u0161otor 3,0 x 6,1m je najbolj priljubljen kmetijski \u0161otor. Postavitev brez temeljev","inLanguage":"de-DE","isPartOf":{"@id":"https:\/\/maxyhome.si\/de\/#website"},"breadcrumb":{"@id":"https:\/\/maxyhome.si\/de\/product\/skladiscni-sotor-30-x-61m\/#breadcrumblist"},"image":{"@type":"ImageObject","url":"https:\/\/maxyhome.si\/wp-content\/uploads\/2022\/11\/skladiscni-sotor-3x61m-1200x1200_7.webp","@id":"https:\/\/maxyhome.si\/de\/product\/skladiscni-sotor-30-x-61m\/#mainImage","width":1200,"height":1200},"primaryImageOfPage":{"@id":"https:\/\/maxyhome.si\/de\/product\/skladiscni-sotor-30-x-61m\/#mainImage"},"datePublished":"2022-11-21T13:49:37+00:00","dateModified":"2026-02-24T12:21:11+00:00"},{"@type":"WebSite","@id":"https:\/\/maxyhome.si\/de\/#website","url":"https:\/\/maxyhome.si\/de\/","name":"MaxyHome","description":"Vse za Dom in Vrt","inLanguage":"de-DE","publisher":{"@id":"https:\/\/maxyhome.si\/de\/#organization"}}]},"og:locale":"de_DE","og:site_name":"MaxyHome.si - Vse za Dom in Vrt","og:type":"article","og:title":"Skladi\u0161\u010dni \u0161otor 3,0 x 6,1m - Za kmetije in industrije","og:description":"Industrijski \u0161otor za varno skladi\u0161\u010denje orodja, strojev in opreme. Skladi\u0161\u010dni \u0161otor 3,0 x 6,1m je najbolj priljubljen kmetijski \u0161otor. Postavitev brez temeljev","og:url":"https:\/\/maxyhome.si\/de\/product\/skladiscni-sotor-30-x-61m\/","og:image":"https:\/\/maxyhome.si\/wp-content\/uploads\/2024\/02\/Prvovrstni-rastlinjaki_Maksi_DOm_Facebook.webp","og:image:secure_url":"https:\/\/maxyhome.si\/wp-content\/uploads\/2024\/02\/Prvovrstni-rastlinjaki_Maksi_DOm_Facebook.webp","og:image:width":1640,"og:image:height":924,"article:published_time":"2022-11-21T13:49:37+00:00","article:modified_time":"2026-02-24T12:21:11+00:00","article:publisher":"https:\/\/www.facebook.com\/MaxyhomeEU","twitter:card":"summary_large_image","twitter:title":"Skladi\u0161\u010dni \u0161otor 3,0 x 6,1m - Za kmetije in industrije","twitter:description":"Industrijski \u0161otor za varno skladi\u0161\u010denje orodja, strojev in opreme. Skladi\u0161\u010dni \u0161otor 3,0 x 6,1m je najbolj priljubljen kmetijski \u0161otor. Postavitev brez temeljev","twitter:image":"https:\/\/maxyhome.si\/wp-content\/uploads\/2024\/02\/Prvovrstni-rastlinjaki_Maksi_DOm_Facebook.webp"},"aioseo_meta_data":{"post_id":"7897","title":"Skladi\u0161\u010dni \u0161otor 3,0 x 6,1m - Za kmetije in industrije","description":"Industrijski \u0161otor za varno skladi\u0161\u010denje orodja, strojev in opreme. Skladi\u0161\u010dni \u0161otor 3,0 x 6,1m je najbolj priljubljen kmetijski \u0161otor. Postavitev brez temeljev","keywords":null,"keyphrases":{"focus":{"keyphrase":"Skladi\u0161\u010dni \u0161otor 3,0 x 6,1m","score":94,"analysis":{"keyphraseInTitle":{"score":9,"maxScore":9,"error":0},"keyphraseInDescription":{"score":9,"maxScore":9,"error":0},"keyphraseLength":{"score":6,"maxScore":9,"error":1,"length":6},"keyphraseInURL":{"score":5,"maxScore":5,"error":0},"keyphraseInIntroduction":{"score":9,"maxScore":9,"error":0},"keyphraseInSubHeadings":[],"keyphraseInImageAlt":[],"keywordDensity":{"type":"best","score":9,"maxScore":9,"error":0}}},"additional":[{"keyphrase":"industrijski \u0161otor","score":58,"analysis":{"keyphraseInDescription":{"score":9,"maxScore":9,"error":0},"keyphraseLength":{"score":9,"maxScore":9,"error":0,"length":2},"keyphraseInIntroduction":{"score":3,"maxScore":9,"error":1},"keyphraseInImageAlt":[],"keywordDensity":{"score":0,"type":"low","maxScore":9,"error":1}}},{"keyphrase":"kmetijski \u0161otor","score":75,"analysis":{"keyphraseInDescription":{"score":9,"maxScore":9,"error":0},"keyphraseLength":{"score":9,"maxScore":9,"error":0,"length":2},"keyphraseInIntroduction":{"score":9,"maxScore":9,"error":0},"keyphraseInImageAlt":[],"keywordDensity":{"score":0,"type":"low","maxScore":9,"error":1}}},{"keyphrase":"skladi\u0161\u010de","score":67,"analysis":{"keyphraseInDescription":{"score":3,"maxScore":9,"error":1},"keyphraseLength":{"score":9,"maxScore":9,"error":0,"length":2},"keyphraseInIntroduction":{"score":3,"maxScore":9,"error":1},"keyphraseInImageAlt":[],"keywordDensity":{"type":"best","score":9,"maxScore":9,"error":0}}},{"keyphrase":"skladi\u0161\u010denje","score":58,"analysis":{"keyphraseInDescription":{"score":9,"maxScore":9,"error":0},"keyphraseLength":{"score":9,"maxScore":9,"error":0,"length":2},"keyphraseInIntroduction":{"score":3,"maxScore":9,"error":1},"keyphraseInImageAlt":[],"keywordDensity":{"score":0,"type":"low","maxScore":9,"error":1}}},{"keyphrase":"industrijski skladi\u0161\u010dni \u0161otor","score":58,"analysis":{"keyphraseInDescription":{"score":3,"maxScore":9,"error":1},"keyphraseLength":{"score":9,"maxScore":9,"error":0,"length":4},"keyphraseInIntroduction":{"score":9,"maxScore":9,"error":0},"keyphraseInImageAlt":[],"keywordDensity":{"score":0,"type":"low","maxScore":9,"error":1}}},{"keyphrase":"skladi\u0161\u010dni \u0161otor","score":100,"analysis":{"keyphraseInDescription":{"score":9,"maxScore":9,"error":0},"keyphraseLength":{"score":9,"maxScore":9,"error":0,"length":3},"keyphraseInIntroduction":{"score":9,"maxScore":9,"error":0},"keyphraseInImageAlt":[],"keywordDensity":{"type":"best","score":9,"maxScore":9,"error":0}}}]},"primary_term":null,"canonical_url":null,"og_title":null,"og_description":null,"og_object_type":"default","og_image_type":"default","og_image_url":null,"og_image_width":null,"og_image_height":null,"og_image_custom_url":null,"og_image_custom_fields":null,"og_video":"","og_custom_url":null,"og_article_section":null,"og_article_tags":null,"twitter_use_og":false,"twitter_card":"default","twitter_image_type":"default","twitter_image_url":null,"twitter_image_custom_url":null,"twitter_image_custom_fields":null,"twitter_title":null,"twitter_description":null,"schema":{"blockGraphs":[],"customGraphs":[],"default":{"data":{"Article":[],"Course":[],"Dataset":[],"FAQPage":[],"Movie":[],"Person":[],"Product":[],"ProductReview":[],"Car":[],"Recipe":[],"Service":[],"SoftwareApplication":[],"WebPage":[]},"graphName":"WebPage","isEnabled":true},"graphs":[]},"schema_type":"default","schema_type_options":null,"pillar_content":false,"robots_default":true,"robots_noindex":false,"robots_noarchive":false,"robots_nosnippet":false,"robots_nofollow":false,"robots_noimageindex":false,"robots_noodp":false,"robots_notranslate":false,"robots_max_snippet":"-1","robots_max_videopreview":"-1","robots_max_imagepreview":"large","priority":null,"frequency":"default","local_seo":null,"seo_analyzer_scan_date":"2025-10-08 18:48:32","breadcrumb_settings":null,"limit_modified_date":false,"reviewed_by":null,"ai":null,"created":"2024-02-28 07:14:15","updated":"2026-02-24 12:33:42"},"aioseo_breadcrumb":"<div class=\"aioseo-breadcrumbs\"><span class=\"aioseo-breadcrumb\">\n\t<a href=\"https:\/\/maxyhome.si\/de\" title=\"Home\">Home<\/a>\n<\/span><span class=\"aioseo-breadcrumb-separator\">&raquo;<\/span><span class=\"aioseo-breadcrumb\">\n\t<a href=\"https:\/\/maxyhome.si\/de\/trgovina\/\" title=\"Trgovina\">Trgovina<\/a>\n<\/span><span class=\"aioseo-breadcrumb-separator\">&raquo;<\/span><span class=\"aioseo-breadcrumb\">\n\t<a href=\"https:\/\/maxyhome.si\/de\/product-category\/skladiscni-sotori\/\" title=\"Skladi\u0161\u010dni \u0161otori\">Skladi\u0161\u010dni \u0161otori<\/a>\n<\/span><span class=\"aioseo-breadcrumb-separator\">&raquo;<\/span><span class=\"aioseo-breadcrumb\">\n\tSkladi\u0161\u010dni \u0161otor 3,0 x 6,1m\n<\/span><\/div>","aioseo_breadcrumb_json":[{"label":"Home","link":"https:\/\/maxyhome.si\/de"},{"label":"Trgovina","link":"https:\/\/maxyhome.si\/de\/trgovina\/"},{"label":"Skladi\u0161\u010dni \u0161otori","link":"https:\/\/maxyhome.si\/de\/product-category\/skladiscni-sotori\/"},{"label":"Skladi\u0161\u010dni \u0161otor 3,0 x 6,1m","link":"https:\/\/maxyhome.si\/de\/product\/skladiscni-sotor-30-x-61m\/"}],"_links":{"self":[{"href":"https:\/\/maxyhome.si\/de\/wp-json\/wp\/v2\/product\/7897","targetHints":{"allow":["GET"]}}],"collection":[{"href":"https:\/\/maxyhome.si\/de\/wp-json\/wp\/v2\/product"}],"about":[{"href":"https:\/\/maxyhome.si\/de\/wp-json\/wp\/v2\/types\/product"}],"replies":[{"embeddable":true,"href":"https:\/\/maxyhome.si\/de\/wp-json\/wp\/v2\/comments?post=7897"}],"version-history":[{"count":8,"href":"https:\/\/maxyhome.si\/de\/wp-json\/wp\/v2\/product\/7897\/revisions"}],"predecessor-version":[{"id":127125,"href":"https:\/\/maxyhome.si\/de\/wp-json\/wp\/v2\/product\/7897\/revisions\/127125"}],"wp:featuredmedia":[{"embeddable":true,"href":"https:\/\/maxyhome.si\/de\/wp-json\/wp\/v2\/media\/10821"}],"wp:attachment":[{"href":"https:\/\/maxyhome.si\/de\/wp-json\/wp\/v2\/media?parent=7897"}],"wp:term":[{"taxonomy":"product_brand","embeddable":true,"href":"https:\/\/maxyhome.si\/de\/wp-json\/wp\/v2\/product_brand?post=7897"},{"taxonomy":"product_cat","embeddable":true,"href":"https:\/\/maxyhome.si\/de\/wp-json\/wp\/v2\/product_cat?post=7897"},{"taxonomy":"product_tag","embeddable":true,"href":"https:\/\/maxyhome.si\/de\/wp-json\/wp\/v2\/product_tag?post=7897"}],"curies":[{"name":"wp","href":"https:\/\/api.w.org\/{rel}","templated":true}]}}