{"id":7900,"date":"2022-11-22T08:09:15","date_gmt":"2022-11-22T08:09:15","guid":{"rendered":"https:\/\/maxyhome.si\/izdelek\/samodejno-odpiranje-oken\/"},"modified":"2026-04-17T09:01:14","modified_gmt":"2026-04-17T09:01:14","slug":"samodejno-odpiranje-oken","status":"publish","type":"product","link":"https:\/\/maxyhome.si\/de\/product\/samodejno-odpiranje-oken\/","title":{"rendered":"Automatischer Fenster\u00f6ffner"},"content":{"rendered":"<p>Die automatische Fenster\u00f6ffnung dient dazu, die Temperatur im Gew\u00e4chshaus automatisch anzupassen. Es funktioniert ohne externe Stromquelle. Das System basiert auf einem Thermozylinder mit einer Fl\u00fcssigkeit, die auf die Temperatur reagiert und das Fenster \u00f6ffnet oder schlie\u00dft, wenn die Temperatur steigt oder f\u00e4llt, indem ein speziell entwickelter Kolben verschoben wird.<\/p>\n<p>Ungef\u00e4hre Lieferzeit: 5-10 Tage. F\u00fcr Lieferungen au\u00dferhalb der EU kontaktieren Sie uns bitte.<\/p>","protected":false},"excerpt":{"rendered":"<p>Verbesserte mikroklimatische Bedingungen im Gew\u00e4chshaus: Der automatische Fenster\u00f6ffner erm\u00f6glicht einen regelm\u00e4\u00dfigen und gr\u00f6\u00dferen Frischluftstrom in das Gew\u00e4chshaus und reguliert so die Temperatur im Gew\u00e4chshaus. Dadurch werden bessere Bedingungen f\u00fcr das Pflanzenwachstum und eine reichere Ernte geschaffen.<\/p>","protected":false},"featured_media":9115,"comment_status":"open","ping_status":"closed","template":"","meta":{"_monsterinsights_skip_tracking":false,"_monsterinsights_sitenote_active":false,"_monsterinsights_sitenote_note":"","_monsterinsights_sitenote_category":0},"product_brand":[],"product_cat":[59],"product_tag":[],"class_list":{"0":"post-7900","1":"product","2":"type-product","3":"status-publish","4":"has-post-thumbnail","6":"product_cat-dodatki-za-rastlinjake-comfort","8":"first","9":"instock","10":"taxable","11":"shipping-taxable","12":"purchasable","13":"product-type-variable","14":"has-default-attributes"},"aioseo_notices":[],"aioseo_head":"\n\t\t<!-- All in One SEO Pro 4.9.6.2 - aioseo.com -->\n\t<meta name=\"description\" content=\"Izbolj\u0161ani mikroklimatski pogoji v rastlinjaku: Samodejni odpiralec oken omogo\u010da redni in ve\u010dji dotok sve\u017eega zraka v rastlinjak ter s tem uravnava temperaturo v rastlinjaku. Tako ustvarja bolj\u0161e pogoje za rast rastlin in obilnej\u0161i pridelek.\" \/>\n\t<meta name=\"robots\" content=\"max-image-preview:large\" \/>\n\t<meta name=\"google-site-verification\" content=\"Z9rvnbo9ip0NBVVGAbu4YfrfQ-Mg13t26DIfsx85Rbc\" \/>\n\t<link rel=\"canonical\" href=\"https:\/\/maxyhome.si\/de\/product\/samodejno-odpiranje-oken\/\" \/>\n\t<meta name=\"generator\" content=\"All in One SEO Pro (AIOSEO) 4.9.6.2\" \/>\n\t\t<meta property=\"og:locale\" content=\"de_DE\" \/>\n\t\t<meta property=\"og:site_name\" content=\"MaxyHome.si - Vse za Dom in Vrt\" \/>\n\t\t<meta property=\"og:type\" content=\"article\" \/>\n\t\t<meta property=\"og:title\" content=\"Samodejni odpiralec oken - MaxyHome.si\" \/>\n\t\t<meta property=\"og:description\" content=\"Izbolj\u0161ani mikroklimatski pogoji v rastlinjaku: Samodejni odpiralec oken omogo\u010da redni in ve\u010dji dotok sve\u017eega zraka v rastlinjak ter s tem uravnava temperaturo v rastlinjaku. Tako ustvarja bolj\u0161e pogoje za rast rastlin in obilnej\u0161i pridelek.\" \/>\n\t\t<meta property=\"og:url\" content=\"https:\/\/maxyhome.si\/de\/product\/samodejno-odpiranje-oken\/\" \/>\n\t\t<meta property=\"og:image\" content=\"https:\/\/maxyhome.si\/wp-content\/uploads\/2024\/02\/Prvovrstni-rastlinjaki_Maksi_DOm_Facebook.webp\" \/>\n\t\t<meta property=\"og:image:secure_url\" content=\"https:\/\/maxyhome.si\/wp-content\/uploads\/2024\/02\/Prvovrstni-rastlinjaki_Maksi_DOm_Facebook.webp\" \/>\n\t\t<meta property=\"og:image:width\" content=\"1640\" \/>\n\t\t<meta property=\"og:image:height\" content=\"924\" \/>\n\t\t<meta property=\"article:published_time\" content=\"2022-11-22T08:09:15+00:00\" \/>\n\t\t<meta property=\"article:modified_time\" content=\"2026-04-17T09:01:14+00:00\" \/>\n\t\t<meta property=\"article:publisher\" content=\"https:\/\/www.facebook.com\/MaxyhomeEU\" \/>\n\t\t<meta name=\"twitter:card\" content=\"summary_large_image\" \/>\n\t\t<meta name=\"twitter:title\" content=\"Samodejni odpiralec oken - MaxyHome.si\" \/>\n\t\t<meta name=\"twitter:description\" content=\"Izbolj\u0161ani mikroklimatski pogoji v rastlinjaku: Samodejni odpiralec oken omogo\u010da redni in ve\u010dji dotok sve\u017eega zraka v rastlinjak ter s tem uravnava temperaturo v rastlinjaku. Tako ustvarja bolj\u0161e pogoje za rast rastlin in obilnej\u0161i pridelek.\" \/>\n\t\t<meta name=\"twitter:image\" content=\"https:\/\/maxyhome.si\/wp-content\/uploads\/2024\/02\/Prvovrstni-rastlinjaki_Maksi_DOm_Facebook.webp\" \/>\n\t\t<script type=\"application\/ld+json\" class=\"aioseo-schema\">\n\t\t\t{\"@context\":\"https:\\\/\\\/schema.org\",\"@graph\":[{\"@type\":\"BreadcrumbList\",\"@id\":\"https:\\\/\\\/maxyhome.si\\\/de\\\/product\\\/samodejno-odpiranje-oken\\\/#breadcrumblist\",\"itemListElement\":[{\"@type\":\"ListItem\",\"@id\":\"https:\\\/\\\/maxyhome.si\\\/de#listItem\",\"position\":1,\"name\":\"Home\",\"item\":\"https:\\\/\\\/maxyhome.si\\\/de\",\"nextItem\":{\"@type\":\"ListItem\",\"@id\":\"https:\\\/\\\/maxyhome.si\\\/de\\\/trgovina\\\/#listItem\",\"name\":\"Trgovina\"}},{\"@type\":\"ListItem\",\"@id\":\"https:\\\/\\\/maxyhome.si\\\/de\\\/trgovina\\\/#listItem\",\"position\":2,\"name\":\"Trgovina\",\"item\":\"https:\\\/\\\/maxyhome.si\\\/de\\\/trgovina\\\/\",\"nextItem\":{\"@type\":\"ListItem\",\"@id\":\"https:\\\/\\\/maxyhome.si\\\/de\\\/product-category\\\/rastlinjaki\\\/#listItem\",\"name\":\"Rastlinjaki - Polikarbonatni Vrtni Rastlinjaki (Akcija)\"},\"previousItem\":{\"@type\":\"ListItem\",\"@id\":\"https:\\\/\\\/maxyhome.si\\\/de#listItem\",\"name\":\"Home\"}},{\"@type\":\"ListItem\",\"@id\":\"https:\\\/\\\/maxyhome.si\\\/de\\\/product-category\\\/rastlinjaki\\\/#listItem\",\"position\":3,\"name\":\"Rastlinjaki - Polikarbonatni Vrtni Rastlinjaki (Akcija)\",\"item\":\"https:\\\/\\\/maxyhome.si\\\/de\\\/product-category\\\/rastlinjaki\\\/\",\"nextItem\":{\"@type\":\"ListItem\",\"@id\":\"https:\\\/\\\/maxyhome.si\\\/de\\\/product-category\\\/rastlinjaki\\\/oprema-za-rastlinjake\\\/#listItem\",\"name\":\"Oprema za rastlinjake\"},\"previousItem\":{\"@type\":\"ListItem\",\"@id\":\"https:\\\/\\\/maxyhome.si\\\/de\\\/trgovina\\\/#listItem\",\"name\":\"Trgovina\"}},{\"@type\":\"ListItem\",\"@id\":\"https:\\\/\\\/maxyhome.si\\\/de\\\/product-category\\\/rastlinjaki\\\/oprema-za-rastlinjake\\\/#listItem\",\"position\":4,\"name\":\"Oprema za rastlinjake\",\"item\":\"https:\\\/\\\/maxyhome.si\\\/de\\\/product-category\\\/rastlinjaki\\\/oprema-za-rastlinjake\\\/\",\"nextItem\":{\"@type\":\"ListItem\",\"@id\":\"https:\\\/\\\/maxyhome.si\\\/de\\\/product-category\\\/rastlinjaki\\\/oprema-za-rastlinjake\\\/dodatki-za-rastlinjake-comfort\\\/#listItem\",\"name\":\"Dodatki za rastlinjake Standard\"},\"previousItem\":{\"@type\":\"ListItem\",\"@id\":\"https:\\\/\\\/maxyhome.si\\\/de\\\/product-category\\\/rastlinjaki\\\/#listItem\",\"name\":\"Rastlinjaki - Polikarbonatni Vrtni Rastlinjaki (Akcija)\"}},{\"@type\":\"ListItem\",\"@id\":\"https:\\\/\\\/maxyhome.si\\\/de\\\/product-category\\\/rastlinjaki\\\/oprema-za-rastlinjake\\\/dodatki-za-rastlinjake-comfort\\\/#listItem\",\"position\":5,\"name\":\"Dodatki za rastlinjake Standard\",\"item\":\"https:\\\/\\\/maxyhome.si\\\/de\\\/product-category\\\/rastlinjaki\\\/oprema-za-rastlinjake\\\/dodatki-za-rastlinjake-comfort\\\/\",\"nextItem\":{\"@type\":\"ListItem\",\"@id\":\"https:\\\/\\\/maxyhome.si\\\/de\\\/product\\\/samodejno-odpiranje-oken\\\/#listItem\",\"name\":\"Samodejni odpiralec oken\"},\"previousItem\":{\"@type\":\"ListItem\",\"@id\":\"https:\\\/\\\/maxyhome.si\\\/de\\\/product-category\\\/rastlinjaki\\\/oprema-za-rastlinjake\\\/#listItem\",\"name\":\"Oprema za rastlinjake\"}},{\"@type\":\"ListItem\",\"@id\":\"https:\\\/\\\/maxyhome.si\\\/de\\\/product\\\/samodejno-odpiranje-oken\\\/#listItem\",\"position\":6,\"name\":\"Samodejni odpiralec oken\",\"previousItem\":{\"@type\":\"ListItem\",\"@id\":\"https:\\\/\\\/maxyhome.si\\\/de\\\/product-category\\\/rastlinjaki\\\/oprema-za-rastlinjake\\\/dodatki-za-rastlinjake-comfort\\\/#listItem\",\"name\":\"Dodatki za rastlinjake Standard\"}}]},{\"@type\":\"ItemPage\",\"@id\":\"https:\\\/\\\/maxyhome.si\\\/de\\\/product\\\/samodejno-odpiranje-oken\\\/#itempage\",\"url\":\"https:\\\/\\\/maxyhome.si\\\/de\\\/product\\\/samodejno-odpiranje-oken\\\/\",\"name\":\"Samodejni odpiralec oken - MaxyHome.si\",\"description\":\"Izbolj\\u0161ani mikroklimatski pogoji v rastlinjaku: Samodejni odpiralec oken omogo\\u010da redni in ve\\u010dji dotok sve\\u017eega zraka v rastlinjak ter s tem uravnava temperaturo v rastlinjaku. Tako ustvarja bolj\\u0161e pogoje za rast rastlin in obilnej\\u0161i pridelek.\",\"inLanguage\":\"de-DE\",\"isPartOf\":{\"@id\":\"https:\\\/\\\/maxyhome.si\\\/de\\\/#website\"},\"breadcrumb\":{\"@id\":\"https:\\\/\\\/maxyhome.si\\\/de\\\/product\\\/samodejno-odpiranje-oken\\\/#breadcrumblist\"},\"image\":{\"@type\":\"ImageObject\",\"url\":\"https:\\\/\\\/maxyhome.si\\\/wp-content\\\/uploads\\\/2022\\\/11\\\/Samodejni_Odpiralec_Oken.webp\",\"@id\":\"https:\\\/\\\/maxyhome.si\\\/de\\\/product\\\/samodejno-odpiranje-oken\\\/#mainImage\",\"width\":1200,\"height\":1200},\"primaryImageOfPage\":{\"@id\":\"https:\\\/\\\/maxyhome.si\\\/de\\\/product\\\/samodejno-odpiranje-oken\\\/#mainImage\"},\"datePublished\":\"2022-11-22T08:09:15+00:00\",\"dateModified\":\"2026-04-17T09:01:14+00:00\"},{\"@type\":\"Organization\",\"@id\":\"https:\\\/\\\/maxyhome.si\\\/de\\\/#organization\",\"name\":\"Lorin6 d.o.o.\",\"description\":\"Vse za Dom in Vrt\",\"url\":\"https:\\\/\\\/maxyhome.si\\\/de\\\/\",\"email\":\"info@maxyhome.eu\",\"telephone\":\"+38641537010\",\"logo\":{\"@type\":\"ImageObject\",\"url\":\"https:\\\/\\\/maxyhome.si\\\/wp-content\\\/uploads\\\/2024\\\/02\\\/cropped-Maxyhome_si_logotip.png\",\"@id\":\"https:\\\/\\\/maxyhome.si\\\/de\\\/product\\\/samodejno-odpiranje-oken\\\/#organizationLogo\",\"width\":470,\"height\":77},\"image\":{\"@id\":\"https:\\\/\\\/maxyhome.si\\\/de\\\/product\\\/samodejno-odpiranje-oken\\\/#organizationLogo\"},\"sameAs\":[\"https:\\\/\\\/www.facebook.com\\\/MaxyhomeEU\",\"https:\\\/\\\/www.instagram.com\\\/maksidom.si\\\/\"],\"address\":{\"@id\":\"https:\\\/\\\/maxyhome.si\\\/de\\\/#postaladdress\",\"@type\":\"PostalAddress\",\"streetAddress\":\"BE\\u017dIGRAJSKA CESTA 9, Lorin6 d.o.o.\",\"postalCode\":\"3000\",\"addressLocality\":\"Celje\",\"addressCountry\":\"SI\"},\"vatID\":\"SI62505319\"},{\"@type\":\"WebPage\",\"@id\":\"https:\\\/\\\/maxyhome.si\\\/de\\\/product\\\/samodejno-odpiranje-oken\\\/#webpage\",\"url\":\"https:\\\/\\\/maxyhome.si\\\/de\\\/product\\\/samodejno-odpiranje-oken\\\/\",\"name\":\"Samodejni odpiralec oken - MaxyHome.si\",\"description\":\"Izbolj\\u0161ani mikroklimatski pogoji v rastlinjaku: Samodejni odpiralec oken omogo\\u010da redni in ve\\u010dji dotok sve\\u017eega zraka v rastlinjak ter s tem uravnava temperaturo v rastlinjaku. Tako ustvarja bolj\\u0161e pogoje za rast rastlin in obilnej\\u0161i pridelek.\",\"inLanguage\":\"de-DE\",\"isPartOf\":{\"@id\":\"https:\\\/\\\/maxyhome.si\\\/de\\\/#website\"},\"breadcrumb\":{\"@id\":\"https:\\\/\\\/maxyhome.si\\\/de\\\/product\\\/samodejno-odpiranje-oken\\\/#breadcrumblist\"},\"image\":{\"@type\":\"ImageObject\",\"url\":\"https:\\\/\\\/maxyhome.si\\\/wp-content\\\/uploads\\\/2022\\\/11\\\/Samodejni_Odpiralec_Oken.webp\",\"@id\":\"https:\\\/\\\/maxyhome.si\\\/de\\\/product\\\/samodejno-odpiranje-oken\\\/#mainImage\",\"width\":1200,\"height\":1200},\"primaryImageOfPage\":{\"@id\":\"https:\\\/\\\/maxyhome.si\\\/de\\\/product\\\/samodejno-odpiranje-oken\\\/#mainImage\"},\"datePublished\":\"2022-11-22T08:09:15+00:00\",\"dateModified\":\"2026-04-17T09:01:14+00:00\"},{\"@type\":\"WebSite\",\"@id\":\"https:\\\/\\\/maxyhome.si\\\/de\\\/#website\",\"url\":\"https:\\\/\\\/maxyhome.si\\\/de\\\/\",\"name\":\"MaxyHome\",\"description\":\"Vse za Dom in Vrt\",\"inLanguage\":\"de-DE\",\"publisher\":{\"@id\":\"https:\\\/\\\/maxyhome.si\\\/de\\\/#organization\"}}]}\n\t\t<\/script>\n\t\t<!-- All in One SEO Pro -->\r\n\t\t<title>Samodejni odpiralec oken - MaxyHome.si<\/title>\n\n","aioseo_head_json":{"title":"Samodejni odpiralec oken - MaxyHome.si","description":"Izbolj\u0161ani mikroklimatski pogoji v rastlinjaku: Samodejni odpiralec oken omogo\u010da redni in ve\u010dji dotok sve\u017eega zraka v rastlinjak ter s tem uravnava temperaturo v rastlinjaku. Tako ustvarja bolj\u0161e pogoje za rast rastlin in obilnej\u0161i pridelek.","canonical_url":"https:\/\/maxyhome.si\/de\/product\/samodejno-odpiranje-oken\/","robots":"max-image-preview:large","keywords":"","webmasterTools":{"google-site-verification":"Z9rvnbo9ip0NBVVGAbu4YfrfQ-Mg13t26DIfsx85Rbc","miscellaneous":""},"schema":{"@context":"https:\/\/schema.org","@graph":[{"@type":"BreadcrumbList","@id":"https:\/\/maxyhome.si\/de\/product\/samodejno-odpiranje-oken\/#breadcrumblist","itemListElement":[{"@type":"ListItem","@id":"https:\/\/maxyhome.si\/de#listItem","position":1,"name":"Home","item":"https:\/\/maxyhome.si\/de","nextItem":{"@type":"ListItem","@id":"https:\/\/maxyhome.si\/de\/trgovina\/#listItem","name":"Trgovina"}},{"@type":"ListItem","@id":"https:\/\/maxyhome.si\/de\/trgovina\/#listItem","position":2,"name":"Trgovina","item":"https:\/\/maxyhome.si\/de\/trgovina\/","nextItem":{"@type":"ListItem","@id":"https:\/\/maxyhome.si\/de\/product-category\/rastlinjaki\/#listItem","name":"Rastlinjaki - Polikarbonatni Vrtni Rastlinjaki (Akcija)"},"previousItem":{"@type":"ListItem","@id":"https:\/\/maxyhome.si\/de#listItem","name":"Home"}},{"@type":"ListItem","@id":"https:\/\/maxyhome.si\/de\/product-category\/rastlinjaki\/#listItem","position":3,"name":"Rastlinjaki - Polikarbonatni Vrtni Rastlinjaki (Akcija)","item":"https:\/\/maxyhome.si\/de\/product-category\/rastlinjaki\/","nextItem":{"@type":"ListItem","@id":"https:\/\/maxyhome.si\/de\/product-category\/rastlinjaki\/oprema-za-rastlinjake\/#listItem","name":"Oprema za rastlinjake"},"previousItem":{"@type":"ListItem","@id":"https:\/\/maxyhome.si\/de\/trgovina\/#listItem","name":"Trgovina"}},{"@type":"ListItem","@id":"https:\/\/maxyhome.si\/de\/product-category\/rastlinjaki\/oprema-za-rastlinjake\/#listItem","position":4,"name":"Oprema za rastlinjake","item":"https:\/\/maxyhome.si\/de\/product-category\/rastlinjaki\/oprema-za-rastlinjake\/","nextItem":{"@type":"ListItem","@id":"https:\/\/maxyhome.si\/de\/product-category\/rastlinjaki\/oprema-za-rastlinjake\/dodatki-za-rastlinjake-comfort\/#listItem","name":"Dodatki za rastlinjake Standard"},"previousItem":{"@type":"ListItem","@id":"https:\/\/maxyhome.si\/de\/product-category\/rastlinjaki\/#listItem","name":"Rastlinjaki - Polikarbonatni Vrtni Rastlinjaki (Akcija)"}},{"@type":"ListItem","@id":"https:\/\/maxyhome.si\/de\/product-category\/rastlinjaki\/oprema-za-rastlinjake\/dodatki-za-rastlinjake-comfort\/#listItem","position":5,"name":"Dodatki za rastlinjake Standard","item":"https:\/\/maxyhome.si\/de\/product-category\/rastlinjaki\/oprema-za-rastlinjake\/dodatki-za-rastlinjake-comfort\/","nextItem":{"@type":"ListItem","@id":"https:\/\/maxyhome.si\/de\/product\/samodejno-odpiranje-oken\/#listItem","name":"Samodejni odpiralec oken"},"previousItem":{"@type":"ListItem","@id":"https:\/\/maxyhome.si\/de\/product-category\/rastlinjaki\/oprema-za-rastlinjake\/#listItem","name":"Oprema za rastlinjake"}},{"@type":"ListItem","@id":"https:\/\/maxyhome.si\/de\/product\/samodejno-odpiranje-oken\/#listItem","position":6,"name":"Samodejni odpiralec oken","previousItem":{"@type":"ListItem","@id":"https:\/\/maxyhome.si\/de\/product-category\/rastlinjaki\/oprema-za-rastlinjake\/dodatki-za-rastlinjake-comfort\/#listItem","name":"Dodatki za rastlinjake Standard"}}]},{"@type":"ItemPage","@id":"https:\/\/maxyhome.si\/de\/product\/samodejno-odpiranje-oken\/#itempage","url":"https:\/\/maxyhome.si\/de\/product\/samodejno-odpiranje-oken\/","name":"Samodejni odpiralec oken - MaxyHome.si","description":"Izbolj\u0161ani mikroklimatski pogoji v rastlinjaku: Samodejni odpiralec oken omogo\u010da redni in ve\u010dji dotok sve\u017eega zraka v rastlinjak ter s tem uravnava temperaturo v rastlinjaku. Tako ustvarja bolj\u0161e pogoje za rast rastlin in obilnej\u0161i pridelek.","inLanguage":"de-DE","isPartOf":{"@id":"https:\/\/maxyhome.si\/de\/#website"},"breadcrumb":{"@id":"https:\/\/maxyhome.si\/de\/product\/samodejno-odpiranje-oken\/#breadcrumblist"},"image":{"@type":"ImageObject","url":"https:\/\/maxyhome.si\/wp-content\/uploads\/2022\/11\/Samodejni_Odpiralec_Oken.webp","@id":"https:\/\/maxyhome.si\/de\/product\/samodejno-odpiranje-oken\/#mainImage","width":1200,"height":1200},"primaryImageOfPage":{"@id":"https:\/\/maxyhome.si\/de\/product\/samodejno-odpiranje-oken\/#mainImage"},"datePublished":"2022-11-22T08:09:15+00:00","dateModified":"2026-04-17T09:01:14+00:00"},{"@type":"Organization","@id":"https:\/\/maxyhome.si\/de\/#organization","name":"Lorin6 d.o.o.","description":"Vse za Dom in Vrt","url":"https:\/\/maxyhome.si\/de\/","email":"info@maxyhome.eu","telephone":"+38641537010","logo":{"@type":"ImageObject","url":"https:\/\/maxyhome.si\/wp-content\/uploads\/2024\/02\/cropped-Maxyhome_si_logotip.png","@id":"https:\/\/maxyhome.si\/de\/product\/samodejno-odpiranje-oken\/#organizationLogo","width":470,"height":77},"image":{"@id":"https:\/\/maxyhome.si\/de\/product\/samodejno-odpiranje-oken\/#organizationLogo"},"sameAs":["https:\/\/www.facebook.com\/MaxyhomeEU","https:\/\/www.instagram.com\/maksidom.si\/"],"address":{"@id":"https:\/\/maxyhome.si\/de\/#postaladdress","@type":"PostalAddress","streetAddress":"BE\u017dIGRAJSKA CESTA 9, Lorin6 d.o.o.","postalCode":"3000","addressLocality":"Celje","addressCountry":"SI"},"vatID":"SI62505319"},{"@type":"WebPage","@id":"https:\/\/maxyhome.si\/de\/product\/samodejno-odpiranje-oken\/#webpage","url":"https:\/\/maxyhome.si\/de\/product\/samodejno-odpiranje-oken\/","name":"Samodejni odpiralec oken - MaxyHome.si","description":"Izbolj\u0161ani mikroklimatski pogoji v rastlinjaku: Samodejni odpiralec oken omogo\u010da redni in ve\u010dji dotok sve\u017eega zraka v rastlinjak ter s tem uravnava temperaturo v rastlinjaku. Tako ustvarja bolj\u0161e pogoje za rast rastlin in obilnej\u0161i pridelek.","inLanguage":"de-DE","isPartOf":{"@id":"https:\/\/maxyhome.si\/de\/#website"},"breadcrumb":{"@id":"https:\/\/maxyhome.si\/de\/product\/samodejno-odpiranje-oken\/#breadcrumblist"},"image":{"@type":"ImageObject","url":"https:\/\/maxyhome.si\/wp-content\/uploads\/2022\/11\/Samodejni_Odpiralec_Oken.webp","@id":"https:\/\/maxyhome.si\/de\/product\/samodejno-odpiranje-oken\/#mainImage","width":1200,"height":1200},"primaryImageOfPage":{"@id":"https:\/\/maxyhome.si\/de\/product\/samodejno-odpiranje-oken\/#mainImage"},"datePublished":"2022-11-22T08:09:15+00:00","dateModified":"2026-04-17T09:01:14+00:00"},{"@type":"WebSite","@id":"https:\/\/maxyhome.si\/de\/#website","url":"https:\/\/maxyhome.si\/de\/","name":"MaxyHome","description":"Vse za Dom in Vrt","inLanguage":"de-DE","publisher":{"@id":"https:\/\/maxyhome.si\/de\/#organization"}}]},"og:locale":"de_DE","og:site_name":"MaxyHome.si - Vse za Dom in Vrt","og:type":"article","og:title":"Samodejni odpiralec oken - MaxyHome.si","og:description":"Izbolj\u0161ani mikroklimatski pogoji v rastlinjaku: Samodejni odpiralec oken omogo\u010da redni in ve\u010dji dotok sve\u017eega zraka v rastlinjak ter s tem uravnava temperaturo v rastlinjaku. Tako ustvarja bolj\u0161e pogoje za rast rastlin in obilnej\u0161i pridelek.","og:url":"https:\/\/maxyhome.si\/de\/product\/samodejno-odpiranje-oken\/","og:image":"https:\/\/maxyhome.si\/wp-content\/uploads\/2024\/02\/Prvovrstni-rastlinjaki_Maksi_DOm_Facebook.webp","og:image:secure_url":"https:\/\/maxyhome.si\/wp-content\/uploads\/2024\/02\/Prvovrstni-rastlinjaki_Maksi_DOm_Facebook.webp","og:image:width":1640,"og:image:height":924,"article:published_time":"2022-11-22T08:09:15+00:00","article:modified_time":"2026-04-17T09:01:14+00:00","article:publisher":"https:\/\/www.facebook.com\/MaxyhomeEU","twitter:card":"summary_large_image","twitter:title":"Samodejni odpiralec oken - MaxyHome.si","twitter:description":"Izbolj\u0161ani mikroklimatski pogoji v rastlinjaku: Samodejni odpiralec oken omogo\u010da redni in ve\u010dji dotok sve\u017eega zraka v rastlinjak ter s tem uravnava temperaturo v rastlinjaku. Tako ustvarja bolj\u0161e pogoje za rast rastlin in obilnej\u0161i pridelek.","twitter:image":"https:\/\/maxyhome.si\/wp-content\/uploads\/2024\/02\/Prvovrstni-rastlinjaki_Maksi_DOm_Facebook.webp"},"aioseo_meta_data":{"post_id":"7900","title":null,"description":null,"keywords":[],"keyphrases":{"focus":{"keyphrase":"","score":0,"analysis":{"keyphraseInTitle":{"score":0,"maxScore":9,"error":1}}},"additional":[]},"primary_term":null,"canonical_url":null,"og_title":null,"og_description":null,"og_object_type":"default","og_image_type":"default","og_image_url":null,"og_image_width":null,"og_image_height":null,"og_image_custom_url":null,"og_image_custom_fields":null,"og_video":"","og_custom_url":null,"og_article_section":null,"og_article_tags":[],"twitter_use_og":false,"twitter_card":"default","twitter_image_type":"default","twitter_image_url":null,"twitter_image_custom_url":null,"twitter_image_custom_fields":null,"twitter_title":null,"twitter_description":null,"schema":{"blockGraphs":[],"customGraphs":[],"default":{"data":{"Article":[],"Course":[],"Dataset":[],"FAQPage":[],"Movie":[],"Person":[],"Product":[],"ProductReview":[],"Car":[],"Recipe":[],"Service":[],"SoftwareApplication":[],"WebPage":[]},"graphName":"ItemPage","isEnabled":true},"graphs":[]},"schema_type":"default","schema_type_options":null,"pillar_content":false,"robots_default":true,"robots_noindex":false,"robots_noarchive":false,"robots_nosnippet":false,"robots_nofollow":false,"robots_noimageindex":false,"robots_noodp":false,"robots_notranslate":false,"robots_max_snippet":"-1","robots_max_videopreview":"-1","robots_max_imagepreview":"large","priority":null,"frequency":"default","local_seo":null,"seo_analyzer_scan_date":"2025-10-08 18:48:38","breadcrumb_settings":null,"limit_modified_date":false,"reviewed_by":null,"ai":null,"created":"2024-02-28 07:14:15","updated":"2026-04-17 09:01:20"},"aioseo_breadcrumb":"<div class=\"aioseo-breadcrumbs\"><span class=\"aioseo-breadcrumb\">\n\t<a href=\"https:\/\/maxyhome.si\/de\" title=\"Home\">Home<\/a>\n<\/span><span class=\"aioseo-breadcrumb-separator\">&raquo;<\/span><span class=\"aioseo-breadcrumb\">\n\t<a href=\"https:\/\/maxyhome.si\/de\/trgovina\/\" title=\"Trgovina\">Trgovina<\/a>\n<\/span><span class=\"aioseo-breadcrumb-separator\">&raquo;<\/span><span class=\"aioseo-breadcrumb\">\n\t<a href=\"https:\/\/maxyhome.si\/de\/product-category\/rastlinjaki\/\" title=\"Rastlinjaki - Polikarbonatni Vrtni Rastlinjaki (Akcija)\">Rastlinjaki - Polikarbonatni Vrtni Rastlinjaki (Akcija)<\/a>\n<\/span><span class=\"aioseo-breadcrumb-separator\">&raquo;<\/span><span class=\"aioseo-breadcrumb\">\n\t<a href=\"https:\/\/maxyhome.si\/de\/product-category\/rastlinjaki\/oprema-za-rastlinjake\/\" title=\"Oprema za rastlinjake\">Oprema za rastlinjake<\/a>\n<\/span><span class=\"aioseo-breadcrumb-separator\">&raquo;<\/span><span class=\"aioseo-breadcrumb\">\n\t<a href=\"https:\/\/maxyhome.si\/de\/product-category\/rastlinjaki\/oprema-za-rastlinjake\/dodatki-za-rastlinjake-comfort\/\" title=\"Dodatki za rastlinjake Standard\">Dodatki za rastlinjake Standard<\/a>\n<\/span><span class=\"aioseo-breadcrumb-separator\">&raquo;<\/span><span class=\"aioseo-breadcrumb\">\n\tSamodejni odpiralec oken\n<\/span><\/div>","aioseo_breadcrumb_json":[{"label":"Home","link":"https:\/\/maxyhome.si\/de"},{"label":"Trgovina","link":"https:\/\/maxyhome.si\/de\/trgovina\/"},{"label":"Rastlinjaki - Polikarbonatni Vrtni Rastlinjaki (Akcija)","link":"https:\/\/maxyhome.si\/de\/product-category\/rastlinjaki\/"},{"label":"Oprema za rastlinjake","link":"https:\/\/maxyhome.si\/de\/product-category\/rastlinjaki\/oprema-za-rastlinjake\/"},{"label":"Dodatki za rastlinjake Standard","link":"https:\/\/maxyhome.si\/de\/product-category\/rastlinjaki\/oprema-za-rastlinjake\/dodatki-za-rastlinjake-comfort\/"},{"label":"Samodejni odpiralec oken","link":"https:\/\/maxyhome.si\/de\/product\/samodejno-odpiranje-oken\/"}],"_links":{"self":[{"href":"https:\/\/maxyhome.si\/de\/wp-json\/wp\/v2\/product\/7900","targetHints":{"allow":["GET"]}}],"collection":[{"href":"https:\/\/maxyhome.si\/de\/wp-json\/wp\/v2\/product"}],"about":[{"href":"https:\/\/maxyhome.si\/de\/wp-json\/wp\/v2\/types\/product"}],"replies":[{"embeddable":true,"href":"https:\/\/maxyhome.si\/de\/wp-json\/wp\/v2\/comments?post=7900"}],"version-history":[{"count":1,"href":"https:\/\/maxyhome.si\/de\/wp-json\/wp\/v2\/product\/7900\/revisions"}],"predecessor-version":[{"id":9758,"href":"https:\/\/maxyhome.si\/de\/wp-json\/wp\/v2\/product\/7900\/revisions\/9758"}],"wp:featuredmedia":[{"embeddable":true,"href":"https:\/\/maxyhome.si\/de\/wp-json\/wp\/v2\/media\/9115"}],"wp:attachment":[{"href":"https:\/\/maxyhome.si\/de\/wp-json\/wp\/v2\/media?parent=7900"}],"wp:term":[{"taxonomy":"product_brand","embeddable":true,"href":"https:\/\/maxyhome.si\/de\/wp-json\/wp\/v2\/product_brand?post=7900"},{"taxonomy":"product_cat","embeddable":true,"href":"https:\/\/maxyhome.si\/de\/wp-json\/wp\/v2\/product_cat?post=7900"},{"taxonomy":"product_tag","embeddable":true,"href":"https:\/\/maxyhome.si\/de\/wp-json\/wp\/v2\/product_tag?post=7900"}],"curies":[{"name":"wp","href":"https:\/\/api.w.org\/{rel}","templated":true}]}}