{"id":7936,"date":"2023-07-06T09:41:08","date_gmt":"2023-07-06T09:41:08","guid":{"rendered":"https:\/\/maxyhome.si\/izdelek\/sotor-instant-gonature-p4\/"},"modified":"2024-05-23T10:22:50","modified_gmt":"2024-05-23T10:22:50","slug":"sotor-instant-gonature-p4","status":"publish","type":"product","link":"https:\/\/maxyhome.si\/de\/product\/sotor-instant-gonature-p4\/","title":{"rendered":"Instant GoNature P4 Zelt"},"content":{"rendered":"<p>Entdecken Sie den unglaublichen Komfort unseres GoNature P4 Instant-Zelts, das f\u00fcr unbeschwerte und unvergessliche Campingerlebnisse entwickelt wurde. <strong>Dieses Zelt ist ideal f\u00fcr kurze Familienausfl\u00fcge, Festivals oder romantische Ausfl\u00fcge in die Natur.<\/strong><\/p>\n<p>Sein Hauptvorteil ist der extrem schnelle und einfache Einrichtungsprozess. Es ist ein Zelt <strong>Aufbau in 1 Minute<\/strong>, und in wenigen Minuten ist das Zelt auch am Boden befestigt und einsatzbereit. Instant-Zelte sind eine revolution\u00e4re Campingl\u00f6sung, die Ihnen mehr Zeit f\u00fcr Outdoor-Aktivit\u00e4ten oder Entspannung in der Natur gibt. Der Stress und die Anspannung bei der Vorbereitung auf die Nacht werden mit dem Instant-Zelt v\u00f6llig \u00fcberfl\u00fcssig.<\/p>\n<p>Der GoNature P4 ist gro\u00df genug f\u00fcr bis zu vier Personen. Sein luftiges Material erm\u00f6glicht eine gute Bel\u00fcftung, w\u00e4hrend die robuste Konstruktion f\u00fcr Stabilit\u00e4t und Schutz vor verschiedenen Wetterbedingungen sorgt.<\/p>\n<p>Ebenfalls im Lieferumfang enthalten sind Zubeh\u00f6rteile wie Heringe zur Befestigung des Zeltes am Boden, eine kompakte Tasche zur Aufbewahrung und zum Transport sowie ein wasserdichtes Vordach f\u00fcr zus\u00e4tzlichen Schutz vor Regen. All dies erm\u00f6glicht Ihnen ein einfacheres und sorgenfreies Campingerlebnis.<\/p>\n<p>Entdecken Sie die Freiheit der Natur mit unserem GoNature P4 Instant Tent. Dieses Zelt ist nicht nur praktisch, sondern auch komfortabel und zuverl\u00e4ssig. Dies ist Ihre perfekte Wahl, um die unber\u00fchrte Sch\u00f6nheit der Natur zu genie\u00dfen. Bestellen Sie noch heute und beginnen Sie mit der Planung Ihres n\u00e4chsten Abenteuers!<\/p>\n<h5 style=\"text-align: center;\">Lassen Sie sich das nicht entgehen \u2013 kostenlose Lieferung nach Hause!<\/h5>\n<p>Technische Spezifikationen:<\/p>\n<ul>\n<li>Gr\u00f6\u00dfe: Mit einer Breite von 240 cm, einer L\u00e4nge von 240 cm und einer H\u00f6he von 150 cm ist der GoNature P4 ger\u00e4umig genug f\u00fcr bis zu vier Personen zum \u00dcbernachten.<\/li>\n<li>Material: Dieses aus hochwertigem Polyester gefertigte Zelt bietet au\u00dfergew\u00f6hnliche Haltbarkeit und langlebigen Gebrauch. Das Material ist wasserdicht, atmungsaktiv und best\u00e4ndig gegen UV-Strahlen, was zum Schutz vor allen Wetterbedingungen beitr\u00e4gt. Wassers\u00e4ule 2000mm.<\/li>\n<li>Aufbau: Dank der Instant-Setup-Technologie l\u00e4sst sich dieses Zelt in wenigen Minuten aufbauen, sodass Sie mehr Zeit haben, die Natur zu genie\u00dfen.<\/li>\n<li>Zubeh\u00f6r: Montagestifte, Trage- und Aufbewahrungstasche und wasserdichte Abdeckung sind ebenfalls im Lieferumfang enthalten.<\/li>\n<li>Gewicht: Mit einem Gewicht von 7 kg ist dieses Zelt leicht zu transportieren und ideal f\u00fcr verschiedene Arten von Reisen.<\/li>\n<\/ul>\n<p style=\"text-align: center;\"><strong>Das GoNature P4 Instant-Zelt ist eine Kombination aus Qualit\u00e4t, Komfort und Praktikabilit\u00e4t.<\/strong><\/p>\n<p>Innerhalb der EU gilt eine kostenfreie Lieferung. F\u00fcr Lieferungen au\u00dferhalb der EU kontaktieren Sie uns bitte. Ungef\u00e4hre Lieferzeit: 4-8 Tage.<\/p>\n<h5 style=\"text-align: center;\">Bestellen Sie noch heute und genie\u00dfen Sie die Bequemlichkeit und den Komfort dieses erstklassigen Outdoor-Zelts f\u00fcr Ihren Wochenendausflug!<\/h5>","protected":false},"excerpt":{"rendered":"<p>Der sofortige Zeltaufbau in 1 Minute ist ideal f\u00fcr kurze Familienausfl\u00fcge, Festivals oder romantische Ausfl\u00fcge in die Natur!<\/p>","protected":false},"featured_media":8116,"comment_status":"open","ping_status":"closed","template":"","meta":{"_monsterinsights_skip_tracking":false,"_monsterinsights_sitenote_active":false,"_monsterinsights_sitenote_note":"","_monsterinsights_sitenote_category":0},"product_brand":[],"product_cat":[77,75],"product_tag":[],"class_list":{"0":"post-7936","1":"product","2":"type-product","3":"status-publish","4":"has-post-thumbnail","6":"product_cat-instant-sotori","7":"product_cat-sotori","9":"first","10":"instock","11":"taxable","12":"shipping-taxable","13":"purchasable","14":"product-type-simple"},"aioseo_notices":[],"aioseo_head":"\n\t\t<!-- All in One SEO Pro 4.9.6.2 - aioseo.com -->\n\t<meta name=\"description\" content=\"Instant \u0161otor postavljen v 1 minuti je idealen za kraj\u0161e dru\u017einske izlete, festivale ali romanti\u010dne pobege v naravo!\" \/>\n\t<meta name=\"robots\" content=\"max-image-preview:large\" \/>\n\t<meta name=\"google-site-verification\" content=\"Z9rvnbo9ip0NBVVGAbu4YfrfQ-Mg13t26DIfsx85Rbc\" \/>\n\t<link rel=\"canonical\" href=\"https:\/\/maxyhome.si\/de\/product\/sotor-instant-gonature-p4\/\" \/>\n\t<meta name=\"generator\" content=\"All in One SEO Pro (AIOSEO) 4.9.6.2\" \/>\n\t\t<meta property=\"og:locale\" content=\"de_DE\" \/>\n\t\t<meta property=\"og:site_name\" content=\"MaxyHome.si - Vse za Dom in Vrt\" \/>\n\t\t<meta property=\"og:type\" content=\"article\" \/>\n\t\t<meta property=\"og:title\" content=\"\u0160otor Instant GoNature P4 - MaxyHome.si\" \/>\n\t\t<meta property=\"og:description\" content=\"Instant \u0161otor postavljen v 1 minuti je idealen za kraj\u0161e dru\u017einske izlete, festivale ali romanti\u010dne pobege v naravo!\" \/>\n\t\t<meta property=\"og:url\" content=\"https:\/\/maxyhome.si\/de\/product\/sotor-instant-gonature-p4\/\" \/>\n\t\t<meta property=\"og:image\" content=\"https:\/\/maxyhome.si\/wp-content\/uploads\/2024\/02\/Prvovrstni-rastlinjaki_Maksi_DOm_Facebook.webp\" \/>\n\t\t<meta property=\"og:image:secure_url\" content=\"https:\/\/maxyhome.si\/wp-content\/uploads\/2024\/02\/Prvovrstni-rastlinjaki_Maksi_DOm_Facebook.webp\" \/>\n\t\t<meta property=\"og:image:width\" content=\"1640\" \/>\n\t\t<meta property=\"og:image:height\" content=\"924\" \/>\n\t\t<meta property=\"article:published_time\" content=\"2023-07-06T09:41:08+00:00\" \/>\n\t\t<meta property=\"article:modified_time\" content=\"2024-05-23T10:22:50+00:00\" \/>\n\t\t<meta property=\"article:publisher\" content=\"https:\/\/www.facebook.com\/MaxyhomeEU\" \/>\n\t\t<meta name=\"twitter:card\" content=\"summary_large_image\" \/>\n\t\t<meta name=\"twitter:title\" content=\"\u0160otor Instant GoNature P4 - MaxyHome.si\" \/>\n\t\t<meta name=\"twitter:description\" content=\"Instant \u0161otor postavljen v 1 minuti je idealen za kraj\u0161e dru\u017einske izlete, festivale ali romanti\u010dne pobege v naravo!\" \/>\n\t\t<meta name=\"twitter:image\" content=\"https:\/\/maxyhome.si\/wp-content\/uploads\/2024\/02\/Prvovrstni-rastlinjaki_Maksi_DOm_Facebook.webp\" \/>\n\t\t<script type=\"application\/ld+json\" class=\"aioseo-schema\">\n\t\t\t{\"@context\":\"https:\\\/\\\/schema.org\",\"@graph\":[{\"@type\":\"BreadcrumbList\",\"@id\":\"https:\\\/\\\/maxyhome.si\\\/de\\\/product\\\/sotor-instant-gonature-p4\\\/#breadcrumblist\",\"itemListElement\":[{\"@type\":\"ListItem\",\"@id\":\"https:\\\/\\\/maxyhome.si\\\/de#listItem\",\"position\":1,\"name\":\"Home\",\"item\":\"https:\\\/\\\/maxyhome.si\\\/de\",\"nextItem\":{\"@type\":\"ListItem\",\"@id\":\"https:\\\/\\\/maxyhome.si\\\/de\\\/trgovina\\\/#listItem\",\"name\":\"Trgovina\"}},{\"@type\":\"ListItem\",\"@id\":\"https:\\\/\\\/maxyhome.si\\\/de\\\/trgovina\\\/#listItem\",\"position\":2,\"name\":\"Trgovina\",\"item\":\"https:\\\/\\\/maxyhome.si\\\/de\\\/trgovina\\\/\",\"nextItem\":{\"@type\":\"ListItem\",\"@id\":\"https:\\\/\\\/maxyhome.si\\\/de\\\/product-category\\\/sotori\\\/#listItem\",\"name\":\"\\u0160otori za kampiranje\"},\"previousItem\":{\"@type\":\"ListItem\",\"@id\":\"https:\\\/\\\/maxyhome.si\\\/de#listItem\",\"name\":\"Home\"}},{\"@type\":\"ListItem\",\"@id\":\"https:\\\/\\\/maxyhome.si\\\/de\\\/product-category\\\/sotori\\\/#listItem\",\"position\":3,\"name\":\"\\u0160otori za kampiranje\",\"item\":\"https:\\\/\\\/maxyhome.si\\\/de\\\/product-category\\\/sotori\\\/\",\"nextItem\":{\"@type\":\"ListItem\",\"@id\":\"https:\\\/\\\/maxyhome.si\\\/de\\\/product\\\/sotor-instant-gonature-p4\\\/#listItem\",\"name\":\"\\u0160otor Instant GoNature P4\"},\"previousItem\":{\"@type\":\"ListItem\",\"@id\":\"https:\\\/\\\/maxyhome.si\\\/de\\\/trgovina\\\/#listItem\",\"name\":\"Trgovina\"}},{\"@type\":\"ListItem\",\"@id\":\"https:\\\/\\\/maxyhome.si\\\/de\\\/product\\\/sotor-instant-gonature-p4\\\/#listItem\",\"position\":4,\"name\":\"\\u0160otor Instant GoNature P4\",\"previousItem\":{\"@type\":\"ListItem\",\"@id\":\"https:\\\/\\\/maxyhome.si\\\/de\\\/product-category\\\/sotori\\\/#listItem\",\"name\":\"\\u0160otori za kampiranje\"}}]},{\"@type\":\"ItemPage\",\"@id\":\"https:\\\/\\\/maxyhome.si\\\/de\\\/product\\\/sotor-instant-gonature-p4\\\/#itempage\",\"url\":\"https:\\\/\\\/maxyhome.si\\\/de\\\/product\\\/sotor-instant-gonature-p4\\\/\",\"name\":\"\\u0160otor Instant GoNature P4 - MaxyHome.si\",\"description\":\"Instant \\u0161otor postavljen v 1 minuti je idealen za kraj\\u0161e dru\\u017einske izlete, festivale ali romanti\\u010dne pobege v naravo!\",\"inLanguage\":\"de-DE\",\"isPartOf\":{\"@id\":\"https:\\\/\\\/maxyhome.si\\\/de\\\/#website\"},\"breadcrumb\":{\"@id\":\"https:\\\/\\\/maxyhome.si\\\/de\\\/product\\\/sotor-instant-gonature-p4\\\/#breadcrumblist\"},\"image\":{\"@type\":\"ImageObject\",\"url\":\"https:\\\/\\\/maxyhome.si\\\/wp-content\\\/uploads\\\/2023\\\/07\\\/Got_NAture_P6_1-1.webp\",\"@id\":\"https:\\\/\\\/maxyhome.si\\\/de\\\/product\\\/sotor-instant-gonature-p4\\\/#mainImage\",\"width\":1200,\"height\":1200,\"caption\":\"Svetlo zelen in siv \\u0161otor za kampiranje GoNature P4 s \\u010drnim predprostorom, postavljen na beli podlagi.\"},\"primaryImageOfPage\":{\"@id\":\"https:\\\/\\\/maxyhome.si\\\/de\\\/product\\\/sotor-instant-gonature-p4\\\/#mainImage\"},\"datePublished\":\"2023-07-06T09:41:08+00:00\",\"dateModified\":\"2024-05-23T10:22:50+00:00\"},{\"@type\":\"Organization\",\"@id\":\"https:\\\/\\\/maxyhome.si\\\/de\\\/#organization\",\"name\":\"Lorin6 d.o.o.\",\"description\":\"Vse za Dom in Vrt\",\"url\":\"https:\\\/\\\/maxyhome.si\\\/de\\\/\",\"email\":\"info@maxyhome.eu\",\"telephone\":\"+38641537010\",\"logo\":{\"@type\":\"ImageObject\",\"url\":\"https:\\\/\\\/maxyhome.si\\\/wp-content\\\/uploads\\\/2024\\\/02\\\/cropped-Maxyhome_si_logotip.png\",\"@id\":\"https:\\\/\\\/maxyhome.si\\\/de\\\/product\\\/sotor-instant-gonature-p4\\\/#organizationLogo\",\"width\":470,\"height\":77},\"image\":{\"@id\":\"https:\\\/\\\/maxyhome.si\\\/de\\\/product\\\/sotor-instant-gonature-p4\\\/#organizationLogo\"},\"sameAs\":[\"https:\\\/\\\/www.facebook.com\\\/MaxyhomeEU\",\"https:\\\/\\\/www.instagram.com\\\/maksidom.si\\\/\"],\"address\":{\"@id\":\"https:\\\/\\\/maxyhome.si\\\/de\\\/#postaladdress\",\"@type\":\"PostalAddress\",\"streetAddress\":\"BE\\u017dIGRAJSKA CESTA 9, Lorin6 d.o.o.\",\"postalCode\":\"3000\",\"addressLocality\":\"Celje\",\"addressCountry\":\"SI\"},\"vatID\":\"SI62505319\"},{\"@type\":\"WebPage\",\"@id\":\"https:\\\/\\\/maxyhome.si\\\/de\\\/product\\\/sotor-instant-gonature-p4\\\/#webpage\",\"url\":\"https:\\\/\\\/maxyhome.si\\\/de\\\/product\\\/sotor-instant-gonature-p4\\\/\",\"name\":\"\\u0160otor Instant GoNature P4 - MaxyHome.si\",\"description\":\"Instant \\u0161otor postavljen v 1 minuti je idealen za kraj\\u0161e dru\\u017einske izlete, festivale ali romanti\\u010dne pobege v naravo!\",\"inLanguage\":\"de-DE\",\"isPartOf\":{\"@id\":\"https:\\\/\\\/maxyhome.si\\\/de\\\/#website\"},\"breadcrumb\":{\"@id\":\"https:\\\/\\\/maxyhome.si\\\/de\\\/product\\\/sotor-instant-gonature-p4\\\/#breadcrumblist\"},\"image\":{\"@type\":\"ImageObject\",\"url\":\"https:\\\/\\\/maxyhome.si\\\/wp-content\\\/uploads\\\/2023\\\/07\\\/Got_NAture_P6_1-1.webp\",\"@id\":\"https:\\\/\\\/maxyhome.si\\\/de\\\/product\\\/sotor-instant-gonature-p4\\\/#mainImage\",\"width\":1200,\"height\":1200,\"caption\":\"Svetlo zelen in siv \\u0161otor za kampiranje GoNature P4 s \\u010drnim predprostorom, postavljen na beli podlagi.\"},\"primaryImageOfPage\":{\"@id\":\"https:\\\/\\\/maxyhome.si\\\/de\\\/product\\\/sotor-instant-gonature-p4\\\/#mainImage\"},\"datePublished\":\"2023-07-06T09:41:08+00:00\",\"dateModified\":\"2024-05-23T10:22:50+00:00\"},{\"@type\":\"WebSite\",\"@id\":\"https:\\\/\\\/maxyhome.si\\\/de\\\/#website\",\"url\":\"https:\\\/\\\/maxyhome.si\\\/de\\\/\",\"name\":\"MaxyHome\",\"description\":\"Vse za Dom in Vrt\",\"inLanguage\":\"de-DE\",\"publisher\":{\"@id\":\"https:\\\/\\\/maxyhome.si\\\/de\\\/#organization\"}}]}\n\t\t<\/script>\n\t\t<!-- All in One SEO Pro -->\r\n\t\t<title>\u0160otor Instant GoNature P4 - MaxyHome.si<\/title>\n\n","aioseo_head_json":{"title":"\u0160otor Instant GoNature P4 - MaxyHome.si","description":"Instant \u0161otor postavljen v 1 minuti je idealen za kraj\u0161e dru\u017einske izlete, festivale ali romanti\u010dne pobege v naravo!","canonical_url":"https:\/\/maxyhome.si\/de\/product\/sotor-instant-gonature-p4\/","robots":"max-image-preview:large","keywords":"","webmasterTools":{"google-site-verification":"Z9rvnbo9ip0NBVVGAbu4YfrfQ-Mg13t26DIfsx85Rbc","miscellaneous":""},"schema":{"@context":"https:\/\/schema.org","@graph":[{"@type":"BreadcrumbList","@id":"https:\/\/maxyhome.si\/de\/product\/sotor-instant-gonature-p4\/#breadcrumblist","itemListElement":[{"@type":"ListItem","@id":"https:\/\/maxyhome.si\/de#listItem","position":1,"name":"Home","item":"https:\/\/maxyhome.si\/de","nextItem":{"@type":"ListItem","@id":"https:\/\/maxyhome.si\/de\/trgovina\/#listItem","name":"Trgovina"}},{"@type":"ListItem","@id":"https:\/\/maxyhome.si\/de\/trgovina\/#listItem","position":2,"name":"Trgovina","item":"https:\/\/maxyhome.si\/de\/trgovina\/","nextItem":{"@type":"ListItem","@id":"https:\/\/maxyhome.si\/de\/product-category\/sotori\/#listItem","name":"\u0160otori za kampiranje"},"previousItem":{"@type":"ListItem","@id":"https:\/\/maxyhome.si\/de#listItem","name":"Home"}},{"@type":"ListItem","@id":"https:\/\/maxyhome.si\/de\/product-category\/sotori\/#listItem","position":3,"name":"\u0160otori za kampiranje","item":"https:\/\/maxyhome.si\/de\/product-category\/sotori\/","nextItem":{"@type":"ListItem","@id":"https:\/\/maxyhome.si\/de\/product\/sotor-instant-gonature-p4\/#listItem","name":"\u0160otor Instant GoNature P4"},"previousItem":{"@type":"ListItem","@id":"https:\/\/maxyhome.si\/de\/trgovina\/#listItem","name":"Trgovina"}},{"@type":"ListItem","@id":"https:\/\/maxyhome.si\/de\/product\/sotor-instant-gonature-p4\/#listItem","position":4,"name":"\u0160otor Instant GoNature P4","previousItem":{"@type":"ListItem","@id":"https:\/\/maxyhome.si\/de\/product-category\/sotori\/#listItem","name":"\u0160otori za kampiranje"}}]},{"@type":"ItemPage","@id":"https:\/\/maxyhome.si\/de\/product\/sotor-instant-gonature-p4\/#itempage","url":"https:\/\/maxyhome.si\/de\/product\/sotor-instant-gonature-p4\/","name":"\u0160otor Instant GoNature P4 - MaxyHome.si","description":"Instant \u0161otor postavljen v 1 minuti je idealen za kraj\u0161e dru\u017einske izlete, festivale ali romanti\u010dne pobege v naravo!","inLanguage":"de-DE","isPartOf":{"@id":"https:\/\/maxyhome.si\/de\/#website"},"breadcrumb":{"@id":"https:\/\/maxyhome.si\/de\/product\/sotor-instant-gonature-p4\/#breadcrumblist"},"image":{"@type":"ImageObject","url":"https:\/\/maxyhome.si\/wp-content\/uploads\/2023\/07\/Got_NAture_P6_1-1.webp","@id":"https:\/\/maxyhome.si\/de\/product\/sotor-instant-gonature-p4\/#mainImage","width":1200,"height":1200,"caption":"Svetlo zelen in siv \u0161otor za kampiranje GoNature P4 s \u010drnim predprostorom, postavljen na beli podlagi."},"primaryImageOfPage":{"@id":"https:\/\/maxyhome.si\/de\/product\/sotor-instant-gonature-p4\/#mainImage"},"datePublished":"2023-07-06T09:41:08+00:00","dateModified":"2024-05-23T10:22:50+00:00"},{"@type":"Organization","@id":"https:\/\/maxyhome.si\/de\/#organization","name":"Lorin6 d.o.o.","description":"Vse za Dom in Vrt","url":"https:\/\/maxyhome.si\/de\/","email":"info@maxyhome.eu","telephone":"+38641537010","logo":{"@type":"ImageObject","url":"https:\/\/maxyhome.si\/wp-content\/uploads\/2024\/02\/cropped-Maxyhome_si_logotip.png","@id":"https:\/\/maxyhome.si\/de\/product\/sotor-instant-gonature-p4\/#organizationLogo","width":470,"height":77},"image":{"@id":"https:\/\/maxyhome.si\/de\/product\/sotor-instant-gonature-p4\/#organizationLogo"},"sameAs":["https:\/\/www.facebook.com\/MaxyhomeEU","https:\/\/www.instagram.com\/maksidom.si\/"],"address":{"@id":"https:\/\/maxyhome.si\/de\/#postaladdress","@type":"PostalAddress","streetAddress":"BE\u017dIGRAJSKA CESTA 9, Lorin6 d.o.o.","postalCode":"3000","addressLocality":"Celje","addressCountry":"SI"},"vatID":"SI62505319"},{"@type":"WebPage","@id":"https:\/\/maxyhome.si\/de\/product\/sotor-instant-gonature-p4\/#webpage","url":"https:\/\/maxyhome.si\/de\/product\/sotor-instant-gonature-p4\/","name":"\u0160otor Instant GoNature P4 - MaxyHome.si","description":"Instant \u0161otor postavljen v 1 minuti je idealen za kraj\u0161e dru\u017einske izlete, festivale ali romanti\u010dne pobege v naravo!","inLanguage":"de-DE","isPartOf":{"@id":"https:\/\/maxyhome.si\/de\/#website"},"breadcrumb":{"@id":"https:\/\/maxyhome.si\/de\/product\/sotor-instant-gonature-p4\/#breadcrumblist"},"image":{"@type":"ImageObject","url":"https:\/\/maxyhome.si\/wp-content\/uploads\/2023\/07\/Got_NAture_P6_1-1.webp","@id":"https:\/\/maxyhome.si\/de\/product\/sotor-instant-gonature-p4\/#mainImage","width":1200,"height":1200,"caption":"Svetlo zelen in siv \u0161otor za kampiranje GoNature P4 s \u010drnim predprostorom, postavljen na beli podlagi."},"primaryImageOfPage":{"@id":"https:\/\/maxyhome.si\/de\/product\/sotor-instant-gonature-p4\/#mainImage"},"datePublished":"2023-07-06T09:41:08+00:00","dateModified":"2024-05-23T10:22:50+00:00"},{"@type":"WebSite","@id":"https:\/\/maxyhome.si\/de\/#website","url":"https:\/\/maxyhome.si\/de\/","name":"MaxyHome","description":"Vse za Dom in Vrt","inLanguage":"de-DE","publisher":{"@id":"https:\/\/maxyhome.si\/de\/#organization"}}]},"og:locale":"de_DE","og:site_name":"MaxyHome.si - Vse za Dom in Vrt","og:type":"article","og:title":"\u0160otor Instant GoNature P4 - MaxyHome.si","og:description":"Instant \u0161otor postavljen v 1 minuti je idealen za kraj\u0161e dru\u017einske izlete, festivale ali romanti\u010dne pobege v naravo!","og:url":"https:\/\/maxyhome.si\/de\/product\/sotor-instant-gonature-p4\/","og:image":"https:\/\/maxyhome.si\/wp-content\/uploads\/2024\/02\/Prvovrstni-rastlinjaki_Maksi_DOm_Facebook.webp","og:image:secure_url":"https:\/\/maxyhome.si\/wp-content\/uploads\/2024\/02\/Prvovrstni-rastlinjaki_Maksi_DOm_Facebook.webp","og:image:width":1640,"og:image:height":924,"article:published_time":"2023-07-06T09:41:08+00:00","article:modified_time":"2024-05-23T10:22:50+00:00","article:publisher":"https:\/\/www.facebook.com\/MaxyhomeEU","twitter:card":"summary_large_image","twitter:title":"\u0160otor Instant GoNature P4 - MaxyHome.si","twitter:description":"Instant \u0161otor postavljen v 1 minuti je idealen za kraj\u0161e dru\u017einske izlete, festivale ali romanti\u010dne pobege v naravo!","twitter:image":"https:\/\/maxyhome.si\/wp-content\/uploads\/2024\/02\/Prvovrstni-rastlinjaki_Maksi_DOm_Facebook.webp"},"aioseo_meta_data":{"post_id":"7936","title":null,"description":null,"keywords":null,"keyphrases":null,"primary_term":null,"canonical_url":null,"og_title":null,"og_description":null,"og_object_type":"default","og_image_type":"default","og_image_url":null,"og_image_width":null,"og_image_height":null,"og_image_custom_url":null,"og_image_custom_fields":null,"og_video":null,"og_custom_url":null,"og_article_section":null,"og_article_tags":null,"twitter_use_og":false,"twitter_card":"default","twitter_image_type":"default","twitter_image_url":null,"twitter_image_custom_url":null,"twitter_image_custom_fields":null,"twitter_title":null,"twitter_description":null,"schema":{"blockGraphs":[],"customGraphs":[],"default":{"data":{"Article":[],"Course":[],"Dataset":[],"FAQPage":[],"Movie":[],"Person":[],"Product":[],"ProductReview":[],"Car":[],"Recipe":[],"Service":[],"SoftwareApplication":[],"WebPage":[]},"graphName":"","isEnabled":true},"graphs":[]},"schema_type":"default","schema_type_options":null,"pillar_content":false,"robots_default":true,"robots_noindex":false,"robots_noarchive":false,"robots_nosnippet":false,"robots_nofollow":false,"robots_noimageindex":false,"robots_noodp":false,"robots_notranslate":false,"robots_max_snippet":null,"robots_max_videopreview":null,"robots_max_imagepreview":"large","priority":null,"frequency":null,"local_seo":null,"seo_analyzer_scan_date":"2025-10-08 18:59:00","breadcrumb_settings":null,"limit_modified_date":false,"reviewed_by":null,"ai":null,"created":"2024-02-28 07:14:15","updated":"2025-10-08 18:59:00"},"aioseo_breadcrumb":"<div class=\"aioseo-breadcrumbs\"><span class=\"aioseo-breadcrumb\">\n\t<a href=\"https:\/\/maxyhome.si\/de\" title=\"Home\">Home<\/a>\n<\/span><span class=\"aioseo-breadcrumb-separator\">&raquo;<\/span><span class=\"aioseo-breadcrumb\">\n\t<a href=\"https:\/\/maxyhome.si\/de\/trgovina\/\" title=\"Trgovina\">Trgovina<\/a>\n<\/span><span class=\"aioseo-breadcrumb-separator\">&raquo;<\/span><span class=\"aioseo-breadcrumb\">\n\t<a href=\"https:\/\/maxyhome.si\/de\/product-category\/sotori\/\" title=\"\u0160otori za kampiranje\">\u0160otori za kampiranje<\/a>\n<\/span><span class=\"aioseo-breadcrumb-separator\">&raquo;<\/span><span class=\"aioseo-breadcrumb\">\n\t\u0160otor Instant GoNature P4\n<\/span><\/div>","aioseo_breadcrumb_json":[{"label":"Home","link":"https:\/\/maxyhome.si\/de"},{"label":"Trgovina","link":"https:\/\/maxyhome.si\/de\/trgovina\/"},{"label":"\u0160otori za kampiranje","link":"https:\/\/maxyhome.si\/de\/product-category\/sotori\/"},{"label":"\u0160otor Instant GoNature P4","link":"https:\/\/maxyhome.si\/de\/product\/sotor-instant-gonature-p4\/"}],"_links":{"self":[{"href":"https:\/\/maxyhome.si\/de\/wp-json\/wp\/v2\/product\/7936","targetHints":{"allow":["GET"]}}],"collection":[{"href":"https:\/\/maxyhome.si\/de\/wp-json\/wp\/v2\/product"}],"about":[{"href":"https:\/\/maxyhome.si\/de\/wp-json\/wp\/v2\/types\/product"}],"replies":[{"embeddable":true,"href":"https:\/\/maxyhome.si\/de\/wp-json\/wp\/v2\/comments?post=7936"}],"version-history":[{"count":1,"href":"https:\/\/maxyhome.si\/de\/wp-json\/wp\/v2\/product\/7936\/revisions"}],"predecessor-version":[{"id":10470,"href":"https:\/\/maxyhome.si\/de\/wp-json\/wp\/v2\/product\/7936\/revisions\/10470"}],"wp:featuredmedia":[{"embeddable":true,"href":"https:\/\/maxyhome.si\/de\/wp-json\/wp\/v2\/media\/8116"}],"wp:attachment":[{"href":"https:\/\/maxyhome.si\/de\/wp-json\/wp\/v2\/media?parent=7936"}],"wp:term":[{"taxonomy":"product_brand","embeddable":true,"href":"https:\/\/maxyhome.si\/de\/wp-json\/wp\/v2\/product_brand?post=7936"},{"taxonomy":"product_cat","embeddable":true,"href":"https:\/\/maxyhome.si\/de\/wp-json\/wp\/v2\/product_cat?post=7936"},{"taxonomy":"product_tag","embeddable":true,"href":"https:\/\/maxyhome.si\/de\/wp-json\/wp\/v2\/product_tag?post=7936"}],"curies":[{"name":"wp","href":"https:\/\/api.w.org\/{rel}","templated":true}]}}