{"id":7941,"date":"2023-07-06T10:25:43","date_gmt":"2023-07-06T10:25:43","guid":{"rendered":"https:\/\/maxyhome.si\/izdelek\/sotor-coleman-darwin-3\/"},"modified":"2024-05-23T10:22:39","modified_gmt":"2024-05-23T10:22:39","slug":"sotor-coleman-darwin-3","status":"publish","type":"product","link":"https:\/\/maxyhome.si\/de\/product\/sotor-coleman-darwin-3\/","title":{"rendered":"Coleman Darwin 3+ Zelt"},"content":{"rendered":"<p>Entdecken Sie den Komfort des Campings mit dem Premium-Zelt Coleman Elite Darwin 3+. Dieses hochfunktionale Zelt wurde f\u00fcr die Bed\u00fcrfnisse des modernen Abenteurers entwickelt und bietet optimale Ger\u00e4umigkeit und Privatsph\u00e4re, ideal f\u00fcr Festivals, Roadtrips oder Wochenendausfl\u00fcge.<\/p>\n<p>Der Vorteil dieses Zeltes ist seine verl\u00e4ngerte Bauweise mit zus\u00e4tzlicher H\u00f6he und einer erweiterten Apside, die viel Stauraum f\u00fcr schlammige Stiefel und Taschen bietet. Der Aufbau des Zeltes ist \u00e4u\u00dferst einfach, da die Stangen und Anschl\u00fcsse zur einfachen Identifizierung und Montage farblich gekennzeichnet sind.<\/p>\n<p>Das Zelt Coleman Elite Darwin 3+ ist auf Sicherheit und Komfort ausgelegt. Der vollst\u00e4ndig vern\u00e4hte Boden l\u00e4sst weder Insekten noch Wasser eindringen und sorgt so f\u00fcr ein ruhiges und angenehmes Campingerlebnis. PVC-Fenster erm\u00f6glichen den Durchgang von nat\u00fcrlichem Licht, was auch im Inneren des Zeltes f\u00fcr eine helle und warme Atmosph\u00e4re sorgt.<\/p>\n<p>Coleman-Zelte sind so konzipiert, dass sie auch dann sicher verwendet werden k\u00f6nnen, wenn die Dinge nicht nach Plan laufen: Sie bestehen aus nicht brennbaren Materialien, die verhindern, dass das Zelt au\u00dfer Kontrolle brennt, sodass Sie im Brandfall gen\u00fcgend Zeit haben, zu entkommen .<\/p>\n<p>Das Beste an diesem Zelt ist seine Wasserbest\u00e4ndigkeit mit einer Wassers\u00e4ule von 3000 mm und versiegelten N\u00e4hten, die Sie auch bei schlechtesten Wetterbedingungen trocken h\u00e4lt. Die leichten und flexiblen Fiberglasst\u00e4be gew\u00e4hrleisten einen zuverl\u00e4ssigen Einsatz auch bei Wind und Sturm. Bei sengender Sonne bietet Ihnen UVGuard maximalen Schutz mit einem Lichtschutzfaktor von SPF50, weshalb das Coleman Elite Zelt die richtige Wahl f\u00fcr den Einsatz bei jedem Wetter ist.<\/p>\n<h5 style=\"text-align: center;\">All diese herausragenden Eigenschaften machen das Coleman Elite Darwin 3+ Zelt zur perfekten Wahl f\u00fcr jeden Camper, der auf Benutzerfreundlichkeit, Komfort und Sicherheit Wert legt.<\/h5>\n<p>Technische Spezifikationen:<\/p>\n<ul>\n<li>Gr\u00f6\u00dfe: Das Zelt misst 200 cm x 330 cm x 130 cm (Breite x L\u00e4nge x H\u00f6he) und bietet Platz f\u00fcr drei Personen.<\/li>\n<li>Material: Hergestellt aus robustem Polyester mit einer Wassers\u00e4ule von 3000 mm und FPF50-Schutz.<\/li>\n<li>Bel\u00fcftung: Die Bel\u00fcftung sorgt f\u00fcr eine optimale Bel\u00fcftung und sorgt f\u00fcr eine angenehme Temperatur im Zeltinneren.<\/li>\n<li>Aufbewahrungstaschen: Praktische Taschen erm\u00f6glichen eine einfache Organisation pers\u00f6nlicher Gegenst\u00e4nde.<\/li>\n<li>Moskitonetz: Bleiben Sie vor Insekten gesch\u00fctzt und genie\u00dfen Sie einen ruhigen Schlaf.<\/li>\n<li>Gewicht: Mit einem Gewicht von 4,9 kg ist dieses Zelt bequem zu tragen und ideal f\u00fcr verschiedene Ausfl\u00fcge.<\/li>\n<li>Layout: F\u00fcr ein einfacheres Layout sind Balken und Anschl\u00fcsse farblich gekennzeichnet. Befestigung mit Keilen.<\/li>\n<\/ul>\n<h5 style=\"text-align: center;\">Verpassen Sie nicht die Gelegenheit, ein unvergessliches Campingabenteuer mit unserem Coleman Elite Darwin 3+ Zelt zu erleben!<\/h5>","protected":false},"excerpt":{"rendered":"<p>F\u00fcr unvergessliche Abenteuer! Geeignet f\u00fcr 3 Personen.<\/p>","protected":false},"featured_media":8082,"comment_status":"open","ping_status":"closed","template":"","meta":{"_monsterinsights_skip_tracking":false,"_monsterinsights_sitenote_active":false,"_monsterinsights_sitenote_note":"","_monsterinsights_sitenote_category":0},"product_brand":[],"product_cat":[76,75],"product_tag":[],"class_list":{"0":"post-7941","1":"product","2":"type-product","3":"status-publish","4":"has-post-thumbnail","6":"product_cat-coleman-sotori","7":"product_cat-sotori","9":"first","10":"instock","11":"taxable","12":"shipping-taxable","13":"purchasable","14":"product-type-simple"},"aioseo_notices":[],"aioseo_head":"\n\t\t<!-- All in One SEO Pro 4.9.6 - aioseo.com -->\n\t<meta name=\"description\" content=\"Za nepozabne avanture! Primeren za 3 osebe.\" \/>\n\t<meta name=\"robots\" content=\"max-image-preview:large\" \/>\n\t<meta name=\"google-site-verification\" content=\"Z9rvnbo9ip0NBVVGAbu4YfrfQ-Mg13t26DIfsx85Rbc\" \/>\n\t<link rel=\"canonical\" href=\"https:\/\/maxyhome.si\/de\/product\/sotor-coleman-darwin-3\/\" \/>\n\t<meta name=\"generator\" content=\"All in One SEO Pro (AIOSEO) 4.9.6\" \/>\n\t\t<meta property=\"og:locale\" content=\"de_DE\" \/>\n\t\t<meta property=\"og:site_name\" content=\"MaxyHome.si - Vse za Dom in Vrt\" \/>\n\t\t<meta property=\"og:type\" content=\"article\" \/>\n\t\t<meta property=\"og:title\" content=\"\u0160otor Coleman Darwin 3+ - MaxyHome.si\" \/>\n\t\t<meta property=\"og:description\" content=\"Za nepozabne avanture! Primeren za 3 osebe.\" \/>\n\t\t<meta property=\"og:url\" content=\"https:\/\/maxyhome.si\/de\/product\/sotor-coleman-darwin-3\/\" \/>\n\t\t<meta property=\"og:image\" content=\"https:\/\/maxyhome.si\/wp-content\/uploads\/2024\/02\/Prvovrstni-rastlinjaki_Maksi_DOm_Facebook.webp\" \/>\n\t\t<meta property=\"og:image:secure_url\" content=\"https:\/\/maxyhome.si\/wp-content\/uploads\/2024\/02\/Prvovrstni-rastlinjaki_Maksi_DOm_Facebook.webp\" \/>\n\t\t<meta property=\"og:image:width\" content=\"1640\" \/>\n\t\t<meta property=\"og:image:height\" content=\"924\" \/>\n\t\t<meta property=\"article:published_time\" content=\"2023-07-06T10:25:43+00:00\" \/>\n\t\t<meta property=\"article:modified_time\" content=\"2024-05-23T10:22:39+00:00\" \/>\n\t\t<meta property=\"article:publisher\" content=\"https:\/\/www.facebook.com\/MaxyhomeEU\" \/>\n\t\t<meta name=\"twitter:card\" content=\"summary_large_image\" \/>\n\t\t<meta name=\"twitter:title\" content=\"\u0160otor Coleman Darwin 3+ - MaxyHome.si\" \/>\n\t\t<meta name=\"twitter:description\" content=\"Za nepozabne avanture! Primeren za 3 osebe.\" \/>\n\t\t<meta name=\"twitter:image\" content=\"https:\/\/maxyhome.si\/wp-content\/uploads\/2024\/02\/Prvovrstni-rastlinjaki_Maksi_DOm_Facebook.webp\" \/>\n\t\t<script type=\"application\/ld+json\" class=\"aioseo-schema\">\n\t\t\t{\"@context\":\"https:\\\/\\\/schema.org\",\"@graph\":[{\"@type\":\"BreadcrumbList\",\"@id\":\"https:\\\/\\\/maxyhome.si\\\/de\\\/product\\\/sotor-coleman-darwin-3\\\/#breadcrumblist\",\"itemListElement\":[{\"@type\":\"ListItem\",\"@id\":\"https:\\\/\\\/maxyhome.si\\\/de#listItem\",\"position\":1,\"name\":\"Home\",\"item\":\"https:\\\/\\\/maxyhome.si\\\/de\",\"nextItem\":{\"@type\":\"ListItem\",\"@id\":\"https:\\\/\\\/maxyhome.si\\\/de\\\/trgovina\\\/#listItem\",\"name\":\"Trgovina\"}},{\"@type\":\"ListItem\",\"@id\":\"https:\\\/\\\/maxyhome.si\\\/de\\\/trgovina\\\/#listItem\",\"position\":2,\"name\":\"Trgovina\",\"item\":\"https:\\\/\\\/maxyhome.si\\\/de\\\/trgovina\\\/\",\"nextItem\":{\"@type\":\"ListItem\",\"@id\":\"https:\\\/\\\/maxyhome.si\\\/de\\\/product-category\\\/sotori\\\/#listItem\",\"name\":\"\\u0160otori za kampiranje\"},\"previousItem\":{\"@type\":\"ListItem\",\"@id\":\"https:\\\/\\\/maxyhome.si\\\/de#listItem\",\"name\":\"Home\"}},{\"@type\":\"ListItem\",\"@id\":\"https:\\\/\\\/maxyhome.si\\\/de\\\/product-category\\\/sotori\\\/#listItem\",\"position\":3,\"name\":\"\\u0160otori za kampiranje\",\"item\":\"https:\\\/\\\/maxyhome.si\\\/de\\\/product-category\\\/sotori\\\/\",\"nextItem\":{\"@type\":\"ListItem\",\"@id\":\"https:\\\/\\\/maxyhome.si\\\/de\\\/product\\\/sotor-coleman-darwin-3\\\/#listItem\",\"name\":\"\\u0160otor Coleman Darwin 3+\"},\"previousItem\":{\"@type\":\"ListItem\",\"@id\":\"https:\\\/\\\/maxyhome.si\\\/de\\\/trgovina\\\/#listItem\",\"name\":\"Trgovina\"}},{\"@type\":\"ListItem\",\"@id\":\"https:\\\/\\\/maxyhome.si\\\/de\\\/product\\\/sotor-coleman-darwin-3\\\/#listItem\",\"position\":4,\"name\":\"\\u0160otor Coleman Darwin 3+\",\"previousItem\":{\"@type\":\"ListItem\",\"@id\":\"https:\\\/\\\/maxyhome.si\\\/de\\\/product-category\\\/sotori\\\/#listItem\",\"name\":\"\\u0160otori za kampiranje\"}}]},{\"@type\":\"ItemPage\",\"@id\":\"https:\\\/\\\/maxyhome.si\\\/de\\\/product\\\/sotor-coleman-darwin-3\\\/#itempage\",\"url\":\"https:\\\/\\\/maxyhome.si\\\/de\\\/product\\\/sotor-coleman-darwin-3\\\/\",\"name\":\"\\u0160otor Coleman Darwin 3+ - MaxyHome.si\",\"description\":\"Za nepozabne avanture! Primeren za 3 osebe.\",\"inLanguage\":\"de-DE\",\"isPartOf\":{\"@id\":\"https:\\\/\\\/maxyhome.si\\\/de\\\/#website\"},\"breadcrumb\":{\"@id\":\"https:\\\/\\\/maxyhome.si\\\/de\\\/product\\\/sotor-coleman-darwin-3\\\/#breadcrumblist\"},\"image\":{\"@type\":\"ImageObject\",\"url\":\"https:\\\/\\\/maxyhome.si\\\/wp-content\\\/uploads\\\/2023\\\/07\\\/Coleman_darwin_3_1.webp\",\"@id\":\"https:\\\/\\\/maxyhome.si\\\/de\\\/product\\\/sotor-coleman-darwin-3\\\/#mainImage\",\"width\":1200,\"height\":1200,\"caption\":\"\\u0160otor Coleman Darwin 3+ v sivi in zeleni barvi z odprtimi vrati, postavljen v mirnem naravnem okolju, idealen za kampiranje.\"},\"primaryImageOfPage\":{\"@id\":\"https:\\\/\\\/maxyhome.si\\\/de\\\/product\\\/sotor-coleman-darwin-3\\\/#mainImage\"},\"datePublished\":\"2023-07-06T10:25:43+00:00\",\"dateModified\":\"2024-05-23T10:22:39+00:00\"},{\"@type\":\"Organization\",\"@id\":\"https:\\\/\\\/maxyhome.si\\\/de\\\/#organization\",\"name\":\"Lorin6 d.o.o.\",\"description\":\"Vse za Dom in Vrt\",\"url\":\"https:\\\/\\\/maxyhome.si\\\/de\\\/\",\"email\":\"info@maxyhome.eu\",\"telephone\":\"+38641537010\",\"logo\":{\"@type\":\"ImageObject\",\"url\":\"https:\\\/\\\/maxyhome.si\\\/wp-content\\\/uploads\\\/2024\\\/02\\\/cropped-Maxyhome_si_logotip.png\",\"@id\":\"https:\\\/\\\/maxyhome.si\\\/de\\\/product\\\/sotor-coleman-darwin-3\\\/#organizationLogo\",\"width\":470,\"height\":77},\"image\":{\"@id\":\"https:\\\/\\\/maxyhome.si\\\/de\\\/product\\\/sotor-coleman-darwin-3\\\/#organizationLogo\"},\"sameAs\":[\"https:\\\/\\\/www.facebook.com\\\/MaxyhomeEU\",\"https:\\\/\\\/www.instagram.com\\\/maksidom.si\\\/\"],\"address\":{\"@id\":\"https:\\\/\\\/maxyhome.si\\\/de\\\/#postaladdress\",\"@type\":\"PostalAddress\",\"streetAddress\":\"BE\\u017dIGRAJSKA CESTA 9, Lorin6 d.o.o.\",\"postalCode\":\"3000\",\"addressLocality\":\"Celje\",\"addressCountry\":\"SI\"},\"vatID\":\"SI62505319\"},{\"@type\":\"WebPage\",\"@id\":\"https:\\\/\\\/maxyhome.si\\\/de\\\/product\\\/sotor-coleman-darwin-3\\\/#webpage\",\"url\":\"https:\\\/\\\/maxyhome.si\\\/de\\\/product\\\/sotor-coleman-darwin-3\\\/\",\"name\":\"\\u0160otor Coleman Darwin 3+ - MaxyHome.si\",\"description\":\"Za nepozabne avanture! Primeren za 3 osebe.\",\"inLanguage\":\"de-DE\",\"isPartOf\":{\"@id\":\"https:\\\/\\\/maxyhome.si\\\/de\\\/#website\"},\"breadcrumb\":{\"@id\":\"https:\\\/\\\/maxyhome.si\\\/de\\\/product\\\/sotor-coleman-darwin-3\\\/#breadcrumblist\"},\"image\":{\"@type\":\"ImageObject\",\"url\":\"https:\\\/\\\/maxyhome.si\\\/wp-content\\\/uploads\\\/2023\\\/07\\\/Coleman_darwin_3_1.webp\",\"@id\":\"https:\\\/\\\/maxyhome.si\\\/de\\\/product\\\/sotor-coleman-darwin-3\\\/#mainImage\",\"width\":1200,\"height\":1200,\"caption\":\"\\u0160otor Coleman Darwin 3+ v sivi in zeleni barvi z odprtimi vrati, postavljen v mirnem naravnem okolju, idealen za kampiranje.\"},\"primaryImageOfPage\":{\"@id\":\"https:\\\/\\\/maxyhome.si\\\/de\\\/product\\\/sotor-coleman-darwin-3\\\/#mainImage\"},\"datePublished\":\"2023-07-06T10:25:43+00:00\",\"dateModified\":\"2024-05-23T10:22:39+00:00\"},{\"@type\":\"WebSite\",\"@id\":\"https:\\\/\\\/maxyhome.si\\\/de\\\/#website\",\"url\":\"https:\\\/\\\/maxyhome.si\\\/de\\\/\",\"name\":\"MaxyHome\",\"description\":\"Vse za Dom in Vrt\",\"inLanguage\":\"de-DE\",\"publisher\":{\"@id\":\"https:\\\/\\\/maxyhome.si\\\/de\\\/#organization\"}}]}\n\t\t<\/script>\n\t\t<!-- All in One SEO Pro -->\r\n\t\t<title>\u0160otor Coleman Darwin 3+ - MaxyHome.si<\/title>\n\n","aioseo_head_json":{"title":"\u0160otor Coleman Darwin 3+ - MaxyHome.si","description":"Za nepozabne avanture! Primeren za 3 osebe.","canonical_url":"https:\/\/maxyhome.si\/de\/product\/sotor-coleman-darwin-3\/","robots":"max-image-preview:large","keywords":"","webmasterTools":{"google-site-verification":"Z9rvnbo9ip0NBVVGAbu4YfrfQ-Mg13t26DIfsx85Rbc","miscellaneous":""},"schema":{"@context":"https:\/\/schema.org","@graph":[{"@type":"BreadcrumbList","@id":"https:\/\/maxyhome.si\/de\/product\/sotor-coleman-darwin-3\/#breadcrumblist","itemListElement":[{"@type":"ListItem","@id":"https:\/\/maxyhome.si\/de#listItem","position":1,"name":"Home","item":"https:\/\/maxyhome.si\/de","nextItem":{"@type":"ListItem","@id":"https:\/\/maxyhome.si\/de\/trgovina\/#listItem","name":"Trgovina"}},{"@type":"ListItem","@id":"https:\/\/maxyhome.si\/de\/trgovina\/#listItem","position":2,"name":"Trgovina","item":"https:\/\/maxyhome.si\/de\/trgovina\/","nextItem":{"@type":"ListItem","@id":"https:\/\/maxyhome.si\/de\/product-category\/sotori\/#listItem","name":"\u0160otori za kampiranje"},"previousItem":{"@type":"ListItem","@id":"https:\/\/maxyhome.si\/de#listItem","name":"Home"}},{"@type":"ListItem","@id":"https:\/\/maxyhome.si\/de\/product-category\/sotori\/#listItem","position":3,"name":"\u0160otori za kampiranje","item":"https:\/\/maxyhome.si\/de\/product-category\/sotori\/","nextItem":{"@type":"ListItem","@id":"https:\/\/maxyhome.si\/de\/product\/sotor-coleman-darwin-3\/#listItem","name":"\u0160otor Coleman Darwin 3+"},"previousItem":{"@type":"ListItem","@id":"https:\/\/maxyhome.si\/de\/trgovina\/#listItem","name":"Trgovina"}},{"@type":"ListItem","@id":"https:\/\/maxyhome.si\/de\/product\/sotor-coleman-darwin-3\/#listItem","position":4,"name":"\u0160otor Coleman Darwin 3+","previousItem":{"@type":"ListItem","@id":"https:\/\/maxyhome.si\/de\/product-category\/sotori\/#listItem","name":"\u0160otori za kampiranje"}}]},{"@type":"ItemPage","@id":"https:\/\/maxyhome.si\/de\/product\/sotor-coleman-darwin-3\/#itempage","url":"https:\/\/maxyhome.si\/de\/product\/sotor-coleman-darwin-3\/","name":"\u0160otor Coleman Darwin 3+ - MaxyHome.si","description":"Za nepozabne avanture! Primeren za 3 osebe.","inLanguage":"de-DE","isPartOf":{"@id":"https:\/\/maxyhome.si\/de\/#website"},"breadcrumb":{"@id":"https:\/\/maxyhome.si\/de\/product\/sotor-coleman-darwin-3\/#breadcrumblist"},"image":{"@type":"ImageObject","url":"https:\/\/maxyhome.si\/wp-content\/uploads\/2023\/07\/Coleman_darwin_3_1.webp","@id":"https:\/\/maxyhome.si\/de\/product\/sotor-coleman-darwin-3\/#mainImage","width":1200,"height":1200,"caption":"\u0160otor Coleman Darwin 3+ v sivi in zeleni barvi z odprtimi vrati, postavljen v mirnem naravnem okolju, idealen za kampiranje."},"primaryImageOfPage":{"@id":"https:\/\/maxyhome.si\/de\/product\/sotor-coleman-darwin-3\/#mainImage"},"datePublished":"2023-07-06T10:25:43+00:00","dateModified":"2024-05-23T10:22:39+00:00"},{"@type":"Organization","@id":"https:\/\/maxyhome.si\/de\/#organization","name":"Lorin6 d.o.o.","description":"Vse za Dom in Vrt","url":"https:\/\/maxyhome.si\/de\/","email":"info@maxyhome.eu","telephone":"+38641537010","logo":{"@type":"ImageObject","url":"https:\/\/maxyhome.si\/wp-content\/uploads\/2024\/02\/cropped-Maxyhome_si_logotip.png","@id":"https:\/\/maxyhome.si\/de\/product\/sotor-coleman-darwin-3\/#organizationLogo","width":470,"height":77},"image":{"@id":"https:\/\/maxyhome.si\/de\/product\/sotor-coleman-darwin-3\/#organizationLogo"},"sameAs":["https:\/\/www.facebook.com\/MaxyhomeEU","https:\/\/www.instagram.com\/maksidom.si\/"],"address":{"@id":"https:\/\/maxyhome.si\/de\/#postaladdress","@type":"PostalAddress","streetAddress":"BE\u017dIGRAJSKA CESTA 9, Lorin6 d.o.o.","postalCode":"3000","addressLocality":"Celje","addressCountry":"SI"},"vatID":"SI62505319"},{"@type":"WebPage","@id":"https:\/\/maxyhome.si\/de\/product\/sotor-coleman-darwin-3\/#webpage","url":"https:\/\/maxyhome.si\/de\/product\/sotor-coleman-darwin-3\/","name":"\u0160otor Coleman Darwin 3+ - MaxyHome.si","description":"Za nepozabne avanture! Primeren za 3 osebe.","inLanguage":"de-DE","isPartOf":{"@id":"https:\/\/maxyhome.si\/de\/#website"},"breadcrumb":{"@id":"https:\/\/maxyhome.si\/de\/product\/sotor-coleman-darwin-3\/#breadcrumblist"},"image":{"@type":"ImageObject","url":"https:\/\/maxyhome.si\/wp-content\/uploads\/2023\/07\/Coleman_darwin_3_1.webp","@id":"https:\/\/maxyhome.si\/de\/product\/sotor-coleman-darwin-3\/#mainImage","width":1200,"height":1200,"caption":"\u0160otor Coleman Darwin 3+ v sivi in zeleni barvi z odprtimi vrati, postavljen v mirnem naravnem okolju, idealen za kampiranje."},"primaryImageOfPage":{"@id":"https:\/\/maxyhome.si\/de\/product\/sotor-coleman-darwin-3\/#mainImage"},"datePublished":"2023-07-06T10:25:43+00:00","dateModified":"2024-05-23T10:22:39+00:00"},{"@type":"WebSite","@id":"https:\/\/maxyhome.si\/de\/#website","url":"https:\/\/maxyhome.si\/de\/","name":"MaxyHome","description":"Vse za Dom in Vrt","inLanguage":"de-DE","publisher":{"@id":"https:\/\/maxyhome.si\/de\/#organization"}}]},"og:locale":"de_DE","og:site_name":"MaxyHome.si - Vse za Dom in Vrt","og:type":"article","og:title":"\u0160otor Coleman Darwin 3+ - MaxyHome.si","og:description":"Za nepozabne avanture! Primeren za 3 osebe.","og:url":"https:\/\/maxyhome.si\/de\/product\/sotor-coleman-darwin-3\/","og:image":"https:\/\/maxyhome.si\/wp-content\/uploads\/2024\/02\/Prvovrstni-rastlinjaki_Maksi_DOm_Facebook.webp","og:image:secure_url":"https:\/\/maxyhome.si\/wp-content\/uploads\/2024\/02\/Prvovrstni-rastlinjaki_Maksi_DOm_Facebook.webp","og:image:width":1640,"og:image:height":924,"article:published_time":"2023-07-06T10:25:43+00:00","article:modified_time":"2024-05-23T10:22:39+00:00","article:publisher":"https:\/\/www.facebook.com\/MaxyhomeEU","twitter:card":"summary_large_image","twitter:title":"\u0160otor Coleman Darwin 3+ - MaxyHome.si","twitter:description":"Za nepozabne avanture! Primeren za 3 osebe.","twitter:image":"https:\/\/maxyhome.si\/wp-content\/uploads\/2024\/02\/Prvovrstni-rastlinjaki_Maksi_DOm_Facebook.webp"},"aioseo_meta_data":{"post_id":"7941","title":null,"description":null,"keywords":null,"keyphrases":null,"primary_term":null,"canonical_url":null,"og_title":null,"og_description":null,"og_object_type":"default","og_image_type":"default","og_image_url":null,"og_image_width":null,"og_image_height":null,"og_image_custom_url":null,"og_image_custom_fields":null,"og_video":null,"og_custom_url":null,"og_article_section":null,"og_article_tags":null,"twitter_use_og":false,"twitter_card":"default","twitter_image_type":"default","twitter_image_url":null,"twitter_image_custom_url":null,"twitter_image_custom_fields":null,"twitter_title":null,"twitter_description":null,"schema":{"blockGraphs":[],"customGraphs":[],"default":{"data":{"Article":[],"Course":[],"Dataset":[],"FAQPage":[],"Movie":[],"Person":[],"Product":[],"ProductReview":[],"Car":[],"Recipe":[],"Service":[],"SoftwareApplication":[],"WebPage":[]},"graphName":"","isEnabled":true},"graphs":[]},"schema_type":"default","schema_type_options":null,"pillar_content":false,"robots_default":true,"robots_noindex":false,"robots_noarchive":false,"robots_nosnippet":false,"robots_nofollow":false,"robots_noimageindex":false,"robots_noodp":false,"robots_notranslate":false,"robots_max_snippet":null,"robots_max_videopreview":null,"robots_max_imagepreview":"large","priority":null,"frequency":null,"local_seo":null,"seo_analyzer_scan_date":"2025-10-08 19:00:22","breadcrumb_settings":null,"limit_modified_date":false,"reviewed_by":null,"ai":null,"created":"2024-02-28 07:14:15","updated":"2025-10-08 19:00:22"},"aioseo_breadcrumb":"<div class=\"aioseo-breadcrumbs\"><span class=\"aioseo-breadcrumb\">\n\t<a href=\"https:\/\/maxyhome.si\/de\" title=\"Home\">Home<\/a>\n<\/span><span class=\"aioseo-breadcrumb-separator\">&raquo;<\/span><span class=\"aioseo-breadcrumb\">\n\t<a href=\"https:\/\/maxyhome.si\/de\/trgovina\/\" title=\"Trgovina\">Trgovina<\/a>\n<\/span><span class=\"aioseo-breadcrumb-separator\">&raquo;<\/span><span class=\"aioseo-breadcrumb\">\n\t<a href=\"https:\/\/maxyhome.si\/de\/product-category\/sotori\/\" title=\"\u0160otori za kampiranje\">\u0160otori za kampiranje<\/a>\n<\/span><span class=\"aioseo-breadcrumb-separator\">&raquo;<\/span><span class=\"aioseo-breadcrumb\">\n\t\u0160otor Coleman Darwin 3+\n<\/span><\/div>","aioseo_breadcrumb_json":[{"label":"Home","link":"https:\/\/maxyhome.si\/de"},{"label":"Trgovina","link":"https:\/\/maxyhome.si\/de\/trgovina\/"},{"label":"\u0160otori za kampiranje","link":"https:\/\/maxyhome.si\/de\/product-category\/sotori\/"},{"label":"\u0160otor Coleman Darwin 3+","link":"https:\/\/maxyhome.si\/de\/product\/sotor-coleman-darwin-3\/"}],"_links":{"self":[{"href":"https:\/\/maxyhome.si\/de\/wp-json\/wp\/v2\/product\/7941","targetHints":{"allow":["GET"]}}],"collection":[{"href":"https:\/\/maxyhome.si\/de\/wp-json\/wp\/v2\/product"}],"about":[{"href":"https:\/\/maxyhome.si\/de\/wp-json\/wp\/v2\/types\/product"}],"replies":[{"embeddable":true,"href":"https:\/\/maxyhome.si\/de\/wp-json\/wp\/v2\/comments?post=7941"}],"version-history":[{"count":1,"href":"https:\/\/maxyhome.si\/de\/wp-json\/wp\/v2\/product\/7941\/revisions"}],"predecessor-version":[{"id":10465,"href":"https:\/\/maxyhome.si\/de\/wp-json\/wp\/v2\/product\/7941\/revisions\/10465"}],"wp:featuredmedia":[{"embeddable":true,"href":"https:\/\/maxyhome.si\/de\/wp-json\/wp\/v2\/media\/8082"}],"wp:attachment":[{"href":"https:\/\/maxyhome.si\/de\/wp-json\/wp\/v2\/media?parent=7941"}],"wp:term":[{"taxonomy":"product_brand","embeddable":true,"href":"https:\/\/maxyhome.si\/de\/wp-json\/wp\/v2\/product_brand?post=7941"},{"taxonomy":"product_cat","embeddable":true,"href":"https:\/\/maxyhome.si\/de\/wp-json\/wp\/v2\/product_cat?post=7941"},{"taxonomy":"product_tag","embeddable":true,"href":"https:\/\/maxyhome.si\/de\/wp-json\/wp\/v2\/product_tag?post=7941"}],"curies":[{"name":"wp","href":"https:\/\/api.w.org\/{rel}","templated":true}]}}