{"id":130871,"date":"2025-03-05T05:40:13","date_gmt":"2025-03-05T05:40:13","guid":{"rendered":"https:\/\/maxyhome.si\/?post_type=product&#038;p=130871"},"modified":"2025-03-20T11:45:25","modified_gmt":"2025-03-20T11:45:25","slug":"grede-za-rastlinjak-100cm","status":"publish","type":"product","link":"https:\/\/maxyhome.si\/hr\/product\/grede-za-rastlinjak-100cm\/","title":{"rendered":"Grede plastenika 100cm"},"content":{"rendered":"<p>Grede za staklenik su prakti\u010dno dizajnirane za svakoga tko \u017eeli jednostavno i u\u010dinkovito vrtlarenje. Osnovni model dimenzija 100x200x20 cm omogu\u0107uje modularnu prilagodbu jer se duljina mo\u017ee pove\u0107ati za dodatnih 100 cm. Greda staklenika izra\u0111ena je od pocin\u010danog \u010delika, \u0161to osigurava otpornost na hr\u0111u i vremenske uvjete, kao i dug vijek trajanja.<\/p>\n\n\n\n<p>U plastenik \u0161irine 4 m mo\u017eete postaviti 3 grede plastenika \u0161irine 100 cm.<\/p>\n\n\n\n<h3 class=\"wp-block-heading\">Prednosti proizvoda:<\/h3>\n\n\n\n<ul class=\"wp-block-list\">\n<li><strong>Izdr\u017eljiv materijal<\/strong>: Pocin\u010dani \u010delik za dugotrajnu upotrebu.<\/li>\n\n\n\n<li><strong>Prilagodljivost<\/strong>: Osnovni model mo\u017ee se produ\u017eiti u duljinu u dijelovima od 100 cm, \u0161to omogu\u0107uje potpunu prilagodbu prema potrebama va\u0161eg vrta.<\/li>\n\n\n\n<li><strong>Jednostavna monta\u017ea<\/strong>: Brza i sigurna monta\u017ea bez kompliciranih alata.<\/li>\n\n\n\n<li><strong>Manje odr\u017eavanja<\/strong>: Otporan na koroziju i pogodan za cjelogodi\u0161nju upotrebu, \u010dak i u te\u0161kim vremenskim uvjetima.<\/li>\n\n\n\n<li><strong>Bolji uvjeti za rast biljaka<\/strong>: Povi\u0161eni dizajn pobolj\u0161ava zadr\u017eavanje topline u tlu i ubrzava rast biljaka, a istovremeno smanjuje \u0161irenje korova i pristup \u0161teto\u010dinama.<\/li>\n<\/ul>\n\n\n\n<h3 class=\"wp-block-heading\">Tehni\u010dke karakteristike okvira staklenika:<\/h3>\n\n\n\n<ul class=\"wp-block-list\">\n<li><strong>Dimenzije osnovnog modela<\/strong>: 100 x 200 x 20 cm<\/li>\n\n\n\n<li><strong>Mogu\u0107nost pro\u0161irenja<\/strong>: 100 cm duljine po dijelu<\/li>\n\n\n\n<li><strong>Materijal<\/strong>: pocin\u010dani \u010delik<\/li>\n\n\n\n<li><strong>Boja<\/strong>: tamno siva<\/li>\n\n\n\n<li><strong>Otpornost<\/strong>: Otporan na vremenske uvjete i koroziju<\/li>\n<\/ul>\n\n\n\n<p><strong>Dostava<\/strong><br>Dostava u Sloveniji je brza i pouzdana - svoje grede za plastenik dobit \u0107ete u roku od 2-3 radna dana. Za dostavu izvan EU kontaktirajte nas na <strong><a href=\"mailto:info@maxyhome.eu\" target=\"_blank\" rel=\"noreferrer noopener\">info@maxyhome.eu<\/a><\/strong> za vi\u0161e informacija.<\/p>\n\n\n\n<p><strong>Naru\u010dite svoj staklenik ve\u0107 danas i u\u017eivajte u urednom i produktivnom vrtu!<\/strong><\/p>\n\n\n\n<p><\/p>","protected":false},"excerpt":{"rendered":"<p><strong>Fleksibilno rje\u0161enje za dobro odr\u017eavan vrt.<\/strong> Grede staklenika bilo koje duljine, \u0161irine 100 cm.<\/p>","protected":false},"featured_media":130864,"comment_status":"open","ping_status":"closed","template":"","meta":{"_monsterinsights_skip_tracking":false,"_monsterinsights_sitenote_active":false,"_monsterinsights_sitenote_note":"","_monsterinsights_sitenote_category":0},"product_brand":[],"product_cat":[5529],"product_tag":[],"class_list":{"0":"post-130871","1":"product","2":"type-product","3":"status-publish","4":"has-post-thumbnail","6":"product_cat-grede-za-vrtin-rastlinjak","8":"first","9":"instock","10":"sale","11":"taxable","12":"shipping-taxable","13":"purchasable","14":"product-type-variable","15":"has-default-attributes"},"aioseo_notices":[],"aioseo_head":"\n\t\t<!-- All in One SEO Pro 4.9.6.2 - aioseo.com -->\n\t<meta name=\"description\" content=\"Prakti\u010dna greda za rastlinjak poljubnih dimenzij! Grede za rastlinjak so izdelane iz galvaniziranega jekla, odporne na rjo in vremenske vplive. Hitra dostava!\" \/>\n\t<meta name=\"robots\" content=\"max-image-preview:large\" \/>\n\t<meta name=\"google-site-verification\" content=\"Z9rvnbo9ip0NBVVGAbu4YfrfQ-Mg13t26DIfsx85Rbc\" \/>\n\t<link rel=\"canonical\" href=\"https:\/\/maxyhome.si\/hr\/product\/grede-za-rastlinjak-100cm\/\" \/>\n\t<meta name=\"generator\" content=\"All in One SEO Pro (AIOSEO) 4.9.6.2\" \/>\n\t\t<meta property=\"og:locale\" content=\"hr_HR\" \/>\n\t\t<meta property=\"og:site_name\" content=\"MaxyHome.si - Vse za Dom in Vrt\" \/>\n\t\t<meta property=\"og:type\" content=\"article\" \/>\n\t\t<meta property=\"og:title\" content=\"Grede za rastlinjak 100cm - MaxyHome.si\" \/>\n\t\t<meta property=\"og:description\" content=\"Prakti\u010dna greda za rastlinjak poljubnih dimenzij! Grede za rastlinjak so izdelane iz galvaniziranega jekla, odporne na rjo in vremenske vplive. Hitra dostava!\" \/>\n\t\t<meta property=\"og:url\" content=\"https:\/\/maxyhome.si\/hr\/product\/grede-za-rastlinjak-100cm\/\" \/>\n\t\t<meta property=\"og:image\" content=\"https:\/\/maxyhome.si\/wp-content\/uploads\/2024\/02\/Prvovrstni-rastlinjaki_Maksi_DOm_Facebook.webp\" \/>\n\t\t<meta property=\"og:image:secure_url\" content=\"https:\/\/maxyhome.si\/wp-content\/uploads\/2024\/02\/Prvovrstni-rastlinjaki_Maksi_DOm_Facebook.webp\" \/>\n\t\t<meta property=\"og:image:width\" content=\"1640\" \/>\n\t\t<meta property=\"og:image:height\" content=\"924\" \/>\n\t\t<meta property=\"article:published_time\" content=\"2025-03-05T05:40:13+00:00\" \/>\n\t\t<meta property=\"article:modified_time\" content=\"2025-03-20T11:45:25+00:00\" \/>\n\t\t<meta property=\"article:publisher\" content=\"https:\/\/www.facebook.com\/MaxyhomeEU\" \/>\n\t\t<meta name=\"twitter:card\" content=\"summary_large_image\" \/>\n\t\t<meta name=\"twitter:title\" content=\"Grede za rastlinjak 100cm - MaxyHome.si\" \/>\n\t\t<meta name=\"twitter:description\" content=\"Prakti\u010dna greda za rastlinjak poljubnih dimenzij! Grede za rastlinjak so izdelane iz galvaniziranega jekla, odporne na rjo in vremenske vplive. Hitra dostava!\" \/>\n\t\t<meta name=\"twitter:image\" content=\"https:\/\/maxyhome.si\/wp-content\/uploads\/2024\/02\/Prvovrstni-rastlinjaki_Maksi_DOm_Facebook.webp\" \/>\n\t\t<script type=\"application\/ld+json\" class=\"aioseo-schema\">\n\t\t\t{\"@context\":\"https:\\\/\\\/schema.org\",\"@graph\":[{\"@type\":\"BreadcrumbList\",\"@id\":\"https:\\\/\\\/maxyhome.si\\\/hr\\\/product\\\/grede-za-rastlinjak-100cm\\\/#breadcrumblist\",\"itemListElement\":[{\"@type\":\"ListItem\",\"@id\":\"https:\\\/\\\/maxyhome.si\\\/hr#listItem\",\"position\":1,\"name\":\"Home\",\"item\":\"https:\\\/\\\/maxyhome.si\\\/hr\",\"nextItem\":{\"@type\":\"ListItem\",\"@id\":\"https:\\\/\\\/maxyhome.si\\\/hr\\\/trgovina\\\/#listItem\",\"name\":\"Trgovina\"}},{\"@type\":\"ListItem\",\"@id\":\"https:\\\/\\\/maxyhome.si\\\/hr\\\/trgovina\\\/#listItem\",\"position\":2,\"name\":\"Trgovina\",\"item\":\"https:\\\/\\\/maxyhome.si\\\/hr\\\/trgovina\\\/\",\"nextItem\":{\"@type\":\"ListItem\",\"@id\":\"https:\\\/\\\/maxyhome.si\\\/hr\\\/product-category\\\/rastlinjaki\\\/#listItem\",\"name\":\"Rastlinjaki - Polikarbonatni Vrtni Rastlinjaki (Akcija)\"},\"previousItem\":{\"@type\":\"ListItem\",\"@id\":\"https:\\\/\\\/maxyhome.si\\\/hr#listItem\",\"name\":\"Home\"}},{\"@type\":\"ListItem\",\"@id\":\"https:\\\/\\\/maxyhome.si\\\/hr\\\/product-category\\\/rastlinjaki\\\/#listItem\",\"position\":3,\"name\":\"Rastlinjaki - Polikarbonatni Vrtni Rastlinjaki (Akcija)\",\"item\":\"https:\\\/\\\/maxyhome.si\\\/hr\\\/product-category\\\/rastlinjaki\\\/\",\"nextItem\":{\"@type\":\"ListItem\",\"@id\":\"https:\\\/\\\/maxyhome.si\\\/hr\\\/product-category\\\/rastlinjaki\\\/oprema-za-rastlinjake\\\/#listItem\",\"name\":\"Oprema za rastlinjake\"},\"previousItem\":{\"@type\":\"ListItem\",\"@id\":\"https:\\\/\\\/maxyhome.si\\\/hr\\\/trgovina\\\/#listItem\",\"name\":\"Trgovina\"}},{\"@type\":\"ListItem\",\"@id\":\"https:\\\/\\\/maxyhome.si\\\/hr\\\/product-category\\\/rastlinjaki\\\/oprema-za-rastlinjake\\\/#listItem\",\"position\":4,\"name\":\"Oprema za rastlinjake\",\"item\":\"https:\\\/\\\/maxyhome.si\\\/hr\\\/product-category\\\/rastlinjaki\\\/oprema-za-rastlinjake\\\/\",\"nextItem\":{\"@type\":\"ListItem\",\"@id\":\"https:\\\/\\\/maxyhome.si\\\/hr\\\/product-category\\\/rastlinjaki\\\/oprema-za-rastlinjake\\\/grede-za-vrtin-rastlinjak\\\/#listItem\",\"name\":\"Grede za vrt in rastlinjak\"},\"previousItem\":{\"@type\":\"ListItem\",\"@id\":\"https:\\\/\\\/maxyhome.si\\\/hr\\\/product-category\\\/rastlinjaki\\\/#listItem\",\"name\":\"Rastlinjaki - Polikarbonatni Vrtni Rastlinjaki (Akcija)\"}},{\"@type\":\"ListItem\",\"@id\":\"https:\\\/\\\/maxyhome.si\\\/hr\\\/product-category\\\/rastlinjaki\\\/oprema-za-rastlinjake\\\/grede-za-vrtin-rastlinjak\\\/#listItem\",\"position\":5,\"name\":\"Grede za vrt in rastlinjak\",\"item\":\"https:\\\/\\\/maxyhome.si\\\/hr\\\/product-category\\\/rastlinjaki\\\/oprema-za-rastlinjake\\\/grede-za-vrtin-rastlinjak\\\/\",\"nextItem\":{\"@type\":\"ListItem\",\"@id\":\"https:\\\/\\\/maxyhome.si\\\/hr\\\/product\\\/grede-za-rastlinjak-100cm\\\/#listItem\",\"name\":\"Grede za rastlinjak 100cm\"},\"previousItem\":{\"@type\":\"ListItem\",\"@id\":\"https:\\\/\\\/maxyhome.si\\\/hr\\\/product-category\\\/rastlinjaki\\\/oprema-za-rastlinjake\\\/#listItem\",\"name\":\"Oprema za rastlinjake\"}},{\"@type\":\"ListItem\",\"@id\":\"https:\\\/\\\/maxyhome.si\\\/hr\\\/product\\\/grede-za-rastlinjak-100cm\\\/#listItem\",\"position\":6,\"name\":\"Grede za rastlinjak 100cm\",\"previousItem\":{\"@type\":\"ListItem\",\"@id\":\"https:\\\/\\\/maxyhome.si\\\/hr\\\/product-category\\\/rastlinjaki\\\/oprema-za-rastlinjake\\\/grede-za-vrtin-rastlinjak\\\/#listItem\",\"name\":\"Grede za vrt in rastlinjak\"}}]},{\"@type\":\"ItemPage\",\"@id\":\"https:\\\/\\\/maxyhome.si\\\/hr\\\/product\\\/grede-za-rastlinjak-100cm\\\/#itempage\",\"url\":\"https:\\\/\\\/maxyhome.si\\\/hr\\\/product\\\/grede-za-rastlinjak-100cm\\\/\",\"name\":\"Grede za rastlinjak 100cm - MaxyHome.si\",\"description\":\"Prakti\\u010dna greda za rastlinjak poljubnih dimenzij! Grede za rastlinjak so izdelane iz galvaniziranega jekla, odporne na rjo in vremenske vplive. Hitra dostava!\",\"inLanguage\":\"hr\",\"isPartOf\":{\"@id\":\"https:\\\/\\\/maxyhome.si\\\/hr\\\/#website\"},\"breadcrumb\":{\"@id\":\"https:\\\/\\\/maxyhome.si\\\/hr\\\/product\\\/grede-za-rastlinjak-100cm\\\/#breadcrumblist\"},\"image\":{\"@type\":\"ImageObject\",\"url\":\"https:\\\/\\\/maxyhome.si\\\/wp-content\\\/uploads\\\/2025\\\/03\\\/Greda-za-rastlinjak_MaxyHome_3.webp\",\"@id\":\"https:\\\/\\\/maxyhome.si\\\/hr\\\/product\\\/grede-za-rastlinjak-100cm\\\/#mainImage\",\"width\":1200,\"height\":1200},\"primaryImageOfPage\":{\"@id\":\"https:\\\/\\\/maxyhome.si\\\/hr\\\/product\\\/grede-za-rastlinjak-100cm\\\/#mainImage\"},\"datePublished\":\"2025-03-05T05:40:13+00:00\",\"dateModified\":\"2025-03-20T11:45:25+00:00\"},{\"@type\":\"Organization\",\"@id\":\"https:\\\/\\\/maxyhome.si\\\/hr\\\/#organization\",\"name\":\"Lorin6 d.o.o.\",\"description\":\"Vse za Dom in Vrt\",\"url\":\"https:\\\/\\\/maxyhome.si\\\/hr\\\/\",\"email\":\"info@maxyhome.eu\",\"telephone\":\"+38641537010\",\"logo\":{\"@type\":\"ImageObject\",\"url\":\"https:\\\/\\\/maxyhome.si\\\/wp-content\\\/uploads\\\/2024\\\/02\\\/cropped-Maxyhome_si_logotip.png\",\"@id\":\"https:\\\/\\\/maxyhome.si\\\/hr\\\/product\\\/grede-za-rastlinjak-100cm\\\/#organizationLogo\",\"width\":470,\"height\":77},\"image\":{\"@id\":\"https:\\\/\\\/maxyhome.si\\\/hr\\\/product\\\/grede-za-rastlinjak-100cm\\\/#organizationLogo\"},\"sameAs\":[\"https:\\\/\\\/www.facebook.com\\\/MaxyhomeEU\",\"https:\\\/\\\/www.instagram.com\\\/maksidom.si\\\/\"],\"address\":{\"@id\":\"https:\\\/\\\/maxyhome.si\\\/hr\\\/#postaladdress\",\"@type\":\"PostalAddress\",\"streetAddress\":\"BE\\u017dIGRAJSKA CESTA 9, Lorin6 d.o.o.\",\"postalCode\":\"3000\",\"addressLocality\":\"Celje\",\"addressCountry\":\"SI\"},\"vatID\":\"SI62505319\"},{\"@type\":\"WebPage\",\"@id\":\"https:\\\/\\\/maxyhome.si\\\/hr\\\/product\\\/grede-za-rastlinjak-100cm\\\/#webpage\",\"url\":\"https:\\\/\\\/maxyhome.si\\\/hr\\\/product\\\/grede-za-rastlinjak-100cm\\\/\",\"name\":\"Grede za rastlinjak 100cm - MaxyHome.si\",\"description\":\"Prakti\\u010dna greda za rastlinjak poljubnih dimenzij! Grede za rastlinjak so izdelane iz galvaniziranega jekla, odporne na rjo in vremenske vplive. Hitra dostava!\",\"inLanguage\":\"hr\",\"isPartOf\":{\"@id\":\"https:\\\/\\\/maxyhome.si\\\/hr\\\/#website\"},\"breadcrumb\":{\"@id\":\"https:\\\/\\\/maxyhome.si\\\/hr\\\/product\\\/grede-za-rastlinjak-100cm\\\/#breadcrumblist\"},\"image\":{\"@type\":\"ImageObject\",\"url\":\"https:\\\/\\\/maxyhome.si\\\/wp-content\\\/uploads\\\/2025\\\/03\\\/Greda-za-rastlinjak_MaxyHome_3.webp\",\"@id\":\"https:\\\/\\\/maxyhome.si\\\/hr\\\/product\\\/grede-za-rastlinjak-100cm\\\/#mainImage\",\"width\":1200,\"height\":1200},\"primaryImageOfPage\":{\"@id\":\"https:\\\/\\\/maxyhome.si\\\/hr\\\/product\\\/grede-za-rastlinjak-100cm\\\/#mainImage\"},\"datePublished\":\"2025-03-05T05:40:13+00:00\",\"dateModified\":\"2025-03-20T11:45:25+00:00\"},{\"@type\":\"WebSite\",\"@id\":\"https:\\\/\\\/maxyhome.si\\\/hr\\\/#website\",\"url\":\"https:\\\/\\\/maxyhome.si\\\/hr\\\/\",\"name\":\"MaxyHome\",\"description\":\"Vse za Dom in Vrt\",\"inLanguage\":\"hr\",\"publisher\":{\"@id\":\"https:\\\/\\\/maxyhome.si\\\/hr\\\/#organization\"}}]}\n\t\t<\/script>\n\t\t<!-- All in One SEO Pro -->\r\n\t\t<title>Grede za rastlinjak 100cm - MaxyHome.si<\/title>\n\n","aioseo_head_json":{"title":"Grede za rastlinjak 100cm - MaxyHome.si","description":"Prakti\u010dna greda za rastlinjak poljubnih dimenzij! Grede za rastlinjak so izdelane iz galvaniziranega jekla, odporne na rjo in vremenske vplive. Hitra dostava!","canonical_url":"https:\/\/maxyhome.si\/hr\/product\/grede-za-rastlinjak-100cm\/","robots":"max-image-preview:large","keywords":"","webmasterTools":{"google-site-verification":"Z9rvnbo9ip0NBVVGAbu4YfrfQ-Mg13t26DIfsx85Rbc","miscellaneous":""},"schema":{"@context":"https:\/\/schema.org","@graph":[{"@type":"BreadcrumbList","@id":"https:\/\/maxyhome.si\/hr\/product\/grede-za-rastlinjak-100cm\/#breadcrumblist","itemListElement":[{"@type":"ListItem","@id":"https:\/\/maxyhome.si\/hr#listItem","position":1,"name":"Home","item":"https:\/\/maxyhome.si\/hr","nextItem":{"@type":"ListItem","@id":"https:\/\/maxyhome.si\/hr\/trgovina\/#listItem","name":"Trgovina"}},{"@type":"ListItem","@id":"https:\/\/maxyhome.si\/hr\/trgovina\/#listItem","position":2,"name":"Trgovina","item":"https:\/\/maxyhome.si\/hr\/trgovina\/","nextItem":{"@type":"ListItem","@id":"https:\/\/maxyhome.si\/hr\/product-category\/rastlinjaki\/#listItem","name":"Rastlinjaki - Polikarbonatni Vrtni Rastlinjaki (Akcija)"},"previousItem":{"@type":"ListItem","@id":"https:\/\/maxyhome.si\/hr#listItem","name":"Home"}},{"@type":"ListItem","@id":"https:\/\/maxyhome.si\/hr\/product-category\/rastlinjaki\/#listItem","position":3,"name":"Rastlinjaki - Polikarbonatni Vrtni Rastlinjaki (Akcija)","item":"https:\/\/maxyhome.si\/hr\/product-category\/rastlinjaki\/","nextItem":{"@type":"ListItem","@id":"https:\/\/maxyhome.si\/hr\/product-category\/rastlinjaki\/oprema-za-rastlinjake\/#listItem","name":"Oprema za rastlinjake"},"previousItem":{"@type":"ListItem","@id":"https:\/\/maxyhome.si\/hr\/trgovina\/#listItem","name":"Trgovina"}},{"@type":"ListItem","@id":"https:\/\/maxyhome.si\/hr\/product-category\/rastlinjaki\/oprema-za-rastlinjake\/#listItem","position":4,"name":"Oprema za rastlinjake","item":"https:\/\/maxyhome.si\/hr\/product-category\/rastlinjaki\/oprema-za-rastlinjake\/","nextItem":{"@type":"ListItem","@id":"https:\/\/maxyhome.si\/hr\/product-category\/rastlinjaki\/oprema-za-rastlinjake\/grede-za-vrtin-rastlinjak\/#listItem","name":"Grede za vrt in rastlinjak"},"previousItem":{"@type":"ListItem","@id":"https:\/\/maxyhome.si\/hr\/product-category\/rastlinjaki\/#listItem","name":"Rastlinjaki - Polikarbonatni Vrtni Rastlinjaki (Akcija)"}},{"@type":"ListItem","@id":"https:\/\/maxyhome.si\/hr\/product-category\/rastlinjaki\/oprema-za-rastlinjake\/grede-za-vrtin-rastlinjak\/#listItem","position":5,"name":"Grede za vrt in rastlinjak","item":"https:\/\/maxyhome.si\/hr\/product-category\/rastlinjaki\/oprema-za-rastlinjake\/grede-za-vrtin-rastlinjak\/","nextItem":{"@type":"ListItem","@id":"https:\/\/maxyhome.si\/hr\/product\/grede-za-rastlinjak-100cm\/#listItem","name":"Grede za rastlinjak 100cm"},"previousItem":{"@type":"ListItem","@id":"https:\/\/maxyhome.si\/hr\/product-category\/rastlinjaki\/oprema-za-rastlinjake\/#listItem","name":"Oprema za rastlinjake"}},{"@type":"ListItem","@id":"https:\/\/maxyhome.si\/hr\/product\/grede-za-rastlinjak-100cm\/#listItem","position":6,"name":"Grede za rastlinjak 100cm","previousItem":{"@type":"ListItem","@id":"https:\/\/maxyhome.si\/hr\/product-category\/rastlinjaki\/oprema-za-rastlinjake\/grede-za-vrtin-rastlinjak\/#listItem","name":"Grede za vrt in rastlinjak"}}]},{"@type":"ItemPage","@id":"https:\/\/maxyhome.si\/hr\/product\/grede-za-rastlinjak-100cm\/#itempage","url":"https:\/\/maxyhome.si\/hr\/product\/grede-za-rastlinjak-100cm\/","name":"Grede za rastlinjak 100cm - MaxyHome.si","description":"Prakti\u010dna greda za rastlinjak poljubnih dimenzij! Grede za rastlinjak so izdelane iz galvaniziranega jekla, odporne na rjo in vremenske vplive. Hitra dostava!","inLanguage":"hr","isPartOf":{"@id":"https:\/\/maxyhome.si\/hr\/#website"},"breadcrumb":{"@id":"https:\/\/maxyhome.si\/hr\/product\/grede-za-rastlinjak-100cm\/#breadcrumblist"},"image":{"@type":"ImageObject","url":"https:\/\/maxyhome.si\/wp-content\/uploads\/2025\/03\/Greda-za-rastlinjak_MaxyHome_3.webp","@id":"https:\/\/maxyhome.si\/hr\/product\/grede-za-rastlinjak-100cm\/#mainImage","width":1200,"height":1200},"primaryImageOfPage":{"@id":"https:\/\/maxyhome.si\/hr\/product\/grede-za-rastlinjak-100cm\/#mainImage"},"datePublished":"2025-03-05T05:40:13+00:00","dateModified":"2025-03-20T11:45:25+00:00"},{"@type":"Organization","@id":"https:\/\/maxyhome.si\/hr\/#organization","name":"Lorin6 d.o.o.","description":"Vse za Dom in Vrt","url":"https:\/\/maxyhome.si\/hr\/","email":"info@maxyhome.eu","telephone":"+38641537010","logo":{"@type":"ImageObject","url":"https:\/\/maxyhome.si\/wp-content\/uploads\/2024\/02\/cropped-Maxyhome_si_logotip.png","@id":"https:\/\/maxyhome.si\/hr\/product\/grede-za-rastlinjak-100cm\/#organizationLogo","width":470,"height":77},"image":{"@id":"https:\/\/maxyhome.si\/hr\/product\/grede-za-rastlinjak-100cm\/#organizationLogo"},"sameAs":["https:\/\/www.facebook.com\/MaxyhomeEU","https:\/\/www.instagram.com\/maksidom.si\/"],"address":{"@id":"https:\/\/maxyhome.si\/hr\/#postaladdress","@type":"PostalAddress","streetAddress":"BE\u017dIGRAJSKA CESTA 9, Lorin6 d.o.o.","postalCode":"3000","addressLocality":"Celje","addressCountry":"SI"},"vatID":"SI62505319"},{"@type":"WebPage","@id":"https:\/\/maxyhome.si\/hr\/product\/grede-za-rastlinjak-100cm\/#webpage","url":"https:\/\/maxyhome.si\/hr\/product\/grede-za-rastlinjak-100cm\/","name":"Grede za rastlinjak 100cm - MaxyHome.si","description":"Prakti\u010dna greda za rastlinjak poljubnih dimenzij! Grede za rastlinjak so izdelane iz galvaniziranega jekla, odporne na rjo in vremenske vplive. Hitra dostava!","inLanguage":"hr","isPartOf":{"@id":"https:\/\/maxyhome.si\/hr\/#website"},"breadcrumb":{"@id":"https:\/\/maxyhome.si\/hr\/product\/grede-za-rastlinjak-100cm\/#breadcrumblist"},"image":{"@type":"ImageObject","url":"https:\/\/maxyhome.si\/wp-content\/uploads\/2025\/03\/Greda-za-rastlinjak_MaxyHome_3.webp","@id":"https:\/\/maxyhome.si\/hr\/product\/grede-za-rastlinjak-100cm\/#mainImage","width":1200,"height":1200},"primaryImageOfPage":{"@id":"https:\/\/maxyhome.si\/hr\/product\/grede-za-rastlinjak-100cm\/#mainImage"},"datePublished":"2025-03-05T05:40:13+00:00","dateModified":"2025-03-20T11:45:25+00:00"},{"@type":"WebSite","@id":"https:\/\/maxyhome.si\/hr\/#website","url":"https:\/\/maxyhome.si\/hr\/","name":"MaxyHome","description":"Vse za Dom in Vrt","inLanguage":"hr","publisher":{"@id":"https:\/\/maxyhome.si\/hr\/#organization"}}]},"og:locale":"hr_HR","og:site_name":"MaxyHome.si - Vse za Dom in Vrt","og:type":"article","og:title":"Grede za rastlinjak 100cm - MaxyHome.si","og:description":"Prakti\u010dna greda za rastlinjak poljubnih dimenzij! Grede za rastlinjak so izdelane iz galvaniziranega jekla, odporne na rjo in vremenske vplive. Hitra dostava!","og:url":"https:\/\/maxyhome.si\/hr\/product\/grede-za-rastlinjak-100cm\/","og:image":"https:\/\/maxyhome.si\/wp-content\/uploads\/2024\/02\/Prvovrstni-rastlinjaki_Maksi_DOm_Facebook.webp","og:image:secure_url":"https:\/\/maxyhome.si\/wp-content\/uploads\/2024\/02\/Prvovrstni-rastlinjaki_Maksi_DOm_Facebook.webp","og:image:width":1640,"og:image:height":924,"article:published_time":"2025-03-05T05:40:13+00:00","article:modified_time":"2025-03-20T11:45:25+00:00","article:publisher":"https:\/\/www.facebook.com\/MaxyhomeEU","twitter:card":"summary_large_image","twitter:title":"Grede za rastlinjak 100cm - MaxyHome.si","twitter:description":"Prakti\u010dna greda za rastlinjak poljubnih dimenzij! Grede za rastlinjak so izdelane iz galvaniziranega jekla, odporne na rjo in vremenske vplive. Hitra dostava!","twitter:image":"https:\/\/maxyhome.si\/wp-content\/uploads\/2024\/02\/Prvovrstni-rastlinjaki_Maksi_DOm_Facebook.webp"},"aioseo_meta_data":{"post_id":"130871","title":null,"description":"Prakti\u010dna greda za rastlinjak poljubnih dimenzij! Grede za rastlinjak so izdelane iz galvaniziranega jekla, odporne na rjo in vremenske vplive. Hitra dostava!","keywords":null,"keyphrases":{"focus":{"keyphrase":"grede za rastlinjak","score":100,"analysis":{"keyphraseInTitle":{"score":9,"maxScore":9,"error":0},"keyphraseInDescription":{"score":9,"maxScore":9,"error":0},"keyphraseLength":{"score":9,"maxScore":9,"error":0,"length":3},"keyphraseInURL":{"score":5,"maxScore":5,"error":0},"keyphraseInIntroduction":{"score":9,"maxScore":9,"error":0},"keyphraseInSubHeadings":{"score":9,"maxScore":9,"error":0},"keyphraseInImageAlt":[],"keywordDensity":{"type":"best","score":9,"maxScore":9,"error":0}}},"additional":[{"keyphrase":"greda za rastlinjak","score":75,"analysis":{"keyphraseInDescription":{"score":9,"maxScore":9,"error":0},"keyphraseLength":{"score":9,"maxScore":9,"error":0,"length":3},"keyphraseInIntroduction":{"score":9,"maxScore":9,"error":0},"keyphraseInImageAlt":[],"keywordDensity":{"score":0,"type":"low","maxScore":9,"error":1}}}]},"primary_term":null,"canonical_url":null,"og_title":null,"og_description":null,"og_object_type":"default","og_image_type":"default","og_image_url":null,"og_image_width":null,"og_image_height":null,"og_image_custom_url":null,"og_image_custom_fields":null,"og_video":"","og_custom_url":null,"og_article_section":null,"og_article_tags":null,"twitter_use_og":false,"twitter_card":"default","twitter_image_type":"default","twitter_image_url":null,"twitter_image_custom_url":null,"twitter_image_custom_fields":null,"twitter_title":null,"twitter_description":null,"schema":{"blockGraphs":[],"customGraphs":[],"default":{"data":{"Article":[],"Course":[],"Dataset":[],"FAQPage":[],"Movie":[],"Person":[],"Product":[],"ProductReview":[],"Car":[],"Recipe":[],"Service":[],"SoftwareApplication":[],"WebPage":[]},"graphName":"ItemPage","isEnabled":true},"graphs":[]},"schema_type":"default","schema_type_options":null,"pillar_content":false,"robots_default":true,"robots_noindex":false,"robots_noarchive":false,"robots_nosnippet":false,"robots_nofollow":false,"robots_noimageindex":false,"robots_noodp":false,"robots_notranslate":false,"robots_max_snippet":"-1","robots_max_videopreview":"-1","robots_max_imagepreview":"large","priority":null,"frequency":"default","local_seo":null,"seo_analyzer_scan_date":"2025-10-08 19:11:52","breadcrumb_settings":null,"limit_modified_date":false,"reviewed_by":null,"ai":null,"created":"2025-03-05 05:40:13","updated":"2025-10-08 19:11:52"},"aioseo_breadcrumb":"<div class=\"aioseo-breadcrumbs\"><span class=\"aioseo-breadcrumb\">\n\t<a href=\"https:\/\/maxyhome.si\/hr\" title=\"Home\">Home<\/a>\n<\/span><span class=\"aioseo-breadcrumb-separator\">&raquo;<\/span><span class=\"aioseo-breadcrumb\">\n\t<a href=\"https:\/\/maxyhome.si\/hr\/trgovina\/\" title=\"Trgovina\">Trgovina<\/a>\n<\/span><span class=\"aioseo-breadcrumb-separator\">&raquo;<\/span><span class=\"aioseo-breadcrumb\">\n\t<a href=\"https:\/\/maxyhome.si\/hr\/product-category\/rastlinjaki\/\" title=\"Rastlinjaki - Polikarbonatni Vrtni Rastlinjaki (Akcija)\">Rastlinjaki - Polikarbonatni Vrtni Rastlinjaki (Akcija)<\/a>\n<\/span><span class=\"aioseo-breadcrumb-separator\">&raquo;<\/span><span class=\"aioseo-breadcrumb\">\n\t<a href=\"https:\/\/maxyhome.si\/hr\/product-category\/rastlinjaki\/oprema-za-rastlinjake\/\" title=\"Oprema za rastlinjake\">Oprema za rastlinjake<\/a>\n<\/span><span class=\"aioseo-breadcrumb-separator\">&raquo;<\/span><span class=\"aioseo-breadcrumb\">\n\t<a href=\"https:\/\/maxyhome.si\/hr\/product-category\/rastlinjaki\/oprema-za-rastlinjake\/grede-za-vrtin-rastlinjak\/\" title=\"Grede za vrt in rastlinjak\">Grede za vrt in rastlinjak<\/a>\n<\/span><span class=\"aioseo-breadcrumb-separator\">&raquo;<\/span><span class=\"aioseo-breadcrumb\">\n\tGrede za rastlinjak 100cm\n<\/span><\/div>","aioseo_breadcrumb_json":[{"label":"Home","link":"https:\/\/maxyhome.si\/hr"},{"label":"Trgovina","link":"https:\/\/maxyhome.si\/hr\/trgovina\/"},{"label":"Rastlinjaki - Polikarbonatni Vrtni Rastlinjaki (Akcija)","link":"https:\/\/maxyhome.si\/hr\/product-category\/rastlinjaki\/"},{"label":"Oprema za rastlinjake","link":"https:\/\/maxyhome.si\/hr\/product-category\/rastlinjaki\/oprema-za-rastlinjake\/"},{"label":"Grede za vrt in rastlinjak","link":"https:\/\/maxyhome.si\/hr\/product-category\/rastlinjaki\/oprema-za-rastlinjake\/grede-za-vrtin-rastlinjak\/"},{"label":"Grede za rastlinjak 100cm","link":"https:\/\/maxyhome.si\/hr\/product\/grede-za-rastlinjak-100cm\/"}],"_links":{"self":[{"href":"https:\/\/maxyhome.si\/hr\/wp-json\/wp\/v2\/product\/130871","targetHints":{"allow":["GET"]}}],"collection":[{"href":"https:\/\/maxyhome.si\/hr\/wp-json\/wp\/v2\/product"}],"about":[{"href":"https:\/\/maxyhome.si\/hr\/wp-json\/wp\/v2\/types\/product"}],"replies":[{"embeddable":true,"href":"https:\/\/maxyhome.si\/hr\/wp-json\/wp\/v2\/comments?post=130871"}],"version-history":[{"count":3,"href":"https:\/\/maxyhome.si\/hr\/wp-json\/wp\/v2\/product\/130871\/revisions"}],"predecessor-version":[{"id":130910,"href":"https:\/\/maxyhome.si\/hr\/wp-json\/wp\/v2\/product\/130871\/revisions\/130910"}],"wp:featuredmedia":[{"embeddable":true,"href":"https:\/\/maxyhome.si\/hr\/wp-json\/wp\/v2\/media\/130864"}],"wp:attachment":[{"href":"https:\/\/maxyhome.si\/hr\/wp-json\/wp\/v2\/media?parent=130871"}],"wp:term":[{"taxonomy":"product_brand","embeddable":true,"href":"https:\/\/maxyhome.si\/hr\/wp-json\/wp\/v2\/product_brand?post=130871"},{"taxonomy":"product_cat","embeddable":true,"href":"https:\/\/maxyhome.si\/hr\/wp-json\/wp\/v2\/product_cat?post=130871"},{"taxonomy":"product_tag","embeddable":true,"href":"https:\/\/maxyhome.si\/hr\/wp-json\/wp\/v2\/product_tag?post=130871"}],"curies":[{"name":"wp","href":"https:\/\/api.w.org\/{rel}","templated":true}]}}