{"id":133272,"date":"2026-02-16T16:18:43","date_gmt":"2026-02-16T16:18:43","guid":{"rendered":"https:\/\/maxyhome.si\/?post_type=product&#038;p=133272"},"modified":"2026-03-18T09:08:11","modified_gmt":"2026-03-18T09:08:11","slug":"polikarbonatne-plosce-6mm","status":"publish","type":"product","link":"https:\/\/maxyhome.si\/hr\/product\/polikarbonatne-plosce-6mm\/","title":{"rendered":"Polikarbonatne plo\u010de 6 mm"},"content":{"rendered":"<p><strong>Polikarbonatne plo\u010de 4 mm<\/strong> su najpopularniji izbor za <strong>staklenici, staklenici i nadstre\u0161nice<\/strong>kada \u017eeli\u0161 <strong>maksimalna izdr\u017eljivost <\/strong>i isplativo rje\u0161enje. <\/p>\n\n\n\n<h3 class=\"wp-block-heading\">Za\u0161to odabrati polikarbonat debljine 6 mm za svoj staklenik?<\/h3>\n\n\n\n<ul class=\"wp-block-list\">\n<li><strong>Vi\u0161e svjetla za biljke<\/strong>: 4 mm op\u0107enito omogu\u0107uje cca. <strong>~82 % svjetlosti<\/strong>, \u0161to je odli\u010dno za raj\u010dice, paprike, salatu i sadnice.<\/li>\n\n\n\n<li><strong>Lagana i jednostavna instalacija<\/strong> (pogodno i za ku\u0107ne majstore) \u2013 br\u017ee pokrivanje staklenika i lak\u0161i rad s panelima.<\/li>\n\n\n\n<li><strong>UV za\u0161tita<\/strong>Kvalitetne plo\u010de namijenjene su za vanjsku upotrebu i sporije stare s UV slojem (manje \u017eu\u0107enja\/lomljivosti).<\/li>\n\n\n\n<li><strong>Izvrsna alternativa foliji<\/strong>: \u010dvr\u0161\u0107e, stabilnije i izdr\u017eljivije rje\u0161enje.<\/li>\n<\/ul>\n\n\n\n<h3 class=\"wp-block-heading\"><strong>Za\u0161to odabrati polikarbonat debljine 6 mm za svoju nadstre\u0161nicu?<\/strong><\/h3>\n\n\n\n<ul class=\"wp-block-list\">\n<li><strong>Lagani i izdr\u017eljivi krovovi:<\/strong> Manje optere\u0107uje konstrukciju i prikladan je za jednostavnije potporne okvire.<\/li>\n\n\n\n<li><strong>Brza i jednostavna monta\u017ea:<\/strong> Lak\u0161e rukovanje panelima zna\u010di br\u017eu ugradnju.<\/li>\n\n\n\n<li><strong>Puno prirodnog svjetla:<\/strong> idealno ako \u017eelite svijetao prostor pod nadstre\u0161nicom (terasa, ulaz, pergola).<\/li>\n\n\n\n<li><strong>Tako\u0111er za ve\u0107e povr\u0161ine:<\/strong> odli\u010dan izbor za staklenike, bo\u010dne pregrade i nadstre\u0161nice.<\/li>\n\n\n\n<li><strong>Otpornost na udarce:<\/strong> otporniji materijal od stakla za svakodnevnu vanjsku upotrebu.<\/li>\n\n\n\n<li><strong>UV za\u0161tita:<\/strong> bolja otpornost na sunce i dulji vijek trajanja pri upotrebi na otvorenom.<\/li>\n\n\n\n<li><strong>Isplativo rje\u0161enje:<\/strong> dobar omjer cijene, svjetla i za\u0161tite.<\/li>\n<\/ul>\n\n\n\n<p>Budu\u0107i da je polikarbonat <strong>nezapaljivi materijal<\/strong>, \u010desto se koristi u gra\u0111evinarstvu zbog svoje ve\u0107e po\u017earne sigurnosti.<\/p>\n\n\n\n<p>Paneli se mogu montirati i na drvene i na razne metalne konstrukcije.<\/p>\n\n\n\n<h3 class=\"wp-block-heading\">Tehni\u010dke informacije<\/h3>\n\n\n\n<ul class=\"wp-block-list\">\n<li><strong>Debljina:<\/strong> 4 mm<\/li>\n\n\n\n<li><strong>Boja:<\/strong> Transparentan<\/li>\n\n\n\n<li><strong>\u0160irina panela:<\/strong> 210 cm<\/li>\n\n\n\n<li><strong>Proizvedeno u Europi<\/strong><\/li>\n\n\n\n<li><strong>CE \u2013 EN 1653:2013<\/strong><\/li>\n<\/ul>\n\n\n\n<p><strong>Koja strana polikarbonata ide gore?<\/strong><br>Tijekom instalacije va\u017eno je da <strong>Strana s UV za\u0161titom okrenuta prema van<\/strong> (obi\u010dno ozna\u010deno na za\u0161titnoj foliji).<\/p>\n\n\n\n<p><strong>Kako sprije\u010diti ulazak prljav\u0161tine u kanale (s panelima komore)?<\/strong><br>Za dulju trajnost koriste se <strong>trake za pra\u0161inu\/profili za okapnice<\/strong> i kanali trebaju biti ispravno orijentirani. Za dodatnu za\u0161titu preporu\u010dujemo kori\u0161tenje za\u0161titne trake i PVC U-profila. <\/p>\n\n\n\n<p><strong>Je li 6 mm dovoljno za staklenik?<\/strong><br>Polikarbonat debljine 6 mm vrlo dobro zadr\u017eava toplinu \u010dak i u hladnijim mjesecima, tako da staklenik s polikarbonatom debljine 6 mm mo\u017eete koristiti tijekom cijele godine. <\/p>\n\n\n\n<p><strong>\u0160to je s tu\u010dom?<\/strong><br>Polikarbonat je op\u0107enito vrlo otporan na manju tu\u010du. <\/p>\n\n\n\n<p>Istra\u017eite ponudu staklenika od polikarbonata <a href=\"https:\/\/maxyhome.si\/hr\/kategorija-proizvoda\/rastlinjaki\/polikarbonatni-rastlinjaki\/\" title=\"\"><strong>OVDJE<\/strong><\/a>.<\/p>\n\n\n\n<p><\/p>","protected":false},"excerpt":{"rendered":"<ul>\n<li>Za <strong data-start=\"62\" data-end=\"89\">staklenici, nadstre\u0161nice<\/strong> i <strong data-start=\"93\" data-end=\"112\">pregradni zidovi<\/strong><\/li>\n<li><strong data-start=\"115\" data-end=\"131\">Vi\u0161e svjetla<\/strong> i jednostavan za instalaciju<\/li>\n<li><strong data-start=\"163\" data-end=\"177\">UV za\u0161tita<\/strong> izvana<\/li>\n<li><strong data-start=\"199\" data-end=\"220\">Proizvedeno u Europi<\/strong><\/li>\n<li><strong data-start=\"223\" data-end=\"244\">Certifikat \u2013 EN 1653:2013<\/strong><\/li>\n<\/ul>","protected":false},"featured_media":131692,"comment_status":"open","ping_status":"closed","template":"","meta":{"_monsterinsights_skip_tracking":false,"_monsterinsights_sitenote_active":false,"_monsterinsights_sitenote_note":"","_monsterinsights_sitenote_category":0},"product_brand":[],"product_cat":[5552],"product_tag":[],"class_list":{"0":"post-133272","1":"product","2":"type-product","3":"status-publish","4":"has-post-thumbnail","6":"product_cat-polikarbonatne-plosce","8":"first","9":"instock","10":"sale","11":"taxable","12":"shipping-taxable","13":"purchasable","14":"product-type-variable","15":"has-default-attributes"},"aioseo_notices":[],"aioseo_head":"\n\t\t<!-- All in One SEO Pro 4.9.6.2 - aioseo.com -->\n\t<meta name=\"description\" content=\"Za rastlinjake, nadstre\u0161ke in pregradne stene Ve\u010d svetlobe in enostavna za monta\u017eo UV za\u0161\u010dita na zunanji strani Izdelano v Evropi Certifikat \u2013 EN 1653:2013\" \/>\n\t<meta name=\"robots\" content=\"max-image-preview:large\" \/>\n\t<meta name=\"google-site-verification\" content=\"Z9rvnbo9ip0NBVVGAbu4YfrfQ-Mg13t26DIfsx85Rbc\" \/>\n\t<link rel=\"canonical\" href=\"https:\/\/maxyhome.si\/hr\/product\/polikarbonatne-plosce-6mm\/\" \/>\n\t<meta name=\"generator\" content=\"All in One SEO Pro (AIOSEO) 4.9.6.2\" \/>\n\t\t<meta property=\"og:locale\" content=\"hr_HR\" \/>\n\t\t<meta property=\"og:site_name\" content=\"MaxyHome.si - Vse za Dom in Vrt\" \/>\n\t\t<meta property=\"og:type\" content=\"article\" \/>\n\t\t<meta property=\"og:title\" content=\"Polikarbonatne plo\u0161\u010de 6mm - MaxyHome.si\" \/>\n\t\t<meta property=\"og:description\" content=\"Za rastlinjake, nadstre\u0161ke in pregradne stene Ve\u010d svetlobe in enostavna za monta\u017eo UV za\u0161\u010dita na zunanji strani Izdelano v Evropi Certifikat \u2013 EN 1653:2013\" \/>\n\t\t<meta property=\"og:url\" content=\"https:\/\/maxyhome.si\/hr\/product\/polikarbonatne-plosce-6mm\/\" \/>\n\t\t<meta property=\"og:image\" content=\"https:\/\/maxyhome.si\/wp-content\/uploads\/2024\/02\/Prvovrstni-rastlinjaki_Maksi_DOm_Facebook.webp\" \/>\n\t\t<meta property=\"og:image:secure_url\" content=\"https:\/\/maxyhome.si\/wp-content\/uploads\/2024\/02\/Prvovrstni-rastlinjaki_Maksi_DOm_Facebook.webp\" \/>\n\t\t<meta property=\"og:image:width\" content=\"1640\" \/>\n\t\t<meta property=\"og:image:height\" content=\"924\" \/>\n\t\t<meta property=\"article:published_time\" content=\"2026-02-16T16:18:43+00:00\" \/>\n\t\t<meta property=\"article:modified_time\" content=\"2026-03-18T09:08:11+00:00\" \/>\n\t\t<meta property=\"article:publisher\" content=\"https:\/\/www.facebook.com\/MaxyhomeEU\" \/>\n\t\t<meta name=\"twitter:card\" content=\"summary_large_image\" \/>\n\t\t<meta name=\"twitter:title\" content=\"Polikarbonatne plo\u0161\u010de 6mm - MaxyHome.si\" \/>\n\t\t<meta name=\"twitter:description\" content=\"Za rastlinjake, nadstre\u0161ke in pregradne stene Ve\u010d svetlobe in enostavna za monta\u017eo UV za\u0161\u010dita na zunanji strani Izdelano v Evropi Certifikat \u2013 EN 1653:2013\" \/>\n\t\t<meta name=\"twitter:image\" content=\"https:\/\/maxyhome.si\/wp-content\/uploads\/2024\/02\/Prvovrstni-rastlinjaki_Maksi_DOm_Facebook.webp\" \/>\n\t\t<script type=\"application\/ld+json\" class=\"aioseo-schema\">\n\t\t\t{\"@context\":\"https:\\\/\\\/schema.org\",\"@graph\":[{\"@type\":\"BreadcrumbList\",\"@id\":\"https:\\\/\\\/maxyhome.si\\\/hr\\\/product\\\/polikarbonatne-plosce-6mm\\\/#breadcrumblist\",\"itemListElement\":[{\"@type\":\"ListItem\",\"@id\":\"https:\\\/\\\/maxyhome.si\\\/hr#listItem\",\"position\":1,\"name\":\"Home\",\"item\":\"https:\\\/\\\/maxyhome.si\\\/hr\",\"nextItem\":{\"@type\":\"ListItem\",\"@id\":\"https:\\\/\\\/maxyhome.si\\\/hr\\\/trgovina\\\/#listItem\",\"name\":\"Trgovina\"}},{\"@type\":\"ListItem\",\"@id\":\"https:\\\/\\\/maxyhome.si\\\/hr\\\/trgovina\\\/#listItem\",\"position\":2,\"name\":\"Trgovina\",\"item\":\"https:\\\/\\\/maxyhome.si\\\/hr\\\/trgovina\\\/\",\"nextItem\":{\"@type\":\"ListItem\",\"@id\":\"https:\\\/\\\/maxyhome.si\\\/hr\\\/product-category\\\/rastlinjaki\\\/#listItem\",\"name\":\"Rastlinjaki - Polikarbonatni Vrtni Rastlinjaki (Akcija)\"},\"previousItem\":{\"@type\":\"ListItem\",\"@id\":\"https:\\\/\\\/maxyhome.si\\\/hr#listItem\",\"name\":\"Home\"}},{\"@type\":\"ListItem\",\"@id\":\"https:\\\/\\\/maxyhome.si\\\/hr\\\/product-category\\\/rastlinjaki\\\/#listItem\",\"position\":3,\"name\":\"Rastlinjaki - Polikarbonatni Vrtni Rastlinjaki (Akcija)\",\"item\":\"https:\\\/\\\/maxyhome.si\\\/hr\\\/product-category\\\/rastlinjaki\\\/\",\"nextItem\":{\"@type\":\"ListItem\",\"@id\":\"https:\\\/\\\/maxyhome.si\\\/hr\\\/product-category\\\/rastlinjaki\\\/polikarbonatne-plosce\\\/#listItem\",\"name\":\"Polikarbonatne plo\\u0161\\u010de\"},\"previousItem\":{\"@type\":\"ListItem\",\"@id\":\"https:\\\/\\\/maxyhome.si\\\/hr\\\/trgovina\\\/#listItem\",\"name\":\"Trgovina\"}},{\"@type\":\"ListItem\",\"@id\":\"https:\\\/\\\/maxyhome.si\\\/hr\\\/product-category\\\/rastlinjaki\\\/polikarbonatne-plosce\\\/#listItem\",\"position\":4,\"name\":\"Polikarbonatne plo\\u0161\\u010de\",\"item\":\"https:\\\/\\\/maxyhome.si\\\/hr\\\/product-category\\\/rastlinjaki\\\/polikarbonatne-plosce\\\/\",\"nextItem\":{\"@type\":\"ListItem\",\"@id\":\"https:\\\/\\\/maxyhome.si\\\/hr\\\/product\\\/polikarbonatne-plosce-6mm\\\/#listItem\",\"name\":\"Polikarbonatne plo\\u0161\\u010de 6mm\"},\"previousItem\":{\"@type\":\"ListItem\",\"@id\":\"https:\\\/\\\/maxyhome.si\\\/hr\\\/product-category\\\/rastlinjaki\\\/#listItem\",\"name\":\"Rastlinjaki - Polikarbonatni Vrtni Rastlinjaki (Akcija)\"}},{\"@type\":\"ListItem\",\"@id\":\"https:\\\/\\\/maxyhome.si\\\/hr\\\/product\\\/polikarbonatne-plosce-6mm\\\/#listItem\",\"position\":5,\"name\":\"Polikarbonatne plo\\u0161\\u010de 6mm\",\"previousItem\":{\"@type\":\"ListItem\",\"@id\":\"https:\\\/\\\/maxyhome.si\\\/hr\\\/product-category\\\/rastlinjaki\\\/polikarbonatne-plosce\\\/#listItem\",\"name\":\"Polikarbonatne plo\\u0161\\u010de\"}}]},{\"@type\":\"ItemPage\",\"@id\":\"https:\\\/\\\/maxyhome.si\\\/hr\\\/product\\\/polikarbonatne-plosce-6mm\\\/#itempage\",\"url\":\"https:\\\/\\\/maxyhome.si\\\/hr\\\/product\\\/polikarbonatne-plosce-6mm\\\/\",\"name\":\"Polikarbonatne plo\\u0161\\u010de 6mm - MaxyHome.si\",\"description\":\"Za rastlinjake, nadstre\\u0161ke in pregradne stene Ve\\u010d svetlobe in enostavna za monta\\u017eo UV za\\u0161\\u010dita na zunanji strani Izdelano v Evropi Certifikat \\u2013 EN 1653:2013\",\"inLanguage\":\"hr\",\"isPartOf\":{\"@id\":\"https:\\\/\\\/maxyhome.si\\\/hr\\\/#website\"},\"breadcrumb\":{\"@id\":\"https:\\\/\\\/maxyhome.si\\\/hr\\\/product\\\/polikarbonatne-plosce-6mm\\\/#breadcrumblist\"},\"image\":{\"@type\":\"ImageObject\",\"url\":\"https:\\\/\\\/maxyhome.si\\\/wp-content\\\/uploads\\\/2025\\\/09\\\/polikarbonat3.webp\",\"@id\":\"https:\\\/\\\/maxyhome.si\\\/hr\\\/product\\\/polikarbonatne-plosce-6mm\\\/#mainImage\",\"width\":1080,\"height\":1080},\"primaryImageOfPage\":{\"@id\":\"https:\\\/\\\/maxyhome.si\\\/hr\\\/product\\\/polikarbonatne-plosce-6mm\\\/#mainImage\"},\"datePublished\":\"2026-02-16T16:18:43+00:00\",\"dateModified\":\"2026-03-18T09:08:11+00:00\"},{\"@type\":\"Organization\",\"@id\":\"https:\\\/\\\/maxyhome.si\\\/hr\\\/#organization\",\"name\":\"Lorin6 d.o.o.\",\"description\":\"Vse za Dom in Vrt\",\"url\":\"https:\\\/\\\/maxyhome.si\\\/hr\\\/\",\"email\":\"info@maxyhome.eu\",\"telephone\":\"+38641537010\",\"logo\":{\"@type\":\"ImageObject\",\"url\":\"https:\\\/\\\/maxyhome.si\\\/wp-content\\\/uploads\\\/2024\\\/02\\\/cropped-Maxyhome_si_logotip.png\",\"@id\":\"https:\\\/\\\/maxyhome.si\\\/hr\\\/product\\\/polikarbonatne-plosce-6mm\\\/#organizationLogo\",\"width\":470,\"height\":77},\"image\":{\"@id\":\"https:\\\/\\\/maxyhome.si\\\/hr\\\/product\\\/polikarbonatne-plosce-6mm\\\/#organizationLogo\"},\"sameAs\":[\"https:\\\/\\\/www.facebook.com\\\/MaxyhomeEU\",\"https:\\\/\\\/www.instagram.com\\\/maksidom.si\\\/\"],\"address\":{\"@id\":\"https:\\\/\\\/maxyhome.si\\\/hr\\\/#postaladdress\",\"@type\":\"PostalAddress\",\"streetAddress\":\"BE\\u017dIGRAJSKA CESTA 9, Lorin6 d.o.o.\",\"postalCode\":\"3000\",\"addressLocality\":\"Celje\",\"addressCountry\":\"SI\"},\"vatID\":\"SI62505319\"},{\"@type\":\"WebPage\",\"@id\":\"https:\\\/\\\/maxyhome.si\\\/hr\\\/product\\\/polikarbonatne-plosce-6mm\\\/#webpage\",\"url\":\"https:\\\/\\\/maxyhome.si\\\/hr\\\/product\\\/polikarbonatne-plosce-6mm\\\/\",\"name\":\"Polikarbonatne plo\\u0161\\u010de 6mm - MaxyHome.si\",\"description\":\"Za rastlinjake, nadstre\\u0161ke in pregradne stene Ve\\u010d svetlobe in enostavna za monta\\u017eo UV za\\u0161\\u010dita na zunanji strani Izdelano v Evropi Certifikat \\u2013 EN 1653:2013\",\"inLanguage\":\"hr\",\"isPartOf\":{\"@id\":\"https:\\\/\\\/maxyhome.si\\\/hr\\\/#website\"},\"breadcrumb\":{\"@id\":\"https:\\\/\\\/maxyhome.si\\\/hr\\\/product\\\/polikarbonatne-plosce-6mm\\\/#breadcrumblist\"},\"image\":{\"@type\":\"ImageObject\",\"url\":\"https:\\\/\\\/maxyhome.si\\\/wp-content\\\/uploads\\\/2025\\\/09\\\/polikarbonat3.webp\",\"@id\":\"https:\\\/\\\/maxyhome.si\\\/hr\\\/product\\\/polikarbonatne-plosce-6mm\\\/#mainImage\",\"width\":1080,\"height\":1080},\"primaryImageOfPage\":{\"@id\":\"https:\\\/\\\/maxyhome.si\\\/hr\\\/product\\\/polikarbonatne-plosce-6mm\\\/#mainImage\"},\"datePublished\":\"2026-02-16T16:18:43+00:00\",\"dateModified\":\"2026-03-18T09:08:11+00:00\"},{\"@type\":\"WebSite\",\"@id\":\"https:\\\/\\\/maxyhome.si\\\/hr\\\/#website\",\"url\":\"https:\\\/\\\/maxyhome.si\\\/hr\\\/\",\"name\":\"MaxyHome\",\"description\":\"Vse za Dom in Vrt\",\"inLanguage\":\"hr\",\"publisher\":{\"@id\":\"https:\\\/\\\/maxyhome.si\\\/hr\\\/#organization\"}}]}\n\t\t<\/script>\n\t\t<!-- All in One SEO Pro -->\r\n\t\t<title>Polikarbonatne plo\u0161\u010de 6mm - MaxyHome.si<\/title>\n\n","aioseo_head_json":{"title":"Polikarbonatne plo\u0161\u010de 6mm - MaxyHome.si","description":"Za rastlinjake, nadstre\u0161ke in pregradne stene Ve\u010d svetlobe in enostavna za monta\u017eo UV za\u0161\u010dita na zunanji strani Izdelano v Evropi Certifikat \u2013 EN 1653:2013","canonical_url":"https:\/\/maxyhome.si\/hr\/product\/polikarbonatne-plosce-6mm\/","robots":"max-image-preview:large","keywords":"","webmasterTools":{"google-site-verification":"Z9rvnbo9ip0NBVVGAbu4YfrfQ-Mg13t26DIfsx85Rbc","miscellaneous":""},"schema":{"@context":"https:\/\/schema.org","@graph":[{"@type":"BreadcrumbList","@id":"https:\/\/maxyhome.si\/hr\/product\/polikarbonatne-plosce-6mm\/#breadcrumblist","itemListElement":[{"@type":"ListItem","@id":"https:\/\/maxyhome.si\/hr#listItem","position":1,"name":"Home","item":"https:\/\/maxyhome.si\/hr","nextItem":{"@type":"ListItem","@id":"https:\/\/maxyhome.si\/hr\/trgovina\/#listItem","name":"Trgovina"}},{"@type":"ListItem","@id":"https:\/\/maxyhome.si\/hr\/trgovina\/#listItem","position":2,"name":"Trgovina","item":"https:\/\/maxyhome.si\/hr\/trgovina\/","nextItem":{"@type":"ListItem","@id":"https:\/\/maxyhome.si\/hr\/product-category\/rastlinjaki\/#listItem","name":"Rastlinjaki - Polikarbonatni Vrtni Rastlinjaki (Akcija)"},"previousItem":{"@type":"ListItem","@id":"https:\/\/maxyhome.si\/hr#listItem","name":"Home"}},{"@type":"ListItem","@id":"https:\/\/maxyhome.si\/hr\/product-category\/rastlinjaki\/#listItem","position":3,"name":"Rastlinjaki - Polikarbonatni Vrtni Rastlinjaki (Akcija)","item":"https:\/\/maxyhome.si\/hr\/product-category\/rastlinjaki\/","nextItem":{"@type":"ListItem","@id":"https:\/\/maxyhome.si\/hr\/product-category\/rastlinjaki\/polikarbonatne-plosce\/#listItem","name":"Polikarbonatne plo\u0161\u010de"},"previousItem":{"@type":"ListItem","@id":"https:\/\/maxyhome.si\/hr\/trgovina\/#listItem","name":"Trgovina"}},{"@type":"ListItem","@id":"https:\/\/maxyhome.si\/hr\/product-category\/rastlinjaki\/polikarbonatne-plosce\/#listItem","position":4,"name":"Polikarbonatne plo\u0161\u010de","item":"https:\/\/maxyhome.si\/hr\/product-category\/rastlinjaki\/polikarbonatne-plosce\/","nextItem":{"@type":"ListItem","@id":"https:\/\/maxyhome.si\/hr\/product\/polikarbonatne-plosce-6mm\/#listItem","name":"Polikarbonatne plo\u0161\u010de 6mm"},"previousItem":{"@type":"ListItem","@id":"https:\/\/maxyhome.si\/hr\/product-category\/rastlinjaki\/#listItem","name":"Rastlinjaki - Polikarbonatni Vrtni Rastlinjaki (Akcija)"}},{"@type":"ListItem","@id":"https:\/\/maxyhome.si\/hr\/product\/polikarbonatne-plosce-6mm\/#listItem","position":5,"name":"Polikarbonatne plo\u0161\u010de 6mm","previousItem":{"@type":"ListItem","@id":"https:\/\/maxyhome.si\/hr\/product-category\/rastlinjaki\/polikarbonatne-plosce\/#listItem","name":"Polikarbonatne plo\u0161\u010de"}}]},{"@type":"ItemPage","@id":"https:\/\/maxyhome.si\/hr\/product\/polikarbonatne-plosce-6mm\/#itempage","url":"https:\/\/maxyhome.si\/hr\/product\/polikarbonatne-plosce-6mm\/","name":"Polikarbonatne plo\u0161\u010de 6mm - MaxyHome.si","description":"Za rastlinjake, nadstre\u0161ke in pregradne stene Ve\u010d svetlobe in enostavna za monta\u017eo UV za\u0161\u010dita na zunanji strani Izdelano v Evropi Certifikat \u2013 EN 1653:2013","inLanguage":"hr","isPartOf":{"@id":"https:\/\/maxyhome.si\/hr\/#website"},"breadcrumb":{"@id":"https:\/\/maxyhome.si\/hr\/product\/polikarbonatne-plosce-6mm\/#breadcrumblist"},"image":{"@type":"ImageObject","url":"https:\/\/maxyhome.si\/wp-content\/uploads\/2025\/09\/polikarbonat3.webp","@id":"https:\/\/maxyhome.si\/hr\/product\/polikarbonatne-plosce-6mm\/#mainImage","width":1080,"height":1080},"primaryImageOfPage":{"@id":"https:\/\/maxyhome.si\/hr\/product\/polikarbonatne-plosce-6mm\/#mainImage"},"datePublished":"2026-02-16T16:18:43+00:00","dateModified":"2026-03-18T09:08:11+00:00"},{"@type":"Organization","@id":"https:\/\/maxyhome.si\/hr\/#organization","name":"Lorin6 d.o.o.","description":"Vse za Dom in Vrt","url":"https:\/\/maxyhome.si\/hr\/","email":"info@maxyhome.eu","telephone":"+38641537010","logo":{"@type":"ImageObject","url":"https:\/\/maxyhome.si\/wp-content\/uploads\/2024\/02\/cropped-Maxyhome_si_logotip.png","@id":"https:\/\/maxyhome.si\/hr\/product\/polikarbonatne-plosce-6mm\/#organizationLogo","width":470,"height":77},"image":{"@id":"https:\/\/maxyhome.si\/hr\/product\/polikarbonatne-plosce-6mm\/#organizationLogo"},"sameAs":["https:\/\/www.facebook.com\/MaxyhomeEU","https:\/\/www.instagram.com\/maksidom.si\/"],"address":{"@id":"https:\/\/maxyhome.si\/hr\/#postaladdress","@type":"PostalAddress","streetAddress":"BE\u017dIGRAJSKA CESTA 9, Lorin6 d.o.o.","postalCode":"3000","addressLocality":"Celje","addressCountry":"SI"},"vatID":"SI62505319"},{"@type":"WebPage","@id":"https:\/\/maxyhome.si\/hr\/product\/polikarbonatne-plosce-6mm\/#webpage","url":"https:\/\/maxyhome.si\/hr\/product\/polikarbonatne-plosce-6mm\/","name":"Polikarbonatne plo\u0161\u010de 6mm - MaxyHome.si","description":"Za rastlinjake, nadstre\u0161ke in pregradne stene Ve\u010d svetlobe in enostavna za monta\u017eo UV za\u0161\u010dita na zunanji strani Izdelano v Evropi Certifikat \u2013 EN 1653:2013","inLanguage":"hr","isPartOf":{"@id":"https:\/\/maxyhome.si\/hr\/#website"},"breadcrumb":{"@id":"https:\/\/maxyhome.si\/hr\/product\/polikarbonatne-plosce-6mm\/#breadcrumblist"},"image":{"@type":"ImageObject","url":"https:\/\/maxyhome.si\/wp-content\/uploads\/2025\/09\/polikarbonat3.webp","@id":"https:\/\/maxyhome.si\/hr\/product\/polikarbonatne-plosce-6mm\/#mainImage","width":1080,"height":1080},"primaryImageOfPage":{"@id":"https:\/\/maxyhome.si\/hr\/product\/polikarbonatne-plosce-6mm\/#mainImage"},"datePublished":"2026-02-16T16:18:43+00:00","dateModified":"2026-03-18T09:08:11+00:00"},{"@type":"WebSite","@id":"https:\/\/maxyhome.si\/hr\/#website","url":"https:\/\/maxyhome.si\/hr\/","name":"MaxyHome","description":"Vse za Dom in Vrt","inLanguage":"hr","publisher":{"@id":"https:\/\/maxyhome.si\/hr\/#organization"}}]},"og:locale":"hr_HR","og:site_name":"MaxyHome.si - Vse za Dom in Vrt","og:type":"article","og:title":"Polikarbonatne plo\u0161\u010de 6mm - MaxyHome.si","og:description":"Za rastlinjake, nadstre\u0161ke in pregradne stene Ve\u010d svetlobe in enostavna za monta\u017eo UV za\u0161\u010dita na zunanji strani Izdelano v Evropi Certifikat \u2013 EN 1653:2013","og:url":"https:\/\/maxyhome.si\/hr\/product\/polikarbonatne-plosce-6mm\/","og:image":"https:\/\/maxyhome.si\/wp-content\/uploads\/2024\/02\/Prvovrstni-rastlinjaki_Maksi_DOm_Facebook.webp","og:image:secure_url":"https:\/\/maxyhome.si\/wp-content\/uploads\/2024\/02\/Prvovrstni-rastlinjaki_Maksi_DOm_Facebook.webp","og:image:width":1640,"og:image:height":924,"article:published_time":"2026-02-16T16:18:43+00:00","article:modified_time":"2026-03-18T09:08:11+00:00","article:publisher":"https:\/\/www.facebook.com\/MaxyhomeEU","twitter:card":"summary_large_image","twitter:title":"Polikarbonatne plo\u0161\u010de 6mm - MaxyHome.si","twitter:description":"Za rastlinjake, nadstre\u0161ke in pregradne stene Ve\u010d svetlobe in enostavna za monta\u017eo UV za\u0161\u010dita na zunanji strani Izdelano v Evropi Certifikat \u2013 EN 1653:2013","twitter:image":"https:\/\/maxyhome.si\/wp-content\/uploads\/2024\/02\/Prvovrstni-rastlinjaki_Maksi_DOm_Facebook.webp"},"aioseo_meta_data":{"post_id":"133272","title":"#post_title #separator_sa #site_title","description":"#post_excerpt","keywords":null,"keyphrases":{"focus":{"keyphrase":"","score":0,"analysis":{"keyphraseInTitle":{"score":0,"maxScore":9,"error":1}}},"additional":[]},"primary_term":null,"canonical_url":null,"og_title":null,"og_description":null,"og_object_type":"default","og_image_type":"default","og_image_url":null,"og_image_width":null,"og_image_height":null,"og_image_custom_url":null,"og_image_custom_fields":null,"og_video":"","og_custom_url":null,"og_article_section":null,"og_article_tags":null,"twitter_use_og":false,"twitter_card":"default","twitter_image_type":"default","twitter_image_url":null,"twitter_image_custom_url":null,"twitter_image_custom_fields":null,"twitter_title":null,"twitter_description":null,"schema":{"blockGraphs":[],"customGraphs":[],"default":{"data":{"Article":[],"Course":[],"Dataset":[],"FAQPage":[],"Movie":[],"Person":[],"Product":[],"ProductReview":[],"Car":[],"Recipe":[],"Service":[],"SoftwareApplication":[],"WebPage":[]},"graphName":"ItemPage","isEnabled":true},"graphs":[]},"schema_type":"default","schema_type_options":null,"pillar_content":false,"robots_default":true,"robots_noindex":false,"robots_noarchive":false,"robots_nosnippet":false,"robots_nofollow":false,"robots_noimageindex":false,"robots_noodp":false,"robots_notranslate":false,"robots_max_snippet":"-1","robots_max_videopreview":"-1","robots_max_imagepreview":"large","priority":null,"frequency":"default","local_seo":null,"seo_analyzer_scan_date":"2026-03-18 09:28:15","breadcrumb_settings":null,"limit_modified_date":false,"reviewed_by":"0","ai":{"faqs":[],"keyPoints":[],"titles":[],"descriptions":[],"socialPosts":{"email":[],"linkedin":[],"twitter":[],"facebook":[],"instagram":[]}},"created":"2026-02-16 16:18:43","updated":"2026-03-18 10:07:13"},"aioseo_breadcrumb":"<div class=\"aioseo-breadcrumbs\"><span class=\"aioseo-breadcrumb\">\n\t<a href=\"https:\/\/maxyhome.si\/hr\" title=\"Home\">Home<\/a>\n<\/span><span class=\"aioseo-breadcrumb-separator\">&raquo;<\/span><span class=\"aioseo-breadcrumb\">\n\t<a href=\"https:\/\/maxyhome.si\/hr\/trgovina\/\" title=\"Trgovina\">Trgovina<\/a>\n<\/span><span class=\"aioseo-breadcrumb-separator\">&raquo;<\/span><span class=\"aioseo-breadcrumb\">\n\t<a href=\"https:\/\/maxyhome.si\/hr\/product-category\/rastlinjaki\/\" title=\"Rastlinjaki - Polikarbonatni Vrtni Rastlinjaki (Akcija)\">Rastlinjaki - Polikarbonatni Vrtni Rastlinjaki (Akcija)<\/a>\n<\/span><span class=\"aioseo-breadcrumb-separator\">&raquo;<\/span><span class=\"aioseo-breadcrumb\">\n\t<a href=\"https:\/\/maxyhome.si\/hr\/product-category\/rastlinjaki\/polikarbonatne-plosce\/\" title=\"Polikarbonatne plo\u0161\u010de\">Polikarbonatne plo\u0161\u010de<\/a>\n<\/span><span class=\"aioseo-breadcrumb-separator\">&raquo;<\/span><span class=\"aioseo-breadcrumb\">\n\tPolikarbonatne plo\u0161\u010de 6mm\n<\/span><\/div>","aioseo_breadcrumb_json":[{"label":"Home","link":"https:\/\/maxyhome.si\/hr"},{"label":"Trgovina","link":"https:\/\/maxyhome.si\/hr\/trgovina\/"},{"label":"Rastlinjaki - Polikarbonatni Vrtni Rastlinjaki (Akcija)","link":"https:\/\/maxyhome.si\/hr\/product-category\/rastlinjaki\/"},{"label":"Polikarbonatne plo\u0161\u010de","link":"https:\/\/maxyhome.si\/hr\/product-category\/rastlinjaki\/polikarbonatne-plosce\/"},{"label":"Polikarbonatne plo\u0161\u010de 6mm","link":"https:\/\/maxyhome.si\/hr\/product\/polikarbonatne-plosce-6mm\/"}],"_links":{"self":[{"href":"https:\/\/maxyhome.si\/hr\/wp-json\/wp\/v2\/product\/133272","targetHints":{"allow":["GET"]}}],"collection":[{"href":"https:\/\/maxyhome.si\/hr\/wp-json\/wp\/v2\/product"}],"about":[{"href":"https:\/\/maxyhome.si\/hr\/wp-json\/wp\/v2\/types\/product"}],"replies":[{"embeddable":true,"href":"https:\/\/maxyhome.si\/hr\/wp-json\/wp\/v2\/comments?post=133272"}],"version-history":[{"count":2,"href":"https:\/\/maxyhome.si\/hr\/wp-json\/wp\/v2\/product\/133272\/revisions"}],"predecessor-version":[{"id":133667,"href":"https:\/\/maxyhome.si\/hr\/wp-json\/wp\/v2\/product\/133272\/revisions\/133667"}],"wp:featuredmedia":[{"embeddable":true,"href":"https:\/\/maxyhome.si\/hr\/wp-json\/wp\/v2\/media\/131692"}],"wp:attachment":[{"href":"https:\/\/maxyhome.si\/hr\/wp-json\/wp\/v2\/media?parent=133272"}],"wp:term":[{"taxonomy":"product_brand","embeddable":true,"href":"https:\/\/maxyhome.si\/hr\/wp-json\/wp\/v2\/product_brand?post=133272"},{"taxonomy":"product_cat","embeddable":true,"href":"https:\/\/maxyhome.si\/hr\/wp-json\/wp\/v2\/product_cat?post=133272"},{"taxonomy":"product_tag","embeddable":true,"href":"https:\/\/maxyhome.si\/hr\/wp-json\/wp\/v2\/product_tag?post=133272"}],"curies":[{"name":"wp","href":"https:\/\/api.w.org\/{rel}","templated":true}]}}