{"id":7876,"date":"2022-11-18T07:32:06","date_gmt":"2022-11-18T07:32:06","guid":{"rendered":"https:\/\/maxyhome.si\/izdelek\/polica-za-rastlinjake-premium\/"},"modified":"2024-05-23T10:26:42","modified_gmt":"2024-05-23T10:26:42","slug":"polica-za-rastlinjake-premium","status":"publish","type":"product","link":"https:\/\/maxyhome.si\/hr\/product\/polica-za-rastlinjake-premium\/","title":{"rendered":"Vrhunska polica za staklenik"},"content":{"rendered":"<h2 data-mce-fragment=\"1\">Polica za staklenik<\/h2>\n<p data-mce-fragment=\"1\">Jeste li znali da podru\u010dje kori\u0161tenja staklenika nije samo zemlji\u0161te na kojem rastu krastavci, raj\u010dice i drugo povr\u0107e?<\/p>\n<p data-mce-fragment=\"1\">Polica u stakleniku, koja \u0161tedi prostor i poma\u017ee u odr\u017eavanju savr\u0161enog reda u stakleniku, mo\u017ee imati razli\u010dite namjene. Umjesto da ostavite rukavice ili vrtni alat u kutu i tra\u017eite ih u glavi, jednostavno ih stavite na policu. Odli\u010dno \u0107e poslu\u017eiti i za \u010duvanje presadnica, lon\u010danica i za\u010dina. Nakon kori\u0161tenja sustava za uklanjanje biljaka, kada uberete nezrele raj\u010dice, stavite ih na policu. Polica u plasteniku idealno je mjesto za \u010duvanje presadnica koje su se u rano prolje\u0107e naviknule na vanjske uvjete. Estetska polica za staklenik - mnogo mogu\u0107nosti za prakti\u010dnu upotrebu!<\/p>\n<ul data-mce-fragment=\"1\">\n<li data-mce-fragment=\"1\">Polica za staklenik izra\u0111ena je od izdr\u017eljivih i visokokvalitetnih materijala: aluminij, polikarbonat.<\/li>\n<li data-mce-fragment=\"1\">Mo\u017eete birati izme\u0111u dvije veli\u010dine polica - 200 x 700 mm ili 400 x 700 mm.<\/li>\n<li data-mce-fragment=\"1\">Komplet polica za staklenik uklju\u010duje sav pribor potreban za ugradnju.<\/li>\n<li data-mce-fragment=\"1\">Ugradnja ove police za staklenik brz je i jednostavan postupak.<\/li>\n<li data-mce-fragment=\"1\">Police se lako spajaju jedna s drugom. Ako trebate du\u017eu policu, kupite vi\u0161e i spojite ih.<\/li>\n<li data-mce-fragment=\"1\">Du\u017eina i \u0161irina police idealna je za Premium staklenike. Naravno, ovaj se proizvod mo\u017ee uspje\u0161no koristiti iu drugim staklenicima.<\/li>\n<\/ul>\n<p>Besplatna dostava vrijedi za zemlje EU. Za dostavu izvan EU kontaktirajte nas.<\/p>\n<p>Okvirni rok isporuke: 7-14 dana za polikarbonat.<\/p>","protected":false},"excerpt":{"rendered":"<p>Uz pomo\u0107 prakti\u010dnih rje\u0161enja, mo\u017ee se iskoristiti gotovo svaki centimetar va\u0161eg staklenika! Prostrana polica u stakleniku izvrstan je na\u010din za to.<\/p>","protected":false},"featured_media":8722,"comment_status":"open","ping_status":"closed","template":"","meta":{"_monsterinsights_skip_tracking":false,"_monsterinsights_sitenote_active":false,"_monsterinsights_sitenote_note":"","_monsterinsights_sitenote_category":0},"product_brand":[],"product_cat":[56,62],"product_tag":[],"class_list":{"0":"post-7876","1":"product","2":"type-product","3":"status-publish","4":"has-post-thumbnail","6":"product_cat-dodatki-za-alu-rastlinjake-premium","7":"product_cat-oprema-za-rastlinjake","9":"first","10":"instock","11":"taxable","12":"shipping-taxable","13":"purchasable","14":"product-type-variable","15":"has-default-attributes"},"aioseo_notices":[],"aioseo_head":"\n\t\t<!-- All in One SEO Pro 4.9.6.1 - aioseo.com -->\n\t<meta name=\"description\" content=\"S pomo\u010djo prakti\u010dnih re\u0161itev je mogo\u010de uporabit skoraj vsak centimeter va\u0161ega rastlinjaka! Prostorna polica za rastlinjak je odli\u010den na\u010din za to.\" \/>\n\t<meta name=\"robots\" content=\"max-image-preview:large\" \/>\n\t<meta name=\"google-site-verification\" content=\"Z9rvnbo9ip0NBVVGAbu4YfrfQ-Mg13t26DIfsx85Rbc\" \/>\n\t<link rel=\"canonical\" href=\"https:\/\/maxyhome.si\/hr\/product\/polica-za-rastlinjake-premium\/\" \/>\n\t<meta name=\"generator\" content=\"All in One SEO Pro (AIOSEO) 4.9.6.1\" \/>\n\t\t<meta property=\"og:locale\" content=\"hr_HR\" \/>\n\t\t<meta property=\"og:site_name\" content=\"MaxyHome.si - Vse za Dom in Vrt\" \/>\n\t\t<meta property=\"og:type\" content=\"article\" \/>\n\t\t<meta property=\"og:title\" content=\"Polica za rastlinjake Premium - MaxyHome.si\" \/>\n\t\t<meta property=\"og:description\" content=\"S pomo\u010djo prakti\u010dnih re\u0161itev je mogo\u010de uporabit skoraj vsak centimeter va\u0161ega rastlinjaka! Prostorna polica za rastlinjak je odli\u010den na\u010din za to.\" \/>\n\t\t<meta property=\"og:url\" content=\"https:\/\/maxyhome.si\/hr\/product\/polica-za-rastlinjake-premium\/\" \/>\n\t\t<meta property=\"og:image\" content=\"https:\/\/maxyhome.si\/wp-content\/uploads\/2024\/02\/Prvovrstni-rastlinjaki_Maksi_DOm_Facebook.webp\" \/>\n\t\t<meta property=\"og:image:secure_url\" content=\"https:\/\/maxyhome.si\/wp-content\/uploads\/2024\/02\/Prvovrstni-rastlinjaki_Maksi_DOm_Facebook.webp\" \/>\n\t\t<meta property=\"og:image:width\" content=\"1640\" \/>\n\t\t<meta property=\"og:image:height\" content=\"924\" \/>\n\t\t<meta property=\"article:published_time\" content=\"2022-11-18T07:32:06+00:00\" \/>\n\t\t<meta property=\"article:modified_time\" content=\"2024-05-23T10:26:42+00:00\" \/>\n\t\t<meta property=\"article:publisher\" content=\"https:\/\/www.facebook.com\/MaxyhomeEU\" \/>\n\t\t<meta name=\"twitter:card\" content=\"summary_large_image\" \/>\n\t\t<meta name=\"twitter:title\" content=\"Polica za rastlinjake Premium - MaxyHome.si\" \/>\n\t\t<meta name=\"twitter:description\" content=\"S pomo\u010djo prakti\u010dnih re\u0161itev je mogo\u010de uporabit skoraj vsak centimeter va\u0161ega rastlinjaka! Prostorna polica za rastlinjak je odli\u010den na\u010din za to.\" \/>\n\t\t<meta name=\"twitter:image\" content=\"https:\/\/maxyhome.si\/wp-content\/uploads\/2024\/02\/Prvovrstni-rastlinjaki_Maksi_DOm_Facebook.webp\" \/>\n\t\t<script type=\"application\/ld+json\" class=\"aioseo-schema\">\n\t\t\t{\"@context\":\"https:\\\/\\\/schema.org\",\"@graph\":[{\"@type\":\"BreadcrumbList\",\"@id\":\"https:\\\/\\\/maxyhome.si\\\/hr\\\/product\\\/polica-za-rastlinjake-premium\\\/#breadcrumblist\",\"itemListElement\":[{\"@type\":\"ListItem\",\"@id\":\"https:\\\/\\\/maxyhome.si\\\/hr#listItem\",\"position\":1,\"name\":\"Home\",\"item\":\"https:\\\/\\\/maxyhome.si\\\/hr\",\"nextItem\":{\"@type\":\"ListItem\",\"@id\":\"https:\\\/\\\/maxyhome.si\\\/hr\\\/trgovina\\\/#listItem\",\"name\":\"Trgovina\"}},{\"@type\":\"ListItem\",\"@id\":\"https:\\\/\\\/maxyhome.si\\\/hr\\\/trgovina\\\/#listItem\",\"position\":2,\"name\":\"Trgovina\",\"item\":\"https:\\\/\\\/maxyhome.si\\\/hr\\\/trgovina\\\/\",\"nextItem\":{\"@type\":\"ListItem\",\"@id\":\"https:\\\/\\\/maxyhome.si\\\/hr\\\/product-category\\\/rastlinjaki\\\/#listItem\",\"name\":\"Rastlinjaki - Polikarbonatni Vrtni Rastlinjaki (Akcija)\"},\"previousItem\":{\"@type\":\"ListItem\",\"@id\":\"https:\\\/\\\/maxyhome.si\\\/hr#listItem\",\"name\":\"Home\"}},{\"@type\":\"ListItem\",\"@id\":\"https:\\\/\\\/maxyhome.si\\\/hr\\\/product-category\\\/rastlinjaki\\\/#listItem\",\"position\":3,\"name\":\"Rastlinjaki - Polikarbonatni Vrtni Rastlinjaki (Akcija)\",\"item\":\"https:\\\/\\\/maxyhome.si\\\/hr\\\/product-category\\\/rastlinjaki\\\/\",\"nextItem\":{\"@type\":\"ListItem\",\"@id\":\"https:\\\/\\\/maxyhome.si\\\/hr\\\/product-category\\\/rastlinjaki\\\/oprema-za-rastlinjake\\\/#listItem\",\"name\":\"Oprema za rastlinjake\"},\"previousItem\":{\"@type\":\"ListItem\",\"@id\":\"https:\\\/\\\/maxyhome.si\\\/hr\\\/trgovina\\\/#listItem\",\"name\":\"Trgovina\"}},{\"@type\":\"ListItem\",\"@id\":\"https:\\\/\\\/maxyhome.si\\\/hr\\\/product-category\\\/rastlinjaki\\\/oprema-za-rastlinjake\\\/#listItem\",\"position\":4,\"name\":\"Oprema za rastlinjake\",\"item\":\"https:\\\/\\\/maxyhome.si\\\/hr\\\/product-category\\\/rastlinjaki\\\/oprema-za-rastlinjake\\\/\",\"nextItem\":{\"@type\":\"ListItem\",\"@id\":\"https:\\\/\\\/maxyhome.si\\\/hr\\\/product-category\\\/rastlinjaki\\\/oprema-za-rastlinjake\\\/dodatki-za-alu-rastlinjake-premium\\\/#listItem\",\"name\":\"Dodatki za ALU rastlinjake\"},\"previousItem\":{\"@type\":\"ListItem\",\"@id\":\"https:\\\/\\\/maxyhome.si\\\/hr\\\/product-category\\\/rastlinjaki\\\/#listItem\",\"name\":\"Rastlinjaki - Polikarbonatni Vrtni Rastlinjaki (Akcija)\"}},{\"@type\":\"ListItem\",\"@id\":\"https:\\\/\\\/maxyhome.si\\\/hr\\\/product-category\\\/rastlinjaki\\\/oprema-za-rastlinjake\\\/dodatki-za-alu-rastlinjake-premium\\\/#listItem\",\"position\":5,\"name\":\"Dodatki za ALU rastlinjake\",\"item\":\"https:\\\/\\\/maxyhome.si\\\/hr\\\/product-category\\\/rastlinjaki\\\/oprema-za-rastlinjake\\\/dodatki-za-alu-rastlinjake-premium\\\/\",\"nextItem\":{\"@type\":\"ListItem\",\"@id\":\"https:\\\/\\\/maxyhome.si\\\/hr\\\/product\\\/polica-za-rastlinjake-premium\\\/#listItem\",\"name\":\"Polica za rastlinjake Premium\"},\"previousItem\":{\"@type\":\"ListItem\",\"@id\":\"https:\\\/\\\/maxyhome.si\\\/hr\\\/product-category\\\/rastlinjaki\\\/oprema-za-rastlinjake\\\/#listItem\",\"name\":\"Oprema za rastlinjake\"}},{\"@type\":\"ListItem\",\"@id\":\"https:\\\/\\\/maxyhome.si\\\/hr\\\/product\\\/polica-za-rastlinjake-premium\\\/#listItem\",\"position\":6,\"name\":\"Polica za rastlinjake Premium\",\"previousItem\":{\"@type\":\"ListItem\",\"@id\":\"https:\\\/\\\/maxyhome.si\\\/hr\\\/product-category\\\/rastlinjaki\\\/oprema-za-rastlinjake\\\/dodatki-za-alu-rastlinjake-premium\\\/#listItem\",\"name\":\"Dodatki za ALU rastlinjake\"}}]},{\"@type\":\"ItemPage\",\"@id\":\"https:\\\/\\\/maxyhome.si\\\/hr\\\/product\\\/polica-za-rastlinjake-premium\\\/#itempage\",\"url\":\"https:\\\/\\\/maxyhome.si\\\/hr\\\/product\\\/polica-za-rastlinjake-premium\\\/\",\"name\":\"Polica za rastlinjake Premium - MaxyHome.si\",\"description\":\"S pomo\\u010djo prakti\\u010dnih re\\u0161itev je mogo\\u010de uporabit skoraj vsak centimeter va\\u0161ega rastlinjaka! Prostorna polica za rastlinjak je odli\\u010den na\\u010din za to.\",\"inLanguage\":\"hr\",\"isPartOf\":{\"@id\":\"https:\\\/\\\/maxyhome.si\\\/hr\\\/#website\"},\"breadcrumb\":{\"@id\":\"https:\\\/\\\/maxyhome.si\\\/hr\\\/product\\\/polica-za-rastlinjake-premium\\\/#breadcrumblist\"},\"image\":{\"@type\":\"ImageObject\",\"url\":\"https:\\\/\\\/maxyhome.si\\\/wp-content\\\/uploads\\\/2022\\\/11\\\/Polica_Za_rastlinjake_Premium_2.webp\",\"@id\":\"https:\\\/\\\/maxyhome.si\\\/hr\\\/product\\\/polica-za-rastlinjake-premium\\\/#mainImage\",\"width\":1200,\"height\":1200},\"primaryImageOfPage\":{\"@id\":\"https:\\\/\\\/maxyhome.si\\\/hr\\\/product\\\/polica-za-rastlinjake-premium\\\/#mainImage\"},\"datePublished\":\"2022-11-18T07:32:06+00:00\",\"dateModified\":\"2024-05-23T10:26:42+00:00\"},{\"@type\":\"Organization\",\"@id\":\"https:\\\/\\\/maxyhome.si\\\/hr\\\/#organization\",\"name\":\"Lorin6 d.o.o.\",\"description\":\"Vse za Dom in Vrt\",\"url\":\"https:\\\/\\\/maxyhome.si\\\/hr\\\/\",\"email\":\"info@maxyhome.eu\",\"telephone\":\"+38641537010\",\"logo\":{\"@type\":\"ImageObject\",\"url\":\"https:\\\/\\\/maxyhome.si\\\/wp-content\\\/uploads\\\/2024\\\/02\\\/cropped-Maxyhome_si_logotip.png\",\"@id\":\"https:\\\/\\\/maxyhome.si\\\/hr\\\/product\\\/polica-za-rastlinjake-premium\\\/#organizationLogo\",\"width\":470,\"height\":77},\"image\":{\"@id\":\"https:\\\/\\\/maxyhome.si\\\/hr\\\/product\\\/polica-za-rastlinjake-premium\\\/#organizationLogo\"},\"sameAs\":[\"https:\\\/\\\/www.facebook.com\\\/MaxyhomeEU\",\"https:\\\/\\\/www.instagram.com\\\/maksidom.si\\\/\"],\"address\":{\"@id\":\"https:\\\/\\\/maxyhome.si\\\/hr\\\/#postaladdress\",\"@type\":\"PostalAddress\",\"streetAddress\":\"BE\\u017dIGRAJSKA CESTA 9, Lorin6 d.o.o.\",\"postalCode\":\"3000\",\"addressLocality\":\"Celje\",\"addressCountry\":\"SI\"},\"vatID\":\"SI62505319\"},{\"@type\":\"WebPage\",\"@id\":\"https:\\\/\\\/maxyhome.si\\\/hr\\\/product\\\/polica-za-rastlinjake-premium\\\/#webpage\",\"url\":\"https:\\\/\\\/maxyhome.si\\\/hr\\\/product\\\/polica-za-rastlinjake-premium\\\/\",\"name\":\"Polica za rastlinjake Premium - MaxyHome.si\",\"description\":\"S pomo\\u010djo prakti\\u010dnih re\\u0161itev je mogo\\u010de uporabit skoraj vsak centimeter va\\u0161ega rastlinjaka! Prostorna polica za rastlinjak je odli\\u010den na\\u010din za to.\",\"inLanguage\":\"hr\",\"isPartOf\":{\"@id\":\"https:\\\/\\\/maxyhome.si\\\/hr\\\/#website\"},\"breadcrumb\":{\"@id\":\"https:\\\/\\\/maxyhome.si\\\/hr\\\/product\\\/polica-za-rastlinjake-premium\\\/#breadcrumblist\"},\"image\":{\"@type\":\"ImageObject\",\"url\":\"https:\\\/\\\/maxyhome.si\\\/wp-content\\\/uploads\\\/2022\\\/11\\\/Polica_Za_rastlinjake_Premium_2.webp\",\"@id\":\"https:\\\/\\\/maxyhome.si\\\/hr\\\/product\\\/polica-za-rastlinjake-premium\\\/#mainImage\",\"width\":1200,\"height\":1200},\"primaryImageOfPage\":{\"@id\":\"https:\\\/\\\/maxyhome.si\\\/hr\\\/product\\\/polica-za-rastlinjake-premium\\\/#mainImage\"},\"datePublished\":\"2022-11-18T07:32:06+00:00\",\"dateModified\":\"2024-05-23T10:26:42+00:00\"},{\"@type\":\"WebSite\",\"@id\":\"https:\\\/\\\/maxyhome.si\\\/hr\\\/#website\",\"url\":\"https:\\\/\\\/maxyhome.si\\\/hr\\\/\",\"name\":\"MaxyHome\",\"description\":\"Vse za Dom in Vrt\",\"inLanguage\":\"hr\",\"publisher\":{\"@id\":\"https:\\\/\\\/maxyhome.si\\\/hr\\\/#organization\"}}]}\n\t\t<\/script>\n\t\t<!-- All in One SEO Pro -->\r\n\t\t<title>Polica za rastlinjake Premium - MaxyHome.si<\/title>\n\n","aioseo_head_json":{"title":"Polica za rastlinjake Premium - MaxyHome.si","description":"S pomo\u010djo prakti\u010dnih re\u0161itev je mogo\u010de uporabit skoraj vsak centimeter va\u0161ega rastlinjaka! Prostorna polica za rastlinjak je odli\u010den na\u010din za to.","canonical_url":"https:\/\/maxyhome.si\/hr\/product\/polica-za-rastlinjake-premium\/","robots":"max-image-preview:large","keywords":"","webmasterTools":{"google-site-verification":"Z9rvnbo9ip0NBVVGAbu4YfrfQ-Mg13t26DIfsx85Rbc","miscellaneous":""},"schema":{"@context":"https:\/\/schema.org","@graph":[{"@type":"BreadcrumbList","@id":"https:\/\/maxyhome.si\/hr\/product\/polica-za-rastlinjake-premium\/#breadcrumblist","itemListElement":[{"@type":"ListItem","@id":"https:\/\/maxyhome.si\/hr#listItem","position":1,"name":"Home","item":"https:\/\/maxyhome.si\/hr","nextItem":{"@type":"ListItem","@id":"https:\/\/maxyhome.si\/hr\/trgovina\/#listItem","name":"Trgovina"}},{"@type":"ListItem","@id":"https:\/\/maxyhome.si\/hr\/trgovina\/#listItem","position":2,"name":"Trgovina","item":"https:\/\/maxyhome.si\/hr\/trgovina\/","nextItem":{"@type":"ListItem","@id":"https:\/\/maxyhome.si\/hr\/product-category\/rastlinjaki\/#listItem","name":"Rastlinjaki - Polikarbonatni Vrtni Rastlinjaki (Akcija)"},"previousItem":{"@type":"ListItem","@id":"https:\/\/maxyhome.si\/hr#listItem","name":"Home"}},{"@type":"ListItem","@id":"https:\/\/maxyhome.si\/hr\/product-category\/rastlinjaki\/#listItem","position":3,"name":"Rastlinjaki - Polikarbonatni Vrtni Rastlinjaki (Akcija)","item":"https:\/\/maxyhome.si\/hr\/product-category\/rastlinjaki\/","nextItem":{"@type":"ListItem","@id":"https:\/\/maxyhome.si\/hr\/product-category\/rastlinjaki\/oprema-za-rastlinjake\/#listItem","name":"Oprema za rastlinjake"},"previousItem":{"@type":"ListItem","@id":"https:\/\/maxyhome.si\/hr\/trgovina\/#listItem","name":"Trgovina"}},{"@type":"ListItem","@id":"https:\/\/maxyhome.si\/hr\/product-category\/rastlinjaki\/oprema-za-rastlinjake\/#listItem","position":4,"name":"Oprema za rastlinjake","item":"https:\/\/maxyhome.si\/hr\/product-category\/rastlinjaki\/oprema-za-rastlinjake\/","nextItem":{"@type":"ListItem","@id":"https:\/\/maxyhome.si\/hr\/product-category\/rastlinjaki\/oprema-za-rastlinjake\/dodatki-za-alu-rastlinjake-premium\/#listItem","name":"Dodatki za ALU rastlinjake"},"previousItem":{"@type":"ListItem","@id":"https:\/\/maxyhome.si\/hr\/product-category\/rastlinjaki\/#listItem","name":"Rastlinjaki - Polikarbonatni Vrtni Rastlinjaki (Akcija)"}},{"@type":"ListItem","@id":"https:\/\/maxyhome.si\/hr\/product-category\/rastlinjaki\/oprema-za-rastlinjake\/dodatki-za-alu-rastlinjake-premium\/#listItem","position":5,"name":"Dodatki za ALU rastlinjake","item":"https:\/\/maxyhome.si\/hr\/product-category\/rastlinjaki\/oprema-za-rastlinjake\/dodatki-za-alu-rastlinjake-premium\/","nextItem":{"@type":"ListItem","@id":"https:\/\/maxyhome.si\/hr\/product\/polica-za-rastlinjake-premium\/#listItem","name":"Polica za rastlinjake Premium"},"previousItem":{"@type":"ListItem","@id":"https:\/\/maxyhome.si\/hr\/product-category\/rastlinjaki\/oprema-za-rastlinjake\/#listItem","name":"Oprema za rastlinjake"}},{"@type":"ListItem","@id":"https:\/\/maxyhome.si\/hr\/product\/polica-za-rastlinjake-premium\/#listItem","position":6,"name":"Polica za rastlinjake Premium","previousItem":{"@type":"ListItem","@id":"https:\/\/maxyhome.si\/hr\/product-category\/rastlinjaki\/oprema-za-rastlinjake\/dodatki-za-alu-rastlinjake-premium\/#listItem","name":"Dodatki za ALU rastlinjake"}}]},{"@type":"ItemPage","@id":"https:\/\/maxyhome.si\/hr\/product\/polica-za-rastlinjake-premium\/#itempage","url":"https:\/\/maxyhome.si\/hr\/product\/polica-za-rastlinjake-premium\/","name":"Polica za rastlinjake Premium - MaxyHome.si","description":"S pomo\u010djo prakti\u010dnih re\u0161itev je mogo\u010de uporabit skoraj vsak centimeter va\u0161ega rastlinjaka! Prostorna polica za rastlinjak je odli\u010den na\u010din za to.","inLanguage":"hr","isPartOf":{"@id":"https:\/\/maxyhome.si\/hr\/#website"},"breadcrumb":{"@id":"https:\/\/maxyhome.si\/hr\/product\/polica-za-rastlinjake-premium\/#breadcrumblist"},"image":{"@type":"ImageObject","url":"https:\/\/maxyhome.si\/wp-content\/uploads\/2022\/11\/Polica_Za_rastlinjake_Premium_2.webp","@id":"https:\/\/maxyhome.si\/hr\/product\/polica-za-rastlinjake-premium\/#mainImage","width":1200,"height":1200},"primaryImageOfPage":{"@id":"https:\/\/maxyhome.si\/hr\/product\/polica-za-rastlinjake-premium\/#mainImage"},"datePublished":"2022-11-18T07:32:06+00:00","dateModified":"2024-05-23T10:26:42+00:00"},{"@type":"Organization","@id":"https:\/\/maxyhome.si\/hr\/#organization","name":"Lorin6 d.o.o.","description":"Vse za Dom in Vrt","url":"https:\/\/maxyhome.si\/hr\/","email":"info@maxyhome.eu","telephone":"+38641537010","logo":{"@type":"ImageObject","url":"https:\/\/maxyhome.si\/wp-content\/uploads\/2024\/02\/cropped-Maxyhome_si_logotip.png","@id":"https:\/\/maxyhome.si\/hr\/product\/polica-za-rastlinjake-premium\/#organizationLogo","width":470,"height":77},"image":{"@id":"https:\/\/maxyhome.si\/hr\/product\/polica-za-rastlinjake-premium\/#organizationLogo"},"sameAs":["https:\/\/www.facebook.com\/MaxyhomeEU","https:\/\/www.instagram.com\/maksidom.si\/"],"address":{"@id":"https:\/\/maxyhome.si\/hr\/#postaladdress","@type":"PostalAddress","streetAddress":"BE\u017dIGRAJSKA CESTA 9, Lorin6 d.o.o.","postalCode":"3000","addressLocality":"Celje","addressCountry":"SI"},"vatID":"SI62505319"},{"@type":"WebPage","@id":"https:\/\/maxyhome.si\/hr\/product\/polica-za-rastlinjake-premium\/#webpage","url":"https:\/\/maxyhome.si\/hr\/product\/polica-za-rastlinjake-premium\/","name":"Polica za rastlinjake Premium - MaxyHome.si","description":"S pomo\u010djo prakti\u010dnih re\u0161itev je mogo\u010de uporabit skoraj vsak centimeter va\u0161ega rastlinjaka! Prostorna polica za rastlinjak je odli\u010den na\u010din za to.","inLanguage":"hr","isPartOf":{"@id":"https:\/\/maxyhome.si\/hr\/#website"},"breadcrumb":{"@id":"https:\/\/maxyhome.si\/hr\/product\/polica-za-rastlinjake-premium\/#breadcrumblist"},"image":{"@type":"ImageObject","url":"https:\/\/maxyhome.si\/wp-content\/uploads\/2022\/11\/Polica_Za_rastlinjake_Premium_2.webp","@id":"https:\/\/maxyhome.si\/hr\/product\/polica-za-rastlinjake-premium\/#mainImage","width":1200,"height":1200},"primaryImageOfPage":{"@id":"https:\/\/maxyhome.si\/hr\/product\/polica-za-rastlinjake-premium\/#mainImage"},"datePublished":"2022-11-18T07:32:06+00:00","dateModified":"2024-05-23T10:26:42+00:00"},{"@type":"WebSite","@id":"https:\/\/maxyhome.si\/hr\/#website","url":"https:\/\/maxyhome.si\/hr\/","name":"MaxyHome","description":"Vse za Dom in Vrt","inLanguage":"hr","publisher":{"@id":"https:\/\/maxyhome.si\/hr\/#organization"}}]},"og:locale":"hr_HR","og:site_name":"MaxyHome.si - Vse za Dom in Vrt","og:type":"article","og:title":"Polica za rastlinjake Premium - MaxyHome.si","og:description":"S pomo\u010djo prakti\u010dnih re\u0161itev je mogo\u010de uporabit skoraj vsak centimeter va\u0161ega rastlinjaka! Prostorna polica za rastlinjak je odli\u010den na\u010din za to.","og:url":"https:\/\/maxyhome.si\/hr\/product\/polica-za-rastlinjake-premium\/","og:image":"https:\/\/maxyhome.si\/wp-content\/uploads\/2024\/02\/Prvovrstni-rastlinjaki_Maksi_DOm_Facebook.webp","og:image:secure_url":"https:\/\/maxyhome.si\/wp-content\/uploads\/2024\/02\/Prvovrstni-rastlinjaki_Maksi_DOm_Facebook.webp","og:image:width":1640,"og:image:height":924,"article:published_time":"2022-11-18T07:32:06+00:00","article:modified_time":"2024-05-23T10:26:42+00:00","article:publisher":"https:\/\/www.facebook.com\/MaxyhomeEU","twitter:card":"summary_large_image","twitter:title":"Polica za rastlinjake Premium - MaxyHome.si","twitter:description":"S pomo\u010djo prakti\u010dnih re\u0161itev je mogo\u010de uporabit skoraj vsak centimeter va\u0161ega rastlinjaka! Prostorna polica za rastlinjak je odli\u010den na\u010din za to.","twitter:image":"https:\/\/maxyhome.si\/wp-content\/uploads\/2024\/02\/Prvovrstni-rastlinjaki_Maksi_DOm_Facebook.webp"},"aioseo_meta_data":{"post_id":"7876","title":null,"description":null,"keywords":null,"keyphrases":null,"primary_term":null,"canonical_url":null,"og_title":null,"og_description":null,"og_object_type":"default","og_image_type":"default","og_image_url":null,"og_image_width":null,"og_image_height":null,"og_image_custom_url":null,"og_image_custom_fields":null,"og_video":null,"og_custom_url":null,"og_article_section":null,"og_article_tags":null,"twitter_use_og":false,"twitter_card":"default","twitter_image_type":"default","twitter_image_url":null,"twitter_image_custom_url":null,"twitter_image_custom_fields":null,"twitter_title":null,"twitter_description":null,"schema":{"blockGraphs":[],"customGraphs":[],"default":{"data":{"Article":[],"Course":[],"Dataset":[],"FAQPage":[],"Movie":[],"Person":[],"Product":[],"ProductReview":[],"Car":[],"Recipe":[],"Service":[],"SoftwareApplication":[],"WebPage":[]},"graphName":"","isEnabled":true},"graphs":[]},"schema_type":"default","schema_type_options":null,"pillar_content":false,"robots_default":true,"robots_noindex":false,"robots_noarchive":false,"robots_nosnippet":false,"robots_nofollow":false,"robots_noimageindex":false,"robots_noodp":false,"robots_notranslate":false,"robots_max_snippet":null,"robots_max_videopreview":null,"robots_max_imagepreview":"large","priority":null,"frequency":null,"local_seo":null,"seo_analyzer_scan_date":"2025-10-08 18:44:15","breadcrumb_settings":null,"limit_modified_date":false,"reviewed_by":null,"ai":null,"created":"2024-02-28 07:14:15","updated":"2025-10-08 18:44:15"},"aioseo_breadcrumb":"<div class=\"aioseo-breadcrumbs\"><span class=\"aioseo-breadcrumb\">\n\t<a href=\"https:\/\/maxyhome.si\/hr\" title=\"Home\">Home<\/a>\n<\/span><span class=\"aioseo-breadcrumb-separator\">&raquo;<\/span><span class=\"aioseo-breadcrumb\">\n\t<a href=\"https:\/\/maxyhome.si\/hr\/trgovina\/\" title=\"Trgovina\">Trgovina<\/a>\n<\/span><span class=\"aioseo-breadcrumb-separator\">&raquo;<\/span><span class=\"aioseo-breadcrumb\">\n\t<a href=\"https:\/\/maxyhome.si\/hr\/product-category\/rastlinjaki\/\" title=\"Rastlinjaki - Polikarbonatni Vrtni Rastlinjaki (Akcija)\">Rastlinjaki - Polikarbonatni Vrtni Rastlinjaki (Akcija)<\/a>\n<\/span><span class=\"aioseo-breadcrumb-separator\">&raquo;<\/span><span class=\"aioseo-breadcrumb\">\n\t<a href=\"https:\/\/maxyhome.si\/hr\/product-category\/rastlinjaki\/oprema-za-rastlinjake\/\" title=\"Oprema za rastlinjake\">Oprema za rastlinjake<\/a>\n<\/span><span class=\"aioseo-breadcrumb-separator\">&raquo;<\/span><span class=\"aioseo-breadcrumb\">\n\t<a href=\"https:\/\/maxyhome.si\/hr\/product-category\/rastlinjaki\/oprema-za-rastlinjake\/dodatki-za-alu-rastlinjake-premium\/\" title=\"Dodatki za ALU rastlinjake\">Dodatki za ALU rastlinjake<\/a>\n<\/span><span class=\"aioseo-breadcrumb-separator\">&raquo;<\/span><span class=\"aioseo-breadcrumb\">\n\tPolica za rastlinjake Premium\n<\/span><\/div>","aioseo_breadcrumb_json":[{"label":"Home","link":"https:\/\/maxyhome.si\/hr"},{"label":"Trgovina","link":"https:\/\/maxyhome.si\/hr\/trgovina\/"},{"label":"Rastlinjaki - Polikarbonatni Vrtni Rastlinjaki (Akcija)","link":"https:\/\/maxyhome.si\/hr\/product-category\/rastlinjaki\/"},{"label":"Oprema za rastlinjake","link":"https:\/\/maxyhome.si\/hr\/product-category\/rastlinjaki\/oprema-za-rastlinjake\/"},{"label":"Dodatki za ALU rastlinjake","link":"https:\/\/maxyhome.si\/hr\/product-category\/rastlinjaki\/oprema-za-rastlinjake\/dodatki-za-alu-rastlinjake-premium\/"},{"label":"Polica za rastlinjake Premium","link":"https:\/\/maxyhome.si\/hr\/product\/polica-za-rastlinjake-premium\/"}],"_links":{"self":[{"href":"https:\/\/maxyhome.si\/hr\/wp-json\/wp\/v2\/product\/7876","targetHints":{"allow":["GET"]}}],"collection":[{"href":"https:\/\/maxyhome.si\/hr\/wp-json\/wp\/v2\/product"}],"about":[{"href":"https:\/\/maxyhome.si\/hr\/wp-json\/wp\/v2\/types\/product"}],"replies":[{"embeddable":true,"href":"https:\/\/maxyhome.si\/hr\/wp-json\/wp\/v2\/comments?post=7876"}],"version-history":[{"count":1,"href":"https:\/\/maxyhome.si\/hr\/wp-json\/wp\/v2\/product\/7876\/revisions"}],"predecessor-version":[{"id":10504,"href":"https:\/\/maxyhome.si\/hr\/wp-json\/wp\/v2\/product\/7876\/revisions\/10504"}],"wp:featuredmedia":[{"embeddable":true,"href":"https:\/\/maxyhome.si\/hr\/wp-json\/wp\/v2\/media\/8722"}],"wp:attachment":[{"href":"https:\/\/maxyhome.si\/hr\/wp-json\/wp\/v2\/media?parent=7876"}],"wp:term":[{"taxonomy":"product_brand","embeddable":true,"href":"https:\/\/maxyhome.si\/hr\/wp-json\/wp\/v2\/product_brand?post=7876"},{"taxonomy":"product_cat","embeddable":true,"href":"https:\/\/maxyhome.si\/hr\/wp-json\/wp\/v2\/product_cat?post=7876"},{"taxonomy":"product_tag","embeddable":true,"href":"https:\/\/maxyhome.si\/hr\/wp-json\/wp\/v2\/product_tag?post=7876"}],"curies":[{"name":"wp","href":"https:\/\/api.w.org\/{rel}","templated":true}]}}