{"id":7889,"date":"2022-11-21T08:34:53","date_gmt":"2022-11-21T08:34:53","guid":{"rendered":"https:\/\/maxyhome.si\/izdelek\/maxy-ruby-36-x-12-m\/"},"modified":"2024-05-23T10:25:36","modified_gmt":"2024-05-23T10:25:36","slug":"maxy-ruby-36-x-12-m","status":"publish","type":"product","link":"https:\/\/maxyhome.si\/hr\/product\/maxy-ruby-36-x-12-m\/","title":{"rendered":"Maxy Ruby 3,6 x 1,2 m"},"content":{"rendered":"<h5 style=\"text-align: center;\" data-mce-fragment=\"1\"><strong>Srednje velika, funkcionalna i u\u010dinkovita za\u0161tita za va\u0161 alat. <\/strong><\/h5>\n<p data-mce-fragment=\"1\">Maxy spremi\u0161ta su kompaktno, prakti\u010dno i pristupa\u010dno rje\u0161enje za dobivanje dodatnog prostora za pohranu va\u0161ih stvari.<\/p>\n<p data-mce-fragment=\"1\">Moderna \u010deli\u010dna obloga izgleda sjajno uz svaku ku\u0107u, gara\u017eu ili poslovni prostor. Ova je \u0161upa idealna za spremanje kanti za sme\u0107e, opreme za travnjak ili vrt, zaliha za bazen, drva za ogrjev i vi\u0161e.<\/p>\n<p data-mce-fragment=\"1\">Dimenzije: du\u017eina 3,60 mx \u0161irina 1,20 mx visina 1,69\/2,00 m; povr\u0161ina: 4,32m<sup data-mce-fragment=\"1\">2<\/sup>.<\/p>\n<h4 style=\"text-align: center;\" data-mce-fragment=\"1\">Pravi izbor za uredno okru\u017eenje i sigurno skladi\u0161tenje va\u0161ih stvari.<\/h4>\n<p>TOP izbor:<\/p>\n<ul data-mce-fragment=\"1\">\n<li data-mce-fragment=\"1\">Jednostavna monta\u017ea.<\/li>\n<li data-mce-fragment=\"1\">Otporan na UV zrake.<\/li>\n<li data-mce-fragment=\"1\">Za\u0161tita od plijesni, insekata i ekstremnih vremenskih uvjeta.<\/li>\n<li data-mce-fragment=\"1\">Kosi krov za jednostavno skladi\u0161tenje visokih i niskih proizvoda ili vrtne opreme.<\/li>\n<li data-mce-fragment=\"1\">Kompaktan i prakti\u010dan dizajn olak\u0161ava postavljanje strukture uz bok ku\u0107e ili vanjske zgrade.<\/li>\n<li data-mce-fragment=\"1\">Za postavljanje \u0161upe nije potreban temelj.<\/li>\n<\/ul>\n<p>Besplatna dostava unutar EU!<\/p>\n<h3>Za\u0161to odabrati Maxy vrtno crijevo?<\/h3>\n<h4 data-mce-fragment=\"1\">POUZDANA GRADNJA<\/h4>\n<p data-mce-fragment=\"1\"><span data-mce-fragment=\"1\">\u0160upa je izra\u0111ena od \u010dvrstog \u010delika s premazom cinka koji je otporan na vremenske uvjete i koroziju.<\/span><\/p>\n<p><span data-mce-fragment=\"1\">Visina zida: 169 cm<\/span><br data-mce-fragment=\"1\" \/><span data-mce-fragment=\"1\">Lamelirana vrata: 120 x 200 cm.<\/span><br data-mce-fragment=\"1\" \/><span data-mce-fragment=\"1\">Vrsta vrata: Okretna vrata<\/span><br data-mce-fragment=\"1\" \/><span data-mce-fragment=\"1\">Materijal: pocin\u010dani \u010delik<\/span><br data-mce-fragment=\"1\" \/><span data-mce-fragment=\"1\">Debljina lima: 0,23 mm.<\/span><br data-mce-fragment=\"1\" \/><span data-mce-fragment=\"1\">Boja: sme\u0111a<\/span><\/p>\n<p data-mce-fragment=\"1\">Optere\u0107enje snijegom: 100 kg\/m<sup data-mce-fragment=\"1\">2<\/sup><\/p>\n<h4 data-mce-fragment=\"1\">JEDNOSTAVNA MONTA\u017dA<\/h4>\n<p><span data-mce-fragment=\"1\">Ne trebate temelje za postavljanje \u0161upe. Podna baza nije uklju\u010dena. <\/span><\/p>\n<p data-mce-fragment=\"1\">Potpuno izrezani i prethodno izbu\u0161eni dijelovi olak\u0161at \u0107e i ubrzati sastavljanje.<\/p>\n<h4 style=\"text-align: center;\" data-mce-fragment=\"1\">Organizirajte i za\u0161titite svoje stvari uz Maxy Ruby Storage!<\/h4>\n<p data-mce-fragment=\"1\">Okvirni rok isporuke: 7-14 dana.<\/p>\n<p data-mce-fragment=\"1\">Besplatna dostava vrijedi za zemlje EU. Za dostavu izvan EU kontaktirajte nas.<\/p>","protected":false},"excerpt":{"rendered":"<ol>\n<li><strong>Kompaktan i funkcionalan dizajn<\/strong>: vrtni otoman Maxy Ruby prakti\u010dno je rje\u0161enje za pohranjivanje i organiziranje stvari.<\/li>\n<li><strong>\u010cvrsta i izdr\u017eljiva konstrukcija<\/strong>: Izra\u0111en je od \u010dvrstog \u010delika s presvlakom cinka, \u0161to osigurava otpornost na vremenske utjecaje i dugotrajnu upotrebu.<\/li>\n<li><strong>Jednostavna monta\u017ea<\/strong>: Uta je dizajnirana za brzo sastavljanje, s prethodno izbu\u0161enim i izrezanim dijelovima za jednostavnu monta\u017eu.<\/li>\n<li><strong>Vi\u0161enamjenska upotreba<\/strong>: Idealan prostor za skladi\u0161tenje kanti za sme\u0107e, vrtnog alata, pribora za bazen ili drva za ogrjev.<\/li>\n<\/ol>","protected":false},"featured_media":8398,"comment_status":"open","ping_status":"closed","template":"","meta":{"_monsterinsights_skip_tracking":false,"_monsterinsights_sitenote_active":false,"_monsterinsights_sitenote_note":"","_monsterinsights_sitenote_category":0},"product_brand":[],"product_cat":[57],"product_tag":[],"class_list":{"0":"post-7889","1":"product","2":"type-product","3":"status-publish","4":"has-post-thumbnail","6":"product_cat-vrtne-lope","8":"first","9":"instock","10":"sale","11":"taxable","12":"shipping-taxable","13":"purchasable","14":"product-type-simple"},"aioseo_notices":[],"aioseo_head":"\n\t\t<!-- All in One SEO Pro 4.9.6.2 - aioseo.com -->\n\t<meta name=\"description\" content=\"Kompaktna in Funkcionalna Zasnova: Vrtna uta Maxy Ruby je priro\u010dna re\u0161itev za shranjevanje in organizacijo stvari. Mo\u010dna in Trajna Konstrukcija: Izdelana je iz mo\u010dnega jekla s cinkovim premazom, kar zagotavlja odpornost na vremenske vplive in dolgotrajno uporabo. Enostavna Monta\u017ea: Uta je zasnovana za hitro sestavo, s predhodno izvrtanimi in razrezanimi deli, kar omogo\u010da enostavno postavitev. Ve\u010dnamenska Uporaba: Idealen prostor za shranjevanje zabojnikov za smeti, vrtnega orodja, pribora za bazen ali drv.\" \/>\n\t<meta name=\"robots\" content=\"max-image-preview:large\" \/>\n\t<meta name=\"google-site-verification\" content=\"Z9rvnbo9ip0NBVVGAbu4YfrfQ-Mg13t26DIfsx85Rbc\" \/>\n\t<link rel=\"canonical\" href=\"https:\/\/maxyhome.si\/hr\/product\/maxy-ruby-36-x-12-m\/\" \/>\n\t<meta name=\"generator\" content=\"All in One SEO Pro (AIOSEO) 4.9.6.2\" \/>\n\t\t<meta property=\"og:locale\" content=\"hr_HR\" \/>\n\t\t<meta property=\"og:site_name\" content=\"MaxyHome.si - Vse za Dom in Vrt\" \/>\n\t\t<meta property=\"og:type\" content=\"article\" \/>\n\t\t<meta property=\"og:title\" content=\"Maxy Ruby 3,6 x 1,2 m - MaxyHome.si\" \/>\n\t\t<meta property=\"og:description\" content=\"Kompaktna in Funkcionalna Zasnova: Vrtna uta Maxy Ruby je priro\u010dna re\u0161itev za shranjevanje in organizacijo stvari. Mo\u010dna in Trajna Konstrukcija: Izdelana je iz mo\u010dnega jekla s cinkovim premazom, kar zagotavlja odpornost na vremenske vplive in dolgotrajno uporabo. Enostavna Monta\u017ea: Uta je zasnovana za hitro sestavo, s predhodno izvrtanimi in razrezanimi deli, kar omogo\u010da enostavno postavitev. Ve\u010dnamenska Uporaba: Idealen prostor za shranjevanje zabojnikov za smeti, vrtnega orodja, pribora za bazen ali drv.\" \/>\n\t\t<meta property=\"og:url\" content=\"https:\/\/maxyhome.si\/hr\/product\/maxy-ruby-36-x-12-m\/\" \/>\n\t\t<meta property=\"og:image\" content=\"https:\/\/maxyhome.si\/wp-content\/uploads\/2024\/02\/Prvovrstni-rastlinjaki_Maksi_DOm_Facebook.webp\" \/>\n\t\t<meta property=\"og:image:secure_url\" content=\"https:\/\/maxyhome.si\/wp-content\/uploads\/2024\/02\/Prvovrstni-rastlinjaki_Maksi_DOm_Facebook.webp\" \/>\n\t\t<meta property=\"og:image:width\" content=\"1640\" \/>\n\t\t<meta property=\"og:image:height\" content=\"924\" \/>\n\t\t<meta property=\"article:published_time\" content=\"2022-11-21T08:34:53+00:00\" \/>\n\t\t<meta property=\"article:modified_time\" content=\"2024-05-23T10:25:36+00:00\" \/>\n\t\t<meta property=\"article:publisher\" content=\"https:\/\/www.facebook.com\/MaxyhomeEU\" \/>\n\t\t<meta name=\"twitter:card\" content=\"summary_large_image\" \/>\n\t\t<meta name=\"twitter:title\" content=\"Maxy Ruby 3,6 x 1,2 m - MaxyHome.si\" \/>\n\t\t<meta name=\"twitter:description\" content=\"Kompaktna in Funkcionalna Zasnova: Vrtna uta Maxy Ruby je priro\u010dna re\u0161itev za shranjevanje in organizacijo stvari. Mo\u010dna in Trajna Konstrukcija: Izdelana je iz mo\u010dnega jekla s cinkovim premazom, kar zagotavlja odpornost na vremenske vplive in dolgotrajno uporabo. Enostavna Monta\u017ea: Uta je zasnovana za hitro sestavo, s predhodno izvrtanimi in razrezanimi deli, kar omogo\u010da enostavno postavitev. Ve\u010dnamenska Uporaba: Idealen prostor za shranjevanje zabojnikov za smeti, vrtnega orodja, pribora za bazen ali drv.\" \/>\n\t\t<meta name=\"twitter:image\" content=\"https:\/\/maxyhome.si\/wp-content\/uploads\/2024\/02\/Prvovrstni-rastlinjaki_Maksi_DOm_Facebook.webp\" \/>\n\t\t<script type=\"application\/ld+json\" class=\"aioseo-schema\">\n\t\t\t{\"@context\":\"https:\\\/\\\/schema.org\",\"@graph\":[{\"@type\":\"BreadcrumbList\",\"@id\":\"https:\\\/\\\/maxyhome.si\\\/hr\\\/product\\\/maxy-ruby-36-x-12-m\\\/#breadcrumblist\",\"itemListElement\":[{\"@type\":\"ListItem\",\"@id\":\"https:\\\/\\\/maxyhome.si\\\/hr#listItem\",\"position\":1,\"name\":\"Home\",\"item\":\"https:\\\/\\\/maxyhome.si\\\/hr\",\"nextItem\":{\"@type\":\"ListItem\",\"@id\":\"https:\\\/\\\/maxyhome.si\\\/hr\\\/trgovina\\\/#listItem\",\"name\":\"Trgovina\"}},{\"@type\":\"ListItem\",\"@id\":\"https:\\\/\\\/maxyhome.si\\\/hr\\\/trgovina\\\/#listItem\",\"position\":2,\"name\":\"Trgovina\",\"item\":\"https:\\\/\\\/maxyhome.si\\\/hr\\\/trgovina\\\/\",\"nextItem\":{\"@type\":\"ListItem\",\"@id\":\"https:\\\/\\\/maxyhome.si\\\/hr\\\/product-category\\\/vrtne-lope\\\/#listItem\",\"name\":\"Vrtne lope\"},\"previousItem\":{\"@type\":\"ListItem\",\"@id\":\"https:\\\/\\\/maxyhome.si\\\/hr#listItem\",\"name\":\"Home\"}},{\"@type\":\"ListItem\",\"@id\":\"https:\\\/\\\/maxyhome.si\\\/hr\\\/product-category\\\/vrtne-lope\\\/#listItem\",\"position\":3,\"name\":\"Vrtne lope\",\"item\":\"https:\\\/\\\/maxyhome.si\\\/hr\\\/product-category\\\/vrtne-lope\\\/\",\"nextItem\":{\"@type\":\"ListItem\",\"@id\":\"https:\\\/\\\/maxyhome.si\\\/hr\\\/product\\\/maxy-ruby-36-x-12-m\\\/#listItem\",\"name\":\"Maxy Ruby 3,6 x 1,2 m\"},\"previousItem\":{\"@type\":\"ListItem\",\"@id\":\"https:\\\/\\\/maxyhome.si\\\/hr\\\/trgovina\\\/#listItem\",\"name\":\"Trgovina\"}},{\"@type\":\"ListItem\",\"@id\":\"https:\\\/\\\/maxyhome.si\\\/hr\\\/product\\\/maxy-ruby-36-x-12-m\\\/#listItem\",\"position\":4,\"name\":\"Maxy Ruby 3,6 x 1,2 m\",\"previousItem\":{\"@type\":\"ListItem\",\"@id\":\"https:\\\/\\\/maxyhome.si\\\/hr\\\/product-category\\\/vrtne-lope\\\/#listItem\",\"name\":\"Vrtne lope\"}}]},{\"@type\":\"ItemPage\",\"@id\":\"https:\\\/\\\/maxyhome.si\\\/hr\\\/product\\\/maxy-ruby-36-x-12-m\\\/#itempage\",\"url\":\"https:\\\/\\\/maxyhome.si\\\/hr\\\/product\\\/maxy-ruby-36-x-12-m\\\/\",\"name\":\"Maxy Ruby 3,6 x 1,2 m - MaxyHome.si\",\"description\":\"Kompaktna in Funkcionalna Zasnova: Vrtna uta Maxy Ruby je priro\\u010dna re\\u0161itev za shranjevanje in organizacijo stvari. Mo\\u010dna in Trajna Konstrukcija: Izdelana je iz mo\\u010dnega jekla s cinkovim premazom, kar zagotavlja odpornost na vremenske vplive in dolgotrajno uporabo. Enostavna Monta\\u017ea: Uta je zasnovana za hitro sestavo, s predhodno izvrtanimi in razrezanimi deli, kar omogo\\u010da enostavno postavitev. Ve\\u010dnamenska Uporaba: Idealen prostor za shranjevanje zabojnikov za smeti, vrtnega orodja, pribora za bazen ali drv.\",\"inLanguage\":\"hr\",\"isPartOf\":{\"@id\":\"https:\\\/\\\/maxyhome.si\\\/hr\\\/#website\"},\"breadcrumb\":{\"@id\":\"https:\\\/\\\/maxyhome.si\\\/hr\\\/product\\\/maxy-ruby-36-x-12-m\\\/#breadcrumblist\"},\"image\":{\"@type\":\"ImageObject\",\"url\":\"https:\\\/\\\/maxyhome.si\\\/wp-content\\\/uploads\\\/2022\\\/11\\\/Vrtna_Hisa_36mx12m_1.webp\",\"@id\":\"https:\\\/\\\/maxyhome.si\\\/hr\\\/product\\\/maxy-ruby-36-x-12-m\\\/#mainImage\",\"width\":1200,\"height\":1200,\"caption\":\"Vrtna uta Maxy Ruby 3,6 x 1,2 m, odprta, ka\\u017ee shranjene predmete kot so vrtno orodje in kolesa, postavljena na trato ob obrezani \\u017eivi meji.\"},\"primaryImageOfPage\":{\"@id\":\"https:\\\/\\\/maxyhome.si\\\/hr\\\/product\\\/maxy-ruby-36-x-12-m\\\/#mainImage\"},\"datePublished\":\"2022-11-21T08:34:53+00:00\",\"dateModified\":\"2024-05-23T10:25:36+00:00\"},{\"@type\":\"Organization\",\"@id\":\"https:\\\/\\\/maxyhome.si\\\/hr\\\/#organization\",\"name\":\"Lorin6 d.o.o.\",\"description\":\"Vse za Dom in Vrt\",\"url\":\"https:\\\/\\\/maxyhome.si\\\/hr\\\/\",\"email\":\"info@maxyhome.eu\",\"telephone\":\"+38641537010\",\"logo\":{\"@type\":\"ImageObject\",\"url\":\"https:\\\/\\\/maxyhome.si\\\/wp-content\\\/uploads\\\/2024\\\/02\\\/cropped-Maxyhome_si_logotip.png\",\"@id\":\"https:\\\/\\\/maxyhome.si\\\/hr\\\/product\\\/maxy-ruby-36-x-12-m\\\/#organizationLogo\",\"width\":470,\"height\":77},\"image\":{\"@id\":\"https:\\\/\\\/maxyhome.si\\\/hr\\\/product\\\/maxy-ruby-36-x-12-m\\\/#organizationLogo\"},\"sameAs\":[\"https:\\\/\\\/www.facebook.com\\\/MaxyhomeEU\",\"https:\\\/\\\/www.instagram.com\\\/maksidom.si\\\/\"],\"address\":{\"@id\":\"https:\\\/\\\/maxyhome.si\\\/hr\\\/#postaladdress\",\"@type\":\"PostalAddress\",\"streetAddress\":\"BE\\u017dIGRAJSKA CESTA 9, Lorin6 d.o.o.\",\"postalCode\":\"3000\",\"addressLocality\":\"Celje\",\"addressCountry\":\"SI\"},\"vatID\":\"SI62505319\"},{\"@type\":\"WebPage\",\"@id\":\"https:\\\/\\\/maxyhome.si\\\/hr\\\/product\\\/maxy-ruby-36-x-12-m\\\/#webpage\",\"url\":\"https:\\\/\\\/maxyhome.si\\\/hr\\\/product\\\/maxy-ruby-36-x-12-m\\\/\",\"name\":\"Maxy Ruby 3,6 x 1,2 m - MaxyHome.si\",\"description\":\"Kompaktna in Funkcionalna Zasnova: Vrtna uta Maxy Ruby je priro\\u010dna re\\u0161itev za shranjevanje in organizacijo stvari. Mo\\u010dna in Trajna Konstrukcija: Izdelana je iz mo\\u010dnega jekla s cinkovim premazom, kar zagotavlja odpornost na vremenske vplive in dolgotrajno uporabo. Enostavna Monta\\u017ea: Uta je zasnovana za hitro sestavo, s predhodno izvrtanimi in razrezanimi deli, kar omogo\\u010da enostavno postavitev. Ve\\u010dnamenska Uporaba: Idealen prostor za shranjevanje zabojnikov za smeti, vrtnega orodja, pribora za bazen ali drv.\",\"inLanguage\":\"hr\",\"isPartOf\":{\"@id\":\"https:\\\/\\\/maxyhome.si\\\/hr\\\/#website\"},\"breadcrumb\":{\"@id\":\"https:\\\/\\\/maxyhome.si\\\/hr\\\/product\\\/maxy-ruby-36-x-12-m\\\/#breadcrumblist\"},\"image\":{\"@type\":\"ImageObject\",\"url\":\"https:\\\/\\\/maxyhome.si\\\/wp-content\\\/uploads\\\/2022\\\/11\\\/Vrtna_Hisa_36mx12m_1.webp\",\"@id\":\"https:\\\/\\\/maxyhome.si\\\/hr\\\/product\\\/maxy-ruby-36-x-12-m\\\/#mainImage\",\"width\":1200,\"height\":1200,\"caption\":\"Vrtna uta Maxy Ruby 3,6 x 1,2 m, odprta, ka\\u017ee shranjene predmete kot so vrtno orodje in kolesa, postavljena na trato ob obrezani \\u017eivi meji.\"},\"primaryImageOfPage\":{\"@id\":\"https:\\\/\\\/maxyhome.si\\\/hr\\\/product\\\/maxy-ruby-36-x-12-m\\\/#mainImage\"},\"datePublished\":\"2022-11-21T08:34:53+00:00\",\"dateModified\":\"2024-05-23T10:25:36+00:00\"},{\"@type\":\"WebSite\",\"@id\":\"https:\\\/\\\/maxyhome.si\\\/hr\\\/#website\",\"url\":\"https:\\\/\\\/maxyhome.si\\\/hr\\\/\",\"name\":\"MaxyHome\",\"description\":\"Vse za Dom in Vrt\",\"inLanguage\":\"hr\",\"publisher\":{\"@id\":\"https:\\\/\\\/maxyhome.si\\\/hr\\\/#organization\"}}]}\n\t\t<\/script>\n\t\t<!-- All in One SEO Pro -->\r\n\t\t<title>Maxy Ruby 3,6 x 1,2 m - MaxyHome.si<\/title>\n\n","aioseo_head_json":{"title":"Maxy Ruby 3,6 x 1,2 m - MaxyHome.si","description":"Kompaktna in Funkcionalna Zasnova: Vrtna uta Maxy Ruby je priro\u010dna re\u0161itev za shranjevanje in organizacijo stvari. Mo\u010dna in Trajna Konstrukcija: Izdelana je iz mo\u010dnega jekla s cinkovim premazom, kar zagotavlja odpornost na vremenske vplive in dolgotrajno uporabo. Enostavna Monta\u017ea: Uta je zasnovana za hitro sestavo, s predhodno izvrtanimi in razrezanimi deli, kar omogo\u010da enostavno postavitev. Ve\u010dnamenska Uporaba: Idealen prostor za shranjevanje zabojnikov za smeti, vrtnega orodja, pribora za bazen ali drv.","canonical_url":"https:\/\/maxyhome.si\/hr\/product\/maxy-ruby-36-x-12-m\/","robots":"max-image-preview:large","keywords":"","webmasterTools":{"google-site-verification":"Z9rvnbo9ip0NBVVGAbu4YfrfQ-Mg13t26DIfsx85Rbc","miscellaneous":""},"schema":{"@context":"https:\/\/schema.org","@graph":[{"@type":"BreadcrumbList","@id":"https:\/\/maxyhome.si\/hr\/product\/maxy-ruby-36-x-12-m\/#breadcrumblist","itemListElement":[{"@type":"ListItem","@id":"https:\/\/maxyhome.si\/hr#listItem","position":1,"name":"Home","item":"https:\/\/maxyhome.si\/hr","nextItem":{"@type":"ListItem","@id":"https:\/\/maxyhome.si\/hr\/trgovina\/#listItem","name":"Trgovina"}},{"@type":"ListItem","@id":"https:\/\/maxyhome.si\/hr\/trgovina\/#listItem","position":2,"name":"Trgovina","item":"https:\/\/maxyhome.si\/hr\/trgovina\/","nextItem":{"@type":"ListItem","@id":"https:\/\/maxyhome.si\/hr\/product-category\/vrtne-lope\/#listItem","name":"Vrtne lope"},"previousItem":{"@type":"ListItem","@id":"https:\/\/maxyhome.si\/hr#listItem","name":"Home"}},{"@type":"ListItem","@id":"https:\/\/maxyhome.si\/hr\/product-category\/vrtne-lope\/#listItem","position":3,"name":"Vrtne lope","item":"https:\/\/maxyhome.si\/hr\/product-category\/vrtne-lope\/","nextItem":{"@type":"ListItem","@id":"https:\/\/maxyhome.si\/hr\/product\/maxy-ruby-36-x-12-m\/#listItem","name":"Maxy Ruby 3,6 x 1,2 m"},"previousItem":{"@type":"ListItem","@id":"https:\/\/maxyhome.si\/hr\/trgovina\/#listItem","name":"Trgovina"}},{"@type":"ListItem","@id":"https:\/\/maxyhome.si\/hr\/product\/maxy-ruby-36-x-12-m\/#listItem","position":4,"name":"Maxy Ruby 3,6 x 1,2 m","previousItem":{"@type":"ListItem","@id":"https:\/\/maxyhome.si\/hr\/product-category\/vrtne-lope\/#listItem","name":"Vrtne lope"}}]},{"@type":"ItemPage","@id":"https:\/\/maxyhome.si\/hr\/product\/maxy-ruby-36-x-12-m\/#itempage","url":"https:\/\/maxyhome.si\/hr\/product\/maxy-ruby-36-x-12-m\/","name":"Maxy Ruby 3,6 x 1,2 m - MaxyHome.si","description":"Kompaktna in Funkcionalna Zasnova: Vrtna uta Maxy Ruby je priro\u010dna re\u0161itev za shranjevanje in organizacijo stvari. Mo\u010dna in Trajna Konstrukcija: Izdelana je iz mo\u010dnega jekla s cinkovim premazom, kar zagotavlja odpornost na vremenske vplive in dolgotrajno uporabo. Enostavna Monta\u017ea: Uta je zasnovana za hitro sestavo, s predhodno izvrtanimi in razrezanimi deli, kar omogo\u010da enostavno postavitev. Ve\u010dnamenska Uporaba: Idealen prostor za shranjevanje zabojnikov za smeti, vrtnega orodja, pribora za bazen ali drv.","inLanguage":"hr","isPartOf":{"@id":"https:\/\/maxyhome.si\/hr\/#website"},"breadcrumb":{"@id":"https:\/\/maxyhome.si\/hr\/product\/maxy-ruby-36-x-12-m\/#breadcrumblist"},"image":{"@type":"ImageObject","url":"https:\/\/maxyhome.si\/wp-content\/uploads\/2022\/11\/Vrtna_Hisa_36mx12m_1.webp","@id":"https:\/\/maxyhome.si\/hr\/product\/maxy-ruby-36-x-12-m\/#mainImage","width":1200,"height":1200,"caption":"Vrtna uta Maxy Ruby 3,6 x 1,2 m, odprta, ka\u017ee shranjene predmete kot so vrtno orodje in kolesa, postavljena na trato ob obrezani \u017eivi meji."},"primaryImageOfPage":{"@id":"https:\/\/maxyhome.si\/hr\/product\/maxy-ruby-36-x-12-m\/#mainImage"},"datePublished":"2022-11-21T08:34:53+00:00","dateModified":"2024-05-23T10:25:36+00:00"},{"@type":"Organization","@id":"https:\/\/maxyhome.si\/hr\/#organization","name":"Lorin6 d.o.o.","description":"Vse za Dom in Vrt","url":"https:\/\/maxyhome.si\/hr\/","email":"info@maxyhome.eu","telephone":"+38641537010","logo":{"@type":"ImageObject","url":"https:\/\/maxyhome.si\/wp-content\/uploads\/2024\/02\/cropped-Maxyhome_si_logotip.png","@id":"https:\/\/maxyhome.si\/hr\/product\/maxy-ruby-36-x-12-m\/#organizationLogo","width":470,"height":77},"image":{"@id":"https:\/\/maxyhome.si\/hr\/product\/maxy-ruby-36-x-12-m\/#organizationLogo"},"sameAs":["https:\/\/www.facebook.com\/MaxyhomeEU","https:\/\/www.instagram.com\/maksidom.si\/"],"address":{"@id":"https:\/\/maxyhome.si\/hr\/#postaladdress","@type":"PostalAddress","streetAddress":"BE\u017dIGRAJSKA CESTA 9, Lorin6 d.o.o.","postalCode":"3000","addressLocality":"Celje","addressCountry":"SI"},"vatID":"SI62505319"},{"@type":"WebPage","@id":"https:\/\/maxyhome.si\/hr\/product\/maxy-ruby-36-x-12-m\/#webpage","url":"https:\/\/maxyhome.si\/hr\/product\/maxy-ruby-36-x-12-m\/","name":"Maxy Ruby 3,6 x 1,2 m - MaxyHome.si","description":"Kompaktna in Funkcionalna Zasnova: Vrtna uta Maxy Ruby je priro\u010dna re\u0161itev za shranjevanje in organizacijo stvari. Mo\u010dna in Trajna Konstrukcija: Izdelana je iz mo\u010dnega jekla s cinkovim premazom, kar zagotavlja odpornost na vremenske vplive in dolgotrajno uporabo. Enostavna Monta\u017ea: Uta je zasnovana za hitro sestavo, s predhodno izvrtanimi in razrezanimi deli, kar omogo\u010da enostavno postavitev. Ve\u010dnamenska Uporaba: Idealen prostor za shranjevanje zabojnikov za smeti, vrtnega orodja, pribora za bazen ali drv.","inLanguage":"hr","isPartOf":{"@id":"https:\/\/maxyhome.si\/hr\/#website"},"breadcrumb":{"@id":"https:\/\/maxyhome.si\/hr\/product\/maxy-ruby-36-x-12-m\/#breadcrumblist"},"image":{"@type":"ImageObject","url":"https:\/\/maxyhome.si\/wp-content\/uploads\/2022\/11\/Vrtna_Hisa_36mx12m_1.webp","@id":"https:\/\/maxyhome.si\/hr\/product\/maxy-ruby-36-x-12-m\/#mainImage","width":1200,"height":1200,"caption":"Vrtna uta Maxy Ruby 3,6 x 1,2 m, odprta, ka\u017ee shranjene predmete kot so vrtno orodje in kolesa, postavljena na trato ob obrezani \u017eivi meji."},"primaryImageOfPage":{"@id":"https:\/\/maxyhome.si\/hr\/product\/maxy-ruby-36-x-12-m\/#mainImage"},"datePublished":"2022-11-21T08:34:53+00:00","dateModified":"2024-05-23T10:25:36+00:00"},{"@type":"WebSite","@id":"https:\/\/maxyhome.si\/hr\/#website","url":"https:\/\/maxyhome.si\/hr\/","name":"MaxyHome","description":"Vse za Dom in Vrt","inLanguage":"hr","publisher":{"@id":"https:\/\/maxyhome.si\/hr\/#organization"}}]},"og:locale":"hr_HR","og:site_name":"MaxyHome.si - Vse za Dom in Vrt","og:type":"article","og:title":"Maxy Ruby 3,6 x 1,2 m - MaxyHome.si","og:description":"Kompaktna in Funkcionalna Zasnova: Vrtna uta Maxy Ruby je priro\u010dna re\u0161itev za shranjevanje in organizacijo stvari. Mo\u010dna in Trajna Konstrukcija: Izdelana je iz mo\u010dnega jekla s cinkovim premazom, kar zagotavlja odpornost na vremenske vplive in dolgotrajno uporabo. Enostavna Monta\u017ea: Uta je zasnovana za hitro sestavo, s predhodno izvrtanimi in razrezanimi deli, kar omogo\u010da enostavno postavitev. Ve\u010dnamenska Uporaba: Idealen prostor za shranjevanje zabojnikov za smeti, vrtnega orodja, pribora za bazen ali drv.","og:url":"https:\/\/maxyhome.si\/hr\/product\/maxy-ruby-36-x-12-m\/","og:image":"https:\/\/maxyhome.si\/wp-content\/uploads\/2024\/02\/Prvovrstni-rastlinjaki_Maksi_DOm_Facebook.webp","og:image:secure_url":"https:\/\/maxyhome.si\/wp-content\/uploads\/2024\/02\/Prvovrstni-rastlinjaki_Maksi_DOm_Facebook.webp","og:image:width":1640,"og:image:height":924,"article:published_time":"2022-11-21T08:34:53+00:00","article:modified_time":"2024-05-23T10:25:36+00:00","article:publisher":"https:\/\/www.facebook.com\/MaxyhomeEU","twitter:card":"summary_large_image","twitter:title":"Maxy Ruby 3,6 x 1,2 m - MaxyHome.si","twitter:description":"Kompaktna in Funkcionalna Zasnova: Vrtna uta Maxy Ruby je priro\u010dna re\u0161itev za shranjevanje in organizacijo stvari. Mo\u010dna in Trajna Konstrukcija: Izdelana je iz mo\u010dnega jekla s cinkovim premazom, kar zagotavlja odpornost na vremenske vplive in dolgotrajno uporabo. Enostavna Monta\u017ea: Uta je zasnovana za hitro sestavo, s predhodno izvrtanimi in razrezanimi deli, kar omogo\u010da enostavno postavitev. Ve\u010dnamenska Uporaba: Idealen prostor za shranjevanje zabojnikov za smeti, vrtnega orodja, pribora za bazen ali drv.","twitter:image":"https:\/\/maxyhome.si\/wp-content\/uploads\/2024\/02\/Prvovrstni-rastlinjaki_Maksi_DOm_Facebook.webp"},"aioseo_meta_data":{"post_id":"7889","title":null,"description":null,"keywords":null,"keyphrases":null,"primary_term":null,"canonical_url":null,"og_title":null,"og_description":null,"og_object_type":"default","og_image_type":"default","og_image_url":null,"og_image_width":null,"og_image_height":null,"og_image_custom_url":null,"og_image_custom_fields":null,"og_video":null,"og_custom_url":null,"og_article_section":null,"og_article_tags":null,"twitter_use_og":false,"twitter_card":"default","twitter_image_type":"default","twitter_image_url":null,"twitter_image_custom_url":null,"twitter_image_custom_fields":null,"twitter_title":null,"twitter_description":null,"schema":{"blockGraphs":[],"customGraphs":[],"default":{"data":{"Article":[],"Course":[],"Dataset":[],"FAQPage":[],"Movie":[],"Person":[],"Product":[],"ProductReview":[],"Car":[],"Recipe":[],"Service":[],"SoftwareApplication":[],"WebPage":[]},"graphName":"","isEnabled":true},"graphs":[]},"schema_type":"default","schema_type_options":null,"pillar_content":false,"robots_default":true,"robots_noindex":false,"robots_noarchive":false,"robots_nosnippet":false,"robots_nofollow":false,"robots_noimageindex":false,"robots_noodp":false,"robots_notranslate":false,"robots_max_snippet":null,"robots_max_videopreview":null,"robots_max_imagepreview":"large","priority":null,"frequency":null,"local_seo":null,"seo_analyzer_scan_date":"2025-10-08 18:46:35","breadcrumb_settings":null,"limit_modified_date":false,"reviewed_by":null,"ai":null,"created":"2024-02-28 07:14:15","updated":"2025-10-08 18:46:35"},"aioseo_breadcrumb":"<div class=\"aioseo-breadcrumbs\"><span class=\"aioseo-breadcrumb\">\n\t<a href=\"https:\/\/maxyhome.si\/hr\" title=\"Home\">Home<\/a>\n<\/span><span class=\"aioseo-breadcrumb-separator\">&raquo;<\/span><span class=\"aioseo-breadcrumb\">\n\t<a href=\"https:\/\/maxyhome.si\/hr\/trgovina\/\" title=\"Trgovina\">Trgovina<\/a>\n<\/span><span class=\"aioseo-breadcrumb-separator\">&raquo;<\/span><span class=\"aioseo-breadcrumb\">\n\t<a href=\"https:\/\/maxyhome.si\/hr\/product-category\/vrtne-lope\/\" title=\"Vrtne lope\">Vrtne lope<\/a>\n<\/span><span class=\"aioseo-breadcrumb-separator\">&raquo;<\/span><span class=\"aioseo-breadcrumb\">\n\tMaxy Ruby 3,6 x 1,2 m\n<\/span><\/div>","aioseo_breadcrumb_json":[{"label":"Home","link":"https:\/\/maxyhome.si\/hr"},{"label":"Trgovina","link":"https:\/\/maxyhome.si\/hr\/trgovina\/"},{"label":"Vrtne lope","link":"https:\/\/maxyhome.si\/hr\/product-category\/vrtne-lope\/"},{"label":"Maxy Ruby 3,6 x 1,2 m","link":"https:\/\/maxyhome.si\/hr\/product\/maxy-ruby-36-x-12-m\/"}],"_links":{"self":[{"href":"https:\/\/maxyhome.si\/hr\/wp-json\/wp\/v2\/product\/7889","targetHints":{"allow":["GET"]}}],"collection":[{"href":"https:\/\/maxyhome.si\/hr\/wp-json\/wp\/v2\/product"}],"about":[{"href":"https:\/\/maxyhome.si\/hr\/wp-json\/wp\/v2\/types\/product"}],"replies":[{"embeddable":true,"href":"https:\/\/maxyhome.si\/hr\/wp-json\/wp\/v2\/comments?post=7889"}],"version-history":[{"count":1,"href":"https:\/\/maxyhome.si\/hr\/wp-json\/wp\/v2\/product\/7889\/revisions"}],"predecessor-version":[{"id":10493,"href":"https:\/\/maxyhome.si\/hr\/wp-json\/wp\/v2\/product\/7889\/revisions\/10493"}],"wp:featuredmedia":[{"embeddable":true,"href":"https:\/\/maxyhome.si\/hr\/wp-json\/wp\/v2\/media\/8398"}],"wp:attachment":[{"href":"https:\/\/maxyhome.si\/hr\/wp-json\/wp\/v2\/media?parent=7889"}],"wp:term":[{"taxonomy":"product_brand","embeddable":true,"href":"https:\/\/maxyhome.si\/hr\/wp-json\/wp\/v2\/product_brand?post=7889"},{"taxonomy":"product_cat","embeddable":true,"href":"https:\/\/maxyhome.si\/hr\/wp-json\/wp\/v2\/product_cat?post=7889"},{"taxonomy":"product_tag","embeddable":true,"href":"https:\/\/maxyhome.si\/hr\/wp-json\/wp\/v2\/product_tag?post=7889"}],"curies":[{"name":"wp","href":"https:\/\/api.w.org\/{rel}","templated":true}]}}