{"id":7937,"date":"2023-07-06T09:45:24","date_gmt":"2023-07-06T09:45:24","guid":{"rendered":"https:\/\/maxyhome.si\/izdelek\/sotor-instant-gonature-p6\/"},"modified":"2024-06-30T07:37:37","modified_gmt":"2024-06-30T07:37:37","slug":"sotor-instant-gonature-p6","status":"publish","type":"product","link":"https:\/\/maxyhome.si\/hr\/product\/sotor-instant-gonature-p6\/","title":{"rendered":"Instant GoNature P6 \u0161ator"},"content":{"rendered":"<p>Otkrijte nevjerojatnu prakti\u010dnost na\u0161eg \u0161atora GoNature P6 Instant, dizajniranog za bezbri\u017ena i nezaboravna iskustva kampiranja. <strong>Ovaj \u0161ator idealan je za kratke obiteljske izlete, festivale ili romanti\u010dne bijegove u prirodu.<\/strong><\/p>\n<p>Njegova glavna prednost je iznimno brz i jednostavan postupak postavljanja. To je \u0161ator <strong>postaviti za 1 minutu<\/strong>, a uz nekoliko dodatnih minuta \u0161ator je tako\u0111er pri\u010dvr\u0161\u0107en za tlo i spreman za kori\u0161tenje. Instant \u0161atori su revolucionarno rje\u0161enje za kampiranje koje vam omogu\u0107uje vi\u0161e vremena za u\u017eivanje u aktivnostima na otvorenom ili opu\u0161tanje u prirodi. Stres i napetost oko priprema za no\u0107 bit \u0107e potpuno nepotrebni uz Instant \u0161ator.<\/p>\n<p>GoNature P6 dovoljno je velik za smje\u0161taj do 6 osoba. Njegov prozra\u010dan materijal omogu\u0107uje dobru ventilaciju, a robusna konstrukcija osigurava stabilnost i za\u0161titu od raznih vremenskih uvjeta.<\/p>\n<p>Uklju\u010deni su i dodaci kao \u0161to su klinovi za pri\u010dvr\u0161\u0107ivanje \u0161atora za tlo, kompaktna torba za pohranu i transport te vodootporna nadstre\u0161nica za dodatnu za\u0161titu od ki\u0161e. Sve to vam omogu\u0107uje lak\u0161e i bezbri\u017enije iskustvo kampiranja.<\/p>\n<p>Otkrijte slobodu prirode uz na\u0161e Instant GoNature \u0161atore - pravi izbor za bezbri\u017eno u\u017eivanje u netaknutoj ljepoti prirode. <strong>Odaberite \u0161ator GoNature Instant i po\u010dnite planirati svoju sljede\u0107u avanturu!<\/strong><\/p>\n<h5 style=\"text-align: center;\">Posebna ponuda - besplatna dostava na ku\u0107nu adresu!<\/h5>\n<p>Tehni\u010dke specifikacije:<\/p>\n<ul>\n<li>Veli\u010dina: Sa \u0161irinom od 270 cm, duljinom od 300 cm i visinom od 180 cm, GoNature P6 dovoljno je prostran za smje\u0161taj do \u0161est osoba.<\/li>\n<li>Materijal: Izra\u0111en od visokokvalitetnog poliestera, ovaj \u0161ator pru\u017ea iznimnu izdr\u017eljivost i dugotrajnu upotrebu. Materijal je vodootporan, prozra\u010dan i otporan na UV zrake, \u0161to poma\u017ee u za\u0161titi od svih vremenskih uvjeta. Vodeni stupac: 2000 mm.<\/li>\n<li>Postavljanje: Zahvaljuju\u0107i tehnologiji trenutnog postavljanja, ovaj se \u0161ator mo\u017ee postaviti za nekoliko minuta, \u0161to vam daje vi\u0161e vremena za u\u017eivanje u prirodi.<\/li>\n<li>Pribor: klinovi za monta\u017eu, torba za no\u0161enje i skladi\u0161tenje te vodootporna navlaka tako\u0111er su uklju\u010deni.<\/li>\n<li>Te\u017eina: S te\u017einom od 9,5 kg, ovaj \u0161ator je lako prenosiv i idealan za razli\u010dite vrste putovanja.<\/li>\n<\/ul>\n<p><strong>GoNature P6 instant \u0161ator spoj je kvalitete, udobnosti i prakti\u010dnosti.<\/strong><\/p>\n<p>Besplatna dostava vrijedi unutar EU. Za dostavu izvan EU kontaktirajte nas. Okvirni rok isporuke: 4-8 dana.<\/p>\n<h5 style=\"text-align: center;\">Naru\u010dite danas i po\u010dnite u\u017eivati u pogodnostima i udobnosti ovog vrhunskog vanjskog \u0161atora za vikend!<\/h5>","protected":false},"excerpt":{"rendered":"<p>GoNature P6 instant \u0161ator spoj je kvalitete, udobnosti i prakti\u010dnosti jer je spreman za kori\u0161tenje u samo nekoliko minuta!<\/p>","protected":false},"featured_media":8108,"comment_status":"open","ping_status":"closed","template":"","meta":{"_monsterinsights_skip_tracking":false,"_monsterinsights_sitenote_active":false,"_monsterinsights_sitenote_note":"","_monsterinsights_sitenote_category":0},"product_brand":[],"product_cat":[77,75],"product_tag":[],"class_list":{"0":"post-7937","1":"product","2":"type-product","3":"status-publish","4":"has-post-thumbnail","6":"product_cat-instant-sotori","7":"product_cat-sotori","9":"first","10":"instock","11":"taxable","12":"shipping-taxable","13":"purchasable","14":"product-type-simple"},"aioseo_notices":[],"aioseo_head":"\n\t\t<!-- All in One SEO Pro 4.9.6.2 - aioseo.com -->\n\t<meta name=\"description\" content=\"Instant \u0161otor GoNature P6 je kombinacija kakovosti, udobja in prakti\u010dnosti, saj je pripravljen na uporabo v le nekaj minutah!\" \/>\n\t<meta name=\"robots\" content=\"max-image-preview:large\" \/>\n\t<meta name=\"google-site-verification\" content=\"Z9rvnbo9ip0NBVVGAbu4YfrfQ-Mg13t26DIfsx85Rbc\" \/>\n\t<link rel=\"canonical\" href=\"https:\/\/maxyhome.si\/hr\/product\/sotor-instant-gonature-p6\/\" \/>\n\t<meta name=\"generator\" content=\"All in One SEO Pro (AIOSEO) 4.9.6.2\" \/>\n\t\t<meta property=\"og:locale\" content=\"hr_HR\" \/>\n\t\t<meta property=\"og:site_name\" content=\"MaxyHome.si - Vse za Dom in Vrt\" \/>\n\t\t<meta property=\"og:type\" content=\"article\" \/>\n\t\t<meta property=\"og:title\" content=\"\u0160otor Instant GoNature P6 - MaxyHome.si\" \/>\n\t\t<meta property=\"og:description\" content=\"Instant \u0161otor GoNature P6 je kombinacija kakovosti, udobja in prakti\u010dnosti, saj je pripravljen na uporabo v le nekaj minutah!\" \/>\n\t\t<meta property=\"og:url\" content=\"https:\/\/maxyhome.si\/hr\/product\/sotor-instant-gonature-p6\/\" \/>\n\t\t<meta property=\"og:image\" content=\"https:\/\/maxyhome.si\/wp-content\/uploads\/2024\/02\/Prvovrstni-rastlinjaki_Maksi_DOm_Facebook.webp\" \/>\n\t\t<meta property=\"og:image:secure_url\" content=\"https:\/\/maxyhome.si\/wp-content\/uploads\/2024\/02\/Prvovrstni-rastlinjaki_Maksi_DOm_Facebook.webp\" \/>\n\t\t<meta property=\"og:image:width\" content=\"1640\" \/>\n\t\t<meta property=\"og:image:height\" content=\"924\" \/>\n\t\t<meta property=\"article:published_time\" content=\"2023-07-06T09:45:24+00:00\" \/>\n\t\t<meta property=\"article:modified_time\" content=\"2024-06-30T07:37:37+00:00\" \/>\n\t\t<meta property=\"article:publisher\" content=\"https:\/\/www.facebook.com\/MaxyhomeEU\" \/>\n\t\t<meta name=\"twitter:card\" content=\"summary_large_image\" \/>\n\t\t<meta name=\"twitter:title\" content=\"\u0160otor Instant GoNature P6 - MaxyHome.si\" \/>\n\t\t<meta name=\"twitter:description\" content=\"Instant \u0161otor GoNature P6 je kombinacija kakovosti, udobja in prakti\u010dnosti, saj je pripravljen na uporabo v le nekaj minutah!\" \/>\n\t\t<meta name=\"twitter:image\" content=\"https:\/\/maxyhome.si\/wp-content\/uploads\/2024\/02\/Prvovrstni-rastlinjaki_Maksi_DOm_Facebook.webp\" \/>\n\t\t<script type=\"application\/ld+json\" class=\"aioseo-schema\">\n\t\t\t{\"@context\":\"https:\\\/\\\/schema.org\",\"@graph\":[{\"@type\":\"BreadcrumbList\",\"@id\":\"https:\\\/\\\/maxyhome.si\\\/hr\\\/product\\\/sotor-instant-gonature-p6\\\/#breadcrumblist\",\"itemListElement\":[{\"@type\":\"ListItem\",\"@id\":\"https:\\\/\\\/maxyhome.si\\\/hr#listItem\",\"position\":1,\"name\":\"Home\",\"item\":\"https:\\\/\\\/maxyhome.si\\\/hr\",\"nextItem\":{\"@type\":\"ListItem\",\"@id\":\"https:\\\/\\\/maxyhome.si\\\/hr\\\/trgovina\\\/#listItem\",\"name\":\"Trgovina\"}},{\"@type\":\"ListItem\",\"@id\":\"https:\\\/\\\/maxyhome.si\\\/hr\\\/trgovina\\\/#listItem\",\"position\":2,\"name\":\"Trgovina\",\"item\":\"https:\\\/\\\/maxyhome.si\\\/hr\\\/trgovina\\\/\",\"nextItem\":{\"@type\":\"ListItem\",\"@id\":\"https:\\\/\\\/maxyhome.si\\\/hr\\\/product-category\\\/sotori\\\/#listItem\",\"name\":\"\\u0160otori za kampiranje\"},\"previousItem\":{\"@type\":\"ListItem\",\"@id\":\"https:\\\/\\\/maxyhome.si\\\/hr#listItem\",\"name\":\"Home\"}},{\"@type\":\"ListItem\",\"@id\":\"https:\\\/\\\/maxyhome.si\\\/hr\\\/product-category\\\/sotori\\\/#listItem\",\"position\":3,\"name\":\"\\u0160otori za kampiranje\",\"item\":\"https:\\\/\\\/maxyhome.si\\\/hr\\\/product-category\\\/sotori\\\/\",\"nextItem\":{\"@type\":\"ListItem\",\"@id\":\"https:\\\/\\\/maxyhome.si\\\/hr\\\/product\\\/sotor-instant-gonature-p6\\\/#listItem\",\"name\":\"\\u0160otor Instant GoNature P6\"},\"previousItem\":{\"@type\":\"ListItem\",\"@id\":\"https:\\\/\\\/maxyhome.si\\\/hr\\\/trgovina\\\/#listItem\",\"name\":\"Trgovina\"}},{\"@type\":\"ListItem\",\"@id\":\"https:\\\/\\\/maxyhome.si\\\/hr\\\/product\\\/sotor-instant-gonature-p6\\\/#listItem\",\"position\":4,\"name\":\"\\u0160otor Instant GoNature P6\",\"previousItem\":{\"@type\":\"ListItem\",\"@id\":\"https:\\\/\\\/maxyhome.si\\\/hr\\\/product-category\\\/sotori\\\/#listItem\",\"name\":\"\\u0160otori za kampiranje\"}}]},{\"@type\":\"ItemPage\",\"@id\":\"https:\\\/\\\/maxyhome.si\\\/hr\\\/product\\\/sotor-instant-gonature-p6\\\/#itempage\",\"url\":\"https:\\\/\\\/maxyhome.si\\\/hr\\\/product\\\/sotor-instant-gonature-p6\\\/\",\"name\":\"\\u0160otor Instant GoNature P6 - MaxyHome.si\",\"description\":\"Instant \\u0161otor GoNature P6 je kombinacija kakovosti, udobja in prakti\\u010dnosti, saj je pripravljen na uporabo v le nekaj minutah!\",\"inLanguage\":\"hr\",\"isPartOf\":{\"@id\":\"https:\\\/\\\/maxyhome.si\\\/hr\\\/#website\"},\"breadcrumb\":{\"@id\":\"https:\\\/\\\/maxyhome.si\\\/hr\\\/product\\\/sotor-instant-gonature-p6\\\/#breadcrumblist\"},\"image\":{\"@type\":\"ImageObject\",\"url\":\"https:\\\/\\\/maxyhome.si\\\/wp-content\\\/uploads\\\/2023\\\/07\\\/Go_Nature_p6_1.webp\",\"@id\":\"https:\\\/\\\/maxyhome.si\\\/hr\\\/product\\\/sotor-instant-gonature-p6\\\/#mainImage\",\"width\":1200,\"height\":1200,\"caption\":\"Barviti \\u0161otor za kampiranje GoNature P6 za 6 oseb z vgrajenim predprostorom, prikazan na beli podlagi, poudarja prostornost in hitro postavitev.\"},\"primaryImageOfPage\":{\"@id\":\"https:\\\/\\\/maxyhome.si\\\/hr\\\/product\\\/sotor-instant-gonature-p6\\\/#mainImage\"},\"datePublished\":\"2023-07-06T09:45:24+00:00\",\"dateModified\":\"2024-06-30T07:37:37+00:00\"},{\"@type\":\"Organization\",\"@id\":\"https:\\\/\\\/maxyhome.si\\\/hr\\\/#organization\",\"name\":\"Lorin6 d.o.o.\",\"description\":\"Vse za Dom in Vrt\",\"url\":\"https:\\\/\\\/maxyhome.si\\\/hr\\\/\",\"email\":\"info@maxyhome.eu\",\"telephone\":\"+38641537010\",\"logo\":{\"@type\":\"ImageObject\",\"url\":\"https:\\\/\\\/maxyhome.si\\\/wp-content\\\/uploads\\\/2024\\\/02\\\/cropped-Maxyhome_si_logotip.png\",\"@id\":\"https:\\\/\\\/maxyhome.si\\\/hr\\\/product\\\/sotor-instant-gonature-p6\\\/#organizationLogo\",\"width\":470,\"height\":77},\"image\":{\"@id\":\"https:\\\/\\\/maxyhome.si\\\/hr\\\/product\\\/sotor-instant-gonature-p6\\\/#organizationLogo\"},\"sameAs\":[\"https:\\\/\\\/www.facebook.com\\\/MaxyhomeEU\",\"https:\\\/\\\/www.instagram.com\\\/maksidom.si\\\/\"],\"address\":{\"@id\":\"https:\\\/\\\/maxyhome.si\\\/hr\\\/#postaladdress\",\"@type\":\"PostalAddress\",\"streetAddress\":\"BE\\u017dIGRAJSKA CESTA 9, Lorin6 d.o.o.\",\"postalCode\":\"3000\",\"addressLocality\":\"Celje\",\"addressCountry\":\"SI\"},\"vatID\":\"SI62505319\"},{\"@type\":\"WebPage\",\"@id\":\"https:\\\/\\\/maxyhome.si\\\/hr\\\/product\\\/sotor-instant-gonature-p6\\\/#webpage\",\"url\":\"https:\\\/\\\/maxyhome.si\\\/hr\\\/product\\\/sotor-instant-gonature-p6\\\/\",\"name\":\"\\u0160otor Instant GoNature P6 - MaxyHome.si\",\"description\":\"Instant \\u0161otor GoNature P6 je kombinacija kakovosti, udobja in prakti\\u010dnosti, saj je pripravljen na uporabo v le nekaj minutah!\",\"inLanguage\":\"hr\",\"isPartOf\":{\"@id\":\"https:\\\/\\\/maxyhome.si\\\/hr\\\/#website\"},\"breadcrumb\":{\"@id\":\"https:\\\/\\\/maxyhome.si\\\/hr\\\/product\\\/sotor-instant-gonature-p6\\\/#breadcrumblist\"},\"image\":{\"@type\":\"ImageObject\",\"url\":\"https:\\\/\\\/maxyhome.si\\\/wp-content\\\/uploads\\\/2023\\\/07\\\/Go_Nature_p6_1.webp\",\"@id\":\"https:\\\/\\\/maxyhome.si\\\/hr\\\/product\\\/sotor-instant-gonature-p6\\\/#mainImage\",\"width\":1200,\"height\":1200,\"caption\":\"Barviti \\u0161otor za kampiranje GoNature P6 za 6 oseb z vgrajenim predprostorom, prikazan na beli podlagi, poudarja prostornost in hitro postavitev.\"},\"primaryImageOfPage\":{\"@id\":\"https:\\\/\\\/maxyhome.si\\\/hr\\\/product\\\/sotor-instant-gonature-p6\\\/#mainImage\"},\"datePublished\":\"2023-07-06T09:45:24+00:00\",\"dateModified\":\"2024-06-30T07:37:37+00:00\"},{\"@type\":\"WebSite\",\"@id\":\"https:\\\/\\\/maxyhome.si\\\/hr\\\/#website\",\"url\":\"https:\\\/\\\/maxyhome.si\\\/hr\\\/\",\"name\":\"MaxyHome\",\"description\":\"Vse za Dom in Vrt\",\"inLanguage\":\"hr\",\"publisher\":{\"@id\":\"https:\\\/\\\/maxyhome.si\\\/hr\\\/#organization\"}}]}\n\t\t<\/script>\n\t\t<!-- All in One SEO Pro -->\r\n\t\t<title>\u0160otor Instant GoNature P6 - MaxyHome.si<\/title>\n\n","aioseo_head_json":{"title":"\u0160otor Instant GoNature P6 - MaxyHome.si","description":"Instant \u0161otor GoNature P6 je kombinacija kakovosti, udobja in prakti\u010dnosti, saj je pripravljen na uporabo v le nekaj minutah!","canonical_url":"https:\/\/maxyhome.si\/hr\/product\/sotor-instant-gonature-p6\/","robots":"max-image-preview:large","keywords":"","webmasterTools":{"google-site-verification":"Z9rvnbo9ip0NBVVGAbu4YfrfQ-Mg13t26DIfsx85Rbc","miscellaneous":""},"schema":{"@context":"https:\/\/schema.org","@graph":[{"@type":"BreadcrumbList","@id":"https:\/\/maxyhome.si\/hr\/product\/sotor-instant-gonature-p6\/#breadcrumblist","itemListElement":[{"@type":"ListItem","@id":"https:\/\/maxyhome.si\/hr#listItem","position":1,"name":"Home","item":"https:\/\/maxyhome.si\/hr","nextItem":{"@type":"ListItem","@id":"https:\/\/maxyhome.si\/hr\/trgovina\/#listItem","name":"Trgovina"}},{"@type":"ListItem","@id":"https:\/\/maxyhome.si\/hr\/trgovina\/#listItem","position":2,"name":"Trgovina","item":"https:\/\/maxyhome.si\/hr\/trgovina\/","nextItem":{"@type":"ListItem","@id":"https:\/\/maxyhome.si\/hr\/product-category\/sotori\/#listItem","name":"\u0160otori za kampiranje"},"previousItem":{"@type":"ListItem","@id":"https:\/\/maxyhome.si\/hr#listItem","name":"Home"}},{"@type":"ListItem","@id":"https:\/\/maxyhome.si\/hr\/product-category\/sotori\/#listItem","position":3,"name":"\u0160otori za kampiranje","item":"https:\/\/maxyhome.si\/hr\/product-category\/sotori\/","nextItem":{"@type":"ListItem","@id":"https:\/\/maxyhome.si\/hr\/product\/sotor-instant-gonature-p6\/#listItem","name":"\u0160otor Instant GoNature P6"},"previousItem":{"@type":"ListItem","@id":"https:\/\/maxyhome.si\/hr\/trgovina\/#listItem","name":"Trgovina"}},{"@type":"ListItem","@id":"https:\/\/maxyhome.si\/hr\/product\/sotor-instant-gonature-p6\/#listItem","position":4,"name":"\u0160otor Instant GoNature P6","previousItem":{"@type":"ListItem","@id":"https:\/\/maxyhome.si\/hr\/product-category\/sotori\/#listItem","name":"\u0160otori za kampiranje"}}]},{"@type":"ItemPage","@id":"https:\/\/maxyhome.si\/hr\/product\/sotor-instant-gonature-p6\/#itempage","url":"https:\/\/maxyhome.si\/hr\/product\/sotor-instant-gonature-p6\/","name":"\u0160otor Instant GoNature P6 - MaxyHome.si","description":"Instant \u0161otor GoNature P6 je kombinacija kakovosti, udobja in prakti\u010dnosti, saj je pripravljen na uporabo v le nekaj minutah!","inLanguage":"hr","isPartOf":{"@id":"https:\/\/maxyhome.si\/hr\/#website"},"breadcrumb":{"@id":"https:\/\/maxyhome.si\/hr\/product\/sotor-instant-gonature-p6\/#breadcrumblist"},"image":{"@type":"ImageObject","url":"https:\/\/maxyhome.si\/wp-content\/uploads\/2023\/07\/Go_Nature_p6_1.webp","@id":"https:\/\/maxyhome.si\/hr\/product\/sotor-instant-gonature-p6\/#mainImage","width":1200,"height":1200,"caption":"Barviti \u0161otor za kampiranje GoNature P6 za 6 oseb z vgrajenim predprostorom, prikazan na beli podlagi, poudarja prostornost in hitro postavitev."},"primaryImageOfPage":{"@id":"https:\/\/maxyhome.si\/hr\/product\/sotor-instant-gonature-p6\/#mainImage"},"datePublished":"2023-07-06T09:45:24+00:00","dateModified":"2024-06-30T07:37:37+00:00"},{"@type":"Organization","@id":"https:\/\/maxyhome.si\/hr\/#organization","name":"Lorin6 d.o.o.","description":"Vse za Dom in Vrt","url":"https:\/\/maxyhome.si\/hr\/","email":"info@maxyhome.eu","telephone":"+38641537010","logo":{"@type":"ImageObject","url":"https:\/\/maxyhome.si\/wp-content\/uploads\/2024\/02\/cropped-Maxyhome_si_logotip.png","@id":"https:\/\/maxyhome.si\/hr\/product\/sotor-instant-gonature-p6\/#organizationLogo","width":470,"height":77},"image":{"@id":"https:\/\/maxyhome.si\/hr\/product\/sotor-instant-gonature-p6\/#organizationLogo"},"sameAs":["https:\/\/www.facebook.com\/MaxyhomeEU","https:\/\/www.instagram.com\/maksidom.si\/"],"address":{"@id":"https:\/\/maxyhome.si\/hr\/#postaladdress","@type":"PostalAddress","streetAddress":"BE\u017dIGRAJSKA CESTA 9, Lorin6 d.o.o.","postalCode":"3000","addressLocality":"Celje","addressCountry":"SI"},"vatID":"SI62505319"},{"@type":"WebPage","@id":"https:\/\/maxyhome.si\/hr\/product\/sotor-instant-gonature-p6\/#webpage","url":"https:\/\/maxyhome.si\/hr\/product\/sotor-instant-gonature-p6\/","name":"\u0160otor Instant GoNature P6 - MaxyHome.si","description":"Instant \u0161otor GoNature P6 je kombinacija kakovosti, udobja in prakti\u010dnosti, saj je pripravljen na uporabo v le nekaj minutah!","inLanguage":"hr","isPartOf":{"@id":"https:\/\/maxyhome.si\/hr\/#website"},"breadcrumb":{"@id":"https:\/\/maxyhome.si\/hr\/product\/sotor-instant-gonature-p6\/#breadcrumblist"},"image":{"@type":"ImageObject","url":"https:\/\/maxyhome.si\/wp-content\/uploads\/2023\/07\/Go_Nature_p6_1.webp","@id":"https:\/\/maxyhome.si\/hr\/product\/sotor-instant-gonature-p6\/#mainImage","width":1200,"height":1200,"caption":"Barviti \u0161otor za kampiranje GoNature P6 za 6 oseb z vgrajenim predprostorom, prikazan na beli podlagi, poudarja prostornost in hitro postavitev."},"primaryImageOfPage":{"@id":"https:\/\/maxyhome.si\/hr\/product\/sotor-instant-gonature-p6\/#mainImage"},"datePublished":"2023-07-06T09:45:24+00:00","dateModified":"2024-06-30T07:37:37+00:00"},{"@type":"WebSite","@id":"https:\/\/maxyhome.si\/hr\/#website","url":"https:\/\/maxyhome.si\/hr\/","name":"MaxyHome","description":"Vse za Dom in Vrt","inLanguage":"hr","publisher":{"@id":"https:\/\/maxyhome.si\/hr\/#organization"}}]},"og:locale":"hr_HR","og:site_name":"MaxyHome.si - Vse za Dom in Vrt","og:type":"article","og:title":"\u0160otor Instant GoNature P6 - MaxyHome.si","og:description":"Instant \u0161otor GoNature P6 je kombinacija kakovosti, udobja in prakti\u010dnosti, saj je pripravljen na uporabo v le nekaj minutah!","og:url":"https:\/\/maxyhome.si\/hr\/product\/sotor-instant-gonature-p6\/","og:image":"https:\/\/maxyhome.si\/wp-content\/uploads\/2024\/02\/Prvovrstni-rastlinjaki_Maksi_DOm_Facebook.webp","og:image:secure_url":"https:\/\/maxyhome.si\/wp-content\/uploads\/2024\/02\/Prvovrstni-rastlinjaki_Maksi_DOm_Facebook.webp","og:image:width":1640,"og:image:height":924,"article:published_time":"2023-07-06T09:45:24+00:00","article:modified_time":"2024-06-30T07:37:37+00:00","article:publisher":"https:\/\/www.facebook.com\/MaxyhomeEU","twitter:card":"summary_large_image","twitter:title":"\u0160otor Instant GoNature P6 - MaxyHome.si","twitter:description":"Instant \u0161otor GoNature P6 je kombinacija kakovosti, udobja in prakti\u010dnosti, saj je pripravljen na uporabo v le nekaj minutah!","twitter:image":"https:\/\/maxyhome.si\/wp-content\/uploads\/2024\/02\/Prvovrstni-rastlinjaki_Maksi_DOm_Facebook.webp"},"aioseo_meta_data":{"post_id":"7937","title":null,"description":null,"keywords":null,"keyphrases":null,"primary_term":null,"canonical_url":null,"og_title":null,"og_description":null,"og_object_type":"default","og_image_type":"default","og_image_url":null,"og_image_width":null,"og_image_height":null,"og_image_custom_url":null,"og_image_custom_fields":null,"og_video":null,"og_custom_url":null,"og_article_section":null,"og_article_tags":null,"twitter_use_og":false,"twitter_card":"default","twitter_image_type":"default","twitter_image_url":null,"twitter_image_custom_url":null,"twitter_image_custom_fields":null,"twitter_title":null,"twitter_description":null,"schema":{"blockGraphs":[],"customGraphs":[],"default":{"data":{"Article":[],"Course":[],"Dataset":[],"FAQPage":[],"Movie":[],"Person":[],"Product":[],"ProductReview":[],"Car":[],"Recipe":[],"Service":[],"SoftwareApplication":[],"WebPage":[]},"graphName":"","isEnabled":true},"graphs":[]},"schema_type":"default","schema_type_options":null,"pillar_content":false,"robots_default":true,"robots_noindex":false,"robots_noarchive":false,"robots_nosnippet":false,"robots_nofollow":false,"robots_noimageindex":false,"robots_noodp":false,"robots_notranslate":false,"robots_max_snippet":null,"robots_max_videopreview":null,"robots_max_imagepreview":"large","priority":null,"frequency":null,"local_seo":null,"seo_analyzer_scan_date":"2025-10-08 18:59:02","breadcrumb_settings":null,"limit_modified_date":false,"reviewed_by":null,"ai":null,"created":"2024-02-28 07:14:15","updated":"2025-10-08 18:59:02"},"aioseo_breadcrumb":"<div class=\"aioseo-breadcrumbs\"><span class=\"aioseo-breadcrumb\">\n\t<a href=\"https:\/\/maxyhome.si\/hr\" title=\"Home\">Home<\/a>\n<\/span><span class=\"aioseo-breadcrumb-separator\">&raquo;<\/span><span class=\"aioseo-breadcrumb\">\n\t<a href=\"https:\/\/maxyhome.si\/hr\/trgovina\/\" title=\"Trgovina\">Trgovina<\/a>\n<\/span><span class=\"aioseo-breadcrumb-separator\">&raquo;<\/span><span class=\"aioseo-breadcrumb\">\n\t<a href=\"https:\/\/maxyhome.si\/hr\/product-category\/sotori\/\" title=\"\u0160otori za kampiranje\">\u0160otori za kampiranje<\/a>\n<\/span><span class=\"aioseo-breadcrumb-separator\">&raquo;<\/span><span class=\"aioseo-breadcrumb\">\n\t\u0160otor Instant GoNature P6\n<\/span><\/div>","aioseo_breadcrumb_json":[{"label":"Home","link":"https:\/\/maxyhome.si\/hr"},{"label":"Trgovina","link":"https:\/\/maxyhome.si\/hr\/trgovina\/"},{"label":"\u0160otori za kampiranje","link":"https:\/\/maxyhome.si\/hr\/product-category\/sotori\/"},{"label":"\u0160otor Instant GoNature P6","link":"https:\/\/maxyhome.si\/hr\/product\/sotor-instant-gonature-p6\/"}],"_links":{"self":[{"href":"https:\/\/maxyhome.si\/hr\/wp-json\/wp\/v2\/product\/7937","targetHints":{"allow":["GET"]}}],"collection":[{"href":"https:\/\/maxyhome.si\/hr\/wp-json\/wp\/v2\/product"}],"about":[{"href":"https:\/\/maxyhome.si\/hr\/wp-json\/wp\/v2\/types\/product"}],"replies":[{"embeddable":true,"href":"https:\/\/maxyhome.si\/hr\/wp-json\/wp\/v2\/comments?post=7937"}],"version-history":[{"count":1,"href":"https:\/\/maxyhome.si\/hr\/wp-json\/wp\/v2\/product\/7937\/revisions"}],"predecessor-version":[{"id":10469,"href":"https:\/\/maxyhome.si\/hr\/wp-json\/wp\/v2\/product\/7937\/revisions\/10469"}],"wp:featuredmedia":[{"embeddable":true,"href":"https:\/\/maxyhome.si\/hr\/wp-json\/wp\/v2\/media\/8108"}],"wp:attachment":[{"href":"https:\/\/maxyhome.si\/hr\/wp-json\/wp\/v2\/media?parent=7937"}],"wp:term":[{"taxonomy":"product_brand","embeddable":true,"href":"https:\/\/maxyhome.si\/hr\/wp-json\/wp\/v2\/product_brand?post=7937"},{"taxonomy":"product_cat","embeddable":true,"href":"https:\/\/maxyhome.si\/hr\/wp-json\/wp\/v2\/product_cat?post=7937"},{"taxonomy":"product_tag","embeddable":true,"href":"https:\/\/maxyhome.si\/hr\/wp-json\/wp\/v2\/product_tag?post=7937"}],"curies":[{"name":"wp","href":"https:\/\/api.w.org\/{rel}","templated":true}]}}