{"id":7941,"date":"2023-07-06T10:25:43","date_gmt":"2023-07-06T10:25:43","guid":{"rendered":"https:\/\/maxyhome.si\/izdelek\/sotor-coleman-darwin-3\/"},"modified":"2024-05-23T10:22:39","modified_gmt":"2024-05-23T10:22:39","slug":"sotor-coleman-darwin-3","status":"publish","type":"product","link":"https:\/\/maxyhome.si\/hr\/product\/sotor-coleman-darwin-3\/","title":{"rendered":"Coleman Darwin \u0161ator 3+"},"content":{"rendered":"<p>Otkrijte udobnost kampiranja s vrhunskim \u0161atorom Coleman Elite Darwin 3+. Dizajniran za potrebe modernog pustolova, ovaj vrlo funkcionalan \u0161ator nudi optimalnu prostranost i privatnost, idealan za festivale, izlete ili vikend bijeg u prirodu.<\/p>\n<p>Prednost ovog \u0161atora je njegov produ\u017eeni dizajn s dodatnom visinom i produ\u017eenim predvorjem koji nudi mnogo prostora za odlaganje blatnjavih \u010dizama i torbi. Postavljanje \u0161atora je iznimno jednostavno, jer su stupovi i priklju\u010dci ozna\u010deni bojama za jednostavno prepoznavanje i sastavljanje.<\/p>\n<p>\u0160ator Coleman Elite Darwin 3+ dizajniran je imaju\u0107i na umu sigurnost i udobnost. Potpuno pro\u0161ivena baza ne dopu\u0161ta ulazak insekata ili vode, osiguravaju\u0107i mirno i ugodno iskustvo kampiranja. PVC prozori poma\u017eu prolaz prirodnog svjetla, \u0161to osigurava svijetlu i toplu atmosferu \u010dak i unutar \u0161atora.<\/p>\n<p>Coleman \u0161atori dizajnirani su za sigurno kori\u0161tenje, \u010dak i kada stvari ne idu po planu: izra\u0111eni su od nezapaljivih materijala koji sprje\u010davaju nekontrolirano izgaranje \u0161atora, daju\u0107i vam dovoljno vremena za bijeg u slu\u010daju po\u017eara .<\/p>\n<p>Najbolja karakteristika ovog \u0161atora je njegova vodootpornost s vodenim stupcem od 3000 mm i zalijepljenim \u0161avovima, \u0161to vas odr\u017eava suhima \u010dak iu najgorim vremenskim uvjetima. Lagane i fleksibilne \u0161ipke od stakloplastike osiguravaju pouzdanu upotrebu \u010dak iu slu\u010daju vjetra i oluja. U slu\u010daju jakog sunca, UVGuard nudi maksimalnu za\u0161titu sa za\u0161titnim faktorom SPF50, zbog \u010dega je \u0161ator Coleman Elite pravi izbor za kori\u0161tenje u svim vremenskim uvjetima.<\/p>\n<h5 style=\"text-align: center;\">Sve ove izvanredne zna\u010dajke \u010dine \u0161ator Coleman Elite Darwin 3+ savr\u0161enim izborom za svakog kampera koji tra\u017ei jednostavno kori\u0161tenje, udobnost i sigurnost.<\/h5>\n<p>Tehni\u010dke specifikacije:<\/p>\n<ul>\n<li>Veli\u010dina: \u0161ator je dimenzija 200 cm x 330 cm x 130 cm (\u0161irina x du\u017eina x visina), \u0161to osigurava prostor za tri osobe.<\/li>\n<li>Materijal: Izra\u0111en od robusnog poliestera s vodenim stupcem od 3000 mm i FPF50 za\u0161titom.<\/li>\n<li>Ventilacija: Ventilacija omogu\u0107uje optimalnu ventilaciju i odr\u017eava ugodnu temperaturu unutar \u0161atora.<\/li>\n<li>D\u017eepovi za pohranu: Prakti\u010dni d\u017eepovi omogu\u0107uju jednostavno organiziranje osobnih stvari.<\/li>\n<li>Mre\u017ea protiv komaraca: Za\u0161titite se od insekata i u\u017eivajte u mirnom snu.<\/li>\n<li>Te\u017eina: S te\u017einom od 4,9 kg, ovaj \u0161ator je prakti\u010dan za no\u0161enje i idealan za razna putovanja.<\/li>\n<li>Raspored: radi lak\u0161eg rasporeda, \u0161ipke i konektori su ozna\u010deni bojama. Pri\u010dvr\u0161\u0107ivanje klinovima.<\/li>\n<\/ul>\n<h5 style=\"text-align: center;\">Ne propustite priliku do\u017eivjeti nezaboravnu avanturu kampiranja uz na\u0161 \u0161ator Coleman Elite Darwin 3+!<\/h5>","protected":false},"excerpt":{"rendered":"<p>Za nezaboravne avanture! Pogodan za 3 osobe.<\/p>","protected":false},"featured_media":8082,"comment_status":"open","ping_status":"closed","template":"","meta":{"_monsterinsights_skip_tracking":false,"_monsterinsights_sitenote_active":false,"_monsterinsights_sitenote_note":"","_monsterinsights_sitenote_category":0},"product_brand":[],"product_cat":[76,75],"product_tag":[],"class_list":{"0":"post-7941","1":"product","2":"type-product","3":"status-publish","4":"has-post-thumbnail","6":"product_cat-coleman-sotori","7":"product_cat-sotori","9":"first","10":"instock","11":"taxable","12":"shipping-taxable","13":"purchasable","14":"product-type-simple"},"aioseo_notices":[],"aioseo_head":"\n\t\t<!-- All in One SEO Pro 4.9.6 - aioseo.com -->\n\t<meta name=\"description\" content=\"Za nepozabne avanture! Primeren za 3 osebe.\" \/>\n\t<meta name=\"robots\" content=\"max-image-preview:large\" \/>\n\t<meta name=\"google-site-verification\" content=\"Z9rvnbo9ip0NBVVGAbu4YfrfQ-Mg13t26DIfsx85Rbc\" \/>\n\t<link rel=\"canonical\" href=\"https:\/\/maxyhome.si\/hr\/product\/sotor-coleman-darwin-3\/\" \/>\n\t<meta name=\"generator\" content=\"All in One SEO Pro (AIOSEO) 4.9.6\" \/>\n\t\t<meta property=\"og:locale\" content=\"hr_HR\" \/>\n\t\t<meta property=\"og:site_name\" content=\"MaxyHome.si - Vse za Dom in Vrt\" \/>\n\t\t<meta property=\"og:type\" content=\"article\" \/>\n\t\t<meta property=\"og:title\" content=\"\u0160otor Coleman Darwin 3+ - MaxyHome.si\" \/>\n\t\t<meta property=\"og:description\" content=\"Za nepozabne avanture! Primeren za 3 osebe.\" \/>\n\t\t<meta property=\"og:url\" content=\"https:\/\/maxyhome.si\/hr\/product\/sotor-coleman-darwin-3\/\" \/>\n\t\t<meta property=\"og:image\" content=\"https:\/\/maxyhome.si\/wp-content\/uploads\/2024\/02\/Prvovrstni-rastlinjaki_Maksi_DOm_Facebook.webp\" \/>\n\t\t<meta property=\"og:image:secure_url\" content=\"https:\/\/maxyhome.si\/wp-content\/uploads\/2024\/02\/Prvovrstni-rastlinjaki_Maksi_DOm_Facebook.webp\" \/>\n\t\t<meta property=\"og:image:width\" content=\"1640\" \/>\n\t\t<meta property=\"og:image:height\" content=\"924\" \/>\n\t\t<meta property=\"article:published_time\" content=\"2023-07-06T10:25:43+00:00\" \/>\n\t\t<meta property=\"article:modified_time\" content=\"2024-05-23T10:22:39+00:00\" \/>\n\t\t<meta property=\"article:publisher\" content=\"https:\/\/www.facebook.com\/MaxyhomeEU\" \/>\n\t\t<meta name=\"twitter:card\" content=\"summary_large_image\" \/>\n\t\t<meta name=\"twitter:title\" content=\"\u0160otor Coleman Darwin 3+ - MaxyHome.si\" \/>\n\t\t<meta name=\"twitter:description\" content=\"Za nepozabne avanture! Primeren za 3 osebe.\" \/>\n\t\t<meta name=\"twitter:image\" content=\"https:\/\/maxyhome.si\/wp-content\/uploads\/2024\/02\/Prvovrstni-rastlinjaki_Maksi_DOm_Facebook.webp\" \/>\n\t\t<script type=\"application\/ld+json\" class=\"aioseo-schema\">\n\t\t\t{\"@context\":\"https:\\\/\\\/schema.org\",\"@graph\":[{\"@type\":\"BreadcrumbList\",\"@id\":\"https:\\\/\\\/maxyhome.si\\\/hr\\\/product\\\/sotor-coleman-darwin-3\\\/#breadcrumblist\",\"itemListElement\":[{\"@type\":\"ListItem\",\"@id\":\"https:\\\/\\\/maxyhome.si\\\/hr#listItem\",\"position\":1,\"name\":\"Home\",\"item\":\"https:\\\/\\\/maxyhome.si\\\/hr\",\"nextItem\":{\"@type\":\"ListItem\",\"@id\":\"https:\\\/\\\/maxyhome.si\\\/hr\\\/trgovina\\\/#listItem\",\"name\":\"Trgovina\"}},{\"@type\":\"ListItem\",\"@id\":\"https:\\\/\\\/maxyhome.si\\\/hr\\\/trgovina\\\/#listItem\",\"position\":2,\"name\":\"Trgovina\",\"item\":\"https:\\\/\\\/maxyhome.si\\\/hr\\\/trgovina\\\/\",\"nextItem\":{\"@type\":\"ListItem\",\"@id\":\"https:\\\/\\\/maxyhome.si\\\/hr\\\/product-category\\\/sotori\\\/#listItem\",\"name\":\"\\u0160otori za kampiranje\"},\"previousItem\":{\"@type\":\"ListItem\",\"@id\":\"https:\\\/\\\/maxyhome.si\\\/hr#listItem\",\"name\":\"Home\"}},{\"@type\":\"ListItem\",\"@id\":\"https:\\\/\\\/maxyhome.si\\\/hr\\\/product-category\\\/sotori\\\/#listItem\",\"position\":3,\"name\":\"\\u0160otori za kampiranje\",\"item\":\"https:\\\/\\\/maxyhome.si\\\/hr\\\/product-category\\\/sotori\\\/\",\"nextItem\":{\"@type\":\"ListItem\",\"@id\":\"https:\\\/\\\/maxyhome.si\\\/hr\\\/product\\\/sotor-coleman-darwin-3\\\/#listItem\",\"name\":\"\\u0160otor Coleman Darwin 3+\"},\"previousItem\":{\"@type\":\"ListItem\",\"@id\":\"https:\\\/\\\/maxyhome.si\\\/hr\\\/trgovina\\\/#listItem\",\"name\":\"Trgovina\"}},{\"@type\":\"ListItem\",\"@id\":\"https:\\\/\\\/maxyhome.si\\\/hr\\\/product\\\/sotor-coleman-darwin-3\\\/#listItem\",\"position\":4,\"name\":\"\\u0160otor Coleman Darwin 3+\",\"previousItem\":{\"@type\":\"ListItem\",\"@id\":\"https:\\\/\\\/maxyhome.si\\\/hr\\\/product-category\\\/sotori\\\/#listItem\",\"name\":\"\\u0160otori za kampiranje\"}}]},{\"@type\":\"ItemPage\",\"@id\":\"https:\\\/\\\/maxyhome.si\\\/hr\\\/product\\\/sotor-coleman-darwin-3\\\/#itempage\",\"url\":\"https:\\\/\\\/maxyhome.si\\\/hr\\\/product\\\/sotor-coleman-darwin-3\\\/\",\"name\":\"\\u0160otor Coleman Darwin 3+ - MaxyHome.si\",\"description\":\"Za nepozabne avanture! Primeren za 3 osebe.\",\"inLanguage\":\"hr\",\"isPartOf\":{\"@id\":\"https:\\\/\\\/maxyhome.si\\\/hr\\\/#website\"},\"breadcrumb\":{\"@id\":\"https:\\\/\\\/maxyhome.si\\\/hr\\\/product\\\/sotor-coleman-darwin-3\\\/#breadcrumblist\"},\"image\":{\"@type\":\"ImageObject\",\"url\":\"https:\\\/\\\/maxyhome.si\\\/wp-content\\\/uploads\\\/2023\\\/07\\\/Coleman_darwin_3_1.webp\",\"@id\":\"https:\\\/\\\/maxyhome.si\\\/hr\\\/product\\\/sotor-coleman-darwin-3\\\/#mainImage\",\"width\":1200,\"height\":1200,\"caption\":\"\\u0160otor Coleman Darwin 3+ v sivi in zeleni barvi z odprtimi vrati, postavljen v mirnem naravnem okolju, idealen za kampiranje.\"},\"primaryImageOfPage\":{\"@id\":\"https:\\\/\\\/maxyhome.si\\\/hr\\\/product\\\/sotor-coleman-darwin-3\\\/#mainImage\"},\"datePublished\":\"2023-07-06T10:25:43+00:00\",\"dateModified\":\"2024-05-23T10:22:39+00:00\"},{\"@type\":\"Organization\",\"@id\":\"https:\\\/\\\/maxyhome.si\\\/hr\\\/#organization\",\"name\":\"Lorin6 d.o.o.\",\"description\":\"Vse za Dom in Vrt\",\"url\":\"https:\\\/\\\/maxyhome.si\\\/hr\\\/\",\"email\":\"info@maxyhome.eu\",\"telephone\":\"+38641537010\",\"logo\":{\"@type\":\"ImageObject\",\"url\":\"https:\\\/\\\/maxyhome.si\\\/wp-content\\\/uploads\\\/2024\\\/02\\\/cropped-Maxyhome_si_logotip.png\",\"@id\":\"https:\\\/\\\/maxyhome.si\\\/hr\\\/product\\\/sotor-coleman-darwin-3\\\/#organizationLogo\",\"width\":470,\"height\":77},\"image\":{\"@id\":\"https:\\\/\\\/maxyhome.si\\\/hr\\\/product\\\/sotor-coleman-darwin-3\\\/#organizationLogo\"},\"sameAs\":[\"https:\\\/\\\/www.facebook.com\\\/MaxyhomeEU\",\"https:\\\/\\\/www.instagram.com\\\/maksidom.si\\\/\"],\"address\":{\"@id\":\"https:\\\/\\\/maxyhome.si\\\/hr\\\/#postaladdress\",\"@type\":\"PostalAddress\",\"streetAddress\":\"BE\\u017dIGRAJSKA CESTA 9, Lorin6 d.o.o.\",\"postalCode\":\"3000\",\"addressLocality\":\"Celje\",\"addressCountry\":\"SI\"},\"vatID\":\"SI62505319\"},{\"@type\":\"WebPage\",\"@id\":\"https:\\\/\\\/maxyhome.si\\\/hr\\\/product\\\/sotor-coleman-darwin-3\\\/#webpage\",\"url\":\"https:\\\/\\\/maxyhome.si\\\/hr\\\/product\\\/sotor-coleman-darwin-3\\\/\",\"name\":\"\\u0160otor Coleman Darwin 3+ - MaxyHome.si\",\"description\":\"Za nepozabne avanture! Primeren za 3 osebe.\",\"inLanguage\":\"hr\",\"isPartOf\":{\"@id\":\"https:\\\/\\\/maxyhome.si\\\/hr\\\/#website\"},\"breadcrumb\":{\"@id\":\"https:\\\/\\\/maxyhome.si\\\/hr\\\/product\\\/sotor-coleman-darwin-3\\\/#breadcrumblist\"},\"image\":{\"@type\":\"ImageObject\",\"url\":\"https:\\\/\\\/maxyhome.si\\\/wp-content\\\/uploads\\\/2023\\\/07\\\/Coleman_darwin_3_1.webp\",\"@id\":\"https:\\\/\\\/maxyhome.si\\\/hr\\\/product\\\/sotor-coleman-darwin-3\\\/#mainImage\",\"width\":1200,\"height\":1200,\"caption\":\"\\u0160otor Coleman Darwin 3+ v sivi in zeleni barvi z odprtimi vrati, postavljen v mirnem naravnem okolju, idealen za kampiranje.\"},\"primaryImageOfPage\":{\"@id\":\"https:\\\/\\\/maxyhome.si\\\/hr\\\/product\\\/sotor-coleman-darwin-3\\\/#mainImage\"},\"datePublished\":\"2023-07-06T10:25:43+00:00\",\"dateModified\":\"2024-05-23T10:22:39+00:00\"},{\"@type\":\"WebSite\",\"@id\":\"https:\\\/\\\/maxyhome.si\\\/hr\\\/#website\",\"url\":\"https:\\\/\\\/maxyhome.si\\\/hr\\\/\",\"name\":\"MaxyHome\",\"description\":\"Vse za Dom in Vrt\",\"inLanguage\":\"hr\",\"publisher\":{\"@id\":\"https:\\\/\\\/maxyhome.si\\\/hr\\\/#organization\"}}]}\n\t\t<\/script>\n\t\t<!-- All in One SEO Pro -->\r\n\t\t<title>\u0160otor Coleman Darwin 3+ - MaxyHome.si<\/title>\n\n","aioseo_head_json":{"title":"\u0160otor Coleman Darwin 3+ - MaxyHome.si","description":"Za nepozabne avanture! Primeren za 3 osebe.","canonical_url":"https:\/\/maxyhome.si\/hr\/product\/sotor-coleman-darwin-3\/","robots":"max-image-preview:large","keywords":"","webmasterTools":{"google-site-verification":"Z9rvnbo9ip0NBVVGAbu4YfrfQ-Mg13t26DIfsx85Rbc","miscellaneous":""},"schema":{"@context":"https:\/\/schema.org","@graph":[{"@type":"BreadcrumbList","@id":"https:\/\/maxyhome.si\/hr\/product\/sotor-coleman-darwin-3\/#breadcrumblist","itemListElement":[{"@type":"ListItem","@id":"https:\/\/maxyhome.si\/hr#listItem","position":1,"name":"Home","item":"https:\/\/maxyhome.si\/hr","nextItem":{"@type":"ListItem","@id":"https:\/\/maxyhome.si\/hr\/trgovina\/#listItem","name":"Trgovina"}},{"@type":"ListItem","@id":"https:\/\/maxyhome.si\/hr\/trgovina\/#listItem","position":2,"name":"Trgovina","item":"https:\/\/maxyhome.si\/hr\/trgovina\/","nextItem":{"@type":"ListItem","@id":"https:\/\/maxyhome.si\/hr\/product-category\/sotori\/#listItem","name":"\u0160otori za kampiranje"},"previousItem":{"@type":"ListItem","@id":"https:\/\/maxyhome.si\/hr#listItem","name":"Home"}},{"@type":"ListItem","@id":"https:\/\/maxyhome.si\/hr\/product-category\/sotori\/#listItem","position":3,"name":"\u0160otori za kampiranje","item":"https:\/\/maxyhome.si\/hr\/product-category\/sotori\/","nextItem":{"@type":"ListItem","@id":"https:\/\/maxyhome.si\/hr\/product\/sotor-coleman-darwin-3\/#listItem","name":"\u0160otor Coleman Darwin 3+"},"previousItem":{"@type":"ListItem","@id":"https:\/\/maxyhome.si\/hr\/trgovina\/#listItem","name":"Trgovina"}},{"@type":"ListItem","@id":"https:\/\/maxyhome.si\/hr\/product\/sotor-coleman-darwin-3\/#listItem","position":4,"name":"\u0160otor Coleman Darwin 3+","previousItem":{"@type":"ListItem","@id":"https:\/\/maxyhome.si\/hr\/product-category\/sotori\/#listItem","name":"\u0160otori za kampiranje"}}]},{"@type":"ItemPage","@id":"https:\/\/maxyhome.si\/hr\/product\/sotor-coleman-darwin-3\/#itempage","url":"https:\/\/maxyhome.si\/hr\/product\/sotor-coleman-darwin-3\/","name":"\u0160otor Coleman Darwin 3+ - MaxyHome.si","description":"Za nepozabne avanture! Primeren za 3 osebe.","inLanguage":"hr","isPartOf":{"@id":"https:\/\/maxyhome.si\/hr\/#website"},"breadcrumb":{"@id":"https:\/\/maxyhome.si\/hr\/product\/sotor-coleman-darwin-3\/#breadcrumblist"},"image":{"@type":"ImageObject","url":"https:\/\/maxyhome.si\/wp-content\/uploads\/2023\/07\/Coleman_darwin_3_1.webp","@id":"https:\/\/maxyhome.si\/hr\/product\/sotor-coleman-darwin-3\/#mainImage","width":1200,"height":1200,"caption":"\u0160otor Coleman Darwin 3+ v sivi in zeleni barvi z odprtimi vrati, postavljen v mirnem naravnem okolju, idealen za kampiranje."},"primaryImageOfPage":{"@id":"https:\/\/maxyhome.si\/hr\/product\/sotor-coleman-darwin-3\/#mainImage"},"datePublished":"2023-07-06T10:25:43+00:00","dateModified":"2024-05-23T10:22:39+00:00"},{"@type":"Organization","@id":"https:\/\/maxyhome.si\/hr\/#organization","name":"Lorin6 d.o.o.","description":"Vse za Dom in Vrt","url":"https:\/\/maxyhome.si\/hr\/","email":"info@maxyhome.eu","telephone":"+38641537010","logo":{"@type":"ImageObject","url":"https:\/\/maxyhome.si\/wp-content\/uploads\/2024\/02\/cropped-Maxyhome_si_logotip.png","@id":"https:\/\/maxyhome.si\/hr\/product\/sotor-coleman-darwin-3\/#organizationLogo","width":470,"height":77},"image":{"@id":"https:\/\/maxyhome.si\/hr\/product\/sotor-coleman-darwin-3\/#organizationLogo"},"sameAs":["https:\/\/www.facebook.com\/MaxyhomeEU","https:\/\/www.instagram.com\/maksidom.si\/"],"address":{"@id":"https:\/\/maxyhome.si\/hr\/#postaladdress","@type":"PostalAddress","streetAddress":"BE\u017dIGRAJSKA CESTA 9, Lorin6 d.o.o.","postalCode":"3000","addressLocality":"Celje","addressCountry":"SI"},"vatID":"SI62505319"},{"@type":"WebPage","@id":"https:\/\/maxyhome.si\/hr\/product\/sotor-coleman-darwin-3\/#webpage","url":"https:\/\/maxyhome.si\/hr\/product\/sotor-coleman-darwin-3\/","name":"\u0160otor Coleman Darwin 3+ - MaxyHome.si","description":"Za nepozabne avanture! Primeren za 3 osebe.","inLanguage":"hr","isPartOf":{"@id":"https:\/\/maxyhome.si\/hr\/#website"},"breadcrumb":{"@id":"https:\/\/maxyhome.si\/hr\/product\/sotor-coleman-darwin-3\/#breadcrumblist"},"image":{"@type":"ImageObject","url":"https:\/\/maxyhome.si\/wp-content\/uploads\/2023\/07\/Coleman_darwin_3_1.webp","@id":"https:\/\/maxyhome.si\/hr\/product\/sotor-coleman-darwin-3\/#mainImage","width":1200,"height":1200,"caption":"\u0160otor Coleman Darwin 3+ v sivi in zeleni barvi z odprtimi vrati, postavljen v mirnem naravnem okolju, idealen za kampiranje."},"primaryImageOfPage":{"@id":"https:\/\/maxyhome.si\/hr\/product\/sotor-coleman-darwin-3\/#mainImage"},"datePublished":"2023-07-06T10:25:43+00:00","dateModified":"2024-05-23T10:22:39+00:00"},{"@type":"WebSite","@id":"https:\/\/maxyhome.si\/hr\/#website","url":"https:\/\/maxyhome.si\/hr\/","name":"MaxyHome","description":"Vse za Dom in Vrt","inLanguage":"hr","publisher":{"@id":"https:\/\/maxyhome.si\/hr\/#organization"}}]},"og:locale":"hr_HR","og:site_name":"MaxyHome.si - Vse za Dom in Vrt","og:type":"article","og:title":"\u0160otor Coleman Darwin 3+ - MaxyHome.si","og:description":"Za nepozabne avanture! Primeren za 3 osebe.","og:url":"https:\/\/maxyhome.si\/hr\/product\/sotor-coleman-darwin-3\/","og:image":"https:\/\/maxyhome.si\/wp-content\/uploads\/2024\/02\/Prvovrstni-rastlinjaki_Maksi_DOm_Facebook.webp","og:image:secure_url":"https:\/\/maxyhome.si\/wp-content\/uploads\/2024\/02\/Prvovrstni-rastlinjaki_Maksi_DOm_Facebook.webp","og:image:width":1640,"og:image:height":924,"article:published_time":"2023-07-06T10:25:43+00:00","article:modified_time":"2024-05-23T10:22:39+00:00","article:publisher":"https:\/\/www.facebook.com\/MaxyhomeEU","twitter:card":"summary_large_image","twitter:title":"\u0160otor Coleman Darwin 3+ - MaxyHome.si","twitter:description":"Za nepozabne avanture! Primeren za 3 osebe.","twitter:image":"https:\/\/maxyhome.si\/wp-content\/uploads\/2024\/02\/Prvovrstni-rastlinjaki_Maksi_DOm_Facebook.webp"},"aioseo_meta_data":{"post_id":"7941","title":null,"description":null,"keywords":null,"keyphrases":null,"primary_term":null,"canonical_url":null,"og_title":null,"og_description":null,"og_object_type":"default","og_image_type":"default","og_image_url":null,"og_image_width":null,"og_image_height":null,"og_image_custom_url":null,"og_image_custom_fields":null,"og_video":null,"og_custom_url":null,"og_article_section":null,"og_article_tags":null,"twitter_use_og":false,"twitter_card":"default","twitter_image_type":"default","twitter_image_url":null,"twitter_image_custom_url":null,"twitter_image_custom_fields":null,"twitter_title":null,"twitter_description":null,"schema":{"blockGraphs":[],"customGraphs":[],"default":{"data":{"Article":[],"Course":[],"Dataset":[],"FAQPage":[],"Movie":[],"Person":[],"Product":[],"ProductReview":[],"Car":[],"Recipe":[],"Service":[],"SoftwareApplication":[],"WebPage":[]},"graphName":"","isEnabled":true},"graphs":[]},"schema_type":"default","schema_type_options":null,"pillar_content":false,"robots_default":true,"robots_noindex":false,"robots_noarchive":false,"robots_nosnippet":false,"robots_nofollow":false,"robots_noimageindex":false,"robots_noodp":false,"robots_notranslate":false,"robots_max_snippet":null,"robots_max_videopreview":null,"robots_max_imagepreview":"large","priority":null,"frequency":null,"local_seo":null,"seo_analyzer_scan_date":"2025-10-08 19:00:22","breadcrumb_settings":null,"limit_modified_date":false,"reviewed_by":null,"ai":null,"created":"2024-02-28 07:14:15","updated":"2025-10-08 19:00:22"},"aioseo_breadcrumb":"<div class=\"aioseo-breadcrumbs\"><span class=\"aioseo-breadcrumb\">\n\t<a href=\"https:\/\/maxyhome.si\/hr\" title=\"Home\">Home<\/a>\n<\/span><span class=\"aioseo-breadcrumb-separator\">&raquo;<\/span><span class=\"aioseo-breadcrumb\">\n\t<a href=\"https:\/\/maxyhome.si\/hr\/trgovina\/\" title=\"Trgovina\">Trgovina<\/a>\n<\/span><span class=\"aioseo-breadcrumb-separator\">&raquo;<\/span><span class=\"aioseo-breadcrumb\">\n\t<a href=\"https:\/\/maxyhome.si\/hr\/product-category\/sotori\/\" title=\"\u0160otori za kampiranje\">\u0160otori za kampiranje<\/a>\n<\/span><span class=\"aioseo-breadcrumb-separator\">&raquo;<\/span><span class=\"aioseo-breadcrumb\">\n\t\u0160otor Coleman Darwin 3+\n<\/span><\/div>","aioseo_breadcrumb_json":[{"label":"Home","link":"https:\/\/maxyhome.si\/hr"},{"label":"Trgovina","link":"https:\/\/maxyhome.si\/hr\/trgovina\/"},{"label":"\u0160otori za kampiranje","link":"https:\/\/maxyhome.si\/hr\/product-category\/sotori\/"},{"label":"\u0160otor Coleman Darwin 3+","link":"https:\/\/maxyhome.si\/hr\/product\/sotor-coleman-darwin-3\/"}],"_links":{"self":[{"href":"https:\/\/maxyhome.si\/hr\/wp-json\/wp\/v2\/product\/7941","targetHints":{"allow":["GET"]}}],"collection":[{"href":"https:\/\/maxyhome.si\/hr\/wp-json\/wp\/v2\/product"}],"about":[{"href":"https:\/\/maxyhome.si\/hr\/wp-json\/wp\/v2\/types\/product"}],"replies":[{"embeddable":true,"href":"https:\/\/maxyhome.si\/hr\/wp-json\/wp\/v2\/comments?post=7941"}],"version-history":[{"count":1,"href":"https:\/\/maxyhome.si\/hr\/wp-json\/wp\/v2\/product\/7941\/revisions"}],"predecessor-version":[{"id":10465,"href":"https:\/\/maxyhome.si\/hr\/wp-json\/wp\/v2\/product\/7941\/revisions\/10465"}],"wp:featuredmedia":[{"embeddable":true,"href":"https:\/\/maxyhome.si\/hr\/wp-json\/wp\/v2\/media\/8082"}],"wp:attachment":[{"href":"https:\/\/maxyhome.si\/hr\/wp-json\/wp\/v2\/media?parent=7941"}],"wp:term":[{"taxonomy":"product_brand","embeddable":true,"href":"https:\/\/maxyhome.si\/hr\/wp-json\/wp\/v2\/product_brand?post=7941"},{"taxonomy":"product_cat","embeddable":true,"href":"https:\/\/maxyhome.si\/hr\/wp-json\/wp\/v2\/product_cat?post=7941"},{"taxonomy":"product_tag","embeddable":true,"href":"https:\/\/maxyhome.si\/hr\/wp-json\/wp\/v2\/product_tag?post=7941"}],"curies":[{"name":"wp","href":"https:\/\/api.w.org\/{rel}","templated":true}]}}