{"id":7943,"date":"2023-07-07T08:41:59","date_gmt":"2023-07-07T08:41:59","guid":{"rendered":"https:\/\/maxyhome.si\/izdelek\/sotor-coleman-crestline-3\/"},"modified":"2024-05-23T10:22:35","modified_gmt":"2024-05-23T10:22:35","slug":"sotor-coleman-crestline-3","status":"publish","type":"product","link":"https:\/\/maxyhome.si\/hr\/product\/sotor-coleman-crestline-3\/","title":{"rendered":"Coleman Crestline 3 \u0161ator"},"content":{"rendered":"<p>Coleman Crestline 3 je \u0161ator za 3 osobe koji je idealan za planinarenje i kampiranje. Sa sustavom WeatherTec + pru\u017ea za\u0161titu od raznih vremenskih utjecaja koji vas mogu iznenaditi tijekom avantura u prirodi.<\/p>\n<p>\u0160ator Coleman Crestline 3 izvrstan je izbor za one koji trebaju izdr\u017eljiv i pouzdan zaklon. Za kampiranje, festivale ili obiteljska putovanja, \u0161ator Crestline 3 pru\u017eit \u0107e vam svu potrebnu za\u0161titu od vremenskih prilika. Izra\u0111ena je od izdr\u017eljive poliesterske tkanine koja je tretirana UV za\u0161titom kako bi se nosila sa sun\u010danim uvjetima. Zbog stabilne konstrukcije i jakih u\u017eadi za pri\u010dvr\u0161\u0107ivanje, mo\u017eete biti sigurni da \u0107ete imati pouzdanu za\u0161titu \u010dak i od vjetra i ki\u0161e.<\/p>\n<p>\u0160ator nudi dovoljno prostora za do 3 osobe i predvorje za pohranu va\u0161ih cipela - savr\u0161eno za malu grupu ili obiteljski izlet. \u0160ator se jednostavno i brzo postavlja, a otvori na stijenkama \u0161atora poma\u017eu u odr\u017eavanju ugodne temperature u unutra\u0161njosti i poti\u010du cirkulaciju zraka.<\/p>\n<p>Kada ste spremni napustiti svoj kamp, ovaj \u0161ator se sklapa u kompaktnu platnenu torbu, tako da lijepo stane u ruksak ili prtlja\u017enik automobila, a da ne zauzima previ\u0161e prostora.<\/p>\n<p>Ako tra\u017eite pouzdano skloni\u0161te za svoju sljede\u0107u avanturu na otvorenom, ne tra\u017eite dalje od \u0161atora Coleman Crestline 3!<\/p>\n<h5 style=\"text-align: center;\">Ovaj kvalitetno izgra\u0111eni \u0161ator nudi udobnost, prakti\u010dnost i performanse po nenadma\u0161noj cijeni - \u0161to vi\u0161e mo\u017eete po\u017eeljeti?<\/h5>\n<p>Tehni\u010dke specifikacije:<\/p>\n<ul>\n<li>Veli\u010dina: 215 cm x 305 cm x 125 cm (\u0161irina x du\u017eina x visina)<\/li>\n<li>Materijal: poliester s vodenim stupcem od 3000 mm i UV za\u0161titom.<\/li>\n<li>Ventilacija: optimalna ventilacija s otvorom.<\/li>\n<li>D\u017eepovi za pohranu: prakti\u010dni d\u017eepovi omogu\u0107uju jednostavno organiziranje osobnih stvari.<\/li>\n<li>Za\u0161titna mre\u017ea: za\u0161titite se od insekata i u\u017eivajte u mirnom snu.<\/li>\n<li>Te\u017eina: S te\u017einom od 4 kg, ovaj \u0161ator je prakti\u010dan za no\u0161enje i idealan za razna putovanja.<\/li>\n<li>Postavljanje: Brzo i jednostavno postavljanje. Pri\u010dvr\u0161\u0107ivanje klinovima.<\/li>\n<\/ul>\n<div class=\"product-tabs-wrapper\">\n<div class=\"container\">\n<div class=\"row\">\n<div class=\"col-12 poduct-tabs-inner\">\n<div class=\"woocommerce-tabs wc-tabs-wrapper tabs-layout-tabs\" data-state=\"first\" data-layout=\"tabs\">\n<div class=\"wd-accordion-item\">\n<div id=\"tab-description\" class=\"entry-content woocommerce-Tabs-panel woocommerce-Tabs-panel--description wd-active panel wc-tab\" role=\"tabpanel\" aria-labelledby=\"tab-title-description\" data-accordion-index=\"description\">\n<h5 class=\"wc-tab-inner\" style=\"text-align: center;\">Ne propustite priliku do\u017eivjeti nezaboravnu avanturu kampiranja uz Coleman Crestline 3 \u0161ator i besplatnu dostavu!<\/h5>\n<p>Okvirni rok isporuke: 4-8 dana. Besplatna dostava vrijedi unutar EU. Za dostavu izvan EU kontaktirajte nas.<\/p>\n<\/div>\n<\/div>\n<\/div>\n<\/div>\n<\/div>\n<\/div>\n<\/div>","protected":false},"excerpt":{"rendered":"<p>Nadstre\u0161nica za kampiranje po povoljnoj cijeni. Pogodan za 3 osobe.<\/p>","protected":false},"featured_media":8070,"comment_status":"open","ping_status":"closed","template":"","meta":{"_monsterinsights_skip_tracking":false,"_monsterinsights_sitenote_active":false,"_monsterinsights_sitenote_note":"","_monsterinsights_sitenote_category":0},"product_brand":[],"product_cat":[76,75],"product_tag":[],"class_list":{"0":"post-7943","1":"product","2":"type-product","3":"status-publish","4":"has-post-thumbnail","6":"product_cat-coleman-sotori","7":"product_cat-sotori","9":"first","10":"instock","11":"taxable","12":"shipping-taxable","13":"purchasable","14":"product-type-simple"},"aioseo_notices":[],"aioseo_head":"\n\t\t<!-- All in One SEO Pro 4.9.6.2 - aioseo.com -->\n\t<meta name=\"description\" content=\"Kamping zavetje po ugodni ceni. Primeren za 3 osebe.\" \/>\n\t<meta name=\"robots\" content=\"max-image-preview:large\" \/>\n\t<meta name=\"google-site-verification\" content=\"Z9rvnbo9ip0NBVVGAbu4YfrfQ-Mg13t26DIfsx85Rbc\" \/>\n\t<link rel=\"canonical\" href=\"https:\/\/maxyhome.si\/hr\/product\/sotor-coleman-crestline-3\/\" \/>\n\t<meta name=\"generator\" content=\"All in One SEO Pro (AIOSEO) 4.9.6.2\" \/>\n\t\t<meta property=\"og:locale\" content=\"hr_HR\" \/>\n\t\t<meta property=\"og:site_name\" content=\"MaxyHome.si - Vse za Dom in Vrt\" \/>\n\t\t<meta property=\"og:type\" content=\"article\" \/>\n\t\t<meta property=\"og:title\" content=\"\u0160otor Coleman Crestline 3 - MaxyHome.si\" \/>\n\t\t<meta property=\"og:description\" content=\"Kamping zavetje po ugodni ceni. Primeren za 3 osebe.\" \/>\n\t\t<meta property=\"og:url\" content=\"https:\/\/maxyhome.si\/hr\/product\/sotor-coleman-crestline-3\/\" \/>\n\t\t<meta property=\"og:image\" content=\"https:\/\/maxyhome.si\/wp-content\/uploads\/2024\/02\/Prvovrstni-rastlinjaki_Maksi_DOm_Facebook.webp\" \/>\n\t\t<meta property=\"og:image:secure_url\" content=\"https:\/\/maxyhome.si\/wp-content\/uploads\/2024\/02\/Prvovrstni-rastlinjaki_Maksi_DOm_Facebook.webp\" \/>\n\t\t<meta property=\"og:image:width\" content=\"1640\" \/>\n\t\t<meta property=\"og:image:height\" content=\"924\" \/>\n\t\t<meta property=\"article:published_time\" content=\"2023-07-07T08:41:59+00:00\" \/>\n\t\t<meta property=\"article:modified_time\" content=\"2024-05-23T10:22:35+00:00\" \/>\n\t\t<meta property=\"article:publisher\" content=\"https:\/\/www.facebook.com\/MaxyhomeEU\" \/>\n\t\t<meta name=\"twitter:card\" content=\"summary_large_image\" \/>\n\t\t<meta name=\"twitter:title\" content=\"\u0160otor Coleman Crestline 3 - MaxyHome.si\" \/>\n\t\t<meta name=\"twitter:description\" content=\"Kamping zavetje po ugodni ceni. Primeren za 3 osebe.\" \/>\n\t\t<meta name=\"twitter:image\" content=\"https:\/\/maxyhome.si\/wp-content\/uploads\/2024\/02\/Prvovrstni-rastlinjaki_Maksi_DOm_Facebook.webp\" \/>\n\t\t<script type=\"application\/ld+json\" class=\"aioseo-schema\">\n\t\t\t{\"@context\":\"https:\\\/\\\/schema.org\",\"@graph\":[{\"@type\":\"BreadcrumbList\",\"@id\":\"https:\\\/\\\/maxyhome.si\\\/hr\\\/product\\\/sotor-coleman-crestline-3\\\/#breadcrumblist\",\"itemListElement\":[{\"@type\":\"ListItem\",\"@id\":\"https:\\\/\\\/maxyhome.si\\\/hr#listItem\",\"position\":1,\"name\":\"Home\",\"item\":\"https:\\\/\\\/maxyhome.si\\\/hr\",\"nextItem\":{\"@type\":\"ListItem\",\"@id\":\"https:\\\/\\\/maxyhome.si\\\/hr\\\/trgovina\\\/#listItem\",\"name\":\"Trgovina\"}},{\"@type\":\"ListItem\",\"@id\":\"https:\\\/\\\/maxyhome.si\\\/hr\\\/trgovina\\\/#listItem\",\"position\":2,\"name\":\"Trgovina\",\"item\":\"https:\\\/\\\/maxyhome.si\\\/hr\\\/trgovina\\\/\",\"nextItem\":{\"@type\":\"ListItem\",\"@id\":\"https:\\\/\\\/maxyhome.si\\\/hr\\\/product-category\\\/sotori\\\/#listItem\",\"name\":\"\\u0160otori za kampiranje\"},\"previousItem\":{\"@type\":\"ListItem\",\"@id\":\"https:\\\/\\\/maxyhome.si\\\/hr#listItem\",\"name\":\"Home\"}},{\"@type\":\"ListItem\",\"@id\":\"https:\\\/\\\/maxyhome.si\\\/hr\\\/product-category\\\/sotori\\\/#listItem\",\"position\":3,\"name\":\"\\u0160otori za kampiranje\",\"item\":\"https:\\\/\\\/maxyhome.si\\\/hr\\\/product-category\\\/sotori\\\/\",\"nextItem\":{\"@type\":\"ListItem\",\"@id\":\"https:\\\/\\\/maxyhome.si\\\/hr\\\/product\\\/sotor-coleman-crestline-3\\\/#listItem\",\"name\":\"\\u0160otor Coleman Crestline 3\"},\"previousItem\":{\"@type\":\"ListItem\",\"@id\":\"https:\\\/\\\/maxyhome.si\\\/hr\\\/trgovina\\\/#listItem\",\"name\":\"Trgovina\"}},{\"@type\":\"ListItem\",\"@id\":\"https:\\\/\\\/maxyhome.si\\\/hr\\\/product\\\/sotor-coleman-crestline-3\\\/#listItem\",\"position\":4,\"name\":\"\\u0160otor Coleman Crestline 3\",\"previousItem\":{\"@type\":\"ListItem\",\"@id\":\"https:\\\/\\\/maxyhome.si\\\/hr\\\/product-category\\\/sotori\\\/#listItem\",\"name\":\"\\u0160otori za kampiranje\"}}]},{\"@type\":\"ItemPage\",\"@id\":\"https:\\\/\\\/maxyhome.si\\\/hr\\\/product\\\/sotor-coleman-crestline-3\\\/#itempage\",\"url\":\"https:\\\/\\\/maxyhome.si\\\/hr\\\/product\\\/sotor-coleman-crestline-3\\\/\",\"name\":\"\\u0160otor Coleman Crestline 3 - MaxyHome.si\",\"description\":\"Kamping zavetje po ugodni ceni. Primeren za 3 osebe.\",\"inLanguage\":\"hr\",\"isPartOf\":{\"@id\":\"https:\\\/\\\/maxyhome.si\\\/hr\\\/#website\"},\"breadcrumb\":{\"@id\":\"https:\\\/\\\/maxyhome.si\\\/hr\\\/product\\\/sotor-coleman-crestline-3\\\/#breadcrumblist\"},\"image\":{\"@type\":\"ImageObject\",\"url\":\"https:\\\/\\\/maxyhome.si\\\/wp-content\\\/uploads\\\/2023\\\/07\\\/Coleman_Crestline_3_2.webp\",\"@id\":\"https:\\\/\\\/maxyhome.si\\\/hr\\\/product\\\/sotor-coleman-crestline-3\\\/#mainImage\",\"width\":1200,\"height\":1200,\"caption\":\"Postavljeni \\u0161otor za kampiranje Coleman Crestline 3 v olivno zeleni barvi s sivim nadstre\\u0161kom, postavljen na nevtralno ozadje za poudarjanje njegove kompaktne zasnove in prostorne notranjosti, idealno za zunanje avanture.\"},\"primaryImageOfPage\":{\"@id\":\"https:\\\/\\\/maxyhome.si\\\/hr\\\/product\\\/sotor-coleman-crestline-3\\\/#mainImage\"},\"datePublished\":\"2023-07-07T08:41:59+00:00\",\"dateModified\":\"2024-05-23T10:22:35+00:00\"},{\"@type\":\"Organization\",\"@id\":\"https:\\\/\\\/maxyhome.si\\\/hr\\\/#organization\",\"name\":\"Lorin6 d.o.o.\",\"description\":\"Vse za Dom in Vrt\",\"url\":\"https:\\\/\\\/maxyhome.si\\\/hr\\\/\",\"email\":\"info@maxyhome.eu\",\"telephone\":\"+38641537010\",\"logo\":{\"@type\":\"ImageObject\",\"url\":\"https:\\\/\\\/maxyhome.si\\\/wp-content\\\/uploads\\\/2024\\\/02\\\/cropped-Maxyhome_si_logotip.png\",\"@id\":\"https:\\\/\\\/maxyhome.si\\\/hr\\\/product\\\/sotor-coleman-crestline-3\\\/#organizationLogo\",\"width\":470,\"height\":77},\"image\":{\"@id\":\"https:\\\/\\\/maxyhome.si\\\/hr\\\/product\\\/sotor-coleman-crestline-3\\\/#organizationLogo\"},\"sameAs\":[\"https:\\\/\\\/www.facebook.com\\\/MaxyhomeEU\",\"https:\\\/\\\/www.instagram.com\\\/maksidom.si\\\/\"],\"address\":{\"@id\":\"https:\\\/\\\/maxyhome.si\\\/hr\\\/#postaladdress\",\"@type\":\"PostalAddress\",\"streetAddress\":\"BE\\u017dIGRAJSKA CESTA 9, Lorin6 d.o.o.\",\"postalCode\":\"3000\",\"addressLocality\":\"Celje\",\"addressCountry\":\"SI\"},\"vatID\":\"SI62505319\"},{\"@type\":\"WebPage\",\"@id\":\"https:\\\/\\\/maxyhome.si\\\/hr\\\/product\\\/sotor-coleman-crestline-3\\\/#webpage\",\"url\":\"https:\\\/\\\/maxyhome.si\\\/hr\\\/product\\\/sotor-coleman-crestline-3\\\/\",\"name\":\"\\u0160otor Coleman Crestline 3 - MaxyHome.si\",\"description\":\"Kamping zavetje po ugodni ceni. Primeren za 3 osebe.\",\"inLanguage\":\"hr\",\"isPartOf\":{\"@id\":\"https:\\\/\\\/maxyhome.si\\\/hr\\\/#website\"},\"breadcrumb\":{\"@id\":\"https:\\\/\\\/maxyhome.si\\\/hr\\\/product\\\/sotor-coleman-crestline-3\\\/#breadcrumblist\"},\"image\":{\"@type\":\"ImageObject\",\"url\":\"https:\\\/\\\/maxyhome.si\\\/wp-content\\\/uploads\\\/2023\\\/07\\\/Coleman_Crestline_3_2.webp\",\"@id\":\"https:\\\/\\\/maxyhome.si\\\/hr\\\/product\\\/sotor-coleman-crestline-3\\\/#mainImage\",\"width\":1200,\"height\":1200,\"caption\":\"Postavljeni \\u0161otor za kampiranje Coleman Crestline 3 v olivno zeleni barvi s sivim nadstre\\u0161kom, postavljen na nevtralno ozadje za poudarjanje njegove kompaktne zasnove in prostorne notranjosti, idealno za zunanje avanture.\"},\"primaryImageOfPage\":{\"@id\":\"https:\\\/\\\/maxyhome.si\\\/hr\\\/product\\\/sotor-coleman-crestline-3\\\/#mainImage\"},\"datePublished\":\"2023-07-07T08:41:59+00:00\",\"dateModified\":\"2024-05-23T10:22:35+00:00\"},{\"@type\":\"WebSite\",\"@id\":\"https:\\\/\\\/maxyhome.si\\\/hr\\\/#website\",\"url\":\"https:\\\/\\\/maxyhome.si\\\/hr\\\/\",\"name\":\"MaxyHome\",\"description\":\"Vse za Dom in Vrt\",\"inLanguage\":\"hr\",\"publisher\":{\"@id\":\"https:\\\/\\\/maxyhome.si\\\/hr\\\/#organization\"}}]}\n\t\t<\/script>\n\t\t<!-- All in One SEO Pro -->\r\n\t\t<title>\u0160otor Coleman Crestline 3 - MaxyHome.si<\/title>\n\n","aioseo_head_json":{"title":"\u0160otor Coleman Crestline 3 - MaxyHome.si","description":"Kamping zavetje po ugodni ceni. Primeren za 3 osebe.","canonical_url":"https:\/\/maxyhome.si\/hr\/product\/sotor-coleman-crestline-3\/","robots":"max-image-preview:large","keywords":"","webmasterTools":{"google-site-verification":"Z9rvnbo9ip0NBVVGAbu4YfrfQ-Mg13t26DIfsx85Rbc","miscellaneous":""},"schema":{"@context":"https:\/\/schema.org","@graph":[{"@type":"BreadcrumbList","@id":"https:\/\/maxyhome.si\/hr\/product\/sotor-coleman-crestline-3\/#breadcrumblist","itemListElement":[{"@type":"ListItem","@id":"https:\/\/maxyhome.si\/hr#listItem","position":1,"name":"Home","item":"https:\/\/maxyhome.si\/hr","nextItem":{"@type":"ListItem","@id":"https:\/\/maxyhome.si\/hr\/trgovina\/#listItem","name":"Trgovina"}},{"@type":"ListItem","@id":"https:\/\/maxyhome.si\/hr\/trgovina\/#listItem","position":2,"name":"Trgovina","item":"https:\/\/maxyhome.si\/hr\/trgovina\/","nextItem":{"@type":"ListItem","@id":"https:\/\/maxyhome.si\/hr\/product-category\/sotori\/#listItem","name":"\u0160otori za kampiranje"},"previousItem":{"@type":"ListItem","@id":"https:\/\/maxyhome.si\/hr#listItem","name":"Home"}},{"@type":"ListItem","@id":"https:\/\/maxyhome.si\/hr\/product-category\/sotori\/#listItem","position":3,"name":"\u0160otori za kampiranje","item":"https:\/\/maxyhome.si\/hr\/product-category\/sotori\/","nextItem":{"@type":"ListItem","@id":"https:\/\/maxyhome.si\/hr\/product\/sotor-coleman-crestline-3\/#listItem","name":"\u0160otor Coleman Crestline 3"},"previousItem":{"@type":"ListItem","@id":"https:\/\/maxyhome.si\/hr\/trgovina\/#listItem","name":"Trgovina"}},{"@type":"ListItem","@id":"https:\/\/maxyhome.si\/hr\/product\/sotor-coleman-crestline-3\/#listItem","position":4,"name":"\u0160otor Coleman Crestline 3","previousItem":{"@type":"ListItem","@id":"https:\/\/maxyhome.si\/hr\/product-category\/sotori\/#listItem","name":"\u0160otori za kampiranje"}}]},{"@type":"ItemPage","@id":"https:\/\/maxyhome.si\/hr\/product\/sotor-coleman-crestline-3\/#itempage","url":"https:\/\/maxyhome.si\/hr\/product\/sotor-coleman-crestline-3\/","name":"\u0160otor Coleman Crestline 3 - MaxyHome.si","description":"Kamping zavetje po ugodni ceni. Primeren za 3 osebe.","inLanguage":"hr","isPartOf":{"@id":"https:\/\/maxyhome.si\/hr\/#website"},"breadcrumb":{"@id":"https:\/\/maxyhome.si\/hr\/product\/sotor-coleman-crestline-3\/#breadcrumblist"},"image":{"@type":"ImageObject","url":"https:\/\/maxyhome.si\/wp-content\/uploads\/2023\/07\/Coleman_Crestline_3_2.webp","@id":"https:\/\/maxyhome.si\/hr\/product\/sotor-coleman-crestline-3\/#mainImage","width":1200,"height":1200,"caption":"Postavljeni \u0161otor za kampiranje Coleman Crestline 3 v olivno zeleni barvi s sivim nadstre\u0161kom, postavljen na nevtralno ozadje za poudarjanje njegove kompaktne zasnove in prostorne notranjosti, idealno za zunanje avanture."},"primaryImageOfPage":{"@id":"https:\/\/maxyhome.si\/hr\/product\/sotor-coleman-crestline-3\/#mainImage"},"datePublished":"2023-07-07T08:41:59+00:00","dateModified":"2024-05-23T10:22:35+00:00"},{"@type":"Organization","@id":"https:\/\/maxyhome.si\/hr\/#organization","name":"Lorin6 d.o.o.","description":"Vse za Dom in Vrt","url":"https:\/\/maxyhome.si\/hr\/","email":"info@maxyhome.eu","telephone":"+38641537010","logo":{"@type":"ImageObject","url":"https:\/\/maxyhome.si\/wp-content\/uploads\/2024\/02\/cropped-Maxyhome_si_logotip.png","@id":"https:\/\/maxyhome.si\/hr\/product\/sotor-coleman-crestline-3\/#organizationLogo","width":470,"height":77},"image":{"@id":"https:\/\/maxyhome.si\/hr\/product\/sotor-coleman-crestline-3\/#organizationLogo"},"sameAs":["https:\/\/www.facebook.com\/MaxyhomeEU","https:\/\/www.instagram.com\/maksidom.si\/"],"address":{"@id":"https:\/\/maxyhome.si\/hr\/#postaladdress","@type":"PostalAddress","streetAddress":"BE\u017dIGRAJSKA CESTA 9, Lorin6 d.o.o.","postalCode":"3000","addressLocality":"Celje","addressCountry":"SI"},"vatID":"SI62505319"},{"@type":"WebPage","@id":"https:\/\/maxyhome.si\/hr\/product\/sotor-coleman-crestline-3\/#webpage","url":"https:\/\/maxyhome.si\/hr\/product\/sotor-coleman-crestline-3\/","name":"\u0160otor Coleman Crestline 3 - MaxyHome.si","description":"Kamping zavetje po ugodni ceni. Primeren za 3 osebe.","inLanguage":"hr","isPartOf":{"@id":"https:\/\/maxyhome.si\/hr\/#website"},"breadcrumb":{"@id":"https:\/\/maxyhome.si\/hr\/product\/sotor-coleman-crestline-3\/#breadcrumblist"},"image":{"@type":"ImageObject","url":"https:\/\/maxyhome.si\/wp-content\/uploads\/2023\/07\/Coleman_Crestline_3_2.webp","@id":"https:\/\/maxyhome.si\/hr\/product\/sotor-coleman-crestline-3\/#mainImage","width":1200,"height":1200,"caption":"Postavljeni \u0161otor za kampiranje Coleman Crestline 3 v olivno zeleni barvi s sivim nadstre\u0161kom, postavljen na nevtralno ozadje za poudarjanje njegove kompaktne zasnove in prostorne notranjosti, idealno za zunanje avanture."},"primaryImageOfPage":{"@id":"https:\/\/maxyhome.si\/hr\/product\/sotor-coleman-crestline-3\/#mainImage"},"datePublished":"2023-07-07T08:41:59+00:00","dateModified":"2024-05-23T10:22:35+00:00"},{"@type":"WebSite","@id":"https:\/\/maxyhome.si\/hr\/#website","url":"https:\/\/maxyhome.si\/hr\/","name":"MaxyHome","description":"Vse za Dom in Vrt","inLanguage":"hr","publisher":{"@id":"https:\/\/maxyhome.si\/hr\/#organization"}}]},"og:locale":"hr_HR","og:site_name":"MaxyHome.si - Vse za Dom in Vrt","og:type":"article","og:title":"\u0160otor Coleman Crestline 3 - MaxyHome.si","og:description":"Kamping zavetje po ugodni ceni. Primeren za 3 osebe.","og:url":"https:\/\/maxyhome.si\/hr\/product\/sotor-coleman-crestline-3\/","og:image":"https:\/\/maxyhome.si\/wp-content\/uploads\/2024\/02\/Prvovrstni-rastlinjaki_Maksi_DOm_Facebook.webp","og:image:secure_url":"https:\/\/maxyhome.si\/wp-content\/uploads\/2024\/02\/Prvovrstni-rastlinjaki_Maksi_DOm_Facebook.webp","og:image:width":1640,"og:image:height":924,"article:published_time":"2023-07-07T08:41:59+00:00","article:modified_time":"2024-05-23T10:22:35+00:00","article:publisher":"https:\/\/www.facebook.com\/MaxyhomeEU","twitter:card":"summary_large_image","twitter:title":"\u0160otor Coleman Crestline 3 - MaxyHome.si","twitter:description":"Kamping zavetje po ugodni ceni. Primeren za 3 osebe.","twitter:image":"https:\/\/maxyhome.si\/wp-content\/uploads\/2024\/02\/Prvovrstni-rastlinjaki_Maksi_DOm_Facebook.webp"},"aioseo_meta_data":{"post_id":"7943","title":null,"description":null,"keywords":null,"keyphrases":null,"primary_term":null,"canonical_url":null,"og_title":null,"og_description":null,"og_object_type":"default","og_image_type":"default","og_image_url":null,"og_image_width":null,"og_image_height":null,"og_image_custom_url":null,"og_image_custom_fields":null,"og_video":null,"og_custom_url":null,"og_article_section":null,"og_article_tags":null,"twitter_use_og":false,"twitter_card":"default","twitter_image_type":"default","twitter_image_url":null,"twitter_image_custom_url":null,"twitter_image_custom_fields":null,"twitter_title":null,"twitter_description":null,"schema":{"blockGraphs":[],"customGraphs":[],"default":{"data":{"Article":[],"Course":[],"Dataset":[],"FAQPage":[],"Movie":[],"Person":[],"Product":[],"ProductReview":[],"Car":[],"Recipe":[],"Service":[],"SoftwareApplication":[],"WebPage":[]},"graphName":"","isEnabled":true},"graphs":[]},"schema_type":"default","schema_type_options":null,"pillar_content":false,"robots_default":true,"robots_noindex":false,"robots_noarchive":false,"robots_nosnippet":false,"robots_nofollow":false,"robots_noimageindex":false,"robots_noodp":false,"robots_notranslate":false,"robots_max_snippet":null,"robots_max_videopreview":null,"robots_max_imagepreview":"large","priority":null,"frequency":null,"local_seo":null,"seo_analyzer_scan_date":"2025-10-08 19:00:26","breadcrumb_settings":null,"limit_modified_date":false,"reviewed_by":null,"ai":null,"created":"2024-02-28 07:14:15","updated":"2025-10-08 19:00:26"},"aioseo_breadcrumb":"<div class=\"aioseo-breadcrumbs\"><span class=\"aioseo-breadcrumb\">\n\t<a href=\"https:\/\/maxyhome.si\/hr\" title=\"Home\">Home<\/a>\n<\/span><span class=\"aioseo-breadcrumb-separator\">&raquo;<\/span><span class=\"aioseo-breadcrumb\">\n\t<a href=\"https:\/\/maxyhome.si\/hr\/trgovina\/\" title=\"Trgovina\">Trgovina<\/a>\n<\/span><span class=\"aioseo-breadcrumb-separator\">&raquo;<\/span><span class=\"aioseo-breadcrumb\">\n\t<a href=\"https:\/\/maxyhome.si\/hr\/product-category\/sotori\/\" title=\"\u0160otori za kampiranje\">\u0160otori za kampiranje<\/a>\n<\/span><span class=\"aioseo-breadcrumb-separator\">&raquo;<\/span><span class=\"aioseo-breadcrumb\">\n\t\u0160otor Coleman Crestline 3\n<\/span><\/div>","aioseo_breadcrumb_json":[{"label":"Home","link":"https:\/\/maxyhome.si\/hr"},{"label":"Trgovina","link":"https:\/\/maxyhome.si\/hr\/trgovina\/"},{"label":"\u0160otori za kampiranje","link":"https:\/\/maxyhome.si\/hr\/product-category\/sotori\/"},{"label":"\u0160otor Coleman Crestline 3","link":"https:\/\/maxyhome.si\/hr\/product\/sotor-coleman-crestline-3\/"}],"_links":{"self":[{"href":"https:\/\/maxyhome.si\/hr\/wp-json\/wp\/v2\/product\/7943","targetHints":{"allow":["GET"]}}],"collection":[{"href":"https:\/\/maxyhome.si\/hr\/wp-json\/wp\/v2\/product"}],"about":[{"href":"https:\/\/maxyhome.si\/hr\/wp-json\/wp\/v2\/types\/product"}],"replies":[{"embeddable":true,"href":"https:\/\/maxyhome.si\/hr\/wp-json\/wp\/v2\/comments?post=7943"}],"version-history":[{"count":1,"href":"https:\/\/maxyhome.si\/hr\/wp-json\/wp\/v2\/product\/7943\/revisions"}],"predecessor-version":[{"id":10463,"href":"https:\/\/maxyhome.si\/hr\/wp-json\/wp\/v2\/product\/7943\/revisions\/10463"}],"wp:featuredmedia":[{"embeddable":true,"href":"https:\/\/maxyhome.si\/hr\/wp-json\/wp\/v2\/media\/8070"}],"wp:attachment":[{"href":"https:\/\/maxyhome.si\/hr\/wp-json\/wp\/v2\/media?parent=7943"}],"wp:term":[{"taxonomy":"product_brand","embeddable":true,"href":"https:\/\/maxyhome.si\/hr\/wp-json\/wp\/v2\/product_brand?post=7943"},{"taxonomy":"product_cat","embeddable":true,"href":"https:\/\/maxyhome.si\/hr\/wp-json\/wp\/v2\/product_cat?post=7943"},{"taxonomy":"product_tag","embeddable":true,"href":"https:\/\/maxyhome.si\/hr\/wp-json\/wp\/v2\/product_tag?post=7943"}],"curies":[{"name":"wp","href":"https:\/\/api.w.org\/{rel}","templated":true}]}}